{"id":20,"date":"2015-12-18T21:45:37","date_gmt":"2015-12-18T21:45:37","guid":{"rendered":"http:\/\/wpnetwork.extension.wsu.edu\/animalag\/?page_id=20"},"modified":"2025-04-25T12:04:55","modified_gmt":"2025-04-25T19:04:55","slug":"en-espanol","status":"publish","type":"page","link":"https:\/\/extension.wsu.edu\/animalag\/en-espanol\/","title":{"rendered":"En Espanol"},"content":{"rendered":"<div class=\"wsu-row wsu-row--sidebar-right\" >\r\n    \n<div class=\"wsu-column\"  style=\"\">\r\n\t\n\n<h2 class=\"wp-block-heading\">Caballo<\/h2>\n\n\n<ul class=\"wsu-news-list\">\r\n\t\t\t<li>\r\n\t\t\t<a href=\"https:\/\/extension.wsu.edu\/animalag\/manejo-del-ganado-bovino-bajo-condiciones-de-bajo-estres-video\/\">manejo del ganado bovino bajo condiciones de bajo estr\u00e9s (video)<\/a> \r\n\t\t\t\t\t\t\tmanejo del ganado bovino bajo condiciones de bajo estr\u00e9s\t\t\t\t\t\t\t\t\t\t<div class=\"wsu-meta-date\"><time>May 16, 2017<\/time><\/div>\r\n\t\t\t\t\t<\/li>\r\n\t\t\t<li>\r\n\t\t\t<a href=\"https:\/\/extension.wsu.edu\/animalag\/poniendose-al-tanto-del-progreso-de-su-res\/\">Poni\u00e9ndose al tanto del progreso de su res<\/a> \r\n\t\t\t\t\t\t\tLa crianza de ganado vacuno de calidad para ferias y shows de criadores juveniles exige una combinaci\u00f3n de buenos programas que aseguran la alimentaci\u00f3n, la salud, y el buen manejo por encima de todo. Estos programas no se deben tratar como temas separados, en especial cuando se trata de nutrir reses para el mercado. Cuando&hellip;\t\t\t\t\t\t\t\t\t\t<div class=\"wsu-meta-date\"><time>May 5, 2016<\/time><\/div>\r\n\t\t\t\t\t<\/li>\r\n\t<\/ul>\r\n\n<\/div>\r\n\n\n<div class=\"wsu-column\"  style=\"\">\r\n\t<\/div>\r\n\n<\/div>\n\n\n<hr class=\"wp-block-separator has-alpha-channel-opacity\"\/>\n\n\n<div class=\"wsu-row wsu-row--sidebar-right\" >\r\n    \n<div class=\"wsu-column\"  style=\"\">\r\n\t\n\n<h2 class=\"wp-block-heading\">Ovejas\/Cabra<\/h2>\n\n\n<ul class=\"wsu-news-list\">\r\n\t\t\t<li>\r\n\t\t\t<a href=\"https:\/\/extension.wsu.edu\/animalag\/poniendose-al-tanto-del-progreso-de-su-cordero\/\">Poni\u00e9ndose al tanto del progreso de su cordero<\/a> \r\n\t\t\t\t\t\t\tLa crianza de ganado de calidad para ferias y shows de criadores juveniles exige una combinaci\u00f3n de buenos programas que aseguran la alimentaci\u00f3n, la salud, y el buen manejo por encima de todo. Estos programas no se deben tratar como temas separados, en especial cuando se trata de nutrir corderos para el mercado. Cuando Ud&hellip;\t\t\t\t\t\t\t\t\t\t<div class=\"wsu-meta-date\"><time>May 5, 2016<\/time><\/div>\r\n\t\t\t\t\t<\/li>\r\n\t\t\t<li>\r\n\t\t\t<a href=\"https:\/\/extension.wsu.edu\/animalag\/como-seleccionar-su-animal-para-el-proyecto-4hffa-de-cabra-para-carniceria\/\">C\u00f3mo seleccionar su animal para el proyecto 4H\/FFA de cabra para carnicer\u00eda<\/a> \r\n\t\t\t\t\t\t\tLos proyectos para cabras de carnicer\u00eda en las ferias de condado, y en los shows juveniles a trav\u00e9s del noroeste del pac\u00edfico (PNW), est\u00e1n ganando m\u00e1s y m\u00e1s en popularidad. Muchos productores juveniles y sus padres se est\u00e1n dando cuenta de que las cabras son muy excelentes para un proyecto 4H\/FFA, por ser ellas peque\u00f1as,&hellip;\t\t\t\t\t\t\t\t\t\t<div class=\"wsu-meta-date\"><time>May 5, 2016<\/time><\/div>\r\n\t\t\t\t\t<\/li>\r\n\t\t\t<li>\r\n\t\t\t<a href=\"https:\/\/extension.wsu.edu\/animalag\/como-entrenar-aderezar-y-exhibir-cabras-para-mercado\/\">Como Entrenar, Aderezar, y Exhibir Cabras para Mercado<\/a> \r\n\t\t\t\t\t\t\tSER BUEN EXPONENTE Saber exhibir: El t\u00e9rmino \u201cser buen exponente\u201d se puede definir como saber dar una presentaci\u00f3n efectiva de su cabra para mercado. El juez le calificar\u00e1 por su habilidad para: controlar su cabra presentarla para que sobresalten sus mejores caracter\u00edsticas para que no resalten tanto sus lacras a la vista del juez PARA&hellip;\t\t\t\t\t\t\t\t\t\t<div class=\"wsu-meta-date\"><time>May 5, 2016<\/time><\/div>\r\n\t\t\t\t\t<\/li>\r\n\t<\/ul>\r\n\n<\/div>\r\n\n\n<div class=\"wsu-column\"  style=\"\">\r\n\t<\/div>\r\n\n<\/div>\n\n\n<hr class=\"wp-block-separator has-alpha-channel-opacity\"\/>\n\n\n<div class=\"wsu-row wsu-row--sidebar-right\" >\r\n    \n<div class=\"wsu-column\"  style=\"\">\r\n\t\n\n<h2 class=\"wp-block-heading\">Cerdo<\/h2>\n\n\n<ul class=\"wsu-news-list\">\r\n\t\t\t<li>\r\n\t\t\t<a href=\"https:\/\/extension.wsu.edu\/animalag\/la-importancia-de-la-calidad-de-la-carne-de-puerco-en-los-proyectos-de-cerdo-para-jovenes\/\">La importancia de la calidad de la carne de puerco en los proyectos de cerdo para j\u00f3venes<\/a> \r\n\t\t\t\t\t\t\tLa calidad de la carne de puerco debe ser de mayor enfoque para cualquier miembro de proyecto que tiene como fin llevar cerdos al mercado. Los j\u00f3venes deben escoger animales magros y musculares que puedan cumplir con los requisitos y metas de la industria del cerdo. Sinembargo hoy dia, algunos de los cerdos que se&hellip;\t\t\t\t\t\t\t\t\t\t<div class=\"wsu-meta-date\"><time>May 5, 2016<\/time><\/div>\r\n\t\t\t\t\t<\/li>\r\n\t<\/ul>\r\n\n<\/div>\r\n\n\n<div class=\"wsu-column\"  style=\"\">\r\n\t<\/div>\r\n\n<\/div>\n\n\n<hr class=\"wp-block-separator has-alpha-channel-opacity\"\/>\n\n\n<div class=\"wsu-row wsu-row--sidebar-right\" >\r\n    \n<div class=\"wsu-column\"  style=\"\">\r\n\t\n\n<h2 class=\"wp-block-heading\">Manejo de Forraje y Pasto<\/h2>\n\n\n<ul class=\"wsu-news-list\">\r\n\t\t\t<li>\r\n\t\t\t<a href=\"https:\/\/extension.wsu.edu\/animalag\/optimizando-la-produccion-de-pastura-y-ganado-con-buen-plan-de-apacentamiento\/\">Optimizando la producci\u00f3n de pastura y ganado con buen plan de apacentamiento<\/a> \r\n\t\t\t\t\t\t\tDiscurso presentado en la conferencia anual de ganaderos del estado de Washington, el 30 de octubre de 2003 En los \u00faltimos veinte a\u00f1os he dedicado mi vida en gran parte a investigar los campos de pastura y apacentamiento, as\u00ed como manteniendo un inter\u00e9s activo en la producci\u00f3n comercial de ganado vacuno y lanar. En esos&hellip;\t\t\t\t\t\t\t\t\t\t<div class=\"wsu-meta-date\"><time>May 5, 2016<\/time><\/div>\r\n\t\t\t\t\t<\/li>\r\n\t\t\t<li>\r\n\t\t\t<a href=\"https:\/\/extension.wsu.edu\/animalag\/como-destetar-a-los-becerros-en-pasto-para-buena-produccion-de-carne-de-res-disminuyendo-la-tension-o-estres-al-animal\/\">C\u00f3mo destetar a los becerros en pasto para buena producci\u00f3n de carne de res, disminuyendo la tensi\u00f3n o estr\u00e9s al animal<\/a> \r\n\t\t\t\t\t\t\tCuatro tipos de estr\u00e9s com\u00fanmente afligen a los becerros al destetar: \u00a0el estr\u00e9s 1) f\u00edsico, 2) ambiental, 3) alimenticio, y 4) social. Ocurre serio estr\u00e9s f\u00edsico si el animal es castrado o descornado cerca del \u00a0\u00a0tiempo en que se desteta. Tensiones f\u00edsicas m\u00e1s leves ocurren cuando el becerro tiene que estar detenido por largo tiempo&hellip;\t\t\t\t\t\t\t\t\t\t<div class=\"wsu-meta-date\"><time>May 5, 2016<\/time><\/div>\r\n\t\t\t\t\t<\/li>\r\n\t\t\t<li>\r\n\t\t\t<a href=\"https:\/\/extension.wsu.edu\/animalag\/pasturas-irrigadas-para-la-ganaderia-del-condado-de-yakima\/\">Pasturas irrigadas para la ganaderia del Condado de Yakima<\/a> \r\n\t\t\t\t\t\t\tMetas para la Producci\u00f3n del Forraje: Una pastura irrigada bien mantenida puede llenar la mayor\u00eda de los requisitos nutrimentales de la ganader\u00eda. Una pastura irrigada y bien mantenida tiene una cantidad alta de nutrientes digestibles para el ganado. El ganado ayudar a cosechar el pasto y esto ayuda a limitar la necesidad de usar la&hellip;\t\t\t\t\t\t\t\t\t\t<div class=\"wsu-meta-date\"><time>May 5, 2016<\/time><\/div>\r\n\t\t\t\t\t<\/li>\r\n\t<\/ul>\r\n\n<\/div>\r\n\n\n<div class=\"wsu-column\"  style=\"\">\r\n\t<\/div>\r\n\n<\/div>\n\n\n<hr class=\"wp-block-separator has-alpha-channel-opacity\"\/>\n\n\n<div class=\"wsu-row wsu-row--sidebar-right\" >\r\n    \n<div class=\"wsu-column\"  style=\"\">\r\n\t\n\n<h2 class=\"wp-block-heading\">General<\/h2>\n\n\n<ul class=\"wsu-news-list\">\r\n\t\t\t<li>\r\n\t\t\t<a href=\"https:\/\/extension.wsu.edu\/animalag\/modos-de-prevenir-el-mal-de-ombligo\/\">Modos de Prevenir el Mal de Ombligo<\/a> \r\n\t\t\t\t\t\t\tEl uso del yodo en el ombligo de cualquier animalito reci\u00e9n nacido en la granja es una pr\u00e1ctica muy importante para prevenir mal de ombligo. El ombligo del neonato es, en su esencia, un tubito hueco que da directamente a la cavidad abdominal y al h\u00edgado del animal. Permanece h\u00famedo por varios dias despu\u00e9s del&hellip;\t\t\t\t\t\t\t\t\t\t<div class=\"wsu-meta-date\"><time>May 5, 2016<\/time><\/div>\r\n\t\t\t\t\t<\/li>\r\n\t\t\t<li>\r\n\t\t\t<a href=\"https:\/\/extension.wsu.edu\/animalag\/la-amenaza-de-las-enfermedades-extranjeras-en-los-animales-y-la-necesidad-de-bio-seguridad-en-la-agricultura\/\">La Amenaza de las Enfermedades Extranjeras en los Animales Y la Necesidad de Bio-seguridad en la Agricultura<\/a> \r\n\t\t\t\t\t\t\tLas enfermedades extranjeras que afectan a los animales no solo amenazan la agricultura y el ganado norteamericano, pero tambi\u00e9n representan una amenaza a la seguridad y la econom\u00eda de la naci\u00f3n. Hay una gran variedad de elementos patogen\u00e9sicos (que causan enfermedad) en los animals y plantas que existen afuera de los Estados Unidos. Muchos de&hellip;\t\t\t\t\t\t\t\t\t\t<div class=\"wsu-meta-date\"><time>May 5, 2016<\/time><\/div>\r\n\t\t\t\t\t<\/li>\r\n\t<\/ul>\r\n\n<\/div>\r\n\n\n<div class=\"wsu-column\"  style=\"\">\r\n\t<\/div>\r\n\n<\/div>\n        <div id=\"cahnrs-back-to-top\" class=\"cahnrs-back-to-top\" hidden aria-hidden=\"true\">\n            <a id=\"cahnrs-back-to-top-btn\" class=\"cahnrs-back-to-top__btn\" href=\"#product-top\" aria-label=\"Back to top\">\n                <span class=\"cahnrs-back-to-top__icon\" aria-hidden=\"true\">\u2191<\/span>\n                <span class=\"cahnrs-back-to-top__label\">Back to top<\/span>\n            <\/a>\n        <\/div>","protected":false},"excerpt":{"rendered":"<p>&nbsp; &nbsp; &nbsp; &nbsp; &nbsp; &nbsp;<\/p>\n","protected":false},"author":10,"featured_media":0,"parent":0,"menu_order":0,"comment_status":"closed","ping_status":"closed","template":"","meta":{"_expiration_date":""},"categories":[],"tags":[],"_links":{"self":[{"href":"https:\/\/extension.wsu.edu\/animalag\/wp-json\/wp\/v2\/pages\/20"}],"collection":[{"href":"https:\/\/extension.wsu.edu\/animalag\/wp-json\/wp\/v2\/pages"}],"about":[{"href":"https:\/\/extension.wsu.edu\/animalag\/wp-json\/wp\/v2\/types\/page"}],"author":[{"embeddable":true,"href":"https:\/\/extension.wsu.edu\/animalag\/wp-json\/wp\/v2\/users\/10"}],"replies":[{"embeddable":true,"href":"https:\/\/extension.wsu.edu\/animalag\/wp-json\/wp\/v2\/comments?post=20"}],"version-history":[{"count":6,"href":"https:\/\/extension.wsu.edu\/animalag\/wp-json\/wp\/v2\/pages\/20\/revisions"}],"predecessor-version":[{"id":1944,"href":"https:\/\/extension.wsu.edu\/animalag\/wp-json\/wp\/v2\/pages\/20\/revisions\/1944"}],"wp:attachment":[{"href":"https:\/\/extension.wsu.edu\/animalag\/wp-json\/wp\/v2\/media?parent=20"}],"wp:term":[{"taxonomy":"category","embeddable":true,"href":"https:\/\/extension.wsu.edu\/animalag\/wp-json\/wp\/v2\/categories?post=20"},{"taxonomy":"post_tag","embeddable":true,"href":"https:\/\/extension.wsu.edu\/animalag\/wp-json\/wp\/v2\/tags?post=20"}],"curies":[{"name":"wp","href":"https:\/\/api.w.org\/{rel}","templated":true}]}}