{"id":1233,"date":"2014-02-27T15:18:14","date_gmt":"2014-02-27T23:18:14","guid":{"rendered":"http:\/\/ext100.wsu.edu\/benton-franklin\/?page_id=1233"},"modified":"2024-03-20T16:24:28","modified_gmt":"2024-03-20T23:24:28","slug":"fruits","status":"publish","type":"page","link":"https:\/\/extension.wsu.edu\/benton-franklin\/agriculture\/fruits\/","title":{"rendered":"Fruits"},"content":{"rendered":"<p><div class=\"cpb-row  gray-dark-back has-background-color white-text pad-ends gutter single full-bleed\" style=\"padding-top:1rem\"><div class=\"cpb-row-inner\"><div class=\"cpb-column  one\" style=\"\"><h2 class=\"cpb-subtitle white-text\">\n\t\t\tBerries\t<\/h2>\n<\/div>\n<\/div><\/div>\n<div class=\"cpb-row  pad-bottom gutter thirds\" style=\"padding-top:2rem;padding-bottom:2rem\"><div class=\"cpb-row-inner\"><div class=\"cpb-column  one\" style=\"\"><div class=\"cpb-item cpb-promo-wrap \"><div class=\"cpb-item cpb-promo cpb-promo-custom stack-vertical has-image\" data-requesturl=\"https:\/\/smallfruits.wsu.edu\/?cpb-get-template=lightbox\">\n\t\t<div class=\"cpb-image\">\n\t\t<img style=\"background-image:url(https:\/\/wpcdn.web.wsu.edu\/wp-extension\/uploads\/sites\/2071\/2014\/11\/Blueberry-growing-ID-100100281.jpg);background-position:center center;background-size:cover;\" src=\"https:\/\/extension.wsu.edu\/benton-franklin\/wp-content\/plugins\/cahnrswsuwp-plugin-pagebuilder\/lib\/images\/spacer1x1.gif\" alt=\"blueberries growing\" \/>\n\t<\/div>\n\t\t<div class=\"cpb-promo-caption\">\n\t\t\t\t\t\t\t<div class=\"cpb-promo-link\"><a href=\"https:\/\/smallfruits.wsu.edu\/\" >Visit <\/a><\/div>\n\t\t<\/div>\n<\/div>\n<\/div><div class=\"cpb-textblock cpb-item \"><p><span style=\"font-size: 24px\">Visit <a href=\"https:\/\/smallfruits.wsu.edu\/\">WSU Small Fruits<\/a> for additional publications and resources.<\/span><\/p><\/div>\n<\/div>\n<div class=\"cpb-column  two\" style=\"\"><div class=\"cpb-textblock cpb-item \"><p><\/p>\n<h3><span style=\"font-family: arial, helvetica, sans-serif\">Publications\/Videos<\/span><\/h3>\n<ul>\n<li><span style=\"font-family: arial, helvetica, sans-serif\"><a href=\"https:\/\/pubs.extension.wsu.edu\/cost-estimates-of-establishing-and-producing-organic-highbush-blueberries-in-eastern-washington\">Cost Estimates of Establishing and Producing Organic Highbush Blueberries in Eastern Washington TB28E 2015<\/a><\/span><\/li>\n<li class=\"elementor-heading-title elementor-size-default\"><span style=\"font-family: arial, helvetica, sans-serif\"><a href=\"https:\/\/nwsmallfruits.org\/optimizing-nutrient-management-for-organically-grown-blueberries-in-eastern-washington\/\">Optimizing Nutrient Management for Organically Grown Blueberries in Eastern Washington &#8211; NCSFR<\/a><\/span><\/li>\n<li><span style=\"font-family: arial, helvetica, sans-serif\"><a href=\"https:\/\/smallfruits.wsu.edu\/determining-blueberry-cold-hardiness-in-washington\/\">Determining Blueberry Cold Hardiness in Washington<\/a><\/span><\/li>\n<li><span style=\"font-family: arial, helvetica, sans-serif\"><a href=\"https:\/\/smallfruits.wsu.edu\/scale-neutral-harvest-aid-system-and-sensor-technologies-to-improve-harvest-efficiency-and-handling-of-fresh-market-blueberries\/\">Improving Machine Harvest Efficiency and Fruit Quality for Fresh Market Blueberry<\/a><\/span><\/li>\n<li class=\"entry-title fusion-responsive-typography-calculated\" data-fontsize=\"21\" data-lineheight=\"21px\"><span style=\"font-family: arial, helvetica, sans-serif\"><a href=\"https:\/\/www.goodfruit.com\/hoheisel-chilling-insights-video\/\">Chilling insights \u2014 Video: New model to predict blueberry cold hardiness, developed with years of bud damage data, now available on WSU\u2019s AgWeatherNet &#8211; Good Fruit Grower<\/a><\/span><\/li>\n<li class=\"entry-title fusion-responsive-typography-calculated\" data-fontsize=\"21\" data-lineheight=\"21px\"><span style=\"font-family: arial, helvetica, sans-serif\"><a href=\"https:\/\/www.goodfruit.com\/watch-for-blueberry-viruses\/\">Watch for blueberry viruses &#8211; article, Good Fruit Grower<\/a><\/span><\/li>\n<\/ul>\n<p><\/p><\/div>\n<\/div>\n<div class=\"cpb-column  three\" style=\"\"><div class=\"cpb-textblock cpb-item \"><p><\/p>\n<h3><span style=\"font-family: arial, helvetica, sans-serif\">Resources<\/span><\/h3>\n<ul>\n<li><span style=\"font-family: arial, helvetica, sans-serif\"><a href=\"https:\/\/nwsmallfruits.org\/\">Northwest Center for Small Fruits Research &#8211; NCSFR<\/a><\/span><\/li>\n<li><span style=\"font-family: arial, helvetica, sans-serif\"><a href=\"http:\/\/berrygrape.org\/\" rel=\"noopener\">NW Berry &amp; Grape Info Network<\/a><\/span><\/li>\n<li><span style=\"font-family: arial, helvetica, sans-serif\"><a href=\"https:\/\/wablueberries.com\/wa-blueberry-commission\/\">Washington Blueberry Commission<\/a><\/span><\/li>\n<li><a href=\"https:\/\/www.red-raspberry.org\/\">Washington Red Raspberry Commission<\/a><\/li>\n<\/ul>\n<p><\/p><\/div>\n<\/div>\n<\/div><\/div>\n<div class=\"cpb-row  gray-dark-back has-background-color white-text pad-ends gutter single full-bleed\" style=\"padding-top:1rem\"><div class=\"cpb-row-inner\"><div class=\"cpb-column  one\" style=\"\"><h2 class=\"cpb-subtitle white-text\">\n\t\t\tGrapes\t<\/h2>\n<\/div>\n<\/div><\/div>\n<div class=\"cpb-row  pad-bottom gutter thirds\" style=\"padding-top:2rem;padding-bottom:2rem\"><div class=\"cpb-row-inner\"><div class=\"cpb-column  one\" style=\"\"><div class=\"cpb-item cpb-promo-wrap \"><div class=\"cpb-item cpb-promo cpb-promo-custom stack-vertical has-image\" data-requesturl=\"https:\/\/wine.wsu.edu\/extension\/grapes-vineyards\/?cpb-get-template=lightbox\">\n\t\t<div class=\"cpb-image\">\n\t\t<img style=\"background-image:url(https:\/\/wpcdn.web.wsu.edu\/wp-extension\/uploads\/sites\/2071\/2014\/02\/grapes-600818_1920.jpg);background-position:center center;background-size:cover;\" src=\"https:\/\/extension.wsu.edu\/benton-franklin\/wp-content\/plugins\/cahnrswsuwp-plugin-pagebuilder\/lib\/images\/spacer1x1.gif\" alt=\"young vineyard\" \/>\n\t<\/div>\n\t\t<div class=\"cpb-promo-caption\">\n\t\t\t\t\t\t\t<div class=\"cpb-promo-link\"><a href=\"https:\/\/wine.wsu.edu\/extension\/grapes-vineyards\/\" >Visit <\/a><\/div>\n\t\t<\/div>\n<\/div>\n<\/div><div class=\"cpb-textblock cpb-item \"><p><span style=\"font-size: 24px\">Visit <a href=\"https:\/\/wine.wsu.edu\/extension\/grapes-vineyards\/\">WSU Extension Grapes &amp; Vineyards<\/a> for additional publications and resources.<\/span><\/p><\/div>\n<\/div>\n<div class=\"cpb-column  two\" style=\"\"><div class=\"cpb-textblock cpb-item \"><p><\/p>\n<h3><span style=\"font-family: arial, helvetica, sans-serif\">Publications\/Videos<\/span><\/h3>\n<ul>\n<li><span style=\"font-family: arial, helvetica, sans-serif\"><a href=\"https:\/\/pubs.extension.wsu.edu\/2019-pest-management-guide-for-grapes-in-washington\">Pest Management Guide for Grapes in Washington EB0762<\/a><\/span><\/li>\n<li><span style=\"font-family: arial, helvetica, sans-serif\"><a href=\"https:\/\/pubs.extension.wsu.edu\/grapevine-management-under-drought-conditions\">Grapevine Management Under Drought Conditions EM4831E<\/a><\/span><\/li>\n<li><span style=\"font-family: arial, helvetica, sans-serif\"><a href=\"https:\/\/pubs.extension.wsu.edu\/assessing-and-managing-cold-damage-in-washington-vineyards\">Assessing and Managing Cold Damage in Washington Vineyards EM042E<\/a><\/span><\/li>\n<li><span style=\"font-family: arial, helvetica, sans-serif\"><a href=\"https:\/\/pubs.extension.wsu.edu\/evaluaci%C3%B3n-y-manejo-del-da%C3%B1o-por-fr%C3%ADo-en-los-vi%C3%B1edos---assessing-and-managing-cold-damage-in-washington-vineyards--de-washington\">Evaluaci\u00f3n y manejo del da\u00f1o por fr\u00edo en los vi\u00f1edos EM042ES<\/a><\/span><\/li>\n<li><span style=\"font-family: arial, helvetica, sans-serif\"><a href=\"https:\/\/pubs.extension.wsu.edu\/vineyard-nutrient-management-in-washington-state-replaces-pnw622-publication\">Vineyard Nutrient Management in Washington State EM111E &#8211; Replaces PNW622 Publication<\/a><\/span><\/li>\n<li><span style=\"font-family: arial, helvetica, sans-serif\"><a href=\"https:\/\/pubs.extension.wsu.edu\/vine-to-wine-replaces-dvd007\">Vine to Wine OM41 &#8211; Replaces DVD007<\/a><\/span><\/li>\n<li><span style=\"font-family: arial, helvetica, sans-serif\"><a href=\"https:\/\/pubs.extension.wsu.edu\/field-grafting-grapevines-in-washington-state\">Field Grafting Grapevines in Washington State EM121E<\/a><\/span><\/li>\n<li><span style=\"font-family: arial, helvetica, sans-serif\"><a href=\"https:\/\/pubs.extension.wsu.edu\/field-guide-for-integrated-pest-management-in-pacific-northwest-vineyards-2\">Field Guide for Integrated Pest Management in Pacific Northwest Vineyards PNW644<\/a><\/span><\/li>\n<\/ul>\n<p><\/p><\/div>\n<\/div>\n<div class=\"cpb-column  three\" style=\"\"><div class=\"cpb-textblock cpb-item \"><p><\/p>\n<h3><span style=\"font-family: arial, helvetica, sans-serif\">Resources<\/span><\/h3>\n<ul>\n<li><span style=\"font-family: arial, helvetica, sans-serif\"><a href=\"https:\/\/wine.wsu.edu\/extension\/wine-winemaking\/\" rel=\"noopener\">WSU Wine &amp; Winemaking<\/a><\/span><\/li>\n<li><span style=\"font-family: arial, helvetica, sans-serif\"><a href=\"http:\/\/berrygrape.org\/\" rel=\"noopener\">NW Berry &amp; Grape Info Network<\/a><\/span><\/li>\n<li><span style=\"font-family: arial, helvetica, sans-serif\"><a href=\"http:\/\/www.nwsmallfruits.org\/\" rel=\"noopener\">NW Center for Small Fruits Research<\/a><\/span><\/li>\n<li><span style=\"font-family: arial, helvetica, sans-serif\"><a href=\"http:\/\/wawgg.org\/\" rel=\"noopener\">WA Assoc of Wine Grape Growers<\/a><\/span><\/li>\n<li><span style=\"font-family: arial, helvetica, sans-serif\"><a href=\"https:\/\/wine.wsu.edu\/extension\/grapes-vineyards\/backyard-vineyard\/\" rel=\"noopener\">Backyard Vineyard Resources<\/a><\/span><\/li>\n<\/ul>\n<p><\/p><\/div>\n<\/div>\n<\/div><\/div>\n<div class=\"cpb-row  gray-dark-back has-background-color white-text pad-ends gutter single full-bleed\" style=\"padding-top:1rem\"><div class=\"cpb-row-inner\"><div class=\"cpb-column  one\" style=\"\"><h2 class=\"cpb-subtitle white-text\">\n\t\t\tTree Fruit\t<\/h2>\n<\/div>\n<\/div><\/div>\n<div class=\"cpb-row  pad-bottom gutter thirds\" style=\"padding-top:2rem;padding-bottom:2rem\"><div class=\"cpb-row-inner\"><div class=\"cpb-column  one\" style=\"\"><div class=\"cpb-item cpb-promo-wrap \"><div class=\"cpb-item cpb-promo cpb-promo-custom stack-vertical has-image\" data-requesturl=\"http:\/\/treefruit.wsu.edu\/?cpb-get-template=lightbox\">\n\t\t<div class=\"cpb-image\">\n\t\t<img style=\"background-image:url(https:\/\/wpcdn.web.wsu.edu\/wp-extension\/uploads\/sites\/2071\/2013\/12\/985608_18236941.jpg);background-position:center center;background-size:cover;\" src=\"https:\/\/extension.wsu.edu\/benton-franklin\/wp-content\/plugins\/cahnrswsuwp-plugin-pagebuilder\/lib\/images\/spacer1x1.gif\" alt=\"\" \/>\n\t<\/div>\n\t\t<div class=\"cpb-promo-caption\">\n\t\t\t\t\t\t\t<div class=\"cpb-promo-link\"><a href=\"http:\/\/treefruit.wsu.edu\/\" >Visit <\/a><\/div>\n\t\t<\/div>\n<\/div>\n<\/div><div class=\"cpb-textblock cpb-item \"><p><span style=\"font-size: 24px\">Visit <a href=\"http:\/\/treefruit.wsu.edu\/\">WSU Tree Fruit<\/a> for additional publications and resources.<\/span><\/p><\/div>\n<\/div>\n<div class=\"cpb-column  two\" style=\"\"><div class=\"cpb-textblock cpb-item \"><p><\/p>\n<h3><span style=\"font-family: arial, helvetica, sans-serif\">Publications\/Videos<\/span><\/h3>\n<ul>\n<li><span style=\"font-family: arial, helvetica, sans-serif\"><a href=\"https:\/\/cpg.treefruit.wsu.edu\/\">Crop Protection Guide for Tree Fruit &#8211; EB419 online<\/a><\/span><\/li>\n<li><span style=\"font-family: arial, helvetica, sans-serif\"><a href=\"http:\/\/treefruit.wsu.edu\/crop-protection\/opm\/\" rel=\"noopener\">Orchard Pest Management Guide<\/a><\/span><\/li>\n<li><span style=\"font-family: arial, helvetica, sans-serif\"><a href=\"http:\/\/treefruit.wsu.edu\/crop-protection\/disease-management\/fire-blight\/\" rel=\"noopener\">Fire Blight Management<\/a><\/span><\/li>\n<li><span style=\"font-family: arial, helvetica, sans-serif\"><a href=\"http:\/\/treefruit.wsu.edu\/article\/autonomous-tractor-guidance\/\">Autonomous Tractor Guidance &#8211; article<\/a><\/span><\/li>\n<li><span style=\"font-family: arial, helvetica, sans-serif\"><a href=\"http:\/\/treefruit.wsu.edu\/crop-protection\/disease-management\/western-x\/sampling-guide\/\">X-disease Phytoplasma and Little Cherry Virus Scouting and Sampling Guide<\/a><\/span><\/li>\n<li><span style=\"font-family: arial, helvetica, sans-serif\"><a href=\"http:\/\/treefruit.wsu.edu\/article\/new-resources-for-sprayers\/\">New Resources for Sprayers &#8211; article<\/a><\/span><\/li>\n<li><span style=\"font-family: arial, helvetica, sans-serif\"><a href=\"http:\/\/treefruit.wsu.edu\/article\/getting-the-greatest-return-on-your-investment-and-sprayer\/\">Getting the Greatest Return on your Investment and Sprayer &#8211; article<\/a><\/span><\/li>\n<li class=\"entry-title fusion-responsive-typography-calculated\" data-fontsize=\"21\" data-lineheight=\"21px\"><span style=\"font-family: arial, helvetica, sans-serif\"><a href=\"https:\/\/www.goodfruit.com\/codling-moth-control-back-to-biology\/\">Codling moth control: Back to biology &#8211; article, Good Fruit Grower<\/a><\/span><\/li>\n<li class=\"entry-title fusion-responsive-typography-calculated\" data-fontsize=\"21\" data-lineheight=\"21px\"><span style=\"font-family: arial, helvetica, sans-serif\"><a href=\"https:\/\/www.goodfruit.com\/codling-moth-control-control-culture-club\/\">Codling moth control: Control culture club &#8211; article, Good Fruit Grower<\/a><\/span><\/li>\n<\/ul>\n<p><\/p><\/div>\n<\/div>\n<div class=\"cpb-column  three\" style=\"\"><div class=\"cpb-textblock cpb-item \"><p><\/p>\n<h3><span style=\"font-family: arial, helvetica, sans-serif\">Resources<\/span><\/h3>\n<ul>\n<li><span style=\"font-family: arial, helvetica, sans-serif\"><a href=\"http:\/\/nationalcleanplantnetwork.org\/FRUIT_TREE_CPN\/\" rel=\"noopener\">National Clean Plant Network \u2013 Tree Fruit<\/a><\/span><\/li>\n<li><span style=\"font-family: arial, helvetica, sans-serif\"><a href=\"https:\/\/wstfa.org\/\" rel=\"noopener\">WA State Tree Fruit Association<\/a><\/span><\/li>\n<li><span style=\"font-family: arial, helvetica, sans-serif\"><a href=\"http:\/\/www.nwhort.org\/\" rel=\"noopener\">Northwest Horticultural Council<\/a><\/span><\/li>\n<li><span style=\"font-family: arial, helvetica, sans-serif\"><a href=\"http:\/\/treefruitresearch.com\/\" rel=\"noopener\">WA Tree Fruit Research Commission<\/a><\/span><\/li>\n<li><span style=\"font-family: arial, helvetica, sans-serif\"><a href=\"http:\/\/www.bestapples.com\/\" rel=\"noopener\">WA Apple Commission<\/a><\/span><\/li>\n<li><span style=\"font-family: arial, helvetica, sans-serif\"><a href=\"http:\/\/www.usapears.com\/\" rel=\"noopener\">Pear Bureau Northwest\/USA Pears<\/a><\/span><\/li>\n<li><span style=\"font-family: arial, helvetica, sans-serif\"><a href=\"http:\/\/www.calpear.com\/\" rel=\"noopener\">California Pears<\/a><\/span><\/li>\n<li><span style=\"font-family: arial, helvetica, sans-serif\"><a href=\"http:\/\/www.northwestcherries.net\/\" rel=\"noopener\">Northwest Cherries<\/a><\/span><\/li>\n<li><span style=\"font-family: arial, helvetica, sans-serif\"><a href=\"http:\/\/www.ifruittree.org\/\" rel=\"noopener\">International Fruit Tree Association &#8211; IFTA<\/a><\/span><\/li>\n<\/ul>\n<p><\/p><\/div>\n<\/div>\n<\/div><\/div>\n<div class=\"cpb-row  gray-dark-back has-background-color white-text pad-ends gutter single full-bleed\" style=\"padding-top:1rem\"><div class=\"cpb-row-inner\"><div class=\"cpb-column  one\" style=\"\"><h2 class=\"cpb-subtitle white-text\">\n\t\t\tSprayers, Tools &amp; Additional Resources\t<\/h2>\n<\/div>\n<\/div><\/div>\n<div class=\"cpb-row  pad-bottom gutter side-right\" style=\"padding-top:2rem;padding-bottom:2rem\"><div class=\"cpb-row-inner\"><div class=\"cpb-column  one\" style=\"\"><div class=\"cpb-textblock cpb-item \"><p><\/p>\n<h3><span style=\"font-family: arial, helvetica, sans-serif\">Publications\/Videos<\/span><\/h3>\n<ul>\n<li><span style=\"font-family: arial, helvetica, sans-serif\"><a href=\"https:\/\/pubs.extension.wsu.edu\/six-steps-to-calibrate-and-optimize-airblast-sprayers-for-orchards-and-vineyards\">Six Steps to Calibrate and Optimize Airblast Sprayers for Orchards and Vineyards PNW749<\/a><\/span><\/li>\n<li><span style=\"font-family: arial, helvetica, sans-serif\"><a href=\"https:\/\/pubs.extension.wsu.edu\/seis-pasos-para-calibrar-y-optimizar-los-rociadores-de-aire-para-huertos-y-vi%C3%B1edos\">Seis pasos para calibrar y optimizar los rociadores de aire para huertos y vi\u00f1edos PNW749S<\/a><\/span><\/li>\n<li><span style=\"font-family: arial, helvetica, sans-serif\"><a href=\"https:\/\/pubs.extension.wsu.edu\/common-interchangeable-nozzles-for-perennial-crop-canopy-sprayers\">Common Interchangeable Nozzles for Perennial Crop Canopy Sprayers FS352E<\/a><\/span><\/li>\n<li><span style=\"font-family: arial, helvetica, sans-serif\"><a href=\"https:\/\/pubs.extension.wsu.edu\/boquillas-intercambiables-de-uso-comun-para-pulverizadoras-o-aspersoras-usadas-en-cultivos-perennes-con-copa-o-follaje\">Boquillas intercambiables de uso comun para pulverizadoras o aspersoras usadas en cultivos perennes con copa o follaje FS352S<\/a><\/span><\/li>\n<li><span style=\"font-family: arial, helvetica, sans-serif\"><a href=\"https:\/\/pubs.extension.wsu.edu\/spray-nozzle-demonstration-curriculum\">Spray Nozzle Demonstration Curriculum EC010E<\/a><\/span><\/li>\n<li><span style=\"font-family: arial, helvetica, sans-serif\"><a href=\"https:\/\/sprayers101.com\/airblast101\/\">Airblast 101 \u2013 Your Guide to Effective and Efficient Spraying \u2013 Sprayers101<\/a><\/span><\/li>\n<li><span style=\"font-family: arial, helvetica, sans-serif\"><a href=\"http:\/\/www.patternator.com\/index.html\">Patternators \u2013 Northeast Sustainable Agriculture Research and Education Project<\/a><\/span><\/li>\n<li><span style=\"font-family: arial, helvetica, sans-serif\"><a href=\"https:\/\/s3.wp.wsu.edu\/uploads\/sites\/2086\/2014\/05\/CalibratingWeedSprayers1.pdf\">Calibrating Orchard Weed Sprayers (pdf)<\/a><\/span><\/li>\n<li><span style=\"font-family: arial, helvetica, sans-serif\"><a href=\"http:\/\/ccag-eh.ucanr.edu\/files\/241473.pdf\">Calibrating Airblast and Weed Sprayers \u2013 UCANR (pdf)<\/a><\/span><\/li>\n<li><span style=\"font-family: arial, helvetica, sans-serif\"><a href=\"https:\/\/sprayers101.com\/banded\/\">Sprayer Math for Banded Applications \u2013 Sprayers101<\/a><\/span><\/li>\n<li><span style=\"font-family: arial, helvetica, sans-serif\"><a href=\"https:\/\/pubs.extension.wsu.edu\/small-unmanned-aerial-systems-part-1-systems\">Unmanned Aerial Systems in Agriculture\u2013 Part 1: Systems FS194E<\/a><\/span><\/li>\n<li><span style=\"font-family: arial, helvetica, sans-serif\"><a href=\"https:\/\/pubs.extension.wsu.edu\/unmanned-aerial-systems-in-agriculture-part-2-sensors--uas-in-ag-series\">Unmanned Aerial Systems in Agriculture: PART 2 (SENSORS) &#8212; UAS in AG Series FS285E<\/a><\/span><\/li>\n<li><span style=\"font-family: arial, helvetica, sans-serif\"><a href=\"https:\/\/pubs.extension.wsu.edu\/unmanned-aerial-systems-in-agriculture-part-3-midsized-uas\">Unmanned Aerial Systems in Agriculture: Part 3 (Mid-Sized UAS) FS321E<\/a><\/span><\/li>\n<li><span style=\"font-family: arial, helvetica, sans-serif\"><a href=\"https:\/\/www.goodfruit.com\/ag-automation-headed-your-way\/\">Ag automation headed your way:\u00a0 Spray automation drives itself into commercial tree fruit use &#8211; Good Fruit Grower<\/a><\/span><\/li>\n<\/ul>\n<p><\/p><\/div>\n<\/div>\n<div class=\"cpb-column  two\" style=\"\"><div class=\"cpb-textblock cpb-item \"><p><\/p>\n<h3><span style=\"font-family: arial, helvetica, sans-serif\">Resources<\/span><\/h3>\n<ul>\n<li><span style=\"font-family: arial, helvetica, sans-serif;font-size: 14px\"><a href=\"https:\/\/irrigatedag.wsu.edu\/\">WSU Irrigated Agriculture Email Service<\/a><\/span><\/li>\n<li><span style=\"font-size: 14px;font-family: arial, helvetica, sans-serif\"><a href=\"http:\/\/weather.wsu.edu\/?p=88650&amp;desktop\">AgWeatherNet<\/a><\/span><\/li>\n<li><span style=\"font-size: 14px;font-family: arial, helvetica, sans-serif\"><a href=\"https:\/\/decisionaid.systems\/\">Decision Aid System<\/a><\/span><\/li>\n<li><span style=\"font-size: 14px;font-family: arial, helvetica, sans-serif\"><a href=\"https:\/\/wine.wsu.edu\/extension\/pesticide-information\/\">Pesticide Application Licenses<\/a><\/span><\/li>\n<li><span style=\"font-size: 14px;font-family: arial, helvetica, sans-serif\"><a href=\"http:\/\/cpcnw.wsu.edu\/\" rel=\"noopener\">Clean Plant Center Northwest<\/a><\/span><\/li>\n<li><span style=\"font-size: 14px;font-family: arial, helvetica, sans-serif\"><a href=\"https:\/\/extension.wsu.edu\/benton-franklin\/agriculture\/pests\/bentonfranklincohortpestdiseaseboards\/\">Horticulture Pest &amp; Disease Boards<\/a><\/span><\/li>\n<li><span style=\"font-size: 14px;font-family: arial, helvetica, sans-serif\"><a href=\"http:\/\/extension.wsu.edu\/benton-franklin\/agriculture\/pests\/nwcb\/\">Noxious Weed Control Boards<\/a><\/span><\/li>\n<li><span style=\"font-size: 14px;font-family: arial, helvetica, sans-serif\"><a href=\"http:\/\/uspest.org\/pnw\/insects\">PNW pest guides: Insects<\/a><\/span><\/li>\n<li><span style=\"font-size: 14px;font-family: arial, helvetica, sans-serif\"><a href=\"http:\/\/pnwhandbooks.org\/weed\/\">PNW pest guides: Weeds<\/a><\/span><\/li>\n<li><span style=\"font-size: 14px;font-family: arial, helvetica, sans-serif\"><a href=\"http:\/\/pnwhandbooks.org\/plantdisease\/\">PNW pest guides: Diseases<\/a><\/span><\/li>\n<\/ul>\n<p><\/p><\/div>\n<div class=\"cpb-item cpb-promo-wrap \"><div class=\"cpb-item cpb-promo cpb-promo-custom stack-vertical has-image\" data-requesturl=\"https:\/\/irrigatedag.wsu.edu\/?cpb-get-template=lightbox\">\n\t\t<div class=\"cpb-image\">\n\t\t<img style=\"background-image:url(https:\/\/wpcdn.web.wsu.edu\/wp-extension\/uploads\/sites\/2071\/2022\/04\/agriculture1.png);background-position:center center;background-size:cover;\" src=\"https:\/\/extension.wsu.edu\/benton-franklin\/wp-content\/plugins\/cahnrswsuwp-plugin-pagebuilder\/lib\/images\/spacer1x1.gif\" alt=\"WSU Extension Irrigated Agriculture Email Service, Sign up now. Upcoming events, time sensitive information, the latest research straight from our Specialists, only on the topics important to you.\" \/>\n\t<\/div>\n\t\t<div class=\"cpb-promo-caption\">\n\t\t\t\t\t\t\t<div class=\"cpb-promo-link\"><a href=\"https:\/\/irrigatedag.wsu.edu\/\" >Visit <\/a><\/div>\n\t\t<\/div>\n<\/div>\n<\/div><\/div>\n<\/div><\/div>\n<\/p>\n","protected":false},"excerpt":{"rendered":"<p>[promo promo_type=&quot;custom&quot; img_src=&quot;https:\/\/wpcdn.web.wsu.edu\/wp-extension\/uploads\/sites\/2071\/2014\/11\/Blueberry-growing-ID-100100281.jpg&quot; img_id=&quot;2855&quot; link=&quot;https:\/\/smallfruits.wsu.edu\/&quot; promo_title=&quot;Berries&quot; unset_title=&quot;1&quot; stack_vertical=&quot;1&quot; ]Visit WSU Small Fruits for additional publications and resources.Publications\/Videos Cost Estimates of Establishing and Producing Organic Highbush Blueberries in Eastern Washington TB28E 2015 Optimizing Nutrient Management for&amp;hellip;<\/p>\n","protected":false},"author":1332,"featured_media":0,"parent":87,"menu_order":3,"comment_status":"closed","ping_status":"closed","template":"templates\/program.php","meta":[],"categories":[],"tags":[],"wsuwp_university_location":[],"wsuwp_university_org":[],"_links":{"self":[{"href":"https:\/\/extension.wsu.edu\/benton-franklin\/wp-json\/wp\/v2\/pages\/1233"}],"collection":[{"href":"https:\/\/extension.wsu.edu\/benton-franklin\/wp-json\/wp\/v2\/pages"}],"about":[{"href":"https:\/\/extension.wsu.edu\/benton-franklin\/wp-json\/wp\/v2\/types\/page"}],"author":[{"embeddable":true,"href":"https:\/\/extension.wsu.edu\/benton-franklin\/wp-json\/wp\/v2\/users\/1332"}],"replies":[{"embeddable":true,"href":"https:\/\/extension.wsu.edu\/benton-franklin\/wp-json\/wp\/v2\/comments?post=1233"}],"version-history":[{"count":51,"href":"https:\/\/extension.wsu.edu\/benton-franklin\/wp-json\/wp\/v2\/pages\/1233\/revisions"}],"predecessor-version":[{"id":136810,"href":"https:\/\/extension.wsu.edu\/benton-franklin\/wp-json\/wp\/v2\/pages\/1233\/revisions\/136810"}],"up":[{"embeddable":true,"href":"https:\/\/extension.wsu.edu\/benton-franklin\/wp-json\/wp\/v2\/pages\/87"}],"wp:attachment":[{"href":"https:\/\/extension.wsu.edu\/benton-franklin\/wp-json\/wp\/v2\/media?parent=1233"}],"wp:term":[{"taxonomy":"category","embeddable":true,"href":"https:\/\/extension.wsu.edu\/benton-franklin\/wp-json\/wp\/v2\/categories?post=1233"},{"taxonomy":"post_tag","embeddable":true,"href":"https:\/\/extension.wsu.edu\/benton-franklin\/wp-json\/wp\/v2\/tags?post=1233"},{"taxonomy":"wsuwp_university_location","embeddable":true,"href":"https:\/\/extension.wsu.edu\/benton-franklin\/wp-json\/wp\/v2\/wsuwp_university_location?post=1233"},{"taxonomy":"wsuwp_university_org","embeddable":true,"href":"https:\/\/extension.wsu.edu\/benton-franklin\/wp-json\/wp\/v2\/wsuwp_university_org?post=1233"}],"curies":[{"name":"wp","href":"https:\/\/api.w.org\/{rel}","templated":true}]}}