{"id":1672,"date":"2014-09-26T13:48:13","date_gmt":"2014-09-26T20:48:13","guid":{"rendered":"http:\/\/ext100.wsu.edu\/chelan-douglas\/?page_id=1672"},"modified":"2025-06-02T12:27:33","modified_gmt":"2025-06-02T19:27:33","slug":"homefruit","status":"publish","type":"page","link":"https:\/\/extension.wsu.edu\/chelan-douglas\/gardening\/homefruit\/","title":{"rendered":"Home Fruit"},"content":{"rendered":"<h4>Small Fruit<\/h4>\n<p>Growing Small Fruits for the Home Garden&#8211;WSU Bulletin EB1640 &#8211; <a href=\"https:\/\/pubs.extension.wsu.edu\/product\/growing-small-fruits-in-the-home-garden-home-garden-series\/\">read online<\/a><br \/>\n<a href=\"https:\/\/wpcdn.web.wsu.edu\/wp-extension\/uploads\/sites\/2086\/2016\/04\/blueberryfactsheetncw.pdf\">Growing Blueberries in North Central Washington (PDF)<\/a><br \/>\n<a href=\"http:\/\/www.extension.umn.edu\/garden\/yard-garden\/fruit\/blueberries-for-home-landscapes\/\">Blueberry Planting and Care<\/a> &#8211; from the University of Minnesota<\/p>\n<h4>Spray Schedules for Home Garden Fruit Trees<\/h4>\n<p>These are suggested spray schedules for home garden fruit trees. It is important to control certain pests&#8211;such as coddling moth in apples and cherry fruit fly&#8211;in our home orchards. Besides protecting our own produce, proper and timely spraying ensures pests do not inadvertently infest and jeopardize commercial orchards in the area. The non-organic\u00a0 schedules were updated in 2019. The organic in 2013.<\/p>\n<ul>\n<li><a href=\"http:\/\/wpcdn.web.wsu.edu\/wp-extension\/uploads\/sites\/2086\/2014\/05\/organic_spray_home_apples_pears1.pdf\">Organic Spray for Apples &amp; Pears (PDF)<\/a><\/li>\n<li><a href=\"http:\/\/wpcdn.web.wsu.edu\/wp-extension\/uploads\/sites\/2086\/2014\/05\/organic_spray_home_cherries1.pdf\">Organic Spray for Cherries (PDF)<\/a><\/li>\n<li><a href=\"http:\/\/wpcdn.web.wsu.edu\/wp-extension\/uploads\/sites\/2086\/2014\/05\/organic_spray_home_peaches1.pdf\">Organic Spray for Peaches, Nectarines, Apricots (PDF)<\/a><\/li>\n<li><a href=\"http:\/\/wpcdn.web.wsu.edu\/wp-extension\/uploads\/sites\/2086\/2014\/05\/organic_spray_home_plums_prunes1.pdf\">Organic Spray for Plums &amp; Prunes (PDF)<\/a><\/li>\n<li><a href=\"http:\/\/wpcdn.web.wsu.edu\/wp-extension\/uploads\/sites\/2086\/2014\/05\/organic_spray_home_walnuts1.pdf\">Organic Spray for Walnuts (PDF)<\/a><\/li>\n<li><a href=\"https:\/\/wpcdn.web.wsu.edu\/wp-extension\/uploads\/sites\/2086\/2019\/02\/sprayschedulehomeapples.pdf\">Apples (PDF)<\/a><\/li>\n<li><a href=\"https:\/\/wpcdn.web.wsu.edu\/wp-extension\/uploads\/sites\/2086\/2019\/02\/sprayschedulehomecherries.pdf\">Cherries (PDF)<\/a><\/li>\n<li><a href=\"https:\/\/wpcdn.web.wsu.edu\/wp-extension\/uploads\/sites\/2086\/2019\/02\/sprayschedulehomeplumsprunes.pdf\">Plums &amp; Prunes (PDF)<\/a><\/li>\n<li><a href=\"https:\/\/wpcdn.web.wsu.edu\/wp-extension\/uploads\/sites\/2086\/2019\/02\/sprayschedulehomepeaches.pdf\">Peaches, Nectarines &amp; Apricots (PDF)<\/a><\/li>\n<li><a href=\"https:\/\/wpcdn.web.wsu.edu\/wp-extension\/uploads\/sites\/2086\/2019\/02\/sprayschedulehomepears-1.pdf\">Pears (PDF)<\/a><\/li>\n<li><a href=\"https:\/\/wpcdn.web.wsu.edu\/wp-extension\/uploads\/sites\/2086\/2019\/02\/sprayschedulehomewalnuts.pdf\">Walnuts (PDF)<\/a><\/li>\n<li><a href=\"https:\/\/wpcdn.web.wsu.edu\/wp-extension\/uploads\/sites\/2086\/2014\/05\/backyardfruittreemoretroublethanworth1.pdf\">Is Backyard Fruit More Trouble Than its Worth? (PDF)<\/a><\/li>\n<\/ul>\n<h4>Horarios de pulverizaci\u00f3n para jard\u00edn de \u00e1rboles frutales<\/h4>\n<p>Estos son programas seguridos para fumigar \u00e1rboles frutales en huertos caseros. Es importante controlar ciertas plagas&#8211;como la palomilla de la manzana y la mosca de la cereza en nuestros propios huertos caseros. \u00a0Aparte de protejer nuestra propia cosecha, fumigando apropiadamente y a su debido tiempo nos asegura que la plaga inadvertidamente no infeste y ponga en peligro huertas comerciales en la area.<\/p>\n<ul>\n<li><a href=\"http:\/\/wpcdn.web.wsu.edu\/wp-extension\/uploads\/sites\/2086\/2014\/05\/spray_home_apples_esp1.pdf\">Para las Manzanas (PDF)<\/a><\/li>\n<li><a href=\"http:\/\/wpcdn.web.wsu.edu\/wp-extension\/uploads\/sites\/2086\/2014\/05\/spray_home_cherries_esp1.pdf\">Para\u00a0las Cerezas (PDF)<\/a><\/li>\n<li><a href=\"https:\/\/wpcdn.web.wsu.edu\/wp-extension\/uploads\/sites\/2086\/2025\/06\/Pears-Spanish-SuggestedSprayScheduleForHome2019.pdf\">Paras las Peras (PDF)<\/a><\/li>\n<\/ul>\n","protected":false},"excerpt":{"rendered":"<h4>Small Fruit<\/h4>\n<p>Growing Small Fruits for the Home Garden&#8211;WSU Bulletin EB1640 &#8211; <a href=\"https:\/\/pubs.extension.wsu.edu\/product\/growing-small-fruits-in-the-home-garden-home-garden-series\/\">read online<\/a><br \/> <a href=\"https:\/\/wpcdn.web.wsu.edu\/wp-extension\/uploads\/sites\/2086\/2016\/04\/blueberryfactsheetncw.pdf\">Growing Blueberries in North Central Washington (PDF)<\/a><br \/> <a href=\"http:\/\/www.extension.umn.edu\/garden\/yard-garden\/fruit\/blueberries-for-home-landscapes\/\">Blueberry Planting and Care<\/a> &#8230; <a href=\"https:\/\/extension.wsu.edu\/chelan-douglas\/gardening\/homefruit\/\" class=\"more-link\"><span class=\"more-default\">&raquo; More &#8230;<\/span><\/a><\/p>\n","protected":false},"author":8980,"featured_media":0,"parent":1602,"menu_order":0,"comment_status":"open","ping_status":"closed","template":"templates\/program.php","meta":[],"categories":[574],"tags":[],"wsuwp_university_location":[],"wsuwp_university_org":[],"_links":{"self":[{"href":"https:\/\/extension.wsu.edu\/chelan-douglas\/wp-json\/wp\/v2\/pages\/1672"}],"collection":[{"href":"https:\/\/extension.wsu.edu\/chelan-douglas\/wp-json\/wp\/v2\/pages"}],"about":[{"href":"https:\/\/extension.wsu.edu\/chelan-douglas\/wp-json\/wp\/v2\/types\/page"}],"author":[{"embeddable":true,"href":"https:\/\/extension.wsu.edu\/chelan-douglas\/wp-json\/wp\/v2\/users\/8980"}],"replies":[{"embeddable":true,"href":"https:\/\/extension.wsu.edu\/chelan-douglas\/wp-json\/wp\/v2\/comments?post=1672"}],"version-history":[{"count":17,"href":"https:\/\/extension.wsu.edu\/chelan-douglas\/wp-json\/wp\/v2\/pages\/1672\/revisions"}],"predecessor-version":[{"id":13779,"href":"https:\/\/extension.wsu.edu\/chelan-douglas\/wp-json\/wp\/v2\/pages\/1672\/revisions\/13779"}],"up":[{"embeddable":true,"href":"https:\/\/extension.wsu.edu\/chelan-douglas\/wp-json\/wp\/v2\/pages\/1602"}],"wp:attachment":[{"href":"https:\/\/extension.wsu.edu\/chelan-douglas\/wp-json\/wp\/v2\/media?parent=1672"}],"wp:term":[{"taxonomy":"category","embeddable":true,"href":"https:\/\/extension.wsu.edu\/chelan-douglas\/wp-json\/wp\/v2\/categories?post=1672"},{"taxonomy":"post_tag","embeddable":true,"href":"https:\/\/extension.wsu.edu\/chelan-douglas\/wp-json\/wp\/v2\/tags?post=1672"},{"taxonomy":"wsuwp_university_location","embeddable":true,"href":"https:\/\/extension.wsu.edu\/chelan-douglas\/wp-json\/wp\/v2\/wsuwp_university_location?post=1672"},{"taxonomy":"wsuwp_university_org","embeddable":true,"href":"https:\/\/extension.wsu.edu\/chelan-douglas\/wp-json\/wp\/v2\/wsuwp_university_org?post=1672"}],"curies":[{"name":"wp","href":"https:\/\/api.w.org\/{rel}","templated":true}]}}