{"id":1808,"date":"2024-12-23T10:19:41","date_gmt":"2024-12-23T18:19:41","guid":{"rendered":"https:\/\/extension.wsu.edu\/king\/?page_id=1808"},"modified":"2025-03-12T17:26:43","modified_gmt":"2025-03-13T00:26:43","slug":"sewing","status":"publish","type":"page","link":"https:\/\/extension.wsu.edu\/king\/sewing","title":{"rendered":"Sewing"},"content":{"rendered":"\n<p>The 4-H Clothing project provides an opportunity for youth to practice a variety of life skills, while learning about sewing, clothing, and textiles subject matter.<\/p>\n\n\n\n<p>Sewing projects teach kids the skills needed to create a variety of items, from clothing, to bags, to pillowcases. Learn about fabric selection, sewing techniques, proper clothing care, and more!<\/p>\n\n\n\n<h2 class=\"wp-block-heading\">Objectives<\/h2>\n\n\n\n<p>Youth will:<\/p>\n\n\n\n<ul>\n<li>Apply personal creativity and learn basic sewing skills<\/li>\n\n\n\n<li>Practice good personal grooming skills<\/li>\n\n\n\n<li>Learn about fabrics, textile science, and technology<\/li>\n\n\n\n<li>Select appropriate color, line, and design<\/li>\n\n\n\n<li>Apply wise shopping practices<\/li>\n\n\n\n<li>Select appropriate care for personal clothing<\/li>\n\n\n\n<li>Learn about the cultural influences of clothing<\/li>\n<\/ul>\n\n\n\n<figure class=\"wp-block-image\"><img decoding=\"async\" src=\"https:\/\/s3.wp.wsu.edu\/uploads\/sites\/2083\/2024\/02\/yakima-sewing-projects-blurred-background-1.png\" alt=\"Display of a blue checked gingham dress and two shirts\"\/><\/figure>\n\n\n\n<h3 class=\"wp-block-heading\">4-H Sewing &amp; Garment Construction Curriculum<\/h3>\n\n\n\n<p>Available from the Extension office or online.<\/p>\n\n\n\n<p><a href=\"https:\/\/shop4-h.org\/products\/sewing-expressions-under-construction\">Sewing Expressions Level 1 \u2013 Under Construction<\/a><\/p>\n\n\n\n<p>Youth will learn more about fashion and their unique style as well as technology in sewing and careers in the textile industry.<\/p>\n\n\n\n<p><a href=\"https:\/\/shop4-h.org\/products\/sewing-expressions-level-2-fashion-forward?_pos=4&amp;_sid=28d56e646&amp;_ss=r\">Sewing Expressions Level 2 \u2013 Fashion Forward<\/a><\/p>\n\n\n\n<p>Fashion Forward (Level 2) will help youth develop their fashion sense and the skills needed to create a unique style of their own.<\/p>\n\n\n\n<p><a href=\"https:\/\/shop4-h.org\/products\/copy-of-sewing-expressions-level-3-refine-design-1?variant=40764843196518\">Sewing Expressions Level 3 \u2013 Refine Design<\/a><\/p>\n\n\n\n<p>Refine Design (Level 3) will help youth learn more about fashion and their unique style as well as technology in sewing and careers in the textile industry.<\/p>\n\n\n\n<p><a href=\"https:\/\/shop4-h.org\/products\/copy-of-sewing-expressions-helpers-guide?_pos=1&amp;_sid=28d56e646&amp;_ss=r\">Sewing Expressions Helper\u2019s Guide<\/a><\/p>\n\n\n\n<p>This book is the Helper\u2019s Guide of the 4-H Sewing Curriculum. This curriculum set, written by university experts, include activities for young people to develop and share their creative abilities in the sewing and textiles area.<\/p>\n\n\n\n<p>The activity books include sections on creating (gaining experience in sewing), maintaining (caring for textile items), teching (technology applications in the apparel and textile industry), futuring (a sampling of potential careers), and serving (using their knowledge and skills to help others).<\/p>\n\n\n\n<hr class=\"wp-block-separator has-alpha-channel-opacity\"\/>\n\n\n\n<p>In this series, youth learn how to construct garments while also learning textile science, beginning math and engineering techniques, and investigating careers and service projects in the garment industry.<\/p>\n\n\n\n<p><a href=\"https:\/\/shop4-h.org\/products\/steam-clothing-curriculum-1-fundamentals?_pos=19&amp;_sid=c0c6d3be3&amp;_ss=r\">STEAM Clothing 1:&nbsp; FUNdamentals<\/a><\/p>\n\n\n\n<p>In STEAM Clothing 1: FUNdamentals, youth will gather the tools they\u2019ll need to begin sewing, understand textiles through fun science experiments, learn beginning math and engineering techniques in clothing construction, and take their skills a step further, investigating businesses, service learning projects, and modeling.<\/p>\n\n\n\n<p><a href=\"https:\/\/shop4-h.org\/products\/steam-clothing-curriculum-2-simply-sewing?_pos=39&amp;_sid=c0c6d3be3&amp;_ss=r\">STEAM Clothing 2:&nbsp; Simply Sewing<\/a><\/p>\n\n\n\n<p>In STEAM Clothing 2: Simply Sewing, youth will prepare for more advanced sewing techniques and projects, conduct more advanced textile science experiments, focus on advanced engineering techniques, add finishing touches and style to garments, and market and calculate prices of products.<\/p>\n\n\n\n<p><a href=\"https:\/\/shop4-h.org\/products\/steam-clothing-curriculum-3-a-stitch-further\">STEAM Clothing 3:&nbsp; A Stitch Further<\/a><\/p>\n\n\n\n<p>In STEAM Clothing 3: A Stitch Further, youth will learn the advanced, couture techniques used by designers to create unique garments. Youth will take the science of textiles a step further, and learn to sew garments with challenging patterns and fabrics, couture sewing techniques, and how to sell your professional-looking garments and accessories.<\/p>\n\n\n\n<p><a href=\"https:\/\/shop4-h.org\/products\/steam-clothing-curriculum-makers-guide-to-sewing?_pos=6&amp;_sid=b67e6838c&amp;_ss=r\">Maker\u2019s Guide to Sewing Stuff<\/a><\/p>\n\n\n\n<p>In Maker\u2019s Guide to Sewing Stuff, youth will use the skills learned in STEAM Clothing 1 &amp; 2 to make stuff! Youth will create items to use and wear while they practice their beginning sewing skills. Activities in this manual are for beginning and intermediate sewers looking to improve their skills before progressing into using patterns to make garments.<\/p>\n\n\n\n<hr class=\"wp-block-separator has-alpha-channel-opacity\"\/>\n\n\n\n<p><a href=\"https:\/\/shop4-h.org\/collections\/sewing-curriculum\/products\/steam-clothing-curriculum-beyond-the-needle\">STEAM Clothing Activity Manual:&nbsp; Beyond the Needle<\/a><\/p>\n\n\n\n<p>In Beyond the Needle, youth will learn all about the \u2018A\u2019 in STEAM Clothing \u2014 the Art! This youth manual includes activities for three skill levels: beginner, intermediate, and advanced. Youth will learn the design basics and create a portfolio to exhibit samples made to practice specific techniques. Then, youth will be able to create their own fabulous embellishments and treatments on garments. If you love art, then this STEAM Clothing manual is for you!<\/p>\n\n\n\n<hr class=\"wp-block-separator has-alpha-channel-opacity\"\/>\n\n\n\n<p>4-H Wearable Technology curriculum series in which youth solve real world problems and practice the engineering design process while immersed in the innovative area of wearable technologies. This curriculum teaches engineering design, computer programming, basic circuitry, and sewing.<\/p>\n\n\n\n<p>Each youth will need their own Design Notebooks for each level.<\/p>\n\n\n\n<p><a href=\"https:\/\/shop4-h.org\/products\/weartec-1-circuitry-leaders-guide?_pos=24&amp;_sid=c0c6d3be3&amp;_ss=r\">WearTec Book 1: Circuitry \u2013 Leader\u2019s Guide<\/a><\/p>\n\n\n\n<p><a href=\"https:\/\/shop4-h.org\/products\/weartec-1-circuitry-engineering-design-notebook?_pos=41&amp;_sid=5a554b8b0&amp;_ss=r\">WearTec Book 1: Circuitry \u2013 Design Notebook<\/a><\/p>\n\n\n\n<p>This is Level 1 of the Wearable Technology curriculum series, in which youth solve real world problems and practice the engineering design process while immersed in the innovative area of wearable technologies. This curriculum teaches engineering design, computer programming, basic circuitry, and sewing. In Level 1, youth learn the foundations of circuitry through 4 projects.<\/p>\n\n\n\n<p><a href=\"https:\/\/shop4-h.org\/products\/weartec-2-sewing-microcontrollers-leaders-guide?_pos=43&amp;_sid=5a554b8b0&amp;_ss=r\">WearTec Book 2: Sewing \u2013 Leader\u2019s Guide<\/a><\/p>\n\n\n\n<p><a href=\"https:\/\/shop4-h.org\/products\/weartec-2-sewing-microcontrollers-engineering-design-notebook?_pos=42&amp;_sid=5a554b8b0&amp;_ss=r\">WearTec Book 2: Sewing \u2013 Design Notebook<\/a><\/p>\n\n\n\n<p>This is Level 2 of the Wearable Technology curriculum series, in which youth solve real world problems and practice the engineering design process while immersed in the innovative area of wearable technologies.&nbsp; This curriculum teaches engineering design, computer programming, basic circuitry, and sewing.&nbsp; In Level 2, youth learn how to sew and create projects using microcontrollers.<\/p>\n\n\n\n<p><a href=\"https:\/\/shop4-h.org\/products\/weartec-3-programming-leaders-guide?_pos=37&amp;_sid=c0c6d3be3&amp;_ss=r\">WearTec Book 3: Programming \u2013 Leader\u2019s Guide<\/a><\/p>\n\n\n\n<p><a href=\"https:\/\/shop4-h.org\/products\/weartec-3-programming-engineering-design-notebook?_pos=40&amp;_sid=c0c6d3be3&amp;_ss=r\">WearTec Book 3: Programming \u2013 Design Notebook<\/a><\/p>\n\n\n\n<p>This is Level 3 of the Wearable Technology curriculum series, in which youth solve real world problems and practice the engineering design process while immersed in the innovative area of wearable technologies.&nbsp; This curriculum teaches engineering design, computer programming, basic circuitry, and sewing.&nbsp; In Level 3, youth learn basic programming and coding skills and then apply these skills using various platforms, such as Arduino.<\/p>\n\n\n\n<p><a href=\"https:\/\/shop4-h.org\/products\/weartec-4-design-challenges-leaders-guide?_pos=31&amp;_sid=c0c6d3be3&amp;_ss=r\">WearTec Book 4: Design \u2013 Leader\u2019s Guide<\/a><\/p>\n\n\n\n<p><a href=\"https:\/\/shop4-h.org\/products\/weartec-4-design-challenges-engineering-design-notebook?_pos=38&amp;_sid=c0c6d3be3&amp;_ss=r\">WearTec Book 4: Design \u2013 Design Notebook<\/a><\/p>\n\n\n\n<p>This is Level 4 of the Wearable Technology curriculum series, in which youth solve real world problems and practice the engineering design process while immersed in the innovative area of wearable technologies. This curriculum teaches engineering design, computer programming, basic circuitry, and sewing. In Level 4, youth practice each step of the engineering design process: Research, Develop a Solution, Test &amp; Evaluate, and Communicate.&nbsp; Level 4 includes 4 Design Challenges involving light and temperature.Indiana 4-H Sewing CurriculumOhio 4-H Sewing Project Guides<\/p>\n\n\n\n<h3 class=\"wp-block-heading\">Washington 4-H Records, Forms, and Guides<\/h3>\n\n\n\n<h4 class=\"wp-block-heading\">For youth members<\/h4>\n\n\n\n<p><a href=\"https:\/\/pubs.extension.wsu.edu\/sewing-skills-checklist\">C0677E \u2013 Sewing Skills Checklist<\/a><\/p>\n\n\n\n<p>This publication is designed for 4-H\u2019ers enrolled in the Clothing Program. Its purpose is to help you plan sewing activities to constantly stretch your sewing abilities.<\/p>\n\n\n\n<p><a href=\"https:\/\/pubs.extension.wsu.edu\/fashion-modeling-your-4h-garment\">EM4339E \u2013 Fashion Modeling Your 4-H Garment<\/a><\/p>\n\n\n\n<p>Simply wearing clothes is modeling. You are always on display, whether you are on the street, in your home, at school, on the job, at play, traveling, or at parties.<\/p>\n\n\n\n<p><a href=\"https:\/\/s3.wp.wsu.edu\/uploads\/sites\/2056\/2023\/07\/Writing-a-Fashion-Revue-Commentary.pdf\">EM4224E \u2013 Suggestions for Writing 4-H Style Revue Commentary (PDF)<\/a><\/p>\n\n\n\n<p>The 4-H Fashion Revue commentary presents the 4-H\u2019er and his or her project to the audience. The commentary should introduce the 4-H\u2019er, describe special garment features for the audience to notice, and may highlight additional personal information about the 4-H\u2019er and the project.<\/p>\n\n\n\n<p><a href=\"https:\/\/pubs.extension.wsu.edu\/measuring-up-quality-standards-for-sewn-itemsprojects\">PNW197 \u2013 Measuring Up: Quality Standards in Sewn Items<\/a><\/p>\n\n\n\n<p>The purpose of this publication is to list and describe specific characteristics that can be expected in high-quality construction of either home-sewn or ready-to-wear garments or other sewn items.<\/p>\n\n\n\n<p><a href=\"https:\/\/pubs.extension.wsu.edu\/clothing-construction-record\">C0675E \u2013 Clothing Construction Record<\/a><\/p>\n\n\n\n<p>Used to record types of garments made.<\/p>\n\n\n\n<h4 class=\"wp-block-heading\">For adult helpers and club leaders<\/h4>\n\n\n\n<p><a href=\"https:\/\/pubs.extension.wsu.edu\/teaching-4h-oral-reasons\">EM4789E \u2013 Teaching 4-H Oral Reasons<\/a><\/p>\n\n\n\n<p>Teaches leaders how to help 4-H members give oral reasons for judging items and exhibits.<\/p>\n\n\n\n<p><a href=\"https:\/\/pubs.extension.wsu.edu\/sew-quick-a-4h-clothing-leaders-guide\">EM4870E \u2013 Sew Quick! Leader Guide<\/a><\/p>\n\n\n\n<p>This is a 4-H clothing leader\u2019s guide. It contains tips and techniques for sewing, and quick projects.<\/p>\n\n\n\n<p><a href=\"https:\/\/pubs.extension.wsu.edu\/costura-rapida\">EM4916S&nbsp;\u2013 \u00a1Costura Rapida<\/a><\/p>\n\n\n\n<p>Es una publicaci\u00f3n que muestra varios proyectos r\u00e1pidos que han sido utilizados con \u00e9xito en ambientes 4-H en el Estado de Washington.<\/p>\n\n\n\n<p><a href=\"https:\/\/extension.wsu.edu\/4h\/projects\/arts\/needle-arts\/\">State 4-H Needle Arts Project Resources<\/a><\/p>\n\n\n\n<figure class=\"wp-block-image\"><img decoding=\"async\" src=\"https:\/\/s3.wp.wsu.edu\/uploads\/sites\/2083\/2023\/12\/Sewing-Garment.png\" alt=\"Title &quot;Sewing and Garment Construction&quot; at left on light blue background. At right, an image of sewing notions including scissors, a pincushion, a rotary cutter, cutting mat, a thimble, thread, and fabric\"\/><\/figure>\n\n\n\n<h3 class=\"wp-block-heading\">Helpful Resources<\/h3>\n\n\n\n<h4 class=\"wp-block-heading\">Activity Ideas<\/h4>\n\n\n\n<p><a href=\"https:\/\/www.princeedwardisland.ca\/en\/publications\">4-H Sewing Project Activity Guide \u2013 4-H Canada &amp; Agriculture and Agri-Food Canada<\/a><\/p>\n\n\n\n<p><a href=\"https:\/\/extension.arizona.edu\/sites\/extension.arizona.edu\/files\/pubs\/az1445.pdf\">Jean Jems:&nbsp; Simple Sewing Projects \u2013 Arizona Cooperative Extension (PDF)<\/a><\/p>\n\n\n\n<h4 class=\"wp-block-heading\">Washington Specific Reference Material<\/h4>\n\n\n\n<p><a href=\"https:\/\/pubs.extension.wsu.edu\/interfacings\">EM014E \u2013 Interfacings<\/a><\/p>\n\n\n\n<p>If you\u2019re interested in clothing, you\u2019ll want to know about the central role interfacings play in making a garment appear professional.<\/p>\n\n\n\n<hr class=\"wp-block-separator has-alpha-channel-opacity\"\/>\n\n\n\n<h5 class=\"wp-block-heading\">From Related Organizations, Journals, and Professionals<\/h5>\n\n\n\n<p><a href=\"https:\/\/4-h.org\/support\/corporate-foundation-support\/joann-fabric-and-craft-stores\/\">4-H and Joann Fabric &amp; Craft Stores<\/a><\/p>\n\n\n\n<p>4-H and JOANN Fabric &amp; Craft Stores are partnering to ensure every kid has an equal opportunity to succeed. Through in-store donations, custom 4-H products and digital experiences, JOANN customers and 4-H supporters are helping to empower the next generation of makers to lead lives with their hearts, hands and minds.<\/p>\n\n\n\n<p><a href=\"https:\/\/www.cleaninginstitute.org\/cleaning-tips\/clothes\/stain-removal-guide\">Stain Removal Guide from the American Cleaning Institute<\/a>Sewing Patterns<\/p>\n\n\n\n<hr class=\"wp-block-separator has-alpha-channel-opacity\"\/>\n\n\n\n<figure class=\"wp-block-image\"><img decoding=\"async\" src=\"https:\/\/s3.wp.wsu.edu\/uploads\/sites\/2083\/2024\/02\/2022_Addison-Blanchard_Lucy-Mullinnex_Lillian-Miles_Naches-Valley_CWSF_Apron-Sewing-Contest_Fashion-Revue-1.jpg\" alt=\"Three youth wearing long full front coverage aprons , one green and knee length, two floor length in white and tan\"\/><\/figure>\n\n        <div id=\"cahnrs-back-to-top\" class=\"cahnrs-back-to-top\" hidden aria-hidden=\"true\">\n            <a id=\"cahnrs-back-to-top-btn\" class=\"cahnrs-back-to-top__btn\" href=\"#product-top\" aria-label=\"Back to top\">\n                <span class=\"cahnrs-back-to-top__icon\" aria-hidden=\"true\">\u2191<\/span>\n                <span class=\"cahnrs-back-to-top__label\">Back to top<\/span>\n            <\/a>\n        <\/div>","protected":false},"excerpt":{"rendered":"<p>The 4-H Clothing project provides an opportunity for youth to practice a variety of life skills, while learning about sewing, clothing, and textiles subject matter. Sewing projects teach kids the [&hellip;]<\/p>\n","protected":false},"author":40,"featured_media":0,"parent":0,"menu_order":0,"comment_status":"closed","ping_status":"closed","template":"","meta":{"_expiration_date":""},"categories":[],"tags":[],"_links":{"self":[{"href":"https:\/\/extension.wsu.edu\/king\/wp-json\/wp\/v2\/pages\/1808"}],"collection":[{"href":"https:\/\/extension.wsu.edu\/king\/wp-json\/wp\/v2\/pages"}],"about":[{"href":"https:\/\/extension.wsu.edu\/king\/wp-json\/wp\/v2\/types\/page"}],"author":[{"embeddable":true,"href":"https:\/\/extension.wsu.edu\/king\/wp-json\/wp\/v2\/users\/40"}],"replies":[{"embeddable":true,"href":"https:\/\/extension.wsu.edu\/king\/wp-json\/wp\/v2\/comments?post=1808"}],"version-history":[{"count":3,"href":"https:\/\/extension.wsu.edu\/king\/wp-json\/wp\/v2\/pages\/1808\/revisions"}],"predecessor-version":[{"id":2982,"href":"https:\/\/extension.wsu.edu\/king\/wp-json\/wp\/v2\/pages\/1808\/revisions\/2982"}],"wp:attachment":[{"href":"https:\/\/extension.wsu.edu\/king\/wp-json\/wp\/v2\/media?parent=1808"}],"wp:term":[{"taxonomy":"category","embeddable":true,"href":"https:\/\/extension.wsu.edu\/king\/wp-json\/wp\/v2\/categories?post=1808"},{"taxonomy":"post_tag","embeddable":true,"href":"https:\/\/extension.wsu.edu\/king\/wp-json\/wp\/v2\/tags?post=1808"}],"curies":[{"name":"wp","href":"https:\/\/api.w.org\/{rel}","templated":true}]}}