{"id":24,"date":"2015-09-24T17:19:07","date_gmt":"2015-09-25T00:19:07","guid":{"rendered":"http:\/\/extension.wsu.edu\/latinocommunity\/?page_id=24"},"modified":"2015-12-03T10:25:10","modified_gmt":"2015-12-03T18:25:10","slug":"latino-information-and-discussion-listserv","status":"publish","type":"page","link":"https:\/\/extension.wsu.edu\/latinocommunity\/latino-information-and-discussion-listserv\/","title":{"rendered":"Latino Information and Discussion Listserv"},"content":{"rendered":"<p>Meeting a felt need for networking and sharing best practices and ideas, a new Listserv for people interested in, and\/or working with, Latinos in the Pacific Northwest has been created.\u00a0 This LOW TRAFFIC email list, \u201cLatino-Hispanic-info-n-discussion,\u201d attempts to fill the gaps in information and best practices that might help service providers, extension educators, and other professionals provide effective and appropriate services and assistance to Latino communities.<\/p>\n<p>To subscribe please go to the following website:<br \/>\n<a href=\"http:\/\/lists.wsu.edu\/mailman\/listinfo\/latino-hispanic-info-n-discussion\">http:\/\/lists.wsu.edu\/mailman\/listinfo\/latino-hispanic-info-n-discussion<\/a><\/p>\n<p>Thank you.<\/p>\n<p>Jos\u00e9 L. Garc\u00eda-Pab\u00f3n, Ph.D.<br \/>\nEmail: <a href=\"mailto:garciajl@wsu.edu\">garciajl@wsu.edu<\/a><\/p>\n","protected":false},"excerpt":{"rendered":"<p>Meeting a felt need for networking and sharing best practices and ideas, a new Listserv for people interested in, and\/or working with, Latinos in the Pacific Northwest has been created.\u00a0 This LOW TRAFFIC email list, \u201cLatino-Hispanic-info-n-discussion,\u201d attempts to fill the gaps in information and best practices that might help service providers, extension educators, and other professionals provide effective and appropriate services and assistance to Latino communities.<\/p>\n<p>To subscribe please go to the following website:<br \/> <a href=\"http:\/\/lists.wsu.edu\/mailman\/listinfo\/latino-hispanic-info-n-discussion\">http:\/\/lists.wsu.edu\/mailman\/listinfo\/latino-hispanic-info-n-discussion<\/a><\/p>\n<p>Thank you.<\/p>\n<p>Jos\u00e9 L. Garc\u00eda-Pab\u00f3n, Ph.D.<br \/> Email: <a href=\"mailto:garciajl@wsu.edu\">garciajl@wsu.edu<\/a><\/p>\n","protected":false},"author":1,"featured_media":0,"parent":0,"menu_order":0,"comment_status":"open","ping_status":"open","template":"","meta":[],"categories":[],"tags":[],"wsuwp_university_location":[],"wsuwp_university_org":[],"_links":{"self":[{"href":"https:\/\/extension.wsu.edu\/latinocommunity\/wp-json\/wp\/v2\/pages\/24"}],"collection":[{"href":"https:\/\/extension.wsu.edu\/latinocommunity\/wp-json\/wp\/v2\/pages"}],"about":[{"href":"https:\/\/extension.wsu.edu\/latinocommunity\/wp-json\/wp\/v2\/types\/page"}],"author":[{"embeddable":true,"href":"https:\/\/extension.wsu.edu\/latinocommunity\/wp-json\/wp\/v2\/users\/1"}],"replies":[{"embeddable":true,"href":"https:\/\/extension.wsu.edu\/latinocommunity\/wp-json\/wp\/v2\/comments?post=24"}],"version-history":[{"count":2,"href":"https:\/\/extension.wsu.edu\/latinocommunity\/wp-json\/wp\/v2\/pages\/24\/revisions"}],"predecessor-version":[{"id":38,"href":"https:\/\/extension.wsu.edu\/latinocommunity\/wp-json\/wp\/v2\/pages\/24\/revisions\/38"}],"wp:attachment":[{"href":"https:\/\/extension.wsu.edu\/latinocommunity\/wp-json\/wp\/v2\/media?parent=24"}],"wp:term":[{"taxonomy":"category","embeddable":true,"href":"https:\/\/extension.wsu.edu\/latinocommunity\/wp-json\/wp\/v2\/categories?post=24"},{"taxonomy":"post_tag","embeddable":true,"href":"https:\/\/extension.wsu.edu\/latinocommunity\/wp-json\/wp\/v2\/tags?post=24"},{"taxonomy":"wsuwp_university_location","embeddable":true,"href":"https:\/\/extension.wsu.edu\/latinocommunity\/wp-json\/wp\/v2\/wsuwp_university_location?post=24"},{"taxonomy":"wsuwp_university_org","embeddable":true,"href":"https:\/\/extension.wsu.edu\/latinocommunity\/wp-json\/wp\/v2\/wsuwp_university_org?post=24"}],"curies":[{"name":"wp","href":"https:\/\/api.w.org\/{rel}","templated":true}]}}