{"id":9,"date":"2015-09-24T17:17:51","date_gmt":"2015-09-25T00:17:51","guid":{"rendered":"http:\/\/extension.wsu.edu\/latinocommunity\/?page_id=9"},"modified":"2015-12-03T10:16:17","modified_gmt":"2015-12-03T18:16:17","slug":"en-espanol","status":"publish","type":"page","link":"https:\/\/extension.wsu.edu\/latinocommunity\/en-espanol\/","title":{"rendered":"En Espanol"},"content":{"rendered":"<p>Bienvenidos<\/p>\n<p>La iniciativa \u201cEstudios y Alcance a la Comunidad Latina\u201d es un esfuerzo de el sistema de Extension de la Universidad Estatal de Washington para incrementar su alcance y servicio a la creciente comunidad Latina en el estado de Washington. Aqu\u00ed encontrar\u00e1 informaci\u00f3n y recursos referentes a la situaci\u00f3n, necesidades, asuntos, y contribuciones de la comunidad Latina. Nuestra misi\u00f3n es asistir a las familias Latinas a mejorar sus vidas y apoyar su crecimiento positivo y contribuciones en Washington. Tambi\u00e9n estamos comprometidos al servicio de los profesionales de Extension, otros proveedores de servicios e investigadores en Washington y m\u00e1s all\u00e1 y a iniciar, apoyar y participar en los esfuerzos de extensi\u00f3n e investigaci\u00f3n apuntando a la poblaci\u00f3n Latina.<\/p>\n<p>Areas importantes de nuestro enfoque son:<\/p>\n<ul>\n<li>Latinos en agricultura. Esto incluye nuestro trabajo con agricultores y trabajadores del\u00a0campo. Ofrecemos informaci\u00f3n y educaci\u00f3n a Latinos involucrados en agricultura<\/li>\n<li>Desarrollo econ\u00f3mico y peque\u00f1os negocios Latinos. Los peque\u00f1os negocios Latinos son un\u00a0componente importante en la econom\u00eda de Washington y la investigaci\u00f3n y apoyo a ellos va a ayudar a la econom\u00eda de Washington en conjunto. Proveemos de entrenamiento e informaci\u00f3n a due\u00f1os de peque\u00f1os negocios Latinos y aquellos interesados en volverse\u00a0empresarios.<\/li>\n<li>Asuntos culturales y estrategias para trabajar con familias y comunidades Latinas.\u00a0Muchas organizaciones, agencias, e instituciones con poca o sin experiencia atendiendo\u00a0audiencias no tradicionales necesitan ayuda para adquirir las herramientas y habilidades\u00a0para interactuar y servir a las familias Latinas efectivamente. Damos entrenamiento e informaci\u00f3n a entidades e individuos para que entiendan mejor a la poblaci\u00f3n Latina y\u00a0puedan trabajar mejor con ella.<\/li>\n<\/ul>\n<p>Por favor cont\u00e1ctenos para mayor informaci\u00f3n acerca de lo que hacemos y como le podemos ser de servicio.<\/p>\n<p>Fraternalmente<\/p>\n<p>Jos\u00e9 L. Garc\u00eda-Pab\u00f3n, Ph. D.<\/p>\n","protected":false},"excerpt":{"rendered":"<p>Bienvenidos<\/p>\n<p>La iniciativa \u201cEstudios y Alcance a la Comunidad Latina\u201d es un esfuerzo de el sistema de Extension de la Universidad Estatal de Washington para incrementar su alcance y servicio a la creciente comunidad Latina en el estado de Washington. Aqu\u00ed encontrar\u00e1 informaci\u00f3n y recursos referentes a la situaci\u00f3n, necesidades, asuntos, y contribuciones de la comunidad Latina. Nuestra misi\u00f3n es asistir a las familias Latinas a mejorar sus vidas y apoyar su crecimiento positivo y contribuciones en Washington. Tambi\u00e9n estamos comprometidos al servicio de los profesionales de Extension, otros proveedores de servicios e investigadores en Washington y m\u00e1s all\u00e1 y a iniciar, apoyar y participar &#8230; <a href=\"https:\/\/extension.wsu.edu\/latinocommunity\/en-espanol\/\" class=\"more-link\"><span class=\"more-default\">&raquo; More &#8230;<\/span><\/a><\/p>\n","protected":false},"author":1,"featured_media":0,"parent":0,"menu_order":0,"comment_status":"open","ping_status":"open","template":"","meta":[],"categories":[],"tags":[],"wsuwp_university_location":[],"wsuwp_university_org":[],"_links":{"self":[{"href":"https:\/\/extension.wsu.edu\/latinocommunity\/wp-json\/wp\/v2\/pages\/9"}],"collection":[{"href":"https:\/\/extension.wsu.edu\/latinocommunity\/wp-json\/wp\/v2\/pages"}],"about":[{"href":"https:\/\/extension.wsu.edu\/latinocommunity\/wp-json\/wp\/v2\/types\/page"}],"author":[{"embeddable":true,"href":"https:\/\/extension.wsu.edu\/latinocommunity\/wp-json\/wp\/v2\/users\/1"}],"replies":[{"embeddable":true,"href":"https:\/\/extension.wsu.edu\/latinocommunity\/wp-json\/wp\/v2\/comments?post=9"}],"version-history":[{"count":3,"href":"https:\/\/extension.wsu.edu\/latinocommunity\/wp-json\/wp\/v2\/pages\/9\/revisions"}],"predecessor-version":[{"id":35,"href":"https:\/\/extension.wsu.edu\/latinocommunity\/wp-json\/wp\/v2\/pages\/9\/revisions\/35"}],"wp:attachment":[{"href":"https:\/\/extension.wsu.edu\/latinocommunity\/wp-json\/wp\/v2\/media?parent=9"}],"wp:term":[{"taxonomy":"category","embeddable":true,"href":"https:\/\/extension.wsu.edu\/latinocommunity\/wp-json\/wp\/v2\/categories?post=9"},{"taxonomy":"post_tag","embeddable":true,"href":"https:\/\/extension.wsu.edu\/latinocommunity\/wp-json\/wp\/v2\/tags?post=9"},{"taxonomy":"wsuwp_university_location","embeddable":true,"href":"https:\/\/extension.wsu.edu\/latinocommunity\/wp-json\/wp\/v2\/wsuwp_university_location?post=9"},{"taxonomy":"wsuwp_university_org","embeddable":true,"href":"https:\/\/extension.wsu.edu\/latinocommunity\/wp-json\/wp\/v2\/wsuwp_university_org?post=9"}],"curies":[{"name":"wp","href":"https:\/\/api.w.org\/{rel}","templated":true}]}}