{"id":11713,"date":"2025-06-04T08:23:40","date_gmt":"2025-06-04T15:23:40","guid":{"rendered":"https:\/\/extension.wsu.edu\/sanjuan\/?page_id=11713"},"modified":"2025-06-04T08:28:26","modified_gmt":"2025-06-04T15:28:26","slug":"registro-en-linea-4-h","status":"publish","type":"page","link":"https:\/\/extension.wsu.edu\/sanjuan\/4h\/to-join\/registro-en-linea-4-h\/","title":{"rendered":"Registro en l\u00ednea 4-H"},"content":{"rendered":"\n<h2 class=\"wp-block-heading  wsu-font-size--xxmedium\">\u00a1Estamos felices de que se una al programa de desarrollo juvenil 4-H del estado de Washington! \u00a1Bienvenido!<\/h2>\n\n\n\n<p><br>Esta gu\u00eda lo llevar\u00e1 a trav\u00e9s del proceso de registrarse o volver a registrarse en 4-H usando 4-H Online, nuestro sistema de registro en l\u00ednea. Si tine alguna duda y necesita ayuda con este proceso, comun\u00edquese con su oficina de extensi\u00f3n local. Puede encontrar su <a href=\"https:\/\/www.extension.wsu.edu\/locations\">oficina de extensi\u00f3n local<\/a>.<\/p>\n\n\n\n<h2 class=\"wp-block-heading  wsu-font-size--xxmedium\">Antes de que empiece<\/h2>\n\n\n\n<p class=\"wsu-spacing-after--small\">Si es nuevo en 4-H y a\u00fan no ha encontrado un club 4-H local, comun\u00edquese con su oficina de extensi\u00f3n antes de inscribirse en 4-H. Su personal local de 4-H puede ayudarlo a encontrar un club y guiarlo durante el proceso de inscripci\u00f3n. Puede encontrar su <a href=\"https:\/\/extension.wsu.edu\/locations\">oficina de extensi\u00f3n local<\/a>.<\/p>\n\n\n\n<p class=\"wsu-spacing-after--small\">Los voluntarios no necesitan crear un perfil en 4-H Online hasta que se hayan cumplido todos los dem\u00e1s requisitos de selecci\u00f3n de voluntarios. Si no est\u00e1 seguro del estado de sus requisitos de selecci\u00f3n de voluntarios, su oficina de extensi\u00f3n local puede ayudarle.<\/p>\n\n\n\n<p class=\"wsu-spacing-after--small\">Las inscripciones estan abiertas entre el 1 de octubre y el 31 de julio de cada a\u00f1o 4-H. Algunos condados pueden tener requisitos de inscripci\u00f3n m\u00e1s temprana; consulte con su programa 4-H local para conocer las pautas locales.<\/p>\n\n\n\n<p class=\"wsu-spacing-after--small\">Las palabras resaltadas en verde a lo largo de esta gu\u00eda se definen en el glosario de t\u00e9rminos.<\/p>\n\n\n\n<h2 class=\"wp-block-heading  wsu-font-size--xxmedium\">Crear un perfil familiar<\/h2>\n\n\n\n<p>Todos los registros de miembros se mantienen dentro de un perfil familiar. Si se inscribi\u00f3 anteriormente en 4-H, probablemente ya tenga un perfil familiar. Antes de crear un duplicado, consulte con su oficina de extensi\u00f3n local.<\/p>\n\n\n\n<ol>\n<li>Vaya a <a href=\"https:\/\/v2.4honline.com\">4-H Online<\/a><\/li>\n\n\n\n<li>Haga clic en &#8220;\u00bfNo tienes una cuenta?&#8221;<br>NOTA: Si ya tienes un perfil pero no lo tienes<br>Recuerde la contrase\u00f1a, utilice la opci\u00f3n \u201c\u00bfRestablecer contrase\u00f1a?\u201d<br>opci\u00f3n para comenzar el proceso de recuperaci\u00f3n de contrase\u00f1a.<\/li>\n\n\n\n<li>Seleccione Washington en &#8220;Seleccione su estado&#8221;<br>Desplegable<\/li>\n\n\n\n<li>Seleccione Washington 4-H Youth Development en<br>\u201cSeleccione una instituci\u00f3n\u201d<\/li>\n\n\n\n<li>Una vez que seleccione una instituci\u00f3n, el resto del formulario<br>se abre. Complete la informaci\u00f3n restante requerida.<\/li>\n\n\n\n<li class=\"wsu-spacing-after--sxxsmall\">Las contrase\u00f1as deben contener\n<ul>\n<li>Un m\u00ednimo de 10 caracteres<\/li>\n\n\n\n<li>Una letra may\u00fascula (A-Z)<\/li>\n\n\n\n<li>Un n\u00famero (1-9)<\/li>\n\n\n\n<li>Un s\u00edmbolo (como @, !, #)\n<ul>\n<li>NOTA: Se prefiere un n\u00famero de tel\u00e9fono m\u00f3vil, pero usted<\/li>\n\n\n\n<li>Puede utilizar un tel\u00e9fono fijo si es necesario.<\/li>\n<\/ul>\n<\/li>\n<\/ul>\n<\/li>\n\n\n\n<li>Haga clic en &#8220;Crear cuenta&#8221;<br>NOTA: Se utilizar\u00e1 la direcci\u00f3n de correo electr\u00f3nico proporcionada aqu\u00ed.<br>para la mayor\u00eda de las comunicaciones 4-H. Es importante utilizar<br>una direcci\u00f3n de correo electr\u00f3nico v\u00e1lida a la que pueda acceder. Puede<br>incluir tambi\u00e9n \u201c4honline.com\u201d en su lista de remitentes preferidos.<\/li>\n\n\n\n<li>Complete la informaci\u00f3n de su direcci\u00f3n y haga clic en &#8220;Verificar&#8221;.<\/li>\n\n\n\n<li>Si aparecen opciones para la verificaci\u00f3n de direcci\u00f3n, elija la correcta.<br>NOTA: Si no puede verificar su direcci\u00f3n, comun\u00edquese con su oficina de<br>extensi\u00f3n local. Los gerentes de 4-H pueden anular los problemas<br>de verificaci\u00f3n de direcciones.<\/li>\n\n\n\n<li>Una vez que haya verificado su direcci\u00f3n, se le pedir\u00e1<br>autom\u00e1ticamente que agregue su primer Registro de miembro.<\/li>\n\n\n\n<li>Pase a la secci\u00f3n \u201cRegistros de miembros\u201d en la p\u00e1gina 4 para continuar.<br>NOTA: Si crea un nuevo perfil familiar y aparece un mensaje que dice<br>&#8220;Ya se encontr\u00f3 una cuenta con esta direcci\u00f3n de correo electr\u00f3nico,<br>inicie sesi\u00f3n o recupere la contrase\u00f1a&#8221;, haga clic en el bot\u00f3n<br>&#8220;Confirmar&#8221; e inicie sesi\u00f3n con su 4-H existente. Cuenta en linea.<br>Si no sabe cu\u00e1l es la informaci\u00f3n de su cuenta, comun\u00edquese<br>con su oficina de extensi\u00f3n local para obtener ayuda.<\/li>\n<\/ol>\n\n\n\n<h2 class=\"wp-block-heading  wsu-font-size--xxmedium\">Registros de miembros<\/h2>\n\n\n\n<p class=\"wsu-spacing-after--small\">S\u00f3lo necesitar\u00e1 crear un registro de miembro para cada individuo una sola vez.<\/p>\n\n\n\n<ol>\n<li>Si acaba de crear su perfil familiar, podr\u00e1 y se le\n<ul>\n<li>pedir\u00e1 autom\u00e1ticamente que agregue un miembro.<\/li>\n<\/ul>\n<\/li>\n\n\n\n<li>1b. Si est\u00e1 agregando un registro de miembro a un\n<ul>\n<li>perfil familiar ya establecido, haga clic en el bot\u00f3n azul \u201cAgregar Bot\u00f3n &#8220;Miembro&#8221; en la esquina superior derecha de la p\u00e1gina de Inicio.<\/li>\n<\/ul>\n<\/li>\n\n\n\n<li>Seleccione &#8220;4-H&#8221; en &#8220;\u00bfQu\u00e9 programa le gustar\u00eda?&#8221;\n<ul>\n<li>\u00bfunir?&#8221; y haga clic en &#8220;Siguiente&#8221;.<\/li>\n<\/ul>\n<\/li>\n\n\n\n<li>Complete su informaci\u00f3n personal. Los espacios marcados con \u201cobligatorio\u201d debe completarse para continuar.<\/li>\n\n\n\n<li>Una vez que complete la fecha de nacimiento del miembro, aparecer\u00e1 un espacio adicional en la parte inferior llamado &#8220;N\u00famero de a\u00f1os anteriores en el programa&#8221;. Si este es el primer a\u00f1o del miembro, escriba 0. Si el miembro ha participado anteriormente en 4-H, complete la casilla correspondiente en n\u00famero.<\/li>\n\n\n\n<li>Una vez completada toda la informaci\u00f3n, haz clic en \u201cSiguiente\u201d para continuar ala otra pagina.<\/li>\n\n\n\n<li>La secci\u00f3n &#8220;Acerca de usted&#8221; hace preguntas sobre el miembro, que incluyen:\n<ul>\n<li>G\u00e9nero<\/li>\n\n\n\n<li>Grado (si es miembro joven)<\/li>\n\n\n\n<li>Residencia<\/li>\n\n\n\n<li>Etnicidad<\/li>\n\n\n\n<li>Carrera<\/li>\n\n\n\n<li>Informaci\u00f3n de contacto en caso de emergencia<\/li>\n<\/ul>\n<\/li>\n\n\n\n<li>Los campos marcados con &#8220;obligatorio&#8221; deben completarse para continuar.<\/li>\n\n\n\n<li>Una vez que toda la informaci\u00f3n est\u00e9 completa, haga clic en \u201cSiguiente\u201d para continuar.<\/li>\n\n\n\n<li>Finalmente, se le preguntar\u00e1 c\u00f3mo participara el miembro en 4-H.\n<ul>\n<li>Si el miembro se est\u00e1 inscribiendo como miembro joven inscrito de 4-H o voluntario certificado de 4-H, seleccione \u201cQuiero unirme a 4-H del estado de Washington como miembro joven nuevo o recurrente de 4-H del estado de Washington\u201d o \u201cQuiere \u00danase a 4-H del estado de Washington como voluntario nuevo o que regresa de 4-H del estado de Washington\u201d.<\/li>\n\n\n\n<li>Si el miembro joven se registra como participante para asistir a una actividad de 4-H donde se requiere un registro por participante, elija &#8220;Quiero participar en una actividad de 4-H del estado de Washington pero NO quiero unirme a 4-H del estado de Washington&#8221;. Hen este momento\u201d.<\/li>\n<\/ul>\n<\/li>\n\n\n\n<li>NOTA: Los adultos que no se inscriben como voluntarios certificados de 4-H no crean Registros de Miembro en 4-H Online.<\/li>\n\n\n\n<li>Haga clic en &#8220;Finalizar&#8221; para completar el registro de miembro.<\/li>\n<\/ol>\n\n\n\n<h2 class=\"wp-block-heading  wsu-font-size--xxmedium\">Registros de inscripci\u00f3n<\/h2>\n\n\n\n<p>Un registro de inscripci\u00f3n es el proceso donde un miembro indica las formas en que participar\u00e1 dentro de el programa 4-H como: Miembro joven inscrito de 4-H o Voluntario certificado de 4-H. Los participantes j\u00f3venes no tienen que crear un registro de inscripci\u00f3n. Inicio del proceso de inscripci\u00f3n: miembros nuevos o recurrentes<\/p>\n\n\n\n<ol>\n<li>Hay tres formas de comenzar la inscripci\u00f3n.<br>Proceso que depende si se ha inscrito antes:\n\n\n\n\n\n\n<ul>\n<li>Si se est\u00e1 inscribiendo por primera vez y acaba de crear un perfil de su familia, ser\u00e1s llevado al registro de Inscripci\u00f3n autom\u00e1ticamente despu\u00e9s de crear elregistro de miembro.<\/li>\n<\/ul>\n\n\n\n<ul>\n<li>Si se est\u00e1 inscribiendo por primera vez en un programa previamente con perfil de familia establecida, use el bot\u00f3n \u201cAgregar miembro\u201d para comenzar a agregar su registro de miembro.<\/li>\n\n\n\n<li>Si ya estuvo inscrito anteriormente, deber\u00e1 hacer clic en el enlace &#8220;Inscr\u00edbete ahora&#8221; al lado del miembro en la lista de miembros en la p\u00e1gina de inicio.<\/li>\n<\/ul>\n<\/li>\n\n\n\n<li>A los miembros j\u00f3venes se les puede pedir que incluyan su grado. Seleccione el grado del<br>men\u00fa desplegable y haga clic &#8220;Pr\u00f3ximo.&#8221;<\/li>\n\n\n\n<li>Confirme su inscripci\u00f3n como socio joven o voluntario y haga clic en &#8220;Inscribirse&#8221;.<\/li>\n\n\n\n<li>Se pide a los voluntarios que confirmen su inscripci\u00f3n como voluntario. Haga clic en<br>&#8220;Inscribirse&#8221; para continuar.<\/li>\n<\/ol>\n\n\n\n<h2 class=\"wp-block-heading  wsu-font-size--xxmedium\">Una nota sobre los mensajes de la p\u00e1gina<\/h2>\n\n\n\n<p>Cuando vea cada secci\u00f3n del proceso de inscripci\u00f3n, primero se le presentar\u00e1 un mensaje de p\u00e1gina. Estos mensajes incluyen informaci\u00f3n relevante para la secci\u00f3n del proceso de inscripci\u00f3n que est\u00e1 viendo. Lea los mensajes de esta p\u00e1gina en su totalidad, ya que la informaci\u00f3n presentada puede ayudarle a responder preguntas comunes. Para descartar el mensaje de la p\u00e1gina y acceder a esa secci\u00f3n del proceso de inscripci\u00f3n, haga clic en el bot\u00f3n azul en la parte inferior de la p\u00e1gina.<\/p>\n\n\n\n<h2 class=\"wp-block-heading  wsu-font-size--xxmedium\">Seleccione sus tipos y roles de voluntarios<\/h2>\n\n\n\n<p>Socios j\u00f3venes: vaya a \u201cSeleccione sus clubes\u201d en la p\u00e1gina 8 para continuar.<\/p>\n\n\n\n<p>Los voluntarios primero seleccionar\u00e1n su(s) rol(es) de voluntario. Los roles de los voluntarios ayudan al Programa 4-H del estado de Washington a comprender las formas en que nuestros voluntarios apoyan al 4-H. Los roles disponibles est\u00e1n definidos en el Glosario de t\u00e9rminos y tambi\u00e9n se pueden encontrar en el manual de pol\u00edticas y procedimientos de 4-H.<\/p>\n\n\n\n<ol>\n<li>Lea el mensaje de la p\u00e1gina por completo para que pueda comprender los diferentes tipos de voluntarios y<br>roles de voluntario disponibles. Si no est\u00e1 seguro qu\u00e9 tipo de voluntario que es, contacte a su oficina de extensi\u00f3n local.<\/li>\n\n\n\n<li>Haga clic en &#8220;Seleccionar tipos de voluntarios&#8221; para comenzar a seleccionar sus tipos y roles de voluntarios.\n<ul>\n<li>NOTA: Todos los voluntarios, independientemente del tipo o funci\u00f3n, tienen la opci\u00f3n de agregar clubes y proyectos. Si lo hacen no sirve en un rol de voluntario de club o proyecto, puede saltar a las selecciones de clubes y proyectos.<\/li>\n<\/ul>\n<\/li>\n\n\n\n<li>Seleccione el \u201cTipo de voluntario\u201d correcto en la lista men\u00fa desplegable, luego seleccione el &#8220;Rol de voluntario&#8221;<br>haciendo clic en el bot\u00f3n azul \u201cAgregar\u201d al lado del \u201cRol\u201d.<\/li>\n\n\n\n<li>Para agregar tipos y roles de voluntarios adicionales. Haga clic en el bot\u00f3n &#8220;Seleccionar tipos de voluntarios&#8221; y repita el paso 3. arriba para cada tipo y rol adicional.<\/li>\n\n\n\n<li>Podr\u00e1 seleccionar m\u00e1s de un tipo de voluntario y m\u00e1s de un rol dentro de cada tipo.<\/li>\n\n\n\n<li>Una vez que se hayan definido todos los tipos y roles de voluntarios agregados, haga clic en &#8220;Siguiente&#8221; para pasar a la siguiente secci\u00f3n<\/li>\n<\/ol>\n\n\n\n<h2 class=\"wp-block-heading  wsu-font-size--xxmedium\">Seleccione sus clubes<\/h2>\n\n\n\n<p>Los miembros j\u00f3venes y los voluntarios del club deben elegir al menos un club. Los voluntarios del proyecto tambi\u00e9n pueden elegir clubes. Se recomienda que se comunique con el l\u00edder principal del club o con el personal de extensi\u00f3n local antes de inscribirse en un nuevo club.<\/p>\n\n\n\n<ol>\n<li>Lea y descarte el mensaje de la p\u00e1gina.<\/li>\n\n\n\n<li>Seleccione el condado de su club en el men\u00fa desplegable y luego haga clic en el bot\u00f3n &#8220;Agregar&#8221; al lado de su club para agregarlo a su lista. NOTA: El men\u00fa desplegable ser\u00e1 desplegado de acuerdo<br>al condado de su familia.<\/li>\n\n\n\n<li>Voluntarios y j\u00f3venes que act\u00faan en un puesto de oficial. Puede utilizar el men\u00fa desplegable &#8220;Rol de voluntario&#8221; para vincular su  papel con el club.<\/li>\n\n\n\n<li>Utilice &#8220;Seleccionar unidades&#8221; para agregar clubes adicionales a su registro de inscripci\u00f3n.<\/li>\n\n\n\n<li>Su club principal est\u00e1 marcado con una bandera &#8220;Primaria&#8221; azul. Si necesita cambiar su club principal, utilice el<br>bot\u00f3n \u201cCambiar a Primario\u201d y confirme su elecci\u00f3n.<\/li>\n\n\n\n<li>Si necesita remover un club, haga clic en icono de la &#8220;papelera&#8221;. derecha para eliminarlo.<\/li>\n\n\n\n<li>Una vez que ha agregado todos sus clubes, haga clic en &#8220;Siguiente&#8221; para pasar a la selecci\u00f3n de proyecto.<\/li>\n<\/ol>\n\n\n\n<h2 class=\"wp-block-heading  wsu-font-size--xxmedium\">Seleccione sus proyectos<\/h2>\n\n\n\n<p>Los miembros j\u00f3venes y los voluntarios del proyecto deben elegir al menos un club. Algunos Proyectos tienen requisitos adicionales (como capacitaci\u00f3n o limitaciones de edad) que deben cumplirse para participar. No todos los clubes ofrecen todos los proyectos.<\/p>\n\n\n\n<ol>\n<li>Lea y descarte el mensaje de la p\u00e1gina.<\/li>\n\n\n\n<li>Seleccione su club en el men\u00fa desplegable y luego haga clic en el bot\u00f3n &#8220;Agregar&#8221; al lado de su proyecto para agregarlo a su lista. NOTA: El men\u00fa de clubes se ordenar\u00e1 alfab\u00e9ticamente.<\/li>\n\n\n\n<li>Cuando selecciones un proyecto por primera vez, podra ajustar sus a\u00f1os en el proyecto antes de agregarlo.<\/li>\n\n\n\n<li>Los voluntarios tienen la capacidad de indicar si est\u00e1n apoyando el proyecto en el club o condado. Si no est\u00e1 seguro de qu\u00e9 tipo de proyecto voluntario es, comun\u00edquese con su oficina de extensi\u00f3n local.<\/li>\n\n\n\n<li>Utilice &#8220;Seleccionar proyectos&#8221; para agregar proyectos adicionales a su registro de inscripci\u00f3n.<\/li>\n\n\n\n<li>Si necesita eliminar un proyecto, haga clic en Icono de \u201cpapelera\u201d a la derecha para eliminarlo.<\/li>\n\n\n\n<li>Una vez que haya agregado todos sus proyectos, haga clic en \u201cSiguiente\u201d para pasar a la siguiente secci\u00f3n.<\/li>\n<\/ol>\n\n\n\n<h2 class=\"wp-block-heading  wsu-font-size--xxmedium\">Preguntas<\/h2>\n\n\n\n<p>La mayor parte de la informaci\u00f3n en la secci\u00f3n &#8220;Preguntas&#8221; fue respondida durante la creaci\u00f3n de su registro de miembro.<\/p>\n\n\n\n<ol>\n<li>Lea y descarte el mensaje de la p\u00e1gina.<\/li>\n\n\n\n<li>Revise la exactitud de la informaci\u00f3n presentada. corrija o actualice los espacios necesarios.<\/li>\n\n\n\n<li>A los miembros j\u00f3venes se les pedir\u00e1 que proporcionen su Informacion de la escuela. Utilice los men\u00fas desplegables para seleccionar su condado, distrito y nombre de la escuela. Si su escuela no aparece en los men\u00fas desplegables, utilice la segunda secci\u00f3n para agregar el nombre y tipo de escuela. NOTA: La lista incluye el nombre oficial de la escuela. Por ejemplo, \u201cRogers High School\u201d puede ser listado bajo el nombre oficial de &#8220;John R. Rogers High Escuela.&#8221; Si su escuela no figura en la lista, informe a la oficina local de Extensi\u00f3n.<\/li>\n\n\n\n<li>Si usted o un miembro de su familia ha servido como militar, use los men\u00fas desplegables de la secci\u00f3n militar para seleccionar las elecciones apropiadas. Los campos obligatorios depender\u00e1n en lo que seleccione en &#8220;Miembro de la familia Pregunta del Servicio Militar.<\/li>\n\n\n\n<li>Responda las dos preguntas de la secci\u00f3n &#8220;Otros&#8221;. Puede seleccionar m\u00e1s de un m\u00e9todo preferido de contacto.&#8221;<\/li>\n\n\n\n<li>Haga clic en &#8220;Siguiente&#8221; para pasar al formulario de salud.<\/li>\n<\/ol>\n\n\n\n<h2 class=\"wp-block-heading  wsu-font-size--xxmedium\">Formulario de salud<\/h2>\n\n\n\n<p class=\"wsu-spacing-after--small\">El Formulario de salud recopila la informaci\u00f3n de salud b\u00e1sica del miembro. Por favor responda las preguntas con precisi\u00f3n, pero sea conciso. Se le pedir\u00e1 que proporcione m\u00e1s informaci\u00f3n en los campos marcados &#8220;S\u00ed&#8221;. Si no desea compartir detalles, escriba &#8220;Prefiero no indicarlo&#8221; en el campo de texto requerido.<\/p>\n\n\n\n<p class=\"wsu-spacing-after--small\">NOTA: La informaci\u00f3n recopilada en el formulario de salud solo es visible para los profesores y el personal de 4-H de la Universidad estatal de Washington. Si el l\u00edder de su club necesita estar al tanto de una condici\u00f3n de salud o alergia, es su responsabilidad informarle.<\/p>\n\n\n\n<ol>\n<li>Lea y descarte el mensaje de la p\u00e1gina.<\/li>\n\n\n\n<li>Lea cada pregunta y responda &#8220;S\u00ed&#8221; o &#8220;No&#8221;. Aparecer\u00e1 un cuadro adicional cada vez que se seleccione &#8220;S\u00ed&#8221;.<br>NOTA: La informaci\u00f3n recopilada aqu\u00ed se mantiene segura. y solo es accesible para el personal y los profesores de WSU 4-H. La informaci\u00f3n puede compartirse con \u201cCertified 4-H\u201d a los voluntario a discreci\u00f3n del personal o docentes local de 4-H y s\u00f3lo cuando se considere necesario.<\/li>\n\n\n\n<li>Proporcione la informaci\u00f3n para atenci\u00f3n primaria de cuidado o proveedor de atenci\u00f3n m\u00e9dica preferido y seguro medico.<\/li>\n\n\n\n<li>Lea la \u201cAutorizaci\u00f3n M\u00e9dica\u201d e indique si esta de acuerdo con el bot\u00f3n de opci\u00f3n y luego escriba su<br>nombre para firmarlo.<\/li>\n\n\n\n<li>Haga clic en &#8220;Siguiente&#8221; para pasar a la secci\u00f3n consentimientos.<\/li>\n<\/ol>\n\n\n\n<h2 class=\"wp-block-heading  wsu-font-size--xxmedium\">Consentimientos<\/h2>\n\n\n\n<p>Los consentimientos incluyen todas las liberaciones y consentimientos que deben aceptarse para poder participar en 4-H. Estos deben firmarse cada a\u00f1o que se inscriba.<\/p>\n\n\n\n<ol>\n<li>Lea y descarte el mensaje de la p\u00e1gina.<\/li>\n\n\n\n<li>Lea cada consentimiento completa y cuidadosamente. Los consentimientos son diferentes para los miembros j\u00f3venes y los voluntarios.<\/li>\n\n\n\n<li>Seleccione el bot\u00f3n de opci\u00f3n para aceptar los consentimientos o indique su elecci\u00f3n (cuando corresponda).<\/li>\n\n\n\n<li>Firme su acuerdo escribiendo su nombre completo (primero nombre y apellido despues) en el campo correspondiente.<br>NOTA: Si un miembro joven tiene 18 a\u00f1os en o antes de la fecha de firma de los consentimientos, podr\u00e1n firmar en ambos el \u201cNombre del miembro\u201d y el \u201cNombre del padre\/tutor\u201d en los espacios.<\/li>\n\n\n\n<li>Una vez acordados todos los consentimientos y firmados, haga clic en \u201cSiguiente\u201d para pasar a la siguiente secci\u00f3n.<\/li>\n<\/ol>\n\n\n\n<h2 class=\"wp-block-heading  wsu-font-size--xxmedium\">Pago<\/h2>\n\n\n\n<p>La secci\u00f3n pago le brinda una descripci\u00f3n general de las tarifas cobradas y le brinda la oportunidad de pagarlas dentro de 4-H Online. No todos los condados permiten pagos electr\u00f3nicos y no electr\u00f3nicos. Se le presentar\u00e1n los m\u00e9todos de pago permitidos por el condado donde reside su Club Primario. A la mayor\u00eda de los adultos no se les cobran tarifas, as\u00ed que si es voluntario y no ve ninguna pantalla de pago, \u00a1no se preocupe!<\/p>\n\n\n\n<ol>\n<li>Lea y descarte el mensaje de la p\u00e1gina.<\/li>\n\n\n\n<li>Las tarifas cobradas se pueden ver en el lado derecho. en &#8220;Factura&#8221;.<\/li>\n\n\n\n<li>Si puede utilizar un pago electr\u00f3nico, ver\u00e1 una opci\u00f3n &#8220;Agregar una nueva tarjeta&#8221;. Si agreg\u00f3 previamente una tarjeta a 4-H Online, puede seleccionarla aqu\u00ed.<\/li>\n\n\n\n<li>Si puede utilizar un pago no electr\u00f3nico, podr\u00e1 ver una opci\u00f3n para pagar con cheque. Haga clic en el bot\u00f3n para seleccione este m\u00e9todo de pago.<\/li>\n\n\n\n<li>Si necesita cambiar su m\u00e9todo de pago, haga clic en el bot\u00f3n \u201cCambiar m\u00e9todo de pago\u201d.<\/li>\n\n\n\n<li>Una vez que ha seleccionado su m\u00e9todo de pago y proporcion\u00f3 la informaci\u00f3n requerida, haga clic en &#8220;Siguiente&#8221; para continuar.<\/li>\n<\/ol>\n\n\n\n<h2 class=\"wp-block-heading  wsu-font-size--xxmedium\">Revise y env\u00ede su inscripci\u00f3n<\/h2>\n\n\n\n<p>El \u00faltimo paso es revisar y enviar su inscripci\u00f3n. Su inscripci\u00f3n no estar\u00e1 completa hasta que haya enviado su inscripci\u00f3n y su inscripci\u00f3n haya sido revisada y aprobada por el personal o el cuerpo docente de 4-H.<\/p>\n\n\n\n<ol>\n<li>Revise su matr\u00edcula, prestando especial atenci\u00f3n que lo siguiente sea exacto:\n<ul>\n<li>Tipos y roles de voluntarios seleccionados<\/li>\n\n\n\n<li>Clubes seleccionados<\/li>\n\n\n\n<li>Proyectos seleccionados<\/li>\n<\/ul>\n<\/li>\n\n\n\n<li>Su factura y m\u00e9todo de pago seleccionados pueden ser visto en la secci\u00f3n \u201cFactura\u201d del lado derecho.<\/li>\n\n\n\n<li>Si la informaci\u00f3n es correcta, haga clic en &#8220;Enviar&#8221;. La oficina de extensi\u00f3n revisar\u00e1 su inscripci\u00f3n para<br>aprobaci\u00f3n.<\/li>\n\n\n\n<li>Si es necesario corregir algo, utilice la opci\u00f3n &#8220;Volver&#8221; para retroceder por el registro de inscripci\u00f3n.<br>Una vez realizadas las correcciones, siga adelante. a trav\u00e9s del registro de inscripci\u00f3n nuevamente hasta llegar a esta secci\u00f3n, luego haga clic en &#8220;Enviar&#8221;.<\/li>\n\n\n\n<li>Puede revisar el estado de su inscripci\u00f3n en cualquier momento. Volviendo a la p\u00e1gina de inicio. El estado de su<br>inscripci\u00f3n se puede encontrar en &#8220;Programas&#8221;. secci\u00f3n junto al nombre de cada miembro.<\/li>\n<\/ol>\n\n\n\n<h2 class=\"wp-block-heading  wsu-font-size--xxmedium\">Ver su registro de inscripci\u00f3n<\/h2>\n\n\n\n<p>Una vez aprobada su inscripci\u00f3n, podr\u00e1 ver sus detalles en cualquier momento desde la p\u00e1gina de inicio. Parte de la informaci\u00f3n se puede editar durante todo el a\u00f1o. Si necesita realizar un cambio en un campo bloqueado, comun\u00edquese con su oficina de extensi\u00f3n local.<\/p>\n\n\n\n<ol>\n<li>Desde la p\u00e1gina de inicio del miembro, haga clic en &#8220;Ver&#8221; junto a el nombre del miembro para acceder a su perfil.<\/li>\n\n\n\n<li>El panel de navegaci\u00f3n izquierdo tiene varios secciones. Haga clic en cada uno para acceder a esa parte de tu<br>registro de Inscripci\u00f3n.<\/li>\n<\/ol>\n\n\n<div class=\"wsu-container  wsu-border--add-top\" >\r\n    \n<div class=\"wsu-row wsu-row--halves\" >\r\n    \n<div class=\"wsu-column wsu-spacing-top--medium\"  style=\"\">\r\n\t\n\n<p>Translation made possible by The Honeywell Charitable Fund of The Community Foundation of the Rappahannock River Region<\/p>\n\n<\/div>\r\n\n\n<div class=\"wsu-column\"  style=\"\">\r\n\t\n<div class=\"wp-block-image wsu-spacing-before--medium\">\n<figure class=\"aligncenter size-full\"><img decoding=\"async\" loading=\"lazy\" width=\"639\" height=\"285\" src=\"https:\/\/wpcdn.web.wsu.edu\/extension\/uploads\/sites\/53\/2025\/06\/Screenshot-2025-06-03-at-12.42.19\u202fPM.png\" alt=\"\" class=\"wp-image-11715\" srcset=\"https:\/\/wpcdn.web.wsu.edu\/extension\/uploads\/sites\/53\/2025\/06\/Screenshot-2025-06-03-at-12.42.19\u202fPM.png 639w, https:\/\/wpcdn.web.wsu.edu\/extension\/uploads\/sites\/53\/2025\/06\/Screenshot-2025-06-03-at-12.42.19\u202fPM-396x177.png 396w, https:\/\/wpcdn.web.wsu.edu\/extension\/uploads\/sites\/53\/2025\/06\/Screenshot-2025-06-03-at-12.42.19\u202fPM-198x88.png 198w\" sizes=\"(max-width: 639px) 100vw, 639px\" \/><\/figure><\/div>\n<\/div>\r\n\n<\/div>\n<\/div>","protected":false},"excerpt":{"rendered":"<p>\u00a1Estamos felices de que se una al programa de desarrollo juvenil 4-H del estado de Washington! \u00a1Bienvenido! Esta gu\u00eda lo llevar\u00e1 a trav\u00e9s del proceso de registrarse o volver a [&hellip;]<\/p>\n","protected":false},"author":130,"featured_media":0,"parent":230,"menu_order":0,"comment_status":"closed","ping_status":"closed","template":"","meta":{"_expiration_date":""},"categories":[29],"tags":[],"_links":{"self":[{"href":"https:\/\/extension.wsu.edu\/sanjuan\/wp-json\/wp\/v2\/pages\/11713"}],"collection":[{"href":"https:\/\/extension.wsu.edu\/sanjuan\/wp-json\/wp\/v2\/pages"}],"about":[{"href":"https:\/\/extension.wsu.edu\/sanjuan\/wp-json\/wp\/v2\/types\/page"}],"author":[{"embeddable":true,"href":"https:\/\/extension.wsu.edu\/sanjuan\/wp-json\/wp\/v2\/users\/130"}],"replies":[{"embeddable":true,"href":"https:\/\/extension.wsu.edu\/sanjuan\/wp-json\/wp\/v2\/comments?post=11713"}],"version-history":[{"count":7,"href":"https:\/\/extension.wsu.edu\/sanjuan\/wp-json\/wp\/v2\/pages\/11713\/revisions"}],"predecessor-version":[{"id":11724,"href":"https:\/\/extension.wsu.edu\/sanjuan\/wp-json\/wp\/v2\/pages\/11713\/revisions\/11724"}],"up":[{"embeddable":true,"href":"https:\/\/extension.wsu.edu\/sanjuan\/wp-json\/wp\/v2\/pages\/230"}],"wp:attachment":[{"href":"https:\/\/extension.wsu.edu\/sanjuan\/wp-json\/wp\/v2\/media?parent=11713"}],"wp:term":[{"taxonomy":"category","embeddable":true,"href":"https:\/\/extension.wsu.edu\/sanjuan\/wp-json\/wp\/v2\/categories?post=11713"},{"taxonomy":"post_tag","embeddable":true,"href":"https:\/\/extension.wsu.edu\/sanjuan\/wp-json\/wp\/v2\/tags?post=11713"}],"curies":[{"name":"wp","href":"https:\/\/api.w.org\/{rel}","templated":true}]}}