{"id":234,"date":"2014-04-30T09:10:23","date_gmt":"2014-04-30T16:10:23","guid":{"rendered":"http:\/\/ext100.wsu.edu\/sanjuan\/?page_id=234"},"modified":"2025-10-21T15:45:13","modified_gmt":"2025-10-21T22:45:13","slug":"sjc-clubs","status":"publish","type":"page","link":"https:\/\/extension.wsu.edu\/sanjuan\/4h\/sjc-clubs\/","title":{"rendered":"4-H Clubs in San Juan County"},"content":{"rendered":"<div class=\"wsu-row wsu-row--sidebar-right\" >\r\n    \n<div class=\"wsu-column\"  style=\"\">\r\n\t\n\n<h2 class=\"wp-block-heading\">Want to join an existing club?<\/h2>\n\n\n<div class=\"wsu-cta wsu-spacing-after--small wsu-spacing-before--small\" >\n\t<a \t\t\t\t\thref=\"https:\/\/calendar.google.com\/calendar\/embed?src=191c17e5b797cc176f9a68d020ebd778e2c0cdd9b8e46c315dfec8855e666a59%40group.calendar.google.com&#038;ctz=America%2FLos_Angeles\"\t\n\t\tclass=\"wsu-button  wsu-button--style-action\">\n\t\t\t\n\t\tSee a Calendar of our Club Meetings\t\t\t<\/a>\n<\/div>\n\n\n\n<p>Contact the WSU Extension Office&nbsp;to connect with club leaders and members. For more information about joining 4-H, contact the main office 4-H Coordinator before registering youth into a club at <a href=\"mailto:sanjuan.4-H@wsu.edu\">sanjuan.4-H@wsu.edu<\/a> or 360-350-2209.<\/p>\n\n\n\n<p>Project availability&nbsp;depends on volunteer support, often provided by parents or guardians of 4-H members.&nbsp;<a href=\"https:\/\/extension.wsu.edu\/4h\/for-volunteers\/\">WA State 4-H Volunteer Webpage<\/a><\/p>\n\n\n\n<p>Enrollment direction in Spanish: <a href=\"https:\/\/extension.wsu.edu\/sanjuan\/registro-en-linea-4-h\/\">Gu\u00eda de inscripci\u00f3n 4-H en espa\u00f1ol<\/a><\/p>\n\n\n\n<p>Translation made possible by: The Honeywell Charitable Fund of The Community Foundation of the Rappahannock River Region<\/p>\n\n\n<div class=\"wsu-accordion\">\r\n    <h3 id=\"unique-id-1__92150\" class=\"wsu-accordion__title\">\r\n        <button class=\"wsu-accordion__title-button wsu-accordion--toggle\" aria-expanded=\"false\" aria-controls=\"unique-id-1__content\">County Wide 4-H Clubs<\/button>\r\n    <\/h3>\r\n    <div id=\"unique-id-1__content\" class=\"wsu-accordion__content\" aria-labelledby=\"unique-id-1__92150\">\r\n        <div class=\"wsu-accordion__content-inner\">\r\n            \n\n<ul>\n<li><strong>Island Leaders<\/strong> &#8211; Leadership &amp; Entrepreneurship &#8211; <strong>NEW!<\/strong><\/li>\n\n\n\n<li><strong>San Juan SPIN<\/strong> (Special Interest and Projects) Special interest club &#8211; no meetings, sign up for additional projects not included in your primary club(s)<\/li>\n<\/ul>\n\n        <\/div>\r\n    <\/div>\r\n<\/div>\n\n<div class=\"wsu-accordion\">\r\n    <h3 id=\"unique-id-1__82983\" class=\"wsu-accordion__title\">\r\n        <button class=\"wsu-accordion__title-button wsu-accordion--toggle\" aria-expanded=\"false\" aria-controls=\"unique-id-1__content\">Lopez Island 4-H Clubs<\/button>\r\n    <\/h3>\r\n    <div id=\"unique-id-1__content\" class=\"wsu-accordion__content\" aria-labelledby=\"unique-id-1__82983\">\r\n        <div class=\"wsu-accordion__content-inner\">\r\n            \n\n<ul>\n<li><strong>Horse Rangers<\/strong> \u2013 Horse<\/li>\n\n\n\n<li><strong>Lopez Livestock General Club<\/strong> \u2013 Beef, Dairy, Swine, Sheep and Goats; Rabbit &amp; Poultry; Photography<\/li>\n<\/ul>\n\n        <\/div>\r\n    <\/div>\r\n<\/div>\n\n<div class=\"wsu-accordion\">\r\n    <h3 id=\"unique-id-1__67326\" class=\"wsu-accordion__title\">\r\n        <button class=\"wsu-accordion__title-button wsu-accordion--toggle\" aria-expanded=\"false\" aria-controls=\"unique-id-1__content\">Orcas Island 4-H Clubs<\/button>\r\n    <\/h3>\r\n    <div id=\"unique-id-1__content\" class=\"wsu-accordion__content\" aria-labelledby=\"unique-id-1__67326\">\r\n        <div class=\"wsu-accordion__content-inner\">\r\n            \n\n<h3 class=\"wp-block-heading wsu-spacing-after--small\">Active clubs<\/h3>\n\n\n\n<ul>\n<li><strong>Fur &amp; Feathers<\/strong> &#8211; Beef, Dairy, Swine, Sheep and Goats, Cavy, Rabbits, Poultry, Cat, Dog; Performing Arts, Crafts, Gardening, Photography, and so much more<\/li>\n<\/ul>\n\n\n\n<h3 class=\"wp-block-heading wsu-spacing-after--small\">Inactive clubs<\/h3>\n\n\n\n<ul>\n<li><strong>Orcas Trailblazers<\/strong> &#8211; Hiatus 2024-25 2025-26 &#8211; Horse<\/li>\n<\/ul>\n\n        <\/div>\r\n    <\/div>\r\n<\/div>\n\n<div class=\"wsu-accordion\">\r\n    <h3 id=\"unique-id-1__56515\" class=\"wsu-accordion__title\">\r\n        <button class=\"wsu-accordion__title-button wsu-accordion--toggle\" aria-expanded=\"false\" aria-controls=\"unique-id-1__content\">San Juan Island 4-H Clubs<\/button>\r\n    <\/h3>\r\n    <div id=\"unique-id-1__content\" class=\"wsu-accordion__content\" aria-labelledby=\"unique-id-1__56515\">\r\n        <div class=\"wsu-accordion__content-inner\">\r\n            \n\n<h3 class=\"wp-block-heading wsu-spacing-after--small\">Active Clubs<\/h3>\n\n\n\n<ul>\n<li><strong>Caboodle Cat Club&nbsp;<\/strong><\/li>\n\n\n\n<li><strong>Canine Kids &#8211; <\/strong>Dog (other islands can join remotely)<\/li>\n\n\n\n<li><strong>Country Critters<\/strong> \u2013 Rabbit, Poultry, and Cavy<\/li>\n\n\n\n<li><strong>Ramblers General Club<\/strong> &#8211; A general club for providing 4-H education and information to San Juan Island youth and families &#8211; <strong>NEW!<\/strong><\/li>\n\n\n\n<li><strong>Rising Star Bakers &#8211; <\/strong>Elementary youth<strong>\u00a0<\/strong>&#8211; <strong>FULL for 2025!<\/strong><\/li>\n\n\n\n<li><strong>San Juan Island Livestock<\/strong>\u00a0\u2013 Sheep, Goat, Dairy, Beef, and Swine<\/li>\n\n\n\n<li><strong>Souper Chefs<\/strong> &#8211; \u00a0Culinary &#8211; Middle &amp; High School youth &#8211; <strong>FULL for 2025!<\/strong><\/li>\n\n\n\n<li><strong>Still Life Society<\/strong> &#8211; All non-foods still life &#8211; focused on Horticulture, Photography, and Sewing &#8211; <strong>NEW!<\/strong><\/li>\n<\/ul>\n\n\n\n<h3 class=\"wp-block-heading wsu-spacing-after--small\">Inactive Clubs <\/h3>\n\n\n\n<ul>\n<li><strong>SJI Horse Club &#8211; <\/strong>hiatus 2024-25, 2025-26<\/li>\n<\/ul>\n\n        <\/div>\r\n    <\/div>\r\n<\/div>\n\n<div class=\"wsu-accordion\">\r\n    <h3 id=\"unique-id-1__76280\" class=\"wsu-accordion__title\">\r\n        <button class=\"wsu-accordion__title-button wsu-accordion--toggle\" aria-expanded=\"false\" aria-controls=\"unique-id-1__content\">Shaw Island 4-H Clubs<\/button>\r\n    <\/h3>\r\n    <div id=\"unique-id-1__content\" class=\"wsu-accordion__content\" aria-labelledby=\"unique-id-1__76280\">\r\n        <div class=\"wsu-accordion__content-inner\">\r\n            \n\n<p><strong>Shaw Island Rocks, Shoots and Roots<\/strong> Visual and creative art projects, Woodworking, Rocketry, STEM and self-determined projects<\/p>\n\n        <\/div>\r\n    <\/div>\r\n<\/div>\n\n\n<h2 class=\"wp-block-heading\">Want to start a 4-H club?<\/h2>\n\n\n\n<p>Contact your WSU Extension Office or visit the <a href=\"https:\/\/extension.wsu.edu\/sanjuan\/4h\/volunteer-with-4-h\/\" data-type=\"page\" data-id=\"8935\">Volunteer with 4-H<\/a> for a 4-H volunteer application.<\/p>\n\n\n\n<p>New animal project clubs must be established by March 1 of the current 4-H year, and new still life project clubs must be established by June 1 of the current 4-H year, according to San Juan County 4-H Leaders Council Policy. All potential clubs must be vetted and approved by the WSU Extension Office.<\/p>\n\n\n\n<h3 class=\"wp-block-heading\">4-H Club Definition<\/h3>\n\n\n\n<p>A 4-H Club is an organized group of at least five youth from three different families, meeting regularly with at least two Certified 4-H Volunteers or staff for long-term educational experiences.<\/p>\n\n\n\n<h3 class=\"wp-block-heading\">The Club Purpose<\/h3>\n\n\n\n<p>4-H Clubs aim to provide youth development opportunities for youth to thrive focusing on belonging, mastery, independence, and generosity, tied to the land-grant university knowledge base.<\/p>\n\n\n\n<h3 class=\"wp-block-heading\">Structure of a 4-H Club<\/h3>\n\n\n\n<ul>\n<li>Enrolls at least 5 youth from 3 families.<\/li>\n\n\n\n<li>Holds at least 6 regular meetings per year, often 9\u201312, plus additional activities.<\/li>\n\n\n\n<li>Elects youth officers or leaders.<\/li>\n\n\n\n<li>Involves youth in leadership and decision-making.<\/li>\n\n\n\n<li>Has approved written guidelines or bylaws.<\/li>\n\n\n\n<li>Meets in various locations (homes, community centers, schools, etc.).<\/li>\n\n\n\n<li>Submits a yearly program of work to the WSU Extension county office.<\/li>\n\n\n\n<li>Caters to youth interests in single or multiple project formats.<\/li>\n\n\n\n<li>Welcomes all eligible youth, regardless of background or abilities.<\/li>\n\n\n\n<li>Guided by certified, trained volunteers.<\/li>\n\n\n\n<li>Adheres to financial policies and guidelines.<\/li>\n<\/ul>\n\n<\/div>\r\n\n\n<div class=\"wsu-column\"  style=\"\">\r\n\t\n<section  class=\"wsu-section wsu-dropshadow--low wsu-border--add-top wsu-spacing-before--none wsu-spacing-top--sxxsmall wsu-color-background--white wsu-border--color-crimson\"  >\r\n        \n\n<h2 class=\"wp-block-heading  wsu-font-size--large\">4-H Site Navigation<\/h2>\n\n\n    <nav class=\"wsu-navigation-vertical wsu-vertical-menu\">\n        <ul id=\"wsu-site-menu\" class=\"wsu-menu-collapse wsu-menu-collapse--style-vertical\"><li><a href=\"https:\/\/extension.wsu.edu\/sanjuan\/4h\/\">4-H Program<\/a><\/li>\n<li><a href=\"https:\/\/extension.wsu.edu\/sanjuan\/4h\/to-join\/\">How to Join 4-H<\/a><\/li>\n<li aria-expanded=\"false\" aria-haspopup=\"true\"><a href=\"https:\/\/extension.wsu.edu\/sanjuan\/4h\/volunteer-with-4-h\/\">Volunteer with 4-H<\/a><button aria-label=\"{Open submenu Volunteer with 4-H\" class=\"wsu-menu-collapse--action-toggle\"><\/button>\n<ul class=\"sub-menu\">\n<li><a href=\"https:\/\/extension.wsu.edu\/sanjuan\/4h\/volunteer-with-4-h\/4-h-volunteer-application\/\">4-H Volunteer Application<\/a><\/li>\n<li><a href=\"https:\/\/extension.wsu.edu\/sanjuan\/4h\/volunteer-with-4-h\/4-h-volunteer-reference-form\/\">4-H Volunteer Reference Form<\/a><\/li>\n<\/ul>\n<\/li>\n<li><a href=\"https:\/\/extension.wsu.edu\/sanjuan\/4h\/sjc-clubs\/\">4-H Clubs in San Juan County<\/a><\/li>\n<li aria-expanded=\"false\" aria-haspopup=\"true\"><a href=\"https:\/\/extension.wsu.edu\/sanjuan\/4h\/fair-and-auction\/\">2026 SJC 4-H Fair<\/a><button aria-label=\"{Open submenu 2026 SJC 4-H Fair\" class=\"wsu-menu-collapse--action-toggle\"><\/button>\n<ul class=\"sub-menu\">\n<li><a href=\"https:\/\/extension.wsu.edu\/sanjuan\/4h\/fair-and-auction\/4-h-fair-schedule\/\">2025 4-H Fair Schedule<\/a><\/li>\n<li><a href=\"https:\/\/extension.wsu.edu\/sanjuan\/4h\/fair-and-auction\/4-h-fair-book\/\">4-H Fair Book<\/a><\/li>\n<li><a href=\"https:\/\/extension.wsu.edu\/sanjuan\/4h\/fair-and-auction\/entering-exhibits-into-fair-entry\/\">Entering Exhibits into Fair Entry<\/a><\/li>\n<li aria-expanded=\"false\" aria-haspopup=\"true\"><a href=\"https:\/\/extension.wsu.edu\/sanjuan\/4h\/fair-and-auction\/4-h-auctions-information\/\">4-H Auctions Information<\/a><button aria-label=\"{Open submenu 4-H Auctions Information\" class=\"wsu-menu-collapse--action-toggle\"><\/button>\n\t<ul class=\"sub-menu\">\n<li><a href=\"https:\/\/extension.wsu.edu\/sanjuan\/4h\/fair-and-auction\/4-h-auctions-information\/livestock-auction-buyers-guide\/\">Livestock Auction Buyers Guide<\/a><\/li>\n<li><a href=\"https:\/\/extension.wsu.edu\/sanjuan\/4h\/fair-and-auction\/4-h-auctions-information\/livestock-market-animal-auction-committee-lmaac-memorandum\/\">LMAAC Memorandum Form<\/a><\/li>\n<li><a href=\"https:\/\/extension.wsu.edu\/sanjuan\/4h\/fair-and-auction\/4-h-auctions-information\/4-h-intent-to-sell-form\/\">Intent to Sell Form<\/a><\/li>\n\t<\/ul>\n<\/li>\n<\/ul>\n<\/li>\n<li><a href=\"https:\/\/extension.wsu.edu\/sanjuan\/4h\/resources-for-families\/\">Resources for Families<\/a><\/li>\n<li aria-expanded=\"false\" aria-haspopup=\"true\"><a href=\"https:\/\/extension.wsu.edu\/sanjuan\/4h\/resources-for-clubs-and-volunteers\/\">Resources for Clubs &amp; Volunteers<\/a><button aria-label=\"{Open submenu Resources for Clubs &amp; Volunteers\" class=\"wsu-menu-collapse--action-toggle\"><\/button>\n<ul class=\"sub-menu\">\n<li><a href=\"https:\/\/extension.wsu.edu\/sanjuan\/4h\/volunteer-with-4-h\/4-h-volunteer-of-the-month-nominations\/\">4-H Volunteer of the Month Nominations<\/a><\/li>\n<li><a href=\"https:\/\/extension.wsu.edu\/sanjuan\/4h\/volunteer-with-4-h\/san-juan-county-4-h-volunteer-hour-submissions\/\">4-H Volunteer Hour Submissions<\/a><\/li>\n<li><a href=\"https:\/\/extension.wsu.edu\/sanjuan\/4h\/resources-for-clubs-and-volunteers\/san-juan-county-club-leader-directory\/\">San Juan County Club &amp; Leader Directory<\/a><\/li>\n<\/ul>\n<\/li>\n<li aria-expanded=\"false\" aria-haspopup=\"true\"><a href=\"https:\/\/extension.wsu.edu\/sanjuan\/4h\/leaders-council\/\">4-H Leaders\u2019 Council<\/a><button aria-label=\"{Open submenu 4-H Leaders\u2019 Council\" class=\"wsu-menu-collapse--action-toggle\"><\/button>\n<ul class=\"sub-menu\">\n<li><a href=\"https:\/\/extension.wsu.edu\/sanjuan\/4h\/leaders-council\/san-juan-county-leaders-council-policy\/\">San Juan County Leaders Council Policy<\/a><\/li>\n<li><a href=\"https:\/\/extension.wsu.edu\/sanjuan\/4h\/leaders-council\/eas-information-application\/\">EAS Information &amp; Application<\/a><\/li>\n<li><a href=\"https:\/\/extension.wsu.edu\/sanjuan\/4h\/leaders-council\/4-h-leaders-council-archive\/\">4-H Leaders\u2019 Council Archive<\/a><\/li>\n<\/ul>\n<\/li>\n<li><a href=\"https:\/\/extension.wsu.edu\/sanjuan\/4h\/deadlines\/\">4-H Dates &amp; Deadlines<\/a><\/li>\n<li aria-expanded=\"false\" aria-haspopup=\"true\"><a href=\"https:\/\/extension.wsu.edu\/sanjuan\/4h\/projects-and-programs-new\/\">Projects and Programs<\/a><button aria-label=\"{Open submenu Projects and Programs\" class=\"wsu-menu-collapse--action-toggle\"><\/button>\n<ul class=\"sub-menu\">\n<li><a href=\"https:\/\/extension.wsu.edu\/sanjuan\/4h\/projects-and-programs-new\/agriculture-livestock-projects\/\">Agriculture &amp; Livestock Projects<\/a><\/li>\n<li><a href=\"https:\/\/extension.wsu.edu\/sanjuan\/4h\/projects-and-programs-new\/arts-healthy-living-projects\/\">Arts &amp; Healthy Living Projects<\/a><\/li>\n<li><a href=\"https:\/\/extension.wsu.edu\/sanjuan\/4h\/projects-and-programs-new\/animal-science-stem-projects\/\">Animal Science &amp; STEM Projects<\/a><\/li>\n<li><a href=\"https:\/\/extension.wsu.edu\/sanjuan\/4h\/projects-and-programs-new\/civic-engagement-projects\/\">Civic Engagement Projects<\/a><\/li>\n<\/ul>\n<\/li>\n<li><a href=\"https:\/\/extension.wsu.edu\/sanjuan\/4h\/teens\/\">4-H Teens &amp; Leadership<\/a><\/li>\n<li><a href=\"https:\/\/extension.wsu.edu\/sanjuan\/4h\/support-4-h\/\">Give to 4-H<\/a><\/li>\n<\/ul>    <\/nav>\n\n    <\/section>\n        <div id=\"cahnrs-back-to-top\" class=\"cahnrs-back-to-top\" hidden aria-hidden=\"true\">\n            <a id=\"cahnrs-back-to-top-btn\" class=\"cahnrs-back-to-top__btn\" href=\"#product-top\" aria-label=\"Back to top\">\n                <span class=\"cahnrs-back-to-top__icon\" aria-hidden=\"true\">\u2191<\/span>\n                <span class=\"cahnrs-back-to-top__label\">Back to top<\/span>\n            <\/a>\n        <\/div>\n<\/div>\r\n\n<\/div>\n        <div id=\"cahnrs-back-to-top\" class=\"cahnrs-back-to-top\" hidden aria-hidden=\"true\">\n            <a id=\"cahnrs-back-to-top-btn\" class=\"cahnrs-back-to-top__btn\" href=\"#product-top\" aria-label=\"Back to top\">\n                <span class=\"cahnrs-back-to-top__icon\" aria-hidden=\"true\">\u2191<\/span>\n                <span class=\"cahnrs-back-to-top__label\">Back to top<\/span>\n            <\/a>\n        <\/div>","protected":false},"excerpt":{"rendered":"<p>Want to join an existing club? Contact the WSU Extension Office\u00a0to connect with club leaders and members. For more information about joining 4-H, contact the main office 4-H Coordinator before registering youth into a club&amp;hellip;<\/p>\n","protected":false},"author":0,"featured_media":3355,"parent":8372,"menu_order":0,"comment_status":"closed","ping_status":"closed","template":"","meta":{"_expiration_date":""},"categories":[29],"tags":[],"_links":{"self":[{"href":"https:\/\/extension.wsu.edu\/sanjuan\/wp-json\/wp\/v2\/pages\/234"}],"collection":[{"href":"https:\/\/extension.wsu.edu\/sanjuan\/wp-json\/wp\/v2\/pages"}],"about":[{"href":"https:\/\/extension.wsu.edu\/sanjuan\/wp-json\/wp\/v2\/types\/page"}],"replies":[{"embeddable":true,"href":"https:\/\/extension.wsu.edu\/sanjuan\/wp-json\/wp\/v2\/comments?post=234"}],"version-history":[{"count":37,"href":"https:\/\/extension.wsu.edu\/sanjuan\/wp-json\/wp\/v2\/pages\/234\/revisions"}],"predecessor-version":[{"id":12917,"href":"https:\/\/extension.wsu.edu\/sanjuan\/wp-json\/wp\/v2\/pages\/234\/revisions\/12917"}],"up":[{"embeddable":true,"href":"https:\/\/extension.wsu.edu\/sanjuan\/wp-json\/wp\/v2\/pages\/8372"}],"wp:featuredmedia":[{"embeddable":true,"href":"https:\/\/extension.wsu.edu\/sanjuan\/wp-json\/wp\/v2\/media\/3355"}],"wp:attachment":[{"href":"https:\/\/extension.wsu.edu\/sanjuan\/wp-json\/wp\/v2\/media?parent=234"}],"wp:term":[{"taxonomy":"category","embeddable":true,"href":"https:\/\/extension.wsu.edu\/sanjuan\/wp-json\/wp\/v2\/categories?post=234"},{"taxonomy":"post_tag","embeddable":true,"href":"https:\/\/extension.wsu.edu\/sanjuan\/wp-json\/wp\/v2\/tags?post=234"}],"curies":[{"name":"wp","href":"https:\/\/api.w.org\/{rel}","templated":true}]}}