{"id":14190,"date":"2020-06-02T12:24:00","date_gmt":"2020-06-02T19:24:00","guid":{"rendered":"https:\/\/extension.wsu.edu\/skagit\/?page_id=14190"},"modified":"2025-11-17T10:26:32","modified_gmt":"2025-11-17T18:26:32","slug":"farm-to-families-recipes-and-local-food-map","status":"publish","type":"page","link":"https:\/\/extension.wsu.edu\/skagit\/farm-to-families-recipes-and-local-food-map\/","title":{"rendered":"Farm to Families &#8211; Recipes for Local Produce"},"content":{"rendered":"<div class=\"wsu-row wsu-row--single\" >\r\n    \n<div class=\"wsu-column\"  style=\"\">\r\n\t\n\n<p>Enjoy nutritious produce from your local farms or garden using these simple and delicious recipes!<\/p>\n\n\n\n<p>Recipes are listed in order of the harvest season.<\/p>\n\n<\/div>\r\n\n<\/div>\n\n<div class=\"wsu-row wsu-row--single\" >\r\n    \n<div class=\"wsu-column\"  style=\"\">\r\n\t\n\n<h2 class=\"wp-block-heading\">Cooking Demos<\/h2>\n\n<\/div>\r\n\n<\/div>\n\n<div class=\"wsu-accordion\">\r\n    <h3 id=\"unique-id-1__67852\" class=\"wsu-accordion__title\">\r\n        <button class=\"wsu-accordion__title-button wsu-accordion--toggle\" aria-expanded=\"false\" aria-controls=\"unique-id-1__content\">Rosemary Vinaigrette<\/button>\r\n    <\/h3>\r\n    <div id=\"unique-id-1__content\" class=\"wsu-accordion__content\" aria-labelledby=\"unique-id-1__67852\">\r\n        <div class=\"wsu-accordion__content-inner\">\r\n            \n\n<p>Time needed: 5 minutes Makes: 1 serving (about 1\/4 cup)<\/p>\n\n\n<div class=\"wsu-row wsu-row--halves\" >\r\n    \n<div class=\"wsu-column\"  style=\"\">\r\n\t\n\n<h3 class=\"wp-block-heading\">INGREDIENTS<\/h3>\n\n\n\n<ul>\n<li>1 Tablespoon (first line on the jar) red wine or other vinegar<\/li>\n\n\n\n<li>1 Tablespoon prepared mustard<\/li>\n\n\n\n<li>Pinch Salt<\/li>\n\n\n\n<li>Pinch Black pepper<\/li>\n\n\n\n<li>Pinch Sugar<\/li>\n\n\n\n<li>3 Tablespoons (3 lines on the jar) olive oil<\/li>\n\n\n\n<li>2 sprigs fresh rosemary (about 2 teaspoons or to taste), chopped<\/li>\n\n\n\n<li>1 half pint canning jar \u2013 some jars have measurement lines. If yours doesn\u2019t, you can divide it in fourths with a sharpie if that makes it easier for you.<\/li>\n<\/ul>\n\n<\/div>\r\n\n\n<div class=\"wsu-column\"  style=\"\">\r\n\t\n\n<h3 class=\"wp-block-heading\">DIRECTIONS<\/h3>\n\n\n\n<ol>\n<li>Place the vinegar, mustard, salt, pepper and sugar in the jar.<\/li>\n\n\n\n<li>Close tight and shake for about 30 seconds to dissolve the sugar.<\/li>\n\n\n\n<li>Add oil and rosemary to the jar. Close tight and shake for another 30 seconds.<\/li>\n\n\n\n<li>Adjust seasoning if needed.<\/li>\n\n\n\n<li>Shake again before using.<\/li>\n<\/ol>\n\n<\/div>\r\n\n<\/div>\n\n\n<h3 class=\"wp-block-heading\">Vinagreta de Romero<\/h3>\n\n\n\n<p>Tiempo Necesario: 5 minutos Porciones: 1 (aproximadamente 1\/4 taza)<\/p>\n\n\n<div class=\"wsu-row wsu-row--halves\" >\r\n    \n<div class=\"wsu-column\"  style=\"\">\r\n\t\n\n<h3 class=\"wp-block-heading\">INGREDIENTES<\/h3>\n\n\n\n<ul>\n<li>1 Cucharada ( Primera l\u00ednea en el recipiente) Vino rojo o otro tipo de vinagre<\/li>\n\n\n\n<li>1 Cucharada de mostaza Una Pizca de Sal Una Pizca de Pimienta Negra<\/li>\n\n\n\n<li>Una Pizca de Az\u00facar <\/li>\n\n\n\n<li>3 Cucharadas (3 l\u00edneas en el recipiente) Aceite de Olivo<\/li>\n\n\n\n<li>2 ramitas de romero fresco (aproximadamente 2 cucharaditas o al gusto about), picado<\/li>\n\n\n\n<li>1 tarro de una taza con tapadera\u2013 algunos de estos recipientes tienen l\u00edneas para medir. Si el suyo no tiene, usted puede dividir en cuatro partes con un marcador si eso lo hace m\u00e1s f\u00e1cil para usted.<\/li>\n<\/ul>\n\n<\/div>\r\n\n\n<div class=\"wsu-column\"  style=\"\">\r\n\t\n\n<h3 class=\"wp-block-heading\">DIRECCIONES<\/h3>\n\n\n\n<ol>\n<li>Agregue el vinagre, mostaza, sal, pimienta y az\u00facar en el recipiente.<\/li>\n\n\n\n<li>Tapar bien y agitar aproximadamente 30 segundos para disolver la az\u00facar. Agrega el<\/li>\n\n\n\n<li>Aceite y el romero al recipiente.<\/li>\n\n\n\n<li>Tapar bien y agitar de nuevo otros 30 segundos. Ajustar el saz\u00f3n si lo es necesario.<\/li>\n\n\n\n<li>Agitar de nuevo antes de usar.<\/li>\n<\/ol>\n\n<\/div>\r\n\n<\/div>\n        <\/div>\r\n    <\/div>\r\n<\/div>\n\n<div class=\"wsu-row wsu-row--thirds\" >\r\n    \n<div class=\"wsu-column\"  style=\"\">\r\n\t\n\n<figure class=\"wp-block-video\"><\/figure>\n\n\n\n<figure class=\"wp-block-video\"><\/figure>\n\n\n\n<p>Printable Recipe \/ Receta Imprimible: <a href=\"https:\/\/wpcdn.web.wsu.edu\/extension\/uploads\/sites\/57\/2020\/08\/Week-2-Rosemary-Vin.pdf\">Rosemary-Vinaigrette.pdf<\/a><\/p>\n\n<\/div>\r\n\n\n<div class=\"wsu-column\"  style=\"\">\r\n\t\n\n<figure class=\"wp-block-video\"><\/figure>\n\n\n\n<figure class=\"wp-block-video\"><\/figure>\n\n\n\n<p>Printable Recipe \/ Receta Imprimible: <a href=\"https:\/\/wpcdn.web.wsu.edu\/extension\/uploads\/sites\/57\/2020\/08\/Week-2-Frisee-Salad.pdf\">Frisee-Salad.pdf<\/a><\/p>\n\n<\/div>\r\n\n\n<div class=\"wsu-column\"  style=\"\">\r\n\t\n\n<figure class=\"wp-block-video\"><\/figure>\n\n\n\n<figure class=\"wp-block-video\"><\/figure>\n\n\n\n<p>Printable Recipe \/ Receta Imprimible: <a href=\"https:\/\/wpcdn.web.wsu.edu\/extension\/uploads\/sites\/57\/2020\/08\/Week-2-Chicken-_-Broccoli-Stir-Fry.pdf\">Chicken-_-Broccoli-Stir-Fry.pdf<\/a><\/p>\n\n<\/div>\r\n\n<\/div>\n\n<div class=\"wsu-row wsu-row--thirds\" >\r\n    \n<div class=\"wsu-column\"  style=\"\">\r\n\t\n\n<figure class=\"wp-block-video\"><\/figure>\n\n\n\n<figure class=\"wp-block-video\"><\/figure>\n\n\n\n<p>Printable Recipe \/ Receta Imprimible: <a href=\"https:\/\/wpcdn.web.wsu.edu\/extension\/uploads\/sites\/57\/2020\/08\/Week-3-Spaghetti-with-Summer-Vegetables-half-sheet.pdf\">Spaghetti-with-Summer-Vegetables.pdf<\/a><\/p>\n\n<\/div>\r\n\n\n<div class=\"wsu-column\"  style=\"\">\r\n\t\n\n<figure class=\"wp-block-video\"><\/figure>\n\n\n\n<p>Printable Recipe \/ Receta Imprimible: <a href=\"https:\/\/wpcdn.web.wsu.edu\/extension\/uploads\/sites\/57\/2020\/08\/Week-3-Boysenberry-Cream-Cheese-Roulade-half-sheet.pdf\">Boysenberry-Cream-Cheese-Roulade.pdf<\/a><\/p>\n\n<\/div>\r\n\n\n<div class=\"wsu-column\"  style=\"\">\r\n\t\n\n<figure class=\"wp-block-video\"><\/figure>\n\n\n\n<figure class=\"wp-block-video\"><\/figure>\n\n\n\n<p>Printable Recipe \/ Receta Imprimible: <a href=\"https:\/\/wpcdn.web.wsu.edu\/extension\/uploads\/sites\/57\/2020\/08\/Week-2-Saskatoon-Soda.pdf\">Saskatoon-Soda.pdf<\/a><\/p>\n\n<\/div>\r\n\n<\/div>\n\n<div class=\"wsu-row wsu-row--thirds\" >\r\n    \n<div class=\"wsu-column\"  style=\"\">\r\n\t\n\n<figure class=\"wp-block-video\"><\/figure>\n\n\n\n<figure class=\"wp-block-video\"><\/figure>\n\n\n\n<p>Printable Recipe \/ Receta Imprimible: <a href=\"https:\/\/wpcdn.web.wsu.edu\/extension\/uploads\/sites\/57\/2020\/08\/Week-3Quick-PIckled-Daikon-and-Carrots.pdf\">Pickled-Daikon-and-Carrots.pdf<\/a><\/p>\n\n<\/div>\r\n\n\n<div class=\"wsu-column\"  style=\"\">\r\n\t\n\n<figure class=\"wp-block-video\"><\/figure>\n\n\n\n<figure class=\"wp-block-video\"><\/figure>\n\n\n\n<p>Printable Recipe \/ Receta Imprimible: <a href=\"https:\/\/wpcdn.web.wsu.edu\/extension\/uploads\/sites\/57\/2021\/05\/Crunchy-French-Toast.pdf\">Crunchy-French-Toast.pdf<\/a><\/p>\n\n<\/div>\r\n\n\n<div class=\"wsu-column\"  style=\"\">\r\n\t\n\n<figure class=\"wp-block-video\"><\/figure>\n\n\n\n<figure class=\"wp-block-video\"><\/figure>\n\n\n\n<p>Printable Recipe \/ Receta Imprimible: <a href=\"https:\/\/wpcdn.web.wsu.edu\/extension\/uploads\/sites\/57\/2020\/08\/Week-4-Rosted-Vegetables.pdf\">Roasted-Vegetables.pdf<\/a><\/p>\n\n<\/div>\r\n\n<\/div>\n\n<div class=\"wsu-row wsu-row--thirds\" >\r\n    \n<div class=\"wsu-column\"  style=\"\">\r\n\t\n\n<figure class=\"wp-block-video\"><\/figure>\n\n\n\n<figure class=\"wp-block-video\"><\/figure>\n\n\n\n<p>Printable Recipe \/ Receta Imprimible: <a href=\"https:\/\/wpcdn.web.wsu.edu\/extension\/uploads\/sites\/57\/2020\/08\/Week-1-Kohlrabi-Snap-Pea-and-Beet-Salad.pdf\">Kohlrabi-Snap-Pea-and-Beet-Salad.pdf<\/a><\/p>\n\n<\/div>\r\n\n\n<div class=\"wsu-column\"  style=\"\">\r\n\t\n\n<figure class=\"wp-block-video\"><\/figure>\n\n\n\n<figure class=\"wp-block-video\"><\/figure>\n\n\n\n<p>Printable Recipe \/ Receta Imprimible: <a href=\"https:\/\/wpcdn.web.wsu.edu\/extension\/uploads\/sites\/57\/2021\/05\/Veggie-Fajitas.pdf\">Veggie-Fajitas.pdf<\/a><\/p>\n\n<\/div>\r\n\n\n<div class=\"wsu-column\"  style=\"\">\r\n\t\n\n<h3 class=\"wp-block-heading\"><b><span style=\"color: #323130\">Sauteed Collards:<\/span><\/b><\/h3>\n\n\n\n<p>Printable Recipe \/ Receta Imprimible: <a href=\"https:\/\/wpcdn.web.wsu.edu\/extension\/uploads\/sites\/57\/2020\/08\/Week-1-Sauteged-Collards-with-Beets-Almonds-Garlic-Scapes-and-Caramelized-.pdf\">Sauteged-Collards-with-Beets.pdf<\/a><\/p>\n\n\n\n<h3 class=\"wp-block-heading\"><b><span style=\"color: #323130\">Fennel and Strawberry Tart<\/span><\/b><\/h3>\n\n\n\n<p>Printable Recipe \/ Receta Imprimible: <a href=\"https:\/\/wpcdn.web.wsu.edu\/extension\/uploads\/sites\/57\/2020\/08\/Week-4-Fennel-and-Strawberry-Tarte-Tatin.pdf\"><span style=\"color: #323130\">Fennel-and-Strawberry-Tarte.pdf<\/span><\/a><\/p>\n\n<\/div>\r\n\n<\/div>\n\n<div class=\"wsu-row wsu-row--single\" >\r\n    \n<div class=\"wsu-column\"  style=\"\">\r\n\t\n\n<h2 class=\"wp-block-heading\">Recipe Videos<\/h2>\n\n<\/div>\r\n\n<\/div>\n\n<div class=\"wsu-row wsu-row--thirds\" >\r\n    \n<div class=\"wsu-column\"  style=\"\">\r\n\t\n\n<figure class=\"wp-block-video\"><\/figure>\n\n\n\n<p>Printable Recipe \/ Receta Imprimible:<br><a href=\"https:\/\/wpcdn.web.wsu.edu\/extension\/uploads\/sites\/57\/2020\/06\/1-quick-pickle-turnip.pdf\">Quick Pickle Turnips \/ Pepinillos de Nabos Rapidos<\/a> (PDF)<\/p>\n\n<\/div>\r\n\n\n<div class=\"wsu-column\"  style=\"\">\r\n\t\n\n<figure class=\"wp-block-video\"><\/figure>\n\n\n\n<p>Printable Recipe Receta Imprimible:<br><a href=\"https:\/\/wpcdn.web.wsu.edu\/extension\/uploads\/sites\/57\/2020\/06\/2-strawberry-salsa.pdf\">Strawberry Salsa \/ Salsa de Fresas<\/a> (PDF)<\/p>\n\n<\/div>\r\n\n\n<div class=\"wsu-column\"  style=\"\">\r\n\t\n\n<figure class=\"wp-block-video\"><\/figure>\n\n\n\n<p>Printable recipe \/ Receta Imprimible: <a href=\"https:\/\/wpcdn.web.wsu.edu\/extension\/uploads\/sites\/57\/2020\/06\/3-storing-leafy-greens.pdf\">Storing and Crisping Lettuce \/ Almacenamiento de la Lechuga<\/a>  (PDF)<\/p>\n\n<\/div>\r\n\n<\/div>\n\n<div class=\"wsu-row wsu-row--thirds\" >\r\n    \n<div class=\"wsu-column\"  style=\"\">\r\n\t\n\n<figure class=\"wp-block-video\"><\/figure>\n\n\n\n<p>Printable recipe \/ Receta Imprimible:<br><a href=\"https:\/\/wpcdn.web.wsu.edu\/extension\/uploads\/sites\/57\/2020\/06\/4-salad-herb-dressing.pdf\">Herb Salad Dressing \/ Aderezo con Hierbas<\/a> (PDF)<\/p>\n\n<\/div>\r\n\n\n<div class=\"wsu-column\"  style=\"\">\r\n\t\n\n<figure class=\"wp-block-video\"><\/figure>\n\n\n\n<p>Printable recipe \/ Receta Imprimible:<br><a href=\"https:\/\/wpcdn.web.wsu.edu\/extension\/uploads\/sites\/57\/2020\/06\/5-beet-hummus.pdf\">Beet Hummus \/ Hummus de Betabeles<\/a> (PDF)<\/p>\n\n<\/div>\r\n\n\n<div class=\"wsu-column\"  style=\"\">\r\n\t\n\n<figure class=\"wp-block-video\"><\/figure>\n\n\n\n<p><a href=\"https:\/\/wpcdn.web.wsu.edu\/extension\/uploads\/sites\/57\/2020\/06\/6-storing-herbs-english.pdf\">Storing herbs<\/a><br><a href=\"https:\/\/wpcdn.web.wsu.edu\/extension\/uploads\/sites\/57\/2020\/06\/6-storing-herbs-spanish-pdf.pdf\">C\u00f3mo almacenar hierbas frescas<\/a> (PDF)<\/p>\n\n<\/div>\r\n\n<\/div>\n\n<div class=\"wsu-row wsu-row--thirds\" >\r\n    \n<div class=\"wsu-column\"  style=\"\">\r\n\t\n\n<figure class=\"wp-block-video\"><\/figure>\n\n\n\n<p>Printable recipe \/ Receta Imprimible:<br><a href=\"https:\/\/wpcdn.web.wsu.edu\/extension\/uploads\/sites\/57\/2020\/06\/7-zucchini-sticks.pdf\">Baked Zucchini Sticks \/ Palitos Fritos de Calabac\u00edn<\/a> (PDF)<\/p>\n\n<\/div>\r\n\n\n<div class=\"wsu-column\"  style=\"\">\r\n\t\n\n<figure class=\"wp-block-video\"><\/figure>\n\n\n\n<p>Printable recipe \/ Receta Imprimible:<br><a href=\"https:\/\/wpcdn.web.wsu.edu\/extension\/uploads\/sites\/57\/2020\/06\/8-spring-vegetable-stir-fry.pdf\">Spring Stir Fry \/ Salteado de Primavera<\/a> (PDF)<\/p>\n\n<\/div>\r\n\n\n<div class=\"wsu-column\"  style=\"\">\r\n\t\n\n<figure class=\"wp-block-video\"><\/figure>\n\n\n\n<p>Printable recipe \/ Receta Imprimible:<br><a href=\"https:\/\/wpcdn.web.wsu.edu\/extension\/uploads\/sites\/57\/2020\/06\/9-swiss-chard-rollups.pdf\">Swiss Chard Roll Ups \/ Rollos de Acelga<\/a> (PDF)<\/p>\n\n<\/div>\r\n\n<\/div>\n\n<div class=\"wsu-row wsu-row--thirds\" >\r\n    \n<div class=\"wsu-column\"  style=\"\">\r\n\t\n\n<figure class=\"wp-block-video\"><\/figure>\n\n\n\n<p>Printable recipe \/ Receta Imprimible:<br><a href=\"https:\/\/wpcdn.web.wsu.edu\/extension\/uploads\/sites\/57\/2020\/06\/10-veggie-patty.pdf\">Veggie Patties \/ Empanadas de vegetales<\/a> (PDF)<\/p>\n\n<\/div>\r\n\n\n<div class=\"wsu-column\"  style=\"\">\r\n\t\n\n<figure class=\"wp-block-video\"><\/figure>\n\n\n\n<p>Printable recipe \/ Receta Imprimible:<br><a href=\"https:\/\/wpcdn.web.wsu.edu\/extension\/uploads\/sites\/57\/2020\/06\/11-cucumber-dip.pdf\">Simple Cucumber Dip \/ Salsa de Yogur con Pepino<\/a> (PDF)<\/p>\n\n<\/div>\r\n\n\n<div class=\"wsu-column\"  style=\"\">\r\n\t\n\n<figure class=\"wp-block-video\"><\/figure>\n\n\n\n<p>Printable recipe \/ Receta Imprimible:<br><a href=\"https:\/\/wpcdn.web.wsu.edu\/extension\/uploads\/sites\/57\/2020\/06\/12-honey-mustar_green-bean.pdf\">Honey Mustard Green Beans \/ Ejotes con Mostaza y Miel<\/a> (PDF)<\/p>\n\n<\/div>\r\n\n<\/div>\n\n<div class=\"wsu-row wsu-row--thirds\" >\r\n    \n<div class=\"wsu-column\"  style=\"\">\r\n\t\n\n<figure class=\"wp-block-video\"><\/figure>\n\n\n\n<p>Printable recipe \/ Receta Imprimible:<br><a href=\"https:\/\/wpcdn.web.wsu.edu\/extension\/uploads\/sites\/57\/2020\/06\/13-sesame-soy-salad-kolhrabi.pdf\">Sesame Soy Salad with Kohlrabi \/ Ensalada de colirr\u00e1bano con aderezo de ajonjol\u00ed y soja<\/a> (PDF)<\/p>\n\n<\/div>\r\n\n\n<div class=\"wsu-column\"  style=\"\">\r\n\t\n\n<figure class=\"wp-block-video\"><\/figure>\n\n\n\n<p>Printable recipe \/ Receta Imprimible:<br><a href=\"https:\/\/wpcdn.web.wsu.edu\/extension\/uploads\/sites\/57\/2020\/06\/14-yogurt-sundae.pdf\">Yogurt Sundae \/ Yogur con Fruta<\/a> (PDF)<\/p>\n\n<\/div>\r\n\n\n<div class=\"wsu-column\"  style=\"\">\r\n\t\n\n<figure class=\"wp-block-video\"><\/figure>\n\n\n\n<p>Printable recipe \/ Receta Imprimible:<br><a href=\"https:\/\/wpcdn.web.wsu.edu\/extension\/uploads\/sites\/57\/2020\/06\/15-kale-chips.pdf\">Kale Chips \/ &#8216;Papitas&#8217; de Col Rizada<\/a> (PDF)<\/p>\n\n<\/div>\r\n\n<\/div>\n\n<div class=\"wsu-row wsu-row--thirds\" >\r\n    \n<div class=\"wsu-column\"  style=\"\">\r\n\t\n\n<figure class=\"wp-block-video\"><\/figure>\n\n\n\n<p>Printable recipe \/ Receta Imprimible:<br><a href=\"https:\/\/wpcdn.web.wsu.edu\/extension\/uploads\/sites\/57\/2020\/06\/16-carrot-jicama-orange-salad.pdf\">Carrot, Jicama and Orange Salad \/ Ensalada de Zanahoria, J\u00edcama y Naranja<\/a> (PDF)<\/p>\n\n<\/div>\r\n\n\n<div class=\"wsu-column\"  style=\"\">\r\n\t\n\n<figure class=\"wp-block-video\"><\/figure>\n\n\n\n<p>Printable recipe \/ Receta Imprimible:<br><a href=\"https:\/\/wpcdn.web.wsu.edu\/extension\/uploads\/sites\/57\/2020\/06\/17-blueberry-cucumber-salad.pdf\">Blueberry Cucumber Salad \/ Ensalada de pepino y ar\u00e1ndano<\/a> (PDF)<\/p>\n\n<\/div>\r\n\n\n<div class=\"wsu-column\"  style=\"\">\r\n\t\n\n<figure class=\"wp-block-video\"><\/figure>\n\n\n\n<p>Printable recipe \/ Receta Imprimible:<br><a href=\"https:\/\/wpcdn.web.wsu.edu\/extension\/uploads\/sites\/57\/2020\/06\/18-sesame-broccoli.pdf\">Sesame Broccoli \/ Br\u00f3coli en Ajonjol\u00ed<\/a> (PDF)<\/p>\n\n<\/div>\r\n\n<\/div>\n\n<div class=\"wsu-row wsu-row--thirds\" >\r\n    \n<div class=\"wsu-column\"  style=\"\">\r\n\t\n\n<figure class=\"wp-block-video\"><\/figure>\n\n\n\n<p>Printable recipe \/ Receta Imprimible:<br><a href=\"https:\/\/wpcdn.web.wsu.edu\/extension\/uploads\/sites\/57\/2020\/06\/19-celery-radish-salad.pdf\">Celery Radish Salad \/ Ensalada de apio y r\u00e1bano<\/a> (PDF)<\/p>\n\n<\/div>\r\n\n\n<div class=\"wsu-column\"  style=\"\">\r\n\t\n\n<figure class=\"wp-block-video\"><\/figure>\n\n\n\n<p>Printable recipe \/ Receta Imprimible:<br><a href=\"https:\/\/wpcdn.web.wsu.edu\/extension\/uploads\/sites\/57\/2020\/06\/20-farmers-market-salad.pdf\">Farmers Market Salad \/ Salsa de Verduras Frescas<\/a> (PDF)<\/p>\n\n<\/div>\r\n\n\n<div class=\"wsu-column\"  style=\"\">\r\n\t\n\n<figure class=\"wp-block-video\"><\/figure>\n\n\n\n<p>Printable recipe \/ Receta Imprimible:<br><a href=\"https:\/\/wpcdn.web.wsu.edu\/extension\/uploads\/sites\/57\/2020\/06\/21-bell-pepper_nachos.pdf\">Bell Pepper Nachos \/ Nachos con Chile Campana<\/a>  (PDF)<\/p>\n\n<\/div>\r\n\n<\/div>\n\n<div class=\"wsu-row wsu-row--thirds\" >\r\n    \n<div class=\"wsu-column\"  style=\"\">\r\n\t\n\n<figure class=\"wp-block-video\"><\/figure>\n\n\n\n<p>Printable recipe \/ Receta Imprimible:<br><a href=\"https:\/\/wpcdn.web.wsu.edu\/extension\/uploads\/sites\/57\/2020\/06\/22-comfy-green-quick-skillet-style.pdf\">Comfy Greens Quick-Skillet Style \/ Verduras de sart\u00e9n r\u00e1pida<\/a>  (PDF)<\/p>\n\n<\/div>\r\n\n\n<div class=\"wsu-column\"  style=\"\">\r\n\t\n\n<figure class=\"wp-block-video\"><\/figure>\n\n\n\n<p>Printable recipe \/ Receta Imprimible:<br><a href=\"https:\/\/wpcdn.web.wsu.edu\/extension\/uploads\/sites\/57\/2020\/06\/23-bruschetta-salad.pdf\">Bruschetta Salad \/ Ensalada de Tomate y Albahaca (Bruschetta)<\/a>  (PDF)<\/p>\n\n<\/div>\r\n\n\n<div class=\"wsu-column\"  style=\"\">\r\n\t\n\n<figure class=\"wp-block-video\"><\/figure>\n\n\n\n<p>Printable recipe \/ Receta Imprimible:<br><a href=\"https:\/\/wpcdn.web.wsu.edu\/extension\/uploads\/sites\/57\/2020\/06\/24-roasted-bell-pepper.pdf\">Roasted Bell Pepper \/ Chiles Campana Asados<\/a>  (PDF)<\/p>\n\n<\/div>\r\n\n<\/div>\n\n<div class=\"wsu-row wsu-row--thirds\" >\r\n    \n<div class=\"wsu-column\"  style=\"\">\r\n\t\n\n<figure class=\"wp-block-video\"><\/figure>\n\n\n\n<p>Printable recipe \/ Receta Imprimible:<br><a href=\"https:\/\/wpcdn.web.wsu.edu\/extension\/uploads\/sites\/57\/2020\/06\/25-roasted-honey-mustard-brussel-sprouts.pdf\">Roasted Honey Mustard Brussels Sprouts \/ Coles de Bruselas Asadas con Miel y Mostaza<\/a>  (PDF)<\/p>\n\n<\/div>\r\n\n\n<div class=\"wsu-column\"  style=\"\">\r\n\t\n\n<figure class=\"wp-block-video\"><\/figure>\n\n\n\n<p>Printable recipe \/ Receta Imprimible:<br><a href=\"https:\/\/wpcdn.web.wsu.edu\/extension\/uploads\/sites\/57\/2020\/06\/26-sweet-and-sour-cabbage.pdf\">Sweet and Sour Cabbage \/ Repollo Agridulce<\/a>  (PDF)<\/p>\n\n<\/div>\r\n\n\n<div class=\"wsu-column\"  style=\"\">\r\n\t\n\n<figure class=\"wp-block-video\"><\/figure>\n\n\n\n<p>Printable recipe \/ Receta Imprimible:<br><a href=\"https:\/\/wpcdn.web.wsu.edu\/extension\/uploads\/sites\/57\/2020\/06\/27-roasted-parsnips.pdf\">Roasted Parsnips and Carrots \/ Chiriv\u00eda y Zanahoria Horneadas<\/a>  (PDF)<\/p>\n\n<\/div>\r\n\n<\/div>\n\n<div class=\"wsu-row wsu-row--thirds\" >\r\n    \n<div class=\"wsu-column\"  style=\"\">\r\n\t\n\n<figure class=\"wp-block-video\"><\/figure>\n\n\n\n<p>Printable recipe \/ Receta Imprimible:<br><a href=\"https:\/\/wpcdn.web.wsu.edu\/extension\/uploads\/sites\/57\/2020\/06\/28-roasted-radish.pdf\">Roasted Radishes \/ R\u00e1banos Asados<\/a>  (PDF)<\/p>\n\n<\/div>\r\n\n\n<div class=\"wsu-column\"  style=\"\">\r\n\t\n\n<figure class=\"wp-block-video\"><\/figure>\n\n\n\n<p>Printable recipe \/ Receta Imprimible:<br><a href=\"https:\/\/wpcdn.web.wsu.edu\/extension\/uploads\/sites\/57\/2020\/06\/29-bok-choy-stir-fry.pdf\">Bok Choy Stir Fry \/ Sofrito de Col China<\/a>  (PDF)<\/p>\n\n<\/div>\r\n\n\n<div class=\"wsu-column\"  style=\"\">\r\n\t\n\n<figure class=\"wp-block-video\"><\/figure>\n\n\n\n<p>Printable recipe \/ Receta Imprimible:<br><a href=\"https:\/\/wpcdn.web.wsu.edu\/extension\/uploads\/sites\/57\/2020\/06\/30-leek-and-apple-sautee.pdf\">Saut\u00e9ed Leeks and Apples \/ Puerros y Manzanas Salteados<\/a>  (PDF)<\/p>\n\n<\/div>\r\n\n<\/div>\n\n<div class=\"wsu-row wsu-row--thirds\" >\r\n    \n<div class=\"wsu-column\"  style=\"\">\r\n\t\n\n<figure class=\"wp-block-video\"><\/figure>\n\n\n\n<p>Printable recipe \/ Receta Imprimible:<br><a href=\"https:\/\/wpcdn.web.wsu.edu\/extension\/uploads\/sites\/57\/2020\/06\/31-mashed-celery-root.pdf\">Mashed Celery Root (Celeriac) \/ Pur\u00e9 de Ra\u00edz de Apio (Apio Nabo)<\/a>  (PDF)<\/p>\n\n<\/div>\r\n\n\n<div class=\"wsu-column\"  style=\"\">\r\n\t\n\n<figure class=\"wp-block-video\"><\/figure>\n\n\n\n<p>Printable recipe \/ Receta Imprimible:<br><a href=\"https:\/\/wpcdn.web.wsu.edu\/extension\/uploads\/sites\/57\/2020\/06\/32-cauliflower_salad.pdf\">Cauliflower Salad \/ Ensalada de Coliflor<\/a>  (PDF)<\/p>\n\n<\/div>\r\n\n\n<div class=\"wsu-column\"  style=\"\">\r\n\t\n\n<figure class=\"wp-block-video\"><\/figure>\n\n\n\n<p>Printable recipe \/ Receta Imprimible:<br><a href=\"https:\/\/wpcdn.web.wsu.edu\/extension\/uploads\/sites\/57\/2020\/06\/33-apple-beet-salad.pdf\">Apple Beet Salad \/ Ensalada de Betabeles y Manzana<\/a>  (PDF)<\/p>\n\n<\/div>\r\n\n<\/div>\n\n<div class=\"wsu-row wsu-row--thirds\" >\r\n    \n<div class=\"wsu-column\"  style=\"\">\r\n\t\n\n<figure class=\"wp-block-video\"><\/figure>\n\n\n\n<p>Printable recipe \/ Receta Imprimible:<br><a href=\"https:\/\/wpcdn.web.wsu.edu\/extension\/uploads\/sites\/57\/2020\/06\/34-winter-squash.pdf\">Winter Squash \/ C\u00f3mo Cocinar la Calabaza de Invierno<\/a> (PDF)<\/p>\n\n<\/div>\r\n\n\n<div class=\"wsu-column\"  style=\"\">\r\n\t\n\n<figure class=\"wp-block-video\"><\/figure>\n\n\n\n<p>Printable recipe \/ Receta Imprimible:<br><a href=\"https:\/\/wpcdn.web.wsu.edu\/extension\/uploads\/sites\/57\/2020\/06\/35-spaghetti-squash.pdf\">Spaghetti Squash \/ Calabaza Espagueti<\/a>  (PDF)<\/p>\n\n<\/div>\r\n\n\n<div class=\"wsu-column\"  style=\"\">\r\n\t\n\n<figure class=\"wp-block-video\"><\/figure>\n\n\n\n<p>Printable recipe \/ Receta Imprimible:<br><a href=\"https:\/\/wpcdn.web.wsu.edu\/extension\/uploads\/sites\/57\/2020\/06\/36-squash-squares.pdf\">Squash Squares \/ Calabac\u00edn en Cuadros<\/a>  (PDF)<\/p>\n\n<\/div>\r\n\n<\/div>\n\n<div class=\"wsu-row wsu-row--thirds\" >\r\n    \n<div class=\"wsu-column\"  style=\"\">\r\n\t\n\n<figure class=\"wp-block-video\"><\/figure>\n\n\n\n<p>Printable recipe \/ Receta Imprimible:<br><a href=\"https:\/\/wpcdn.web.wsu.edu\/extension\/uploads\/sites\/57\/2020\/06\/37-kale-apple-salad.pdf\">Kale Apple Salad \/ Ensalada de Col Rizada y Manzana<\/a> (PDF)<\/p>\n\n<\/div>\r\n\n\n<div class=\"wsu-column\"  style=\"\">\r\n\t<\/div>\r\n\n\n<div class=\"wsu-column\"  style=\"\">\r\n\t<\/div>\r\n\n<\/div>","protected":false},"excerpt":{"rendered":"<p>Enjoy nutritious produce from your local farms or garden using these simple and delicious recipes! Recipes are listed in order of the harvest season. &amp;nbsp; &amp;nbsp;Cooking DemosPrintable Recipe \/ Receta Imprimible: https:\/\/wpcdn.web.wsu.edu\/wp-extension\/uploads\/sites\/2073\/2020\/08\/Week-2-Rosemary-Vin.pdfPrintable Recipe \/ Receta&amp;hellip;<\/p>\n","protected":false},"author":0,"featured_media":0,"parent":0,"menu_order":0,"comment_status":"closed","ping_status":"closed","template":"","meta":{"_mi_skip_tracking":false,"_expiration_date":""},"categories":[51],"tags":[],"cahnrs_clean_page_nonce":"","_links":{"self":[{"href":"https:\/\/extension.wsu.edu\/skagit\/wp-json\/wp\/v2\/pages\/14190"}],"collection":[{"href":"https:\/\/extension.wsu.edu\/skagit\/wp-json\/wp\/v2\/pages"}],"about":[{"href":"https:\/\/extension.wsu.edu\/skagit\/wp-json\/wp\/v2\/types\/page"}],"replies":[{"embeddable":true,"href":"https:\/\/extension.wsu.edu\/skagit\/wp-json\/wp\/v2\/comments?post=14190"}],"version-history":[{"count":6,"href":"https:\/\/extension.wsu.edu\/skagit\/wp-json\/wp\/v2\/pages\/14190\/revisions"}],"predecessor-version":[{"id":26883,"href":"https:\/\/extension.wsu.edu\/skagit\/wp-json\/wp\/v2\/pages\/14190\/revisions\/26883"}],"wp:attachment":[{"href":"https:\/\/extension.wsu.edu\/skagit\/wp-json\/wp\/v2\/media?parent=14190"}],"wp:term":[{"taxonomy":"category","embeddable":true,"href":"https:\/\/extension.wsu.edu\/skagit\/wp-json\/wp\/v2\/categories?post=14190"},{"taxonomy":"post_tag","embeddable":true,"href":"https:\/\/extension.wsu.edu\/skagit\/wp-json\/wp\/v2\/tags?post=14190"}],"curies":[{"name":"wp","href":"https:\/\/api.w.org\/{rel}","templated":true}]}}