{"id":15273,"date":"2020-10-27T10:23:15","date_gmt":"2020-10-27T17:23:15","guid":{"rendered":"https:\/\/extension.wsu.edu\/skagit\/?page_id=15273"},"modified":"2025-11-12T09:28:12","modified_gmt":"2025-11-12T17:28:12","slug":"agrability_espanol","status":"publish","type":"page","link":"https:\/\/extension.wsu.edu\/skagit\/agrability_espanol\/","title":{"rendered":"Proyecto AgrAbility del estado de Washington"},"content":{"rendered":"<div class=\"wsu-row wsu-row--single\" >\r\n    \n<div class=\"wsu-column\"  style=\"\">\r\n\t\n\n<p><\/p>\n\n\n\n<h2 class=\"wp-block-heading\">Soluciones pr\u00e1cticas para agricultores y trabajadores agr\u00edcolas<\/h2>\n\n\n\n<p>\u00bfUsted o alguien que conoce tiene dificultades para trabajar debido a una lesi\u00f3n o problema de salud?<\/p>\n\n<\/div>\r\n\n<\/div>\n\n\n<p><\/p>\n\n\n<div class=\"wsu-row wsu-row--thirds\" >\r\n    \n<div class=\"wsu-column\"  style=\"\">\r\n\t\n\n<p><\/p>\n\n\n\n<h3 class=\"wp-block-heading\"><strong>\u00bfQu\u00e9 es Washington AgrAbility? <\/strong><\/h3>\n\n\n\n<p>Washington AgrAbility ofrece servicios de consulta y educaci\u00f3n para conectarlo\/a usted y a su familia a recursos que promueven el bienestar en el trabajo y reducir el riesgo de una segunda lesi\u00f3n. El proyecto AgrAbility del estado de Washington no compra equipaje individual, sin embargo, usted va a hacer conectado a recursos que est\u00e1n disponibles.[\/textblock]<\/p>\n\n<\/div>\r\n\n\n<div class=\"wsu-column\"  style=\"\">\r\n\t\n\n<p><\/p>\n\n\n\n<h3 class=\"wp-block-heading\"><strong>C\u00f3mo le podemos ayudar<\/strong><\/h3>\n\n\n\n<ul>\n<li>Proveer educaci\u00f3n sobre pr\u00e1cticas, alojamientos, y herramientas disponibles para asegurar un regreso seguro a su trabajo despu\u00e9s de una lesi\u00f3n o preocupaci\u00f3n de salud<\/li>\n\n\n\n<li>Colaboraci\u00f3n con socios, proveedores y agencias para asegurar que la informaci\u00f3n y la entrega de servicios est\u00e9n disponibles para agricultores y trabajadores agr\u00edcolas cuando regresen al trabajo<\/li>\n<\/ul>\n\n\n\n<p><\/p>\n\n<\/div>\r\n\n\n<div class=\"wsu-column\"  style=\"\">\r\n\t\n\n<p><\/p>\n\n\n\n<h3 class=\"wp-block-heading\"><strong>\u00bfQui\u00e9n puede usar AgrAbility?<\/strong><\/h3>\n\n\n\n<p>Cualquier persona que trabaje en la agricultura y est\u00e1 experimentando lo siguiente:<\/p>\n\n\n\n<ul>\n<li>Artritis<\/li>\n\n\n\n<li>Lesi\u00f3n de la m\u00e9dula espinal\/par\u00e1lisis<\/li>\n\n\n\n<li>Dolor de espalda<\/li>\n\n\n\n<li>Amputaciones<\/li>\n\n\n\n<li>Lesiones de cabeza o cerebro<\/li>\n\n\n\n<li>Discapacidad visual y auditiva<\/li>\n\n\n\n<li>Trastorno por estr\u00e9s postraum\u00e1tico (TEPT)<\/li>\n\n\n\n<li>Preocupaciones de salud mental<\/li>\n\n\n\n<li>Problemas respiratorios<\/li>\n\n\n\n<li>Problemas cardiacos y accidentes cerebrovasculares<\/li>\n<\/ul>\n\n\n\n<p><\/p>\n\n<\/div>\r\n\n<\/div>\n\n\n<p><\/p>\n\n\n<div class=\"wsu-row wsu-row--halves\" >\r\n    \n<div class=\"wsu-column\"  style=\"\">\r\n\t\n\n<p><\/p>\n\n\n\n<h4 class=\"wp-block-heading\">La agricultura puede ser estresante- Usted no est\u00e1 solo<\/h4>\n\n\n\n<p><\/p>\n\n<\/div>\r\n\n\n<div class=\"wsu-column\"  style=\"\">\r\n\t\n\n<p><\/p>\n\n<\/div>\r\n\n<\/div>\n\n\n<p><\/p>\n\n\n<div class=\"wsu-row wsu-row--single\" >\r\n    \n<div class=\"wsu-column\"  style=\"\">\r\n\t\n\n<p><em>El Proyecto nacional de AgrAbility es apoyado por el proyecto especial de USDA\/NIFA 2019-41590-3028. La extensi\u00f3n de la Universidad Estatal de Washington es una instituci\u00f3n de igualdad de acceso y de oportunidades.<\/em><\/p>\n\n\n\n<p><\/p>\n\n<\/div>\r\n\n<\/div>\n        <div id=\"cahnrs-back-to-top\" class=\"cahnrs-back-to-top\" hidden aria-hidden=\"true\">\n            <a id=\"cahnrs-back-to-top-btn\" class=\"cahnrs-back-to-top__btn\" href=\"#product-top\" aria-label=\"Back to top\">\n                <span class=\"cahnrs-back-to-top__icon\" aria-hidden=\"true\">\u2191<\/span>\n                <span class=\"cahnrs-back-to-top__label\">Back to top<\/span>\n            <\/a>\n        <\/div>","protected":false},"excerpt":{"rendered":"<p>Soluciones pr\u00e1cticas para agricultores y trabajadores agr\u00edcolas \u00bfUsted o alguien que conoce tiene dificultades para trabajar debido a una lesi\u00f3n o problema de salud?[action label=&quot;In English&quot; link=&quot;https:\/\/extension.wsu.edu\/skagit\/agrability\/&quot; ][action label=&quot;Con\u00e9ctate con nosotros&quot; link=&quot;https:\/\/extension.wsu.edu\/skagit\/agrabilityteam\/&quot; ][action label=&quot;Biblioteca de&amp;hellip;<\/p>\n","protected":false},"author":0,"featured_media":14485,"parent":0,"menu_order":0,"comment_status":"closed","ping_status":"closed","template":"","meta":{"_mi_skip_tracking":false,"_expiration_date":""},"categories":[],"tags":[],"cahnrs_clean_page_nonce":"","_links":{"self":[{"href":"https:\/\/extension.wsu.edu\/skagit\/wp-json\/wp\/v2\/pages\/15273"}],"collection":[{"href":"https:\/\/extension.wsu.edu\/skagit\/wp-json\/wp\/v2\/pages"}],"about":[{"href":"https:\/\/extension.wsu.edu\/skagit\/wp-json\/wp\/v2\/types\/page"}],"replies":[{"embeddable":true,"href":"https:\/\/extension.wsu.edu\/skagit\/wp-json\/wp\/v2\/comments?post=15273"}],"version-history":[{"count":3,"href":"https:\/\/extension.wsu.edu\/skagit\/wp-json\/wp\/v2\/pages\/15273\/revisions"}],"predecessor-version":[{"id":26730,"href":"https:\/\/extension.wsu.edu\/skagit\/wp-json\/wp\/v2\/pages\/15273\/revisions\/26730"}],"wp:featuredmedia":[{"embeddable":true,"href":"https:\/\/extension.wsu.edu\/skagit\/wp-json\/wp\/v2\/media\/14485"}],"wp:attachment":[{"href":"https:\/\/extension.wsu.edu\/skagit\/wp-json\/wp\/v2\/media?parent=15273"}],"wp:term":[{"taxonomy":"category","embeddable":true,"href":"https:\/\/extension.wsu.edu\/skagit\/wp-json\/wp\/v2\/categories?post=15273"},{"taxonomy":"post_tag","embeddable":true,"href":"https:\/\/extension.wsu.edu\/skagit\/wp-json\/wp\/v2\/tags?post=15273"}],"curies":[{"name":"wp","href":"https:\/\/api.w.org\/{rel}","templated":true}]}}