{"id":2207,"date":"2014-09-18T11:19:26","date_gmt":"2014-09-18T18:19:26","guid":{"rendered":"http:\/\/ext100.wsu.edu\/skagit\/?page_id=2207"},"modified":"2025-11-12T14:05:31","modified_gmt":"2025-11-12T22:05:31","slug":"cultivating-success","status":"publish","type":"page","link":"https:\/\/extension.wsu.edu\/skagit\/agriculture\/cultivating-success\/","title":{"rendered":"Cultivating Success\/Cultivando \u00c9xito"},"content":{"rendered":"<div class=\"wsu-hero wsu-width--full wsu-pattern--wsu-light-radial-left  wsu-hero--size-small \">\n\t\n\t<div class=\"wsu-image-frame wsu-image-frame--fill\">\n\t<img decoding=\"async\" src=\"https:\/\/wpcdn.web.wsu.edu\/extension\/uploads\/sites\/57\/2025\/09\/Small-Farm.jpg\"\n\t\tsrcset=\"https:\/\/wpcdn.web.wsu.edu\/extension\/uploads\/sites\/57\/2025\/09\/Small-Farm.jpg 1145w, https:\/\/wpcdn.web.wsu.edu\/extension\/uploads\/sites\/57\/2025\/09\/Small-Farm.jpg 396w, https:\/\/wpcdn.web.wsu.edu\/extension\/uploads\/sites\/57\/2025\/09\/Small-Farm.jpg 792w, https:\/\/wpcdn.web.wsu.edu\/extension\/uploads\/sites\/57\/2025\/09\/Small-Farm.jpg 768w\"\n\t\tsizes=\"(max-width: 1145px) 100vw, 1145px\"\n\t\talt=\"farmer scaning new planting of vegetables\"\n\t\tstyle=\"object-position: 27% 66%\"\n\t\t\/>\n<\/div>\n\n\t<div class=\"wsu-overlay wsu-pattern-after wsu-overlay--light wsu-pattern--wsu-light-radial-left\"><\/div>\n\t<div class=\"wsu-hero__content\">\n\t\t<div class=\"wsu-hero__caption\">\n\t\t\t\t\t\t<div class=\"wsu-eyebrow-header\">\n\t\t\t\tWSU Extension\t\t\t<\/div>\n\t\t\t\t\t\t\t\t\t<h1 id=\"title-id-69e3e2b5d8a60\" class=\"wsu-title wsu-hero__title\"><span>Cultivating Success \/ Cultivando \u00c9xito<\/span><\/h1>\n\t\t\t\t\t\t\t\t\t<div class=\"wsu-caption wsu-hero__copy\">\n\t\t\t\tOur Cultivating Success Program offers courses\u00a0that\u00a0provide beginning and\u00a0existing farmers with the planning\u00a0and decision-making tools, production skills and support necessary to develop a sustainable small acreage farm.\t\t\t<\/div>\n\t\t\t\t\t\t\t\t<\/div>\n\t\t\t<\/div>\n<\/div>\n\n\n<div class=\"wsu-row wsu-row--single\" >\r\n    \n<div class=\"wsu-column\"  style=\"\">\r\n\t\n\n<p>Cultivating Success connects the student with the farmers and local resources through a community-based, experiential course and is a great educational opportunity for anyone interested in the knowledge and skills you need to be a successful small acreage farmer or rancher.<\/p>\n\n\n\n<p><em>Nuestro programa &#8216;Cultivando \u00c9xito&#8217; ofrece cursos que proveen a los productores principiantes con herramientas para la planificaci\u00f3n y la toma de decisiones en la granja, as\u00ed como con conocimiento sobre producci\u00f3n y manejo de negocios para desarrollar una finca\/granja de peque\u00f1a escala de forma sostenible. Cultivando \u00c9xito conecta a los participantes con productores y recursos locales, facilita experiencias en la comunidad y es una buena oportunidad para cualquier persona interesada en obtener el conocimiento y las habilidades necesarias para ser un agricultor exitoso.<\/em><\/p>\n\n\n\n<hr class=\"wp-block-separator has-alpha-channel-opacity\" \/>\n\n<\/div>\r\n\n<\/div>\n\n<div class=\"wsu-row wsu-row--side-left\" >\r\n    \n<div class=\"wsu-column\"  style=\"\">\r\n\t\n\n<figure class=\"wp-block-image size-full\"><img decoding=\"async\" src=\"https:\/\/wpcdn.web.wsu.edu\/extension\/uploads\/sites\/57\/2024\/07\/Cultivating-Success-2024-social-media-2.png\" alt=\"WSU Cultivating Success Whole Farm Planning\" \/><\/figure>\n\n<\/div>\r\n\n\n<div class=\"wsu-column\"  style=\"\">\r\n\t\n\n<h2 class=\"wp-block-heading\">&nbsp;<strong>Whole Farm Planning: Sustainable Small Acreage Farming and Ranching<\/strong><\/h2>\n\n\n\n<p>This fall course will cover a broad range of topics and decision-making tools for you to create a successful small farm enterprise!<\/p>\n\n\n\n<p><span data-contrast=\"auto\">Cultivating Success\u2122: Whole Farm Planning will walk you through a step-by-step process, to help you prepare a well thought out plan for your land, life, and farm business. Learn how to use a whole\u00a0system\u00a0lens to create a living plan for your small farm future. Classes will meet weekly through Zoom, in an online classroom environment and you will be able to connect with a statewide community of other aspiring farm planners. Leave with tools for\u00a0decision\u00a0making and a road map to plan for your farming endeavors. Includes many opportunities for networking and community building in smaller breakout groups too! Come build a solid plan for a farm or food business that suites you.\u00a0\u00a0<\/span><\/p>\n\n\n\n<h2 class=\"wp-block-heading\">Fall Class Schedule<\/h2>\n\n\n\n<p>Class meets&nbsp;weekly on&nbsp;Mondays&nbsp;from 6-8pm<\/p>\n\n\n\n<p>Online course through Zoom with regional in-person field trip opportunities throughout the state in October every year.<\/p>\n\n\n\n<p><strong>$200 course registration per farm<\/strong>&nbsp;(up to 3 participants). Scholarships available for anyone for&nbsp;whom&nbsp;the course fee is a barrier.<\/p>\n\n\n\n<h3 class=\"wp-block-heading\"><a href=\"https:\/\/www.cultivatingsuccesswa.org\/whole-farm-planning\">cultivatingsuccesswa.org<\/a><br><\/h3>\n\n\n\n<h3 class=\"wp-block-heading\">Planificaci\u00f3n de toda la granja: <br>Agricultura Sostenible de Peque\u00f1a Escala<\/h3>\n\n\n\n<p><em><span class=\"TextRun SCXW176095569 BCX0\" lang=\"ES-US\" xml:lang=\"ES-US\" data-contrast=\"auto\"><span class=\"NormalTextRun SpellingErrorV2 SCXW176095569 BCX0\">Cultivating<\/span><span class=\"NormalTextRun SCXW176095569 BCX0\">&nbsp;<\/span><span class=\"NormalTextRun SpellingErrorV2 SCXW176095569 BCX0\">Success<\/span><span class=\"NormalTextRun SCXW176095569 BCX0\"> \u2122: En el curso &#8216;<\/span><span class=\"NormalTextRun SCXW176095569 BCX0\">Planificaci\u00f3n de toda la granja&#8217; se<\/span><span class=\"NormalTextRun SCXW176095569 BCX0\">&nbsp;l<\/span><span class=\"NormalTextRun SCXW176095569 BCX0\">e <\/span><\/span><\/em><em><span class=\"TextRun SCXW176095569 BCX0\" lang=\"ES-US\" xml:lang=\"ES-US\" data-contrast=\"auto\"><span class=\"NormalTextRun SCXW176095569 BCX0\">guiar\u00e1&nbsp;<\/span><\/span><\/em><em><span class=\"TextRun SCXW176095569 BCX0\" lang=\"ES-US\" xml:lang=\"ES-US\" data-contrast=\"auto\"><span class=\"NormalTextRun SCXW176095569 BCX0\">paso a paso <\/span><\/span><\/em><em><span class=\"TextRun SCXW176095569 BCX0\" lang=\"ES-US\" xml:lang=\"ES-US\" data-contrast=\"auto\"><span class=\"NormalTextRun SCXW176095569 BCX0\">en el proceso para preparar un plan estrat\u00e9gico para su terreno, su vida y su negocio agr\u00edcola. <\/span><span class=\"NormalTextRun SCXW176095569 BCX0\">Le ense\u00f1aremos a utilizar un enfoque hol\u00edstico sobre nuestros sistemas para que planifique el futuro de su granja de peque\u00f1a escala.\u202f<\/span><span class=\"NormalTextRun SCXW176095569 BCX0\">Las clases tomar\u00e1n lugar semanalmente a trav\u00e9s de <\/span><span class=\"NormalTextRun SCXW176095569 BCX0\">Zoom<\/span><span class=\"NormalTextRun SCXW176095569 BCX0\">,<\/span><span class=\"NormalTextRun SCXW176095569 BCX0\">&nbsp;<\/span><span class=\"NormalTextRun SCXW176095569 BCX0\">en un ambiente de aula en l\u00ednea. P<\/span><span class=\"NormalTextRun SCXW176095569 BCX0\">odr\u00e1 conectarse con la comunidad y con personas intresadas en la <\/span><span class=\"NormalTextRun SCXW176095569 BCX0\">agricultura a lo largo de todo el <\/span><\/span><\/em><em><span class=\"TextRun SCXW176095569 BCX0\" lang=\"ES-US\" xml:lang=\"ES-US\" data-contrast=\"auto\"><span class=\"NormalTextRun SCXW176095569 BCX0\">estado<\/span><\/span><\/em><em><span class=\"TextRun SCXW176095569 BCX0\" lang=\"ES-US\" xml:lang=\"ES-US\" data-contrast=\"auto\"><span class=\"NormalTextRun SCXW176095569 BCX0\">.&nbsp;<\/span><span class=\"NormalTextRun SCXW176095569 BCX0\">Obtendr\u00e1 herramientas para la toma de decisiones y para poner en marcha su plan agr\u00edcola. <\/span><span class=\"NormalTextRun SCXW176095569 BCX0\">Tambi\u00e9n incluye muchas oportunidades para fortalecer sus<\/span><span class=\"NormalTextRun SCXW176095569 BCX0\">&nbsp;red<\/span><span class=\"NormalTextRun SCXW176095569 BCX0\">es sociales e interactuar con la <\/span><span class=\"NormalTextRun SCXW176095569 BCX0\">comunidad<\/span><span class=\"NormalTextRun SCXW176095569 BCX0\"> a trav\u00e9s de sesiones en grupos peque\u00f1os en Zoom \u00a1<\/span><span class=\"NormalTextRun SCXW176095569 BCX0\">Le invitamos a construir un plan s\u00f3lido para su futura granja o negocio <\/span><span class=\"NormalTextRun SCXW176095569 BCX0\">a<\/span><span class=\"NormalTextRun SCXW176095569 BCX0\">gr\u00edcola,<\/span><span class=\"NormalTextRun SCXW176095569 BCX0\"> adaptado a sus necesidades!<\/span><\/span><\/em><\/p>\n\n\n\n<p><span data-ccp-props=\"{&quot;201341983&quot;:0,&quot;335559739&quot;:0,&quot;335559740&quot;:240}\">\u00a0<\/span><\/p>\n\n\n\n<p><a href=\"https:\/\/www.cultivatingsuccesswa.org\/whole-farm-planning\">whole-farm-planning<\/a><\/p>\n\n<\/div>\r\n\n<\/div>\n\n<div class=\"wsu-row wsu-row--single\" >\r\n    \n<div class=\"wsu-column\"  style=\"\">\r\n\t\n\n<hr class=\"wp-block-separator has-alpha-channel-opacity\" \/>\n\n<\/div>\r\n\n<\/div>\n\n<div class=\"wsu-row wsu-row--side-left\" >\r\n    \n<div class=\"wsu-column\"  style=\"\">\r\n\t\n\n<figure class=\"wp-block-image size-full\"><img decoding=\"async\" src=\"https:\/\/wpcdn.web.wsu.edu\/extension\/uploads\/sites\/57\/2022\/01\/CS-AgEnt-1.png\" alt=\"Agricultural Entrepreneurship and Business Planning\" \/><\/figure>\n\n<\/div>\r\n\n\n<div class=\"wsu-column\"  style=\"\">\r\n\t\n\n<h3 class=\"wp-block-heading\"><strong>Agricultural Entrepreneurship and Business Planning<\/strong><\/h3>\n\n\n\n<p>Take your farm business to the next level with this winter course. A unique combination of guest speakers, in class discussion and assignments, this course dives into the business side of running a farm, from sales and marketing to financial management. At the end of the course, you will have the core elements of a business plan to guide your farm forward. Scholarships available.<\/p>\n\n\n\n<p><a href=\"https:\/\/www.cultivatingsuccesswa.org\/agricultural-entrepreneurship\">agricultural-entrepreneurship<\/a><\/p>\n\n\n\n<h3 class=\"wp-block-heading\"><strong>Planificaci\u00f3n del Negocio agr\u00edcola<\/strong><\/h3>\n\n\n\n<p>Lleve su negocio agr\u00edcola al pr\u00f3ximo nivel con este curso del invierno. Con una combinaci\u00f3n \u00fanica de presentadores, platicas en grupo y ensayos, este curso se enfocar\u00e1 en el manejo del negocio agr\u00edcola utilizando recursos sobre ventas, mercadeo, finanzas, e impuestos. \u00a0Al final del curso, habr\u00e1 desarrollado un plan de negocios que le servir\u00e1 como gu\u00eda para construir su negocio agr\u00edcola. Hay becas disponibles.<\/p>\n\n\n\n<p><strong>Mas informaci\u00f3n<br><\/strong><a href=\"https:\/\/www.cultivatingsuccesswa.org\/agricultural-entrepreneurship\">agricultural-entrepreneurship<\/a><br>(360) 399-6052<\/p>\n\n<\/div>\r\n\n<\/div>\n\n\n<hr class=\"wp-block-separator has-alpha-channel-opacity\" \/>\n\n\n<div class=\"breadcrumbs \" typeof=\"BreadcrumbList\" vocab=\"https:\/\/schema.org\/\"><span property=\"itemListElement\" typeof=\"ListItem\"><a property=\"item\" typeof=\"WebPage\" title=\"Go to WSU Extension.\" href=\"https:\/\/extension.wsu.edu\/\" class=\"main-home\" ><span property=\"name\">WSU Extension<\/span><\/a><meta property=\"position\" content=\"1\"><\/span> &gt; <span property=\"itemListElement\" typeof=\"ListItem\"><a property=\"item\" typeof=\"WebPage\" title=\"Go to Skagit County.\" href=\"https:\/\/extension.wsu.edu\/skagit\" class=\"home\" ><span property=\"name\">Skagit County<\/span><\/a><meta property=\"position\" content=\"2\"><\/span> &gt; <span property=\"itemListElement\" typeof=\"ListItem\"><a property=\"item\" typeof=\"WebPage\" title=\"Go to News.\" href=\"https:\/\/extension.wsu.edu\/skagit\/news\/\" class=\"post-root post post-post\" aria-current=\"page\"><span property=\"name\">News<\/span><\/a><meta property=\"position\" content=\"3\"><\/span><\/div>","protected":false},"excerpt":{"rendered":"<p>Our Cultivating Success Program offers courses\u00a0that\u00a0provide beginning and\u00a0existing farmers with the planning\u00a0and decision-making tools, production skills and support necessary to develop a sustainable small acreage farm.\u00a0Cultivating Success connects the student with the farmers and local&amp;hellip;<\/p>\n","protected":false},"author":0,"featured_media":0,"parent":23,"menu_order":0,"comment_status":"closed","ping_status":"closed","template":"","meta":{"_mi_skip_tracking":false,"_expiration_date":""},"categories":[],"tags":[],"cahnrs_clean_page_nonce":"","_links":{"self":[{"href":"https:\/\/extension.wsu.edu\/skagit\/wp-json\/wp\/v2\/pages\/2207"}],"collection":[{"href":"https:\/\/extension.wsu.edu\/skagit\/wp-json\/wp\/v2\/pages"}],"about":[{"href":"https:\/\/extension.wsu.edu\/skagit\/wp-json\/wp\/v2\/types\/page"}],"replies":[{"embeddable":true,"href":"https:\/\/extension.wsu.edu\/skagit\/wp-json\/wp\/v2\/comments?post=2207"}],"version-history":[{"count":16,"href":"https:\/\/extension.wsu.edu\/skagit\/wp-json\/wp\/v2\/pages\/2207\/revisions"}],"predecessor-version":[{"id":26780,"href":"https:\/\/extension.wsu.edu\/skagit\/wp-json\/wp\/v2\/pages\/2207\/revisions\/26780"}],"up":[{"embeddable":true,"href":"https:\/\/extension.wsu.edu\/skagit\/wp-json\/wp\/v2\/pages\/23"}],"wp:attachment":[{"href":"https:\/\/extension.wsu.edu\/skagit\/wp-json\/wp\/v2\/media?parent=2207"}],"wp:term":[{"taxonomy":"category","embeddable":true,"href":"https:\/\/extension.wsu.edu\/skagit\/wp-json\/wp\/v2\/categories?post=2207"},{"taxonomy":"post_tag","embeddable":true,"href":"https:\/\/extension.wsu.edu\/skagit\/wp-json\/wp\/v2\/tags?post=2207"}],"curies":[{"name":"wp","href":"https:\/\/api.w.org\/{rel}","templated":true}]}}