{"id":4642,"date":"2015-12-15T14:26:44","date_gmt":"2015-12-15T22:26:44","guid":{"rendered":"http:\/\/ext100.wsu.edu\/skagit\/?page_id=4642"},"modified":"2025-11-12T14:08:14","modified_gmt":"2025-11-12T22:08:14","slug":"agricultural-entrepreneurship-and-business-planning-course","status":"publish","type":"page","link":"https:\/\/extension.wsu.edu\/skagit\/agriculture\/cultivating-success\/agricultural-entrepreneurship-and-business-planning-course\/","title":{"rendered":"Agricultural Entrepreneurship and Business Planning"},"content":{"rendered":"\n<h2 class=\"wp-block-heading\">Take your farm business to the next level with this 12 week course<\/h2>\n\n\n\n<p>A unique combination of guest speakers, in class discussion and assignments, this course&nbsp;dives into&nbsp;the business side of running a farm, from sales and marketing to financial management.&nbsp;At the end of the course,&nbsp;you&nbsp;will have the&nbsp;core elements of a&nbsp;business plan to guide your farm forward.<\/p>\n\n\n\n<h3 class=\"wp-block-heading\">Thursdays January-March<\/h3>\n\n\n\n<p><em>WSU Skagit County Extension Office&nbsp;<\/em><em>11768 Westar Lane, Suite A Burlington, WA 98233<\/em><\/p>\n\n\n\n<p><em>WSU Island County Extension Office&nbsp;406 North Main Street, Coupeville WA 98239<\/em><\/p>\n\n\n\n<h3 class=\"wp-block-heading\"><a href=\"https:\/\/wpcdn.web.wsu.edu\/extension\/uploads\/sites\/57\/2019\/01\/AgEnt-Syllabus-2019.pdf\">Sample Syllabus (PDF)<\/a>\u00a0 \u00a0 \u00a0\u00a0<a href=\"https:\/\/extension.wsu.edu\/skagit\/?p=4646\">Readings and Resources<\/a><\/h3>\n\n\n\n<h3 class=\"wp-block-heading\"><strong>Planificacion del Negocio Agricola<\/strong><\/h3>\n\n\n\n<p>Lleve su negocio agr\u00edcola al pr\u00f3ximo nivel con este curso de 12 semanas. Una combinaci\u00f3n de presentadores, platicas en grupo y ensayos, este curso enfoque en la parte de la finca que es el manejo del negocio, de ventas y mercadeo hasta el manejo financiero y impuestos. &nbsp;Al fin del curso, tendr\u00e1 un plan de negocio agr\u00edcola para guiar su granja adelante.<\/p>\n\n\n\n<h3 class=\"wp-block-heading\">Los Jueves Enero &#8211; Marzo<\/h3>\n\n\n\n<p><em>WSU Skagit County Extension Office&nbsp;<\/em><em>11768 Westar Lane, Suite A Burlington, WA 98233<\/em><\/p>\n\n\n\n<h3 class=\"wp-block-heading\"><a href=\"https:\/\/wpcdn.web.wsu.edu\/extension\/uploads\/sites\/57\/2019\/01\/Descripcion-del-Curso-2019.pdf\">Cursos(PDF)<\/a><\/h3>\n","protected":false},"excerpt":{"rendered":"<p>Take your farm business to the next level with this 12 week course A unique combination of guest speakers, in class discussion and assignments, this course&nbsp;dives into&nbsp;the business side of [&hellip;]<\/p>\n","protected":false},"author":0,"featured_media":0,"parent":2207,"menu_order":0,"comment_status":"closed","ping_status":"closed","template":"","meta":{"_mi_skip_tracking":false,"_expiration_date":""},"categories":[],"tags":[],"cahnrs_clean_page_nonce":"","_links":{"self":[{"href":"https:\/\/extension.wsu.edu\/skagit\/wp-json\/wp\/v2\/pages\/4642"}],"collection":[{"href":"https:\/\/extension.wsu.edu\/skagit\/wp-json\/wp\/v2\/pages"}],"about":[{"href":"https:\/\/extension.wsu.edu\/skagit\/wp-json\/wp\/v2\/types\/page"}],"replies":[{"embeddable":true,"href":"https:\/\/extension.wsu.edu\/skagit\/wp-json\/wp\/v2\/comments?post=4642"}],"version-history":[{"count":7,"href":"https:\/\/extension.wsu.edu\/skagit\/wp-json\/wp\/v2\/pages\/4642\/revisions"}],"predecessor-version":[{"id":26782,"href":"https:\/\/extension.wsu.edu\/skagit\/wp-json\/wp\/v2\/pages\/4642\/revisions\/26782"}],"up":[{"embeddable":true,"href":"https:\/\/extension.wsu.edu\/skagit\/wp-json\/wp\/v2\/pages\/2207"}],"wp:attachment":[{"href":"https:\/\/extension.wsu.edu\/skagit\/wp-json\/wp\/v2\/media?parent=4642"}],"wp:term":[{"taxonomy":"category","embeddable":true,"href":"https:\/\/extension.wsu.edu\/skagit\/wp-json\/wp\/v2\/categories?post=4642"},{"taxonomy":"post_tag","embeddable":true,"href":"https:\/\/extension.wsu.edu\/skagit\/wp-json\/wp\/v2\/tags?post=4642"}],"curies":[{"name":"wp","href":"https:\/\/api.w.org\/{rel}","templated":true}]}}