{"id":27358,"date":"2020-06-01T12:52:34","date_gmt":"2020-06-01T19:52:34","guid":{"rendered":"https:\/\/extension.wsu.edu\/snohomish\/?page_id=27358"},"modified":"2025-10-17T08:48:22","modified_gmt":"2025-10-17T15:48:22","slug":"speakers","status":"publish","type":"page","link":"https:\/\/extension.wsu.edu\/snohomish\/sustainability-stewards\/speakers\/","title":{"rendered":"Sustainability Stewards &#8211; Speakers Series"},"content":{"rendered":"<div class=\"wsu-row wsu-row--sidebar-right\" >\r\n    \n<div class=\"wsu-column\"  style=\"\">\r\n\t\n\n<h2 class=\"wp-block-heading\">WSU Extension Sustainability Speaker Series<\/h2>\n\n\n\n<h3 class=\"wp-block-heading\">Sustainability Speaker Series 2023<\/h3>\n\n\n\n<p>You have questions. We have many answers and options! Join us for our WSU Sustainability Speaker Series where our ecological specialists will cover the most effective and efficient ways to contribute to your health, the well-being of your community, and our world.&nbsp; Check out our 2023 dates:<\/p>\n\n\n\n<p>Wednesday, June 14th 12PM &#8211; 1PM<\/p>\n\n\n\n<p>Our upcoming Sustainability Speaker is Carrie Brausieck, the Agroforestry Program Manager for the Snohomish Conservation District. Come learn about agroforestry during your lunch break!<\/p>\n\n\n\n<p><a href=\"https:\/\/tinyurl.com\/SS23-2\">Register for the Zoom meeting<\/a><\/p>\n\n\n\n<p>This program is offered in partnership with our&nbsp;<a href=\"https:\/\/extension.wsu.edu\/island\/nrs\/waste-wise\/\">Waste Wise Program<\/a>&nbsp;colleagues at&nbsp;<a href=\"https:\/\/extension.wsu.edu\/island\/\">WSU Extension, Island County.<\/a><\/p>\n\n<\/div>\r\n\n\n<div class=\"wsu-column\"  style=\"\">\r\n\t\n<section  class=\"wsu-section wsu-spacing-before--none\"  >\r\n        \n\n<h2 class=\"wp-block-heading\">Quick Links<\/h2>\n\n\n    <nav class=\"wsu-navigation-vertical wsu-vertical-menu\">\n        <ul id=\"wsu-site-menu\" class=\"wsu-menu-collapse wsu-menu-collapse--style-vertical\"><li><a href=\"https:\/\/extension.wsu.edu\/snohomish\/sustainability-stewards\/\">Sustainable Community Stewards<\/a><\/li>\n<li><a href=\"https:\/\/extension.wsu.edu\/snohomish\/sustainability-stewards\/training\/\">Sustainability Training<\/a><\/li>\n<li><a href=\"https:\/\/extension.wsu.edu\/snohomish\/sustainability-stewards\/repair-cafe\/\">Repair Cafe<\/a><\/li>\n<li><a href=\"https:\/\/extension.wsu.edu\/snohomish\/sustainability-stewards\/food-waste-prevention\/\">Food Waste Prevention<\/a><\/li>\n<li><a href=\"https:\/\/extension.wsu.edu\/snohomish\/sustainability-stewards\/speakers\/\">Sustainability Speakers<\/a><\/li>\n<li><a href=\"https:\/\/extension.wsu.edu\/snohomish\/sustainability-stewards\/sustainability-resources\/\">Sustainability Resources<\/a><\/li>\n<\/ul>    <\/nav>\n\n    <\/section>\n<\/div>\r\n\n<\/div>\n\n\n<h2 class=\"wp-block-heading\">View the Sustainability Speaker Series archive.<\/h2>\n\n\n\n<p>Access past interactive sessions to learn more about electric vehicles, new types of appliances the most up-to-date recycling methods and many more vital topics.&nbsp; Sessions and links below:<\/p>\n\n\n<div class=\"wsu-row wsu-row--halves\" >\r\n    \n<div class=\"wsu-column\"  style=\"\">\r\n\t\n\n<h3 class=\"wp-block-heading\">Climate Change and Our Ecological Footprint | El Cambio Clim\u00e1tico Y Nuestra Huella Ecologica<\/h3>\n\n\n\n<ul>\n<li>El cambio clim\u00e1tico es un problema internacional que afecta a todas las comunidades de diferentes maneras. A trav\u00e9s de la presentaci\u00f3n de la Dra. Isabel Carrera Zamanillo, aprender\u00e1 la mec\u00e1nica de los ciclos biol\u00f3gicos, c\u00f3mo los humanos han contribuido al cambio clim\u00e1tico y, a su vez, qu\u00e9 efectos tendr\u00e1 el cambio clim\u00e1tico en nosotros. El Dr. Zamanillo se centrar\u00e1 en los impactos del cambio clim\u00e1tico en el estado de Washington y c\u00f3mo nuestro consumo contribuye a los efectos ambientales negativos.<\/li>\n\n\n\n<li>Climate change is an international issue that affects all communities in different ways. Through Dr. Isabel Carrera Zamanillo&#8217;s presentation you will learn the mechanics of biological cycles, how humans have contributed to climate change, and in turn what effects climate change will have on us. Dr. Zamanillo will focus in on the impacts of climate change on Washington State and how our consumption is contributing to negative environmental effects.<\/li>\n<\/ul>\n\n<\/div>\r\n\n\n<div class=\"wsu-column  wsu-color-background--gray-85\"  style=\"\">\r\n\t\n\n<figure class=\"wp-block-embed is-type-video is-provider-youtube wp-block-embed-youtube wp-embed-aspect-16-9 wp-has-aspect-ratio wsu-video--width-full\"><div class=\"wp-block-embed__wrapper\">\n<iframe loading=\"lazy\" title=\"2023 Sustainability Speaker Series - El Cambio Clim\u00e1tico Y Nuestra Huella Ecologica\" width=\"500\" height=\"281\" src=\"https:\/\/www.youtube.com\/embed\/w4mfMs8HDjY?feature=oembed\" frameborder=\"0\" allow=\"accelerometer; autoplay; clipboard-write; encrypted-media; gyroscope; picture-in-picture; web-share\" referrerpolicy=\"strict-origin-when-cross-origin\" allowfullscreen><\/iframe>\n<\/div><\/figure>\n\n<\/div>\r\n\n<\/div>\n\n\n<hr class=\"wp-block-separator has-alpha-channel-opacity\"\/>\n\n\n<div class=\"wsu-row wsu-row--halves\" >\r\n    \n<div class=\"wsu-column\"  style=\"\">\r\n\t\n\n<h3 class=\"wp-block-heading\">Electrify Your Ride<\/h3>\n\n\n\n<p>The future of vehicles is electric. Whether you already own an EV, are considering one, or have hesitations, learn about the options! What is the cost comparison long-term? What about horsepower? And what about those batteries? Featuring Jim Jensen, WSU Energy Program; and Bill Trueit, Snohomish County Electric Vehicle Association.<\/p>\n\n<\/div>\r\n\n\n<div class=\"wsu-column  wsu-color-background--gray-85\"  style=\"\">\r\n\t\n\n<figure class=\"wp-block-embed is-type-video is-provider-youtube wp-block-embed-youtube wp-embed-aspect-16-9 wp-has-aspect-ratio wsu-video--width-full\"><div class=\"wp-block-embed__wrapper\">\n<iframe loading=\"lazy\" title=\"Sustainability Series: Electrify Your Ride\" width=\"500\" height=\"281\" src=\"https:\/\/www.youtube.com\/embed\/dBAG1MjAIOk?feature=oembed\" frameborder=\"0\" allow=\"accelerometer; autoplay; clipboard-write; encrypted-media; gyroscope; picture-in-picture; web-share\" referrerpolicy=\"strict-origin-when-cross-origin\" allowfullscreen><\/iframe>\n<\/div><\/figure>\n\n<\/div>\r\n\n<\/div>\n\n\n<hr class=\"wp-block-separator has-alpha-channel-opacity\"\/>\n\n\n<div class=\"wsu-row wsu-row--halves\" >\r\n    \n<div class=\"wsu-column\"  style=\"\">\r\n\t\n\n<h3 class=\"wp-block-heading\">Home Energy Efficiency<\/h3>\n\n\n\n<p>We\u2019ve been there: an appliance breaks and you\u2019re forced to make a lot of decisions very quickly. Join us to learn about appliance efficiency and clean energy sources before you\u2019re in a rush! Featuring Brian Stewart, cofounder of Electrify Now.<\/p>\n\n<\/div>\r\n\n\n<div class=\"wsu-column  wsu-color-background--gray-85\"  style=\"\">\r\n\t\n\n<figure class=\"wp-block-embed is-type-video is-provider-youtube wp-block-embed-youtube wp-embed-aspect-16-9 wp-has-aspect-ratio wsu-video--width-full\"><div class=\"wp-block-embed__wrapper\">\n<iframe loading=\"lazy\" title=\"Sustainability Series: Home Energy Efficiency\" width=\"500\" height=\"281\" src=\"https:\/\/www.youtube.com\/embed\/3DZNMxTwYBo?feature=oembed\" frameborder=\"0\" allow=\"accelerometer; autoplay; clipboard-write; encrypted-media; gyroscope; picture-in-picture; web-share\" referrerpolicy=\"strict-origin-when-cross-origin\" allowfullscreen><\/iframe>\n<\/div><\/figure>\n\n<\/div>\r\n\n<\/div>\n\n\n<hr class=\"wp-block-separator has-alpha-channel-opacity\"\/>\n\n\n<div class=\"wsu-row wsu-row--halves\" >\r\n    \n<div class=\"wsu-column\"  style=\"\">\r\n\t\n\n<h3 class=\"wp-block-heading\">Demystifying Recycling<\/h3>\n\n\n\n<p>Recycling can be confusing. Between policy changes the past several years to rules varying from place to place, it can be hard to understand. Join us and discover some of the driving forces for these rules. Whether you are new to the area or just want a refresher, this is a great opportunity to get a new perspective on recycling. Featuring Natalie Caulkins, recycling coordinator for Republic Services.<\/p>\n\n<\/div>\r\n\n\n<div class=\"wsu-column  wsu-color-background--gray-85\"  style=\"\">\r\n\t\n\n<figure class=\"wp-block-embed is-type-video is-provider-youtube wp-block-embed-youtube wp-embed-aspect-16-9 wp-has-aspect-ratio wsu-video--width-full\"><div class=\"wp-block-embed__wrapper\">\n<iframe loading=\"lazy\" title=\"Sustainability Series: Recycling Demystified\" width=\"500\" height=\"281\" src=\"https:\/\/www.youtube.com\/embed\/XEMYu6QKcMk?feature=oembed\" frameborder=\"0\" allow=\"accelerometer; autoplay; clipboard-write; encrypted-media; gyroscope; picture-in-picture; web-share\" referrerpolicy=\"strict-origin-when-cross-origin\" allowfullscreen><\/iframe>\n<\/div><\/figure>\n\n<\/div>\r\n\n<\/div>\n\n\n<hr class=\"wp-block-separator has-alpha-channel-opacity\"\/>\n\n\n\n<h2 class=\"wp-block-heading\">Other Past Sustainability Series Recordings include:<\/h2>\n\n\n\n<ul>\n<li><a href=\"https:\/\/youtu.be\/bdH1jFFE3R0\">Planning for Your (Greener) Holidays<\/a> \u2013 Presented by Tom Watson, King County Solid Waste<\/li>\n\n\n\n<li><a href=\"https:\/\/youtu.be\/OLKKr6ES6hk\">Sustainable Travel &amp; Eco-Fashion Trends<\/a><strong> <\/strong>with&nbsp;<a href=\"https:\/\/wsu.edu\/\">WSU<\/a>&nbsp;Professors&nbsp;<a href=\"https:\/\/directory.business.wsu.edu\/Directory\/Profile\/christina.chi\/\"> Christina Chi<\/a>&nbsp;and&nbsp;<a href=\"http:\/\/amdt.wsu.edu\/tchi\/\">Dr. Ting Chi<\/a><\/li>\n\n\n\n<li><a href=\"https:\/\/youtu.be\/Q_pQC8EcXvA\">Recycling Beyond the Curb<\/a> presented by Heather Teegarden, Sara Bergquist and Jerilyn Ritzman<\/li>\n\n\n\n<li><a href=\"https:\/\/youtu.be\/Vy5QENUMPQk\">Creating a Zero Waste Life<\/a> presented by&nbsp;<a href=\"https:\/\/youtu.be\/Vy5QENUMPQk\">Siobhan McComb<\/a>&nbsp;with&nbsp;<a href=\"https:\/\/oneglassjar.com\/\">One Glass Jar<\/a><\/li>\n\n\n\n<li><a href=\"https:\/\/youtu.be\/QpGrRRPmSdM\">Learning to Live on One Earth<\/a> presented by&nbsp;<a href=\"https:\/\/metrocenter.wsu.edu\/patricia-townsend-ph-d\/\">Patricia Townsend<\/a>&nbsp;and&nbsp;<a href=\"https:\/\/huntsman.usu.edu\/directory\/stafford-edwin\">Ed Stafford<\/a><\/li>\n<\/ul>\n\n\n\n<p><a href=\"https:\/\/extension.wsu.edu\/snohomish\/sustainability-stewards\/speakers\/archive\/\">Check out all of the past Sustainability Speaker Series Recordings<\/a><\/p>\n\n\n<section  class=\"wsu-section\"  >\r\n        \n<div class=\"program-contact \">\n\t\t\t<img\n\t\t\tsrc=\"https:\/\/extension.wsu.edu\/snohomish\/wp-content\/plugins\/cahnrs-extension-plugin\/assets\/images\/natural-resources.png\"\n\t\t\theight=\"75\"\n\t\t\twidth=\"75\"\n\t\t\tclass=\"extension-program-icon\"\n\t\t\talt=\"Program Icon.\"\n\t\t>\n\t\n\t<div class=\"program-contact-info\">\n\t\t<h2>Program Contact<\/h2>\n\n\t\t\t\t\tKellee Byard, Sustainable Communities Program Coordinator<br>\n\t\t\n\t\t\t\t\t<span class=\"wsu-screen-reader-only\">Phone Number<\/span>425-357-6027\t\t\n\t\t\t\t\t<span class=\"wsu-screen-reader-only\">Email Address<\/span> \u2022\n\t\t\t<a href=\"mailto:kellee.byard@wsu.edu\">kellee.byard@wsu.edu<\/a>\n\t\t\t<\/div>\n<\/div>\n    <\/section>","protected":false},"excerpt":{"rendered":"<p>Give us 50 minutes, we\u2019ll teach you something WSU Snohomish County Extension &#8211; Sustainable Community Stewards are thrilled to be offering this series with a focus on a variety of environmental sustainability education in areas&amp;hellip;<\/p>\n","protected":false},"author":0,"featured_media":0,"parent":34696,"menu_order":0,"comment_status":"closed","ping_status":"closed","template":"","meta":{"_expiration_date":""},"categories":[49],"tags":[],"_links":{"self":[{"href":"https:\/\/extension.wsu.edu\/snohomish\/wp-json\/wp\/v2\/pages\/27358"}],"collection":[{"href":"https:\/\/extension.wsu.edu\/snohomish\/wp-json\/wp\/v2\/pages"}],"about":[{"href":"https:\/\/extension.wsu.edu\/snohomish\/wp-json\/wp\/v2\/types\/page"}],"replies":[{"embeddable":true,"href":"https:\/\/extension.wsu.edu\/snohomish\/wp-json\/wp\/v2\/comments?post=27358"}],"version-history":[{"count":12,"href":"https:\/\/extension.wsu.edu\/snohomish\/wp-json\/wp\/v2\/pages\/27358\/revisions"}],"predecessor-version":[{"id":43836,"href":"https:\/\/extension.wsu.edu\/snohomish\/wp-json\/wp\/v2\/pages\/27358\/revisions\/43836"}],"up":[{"embeddable":true,"href":"https:\/\/extension.wsu.edu\/snohomish\/wp-json\/wp\/v2\/pages\/34696"}],"wp:attachment":[{"href":"https:\/\/extension.wsu.edu\/snohomish\/wp-json\/wp\/v2\/media?parent=27358"}],"wp:term":[{"taxonomy":"category","embeddable":true,"href":"https:\/\/extension.wsu.edu\/snohomish\/wp-json\/wp\/v2\/categories?post=27358"},{"taxonomy":"post_tag","embeddable":true,"href":"https:\/\/extension.wsu.edu\/snohomish\/wp-json\/wp\/v2\/tags?post=27358"}],"curies":[{"name":"wp","href":"https:\/\/api.w.org\/{rel}","templated":true}]}}