{"id":32513,"date":"2021-12-21T12:25:39","date_gmt":"2021-12-21T20:25:39","guid":{"rendered":"https:\/\/extension.wsu.edu\/snohomish\/?page_id=32513"},"modified":"2025-10-17T09:07:07","modified_gmt":"2025-10-17T16:07:07","slug":"aguas-pluviales","status":"publish","type":"page","link":"https:\/\/extension.wsu.edu\/snohomish\/latinx\/aguas-pluviales\/","title":{"rendered":"Aguas pluviales"},"content":{"rendered":"<div class=\"wsu-row wsu-row--sidebar-right\" >\r\n    \n<div class=\"wsu-column\"  style=\"\">\r\n\t\n\n<figure class=\"wp-block-embed is-type-video is-provider-youtube wp-block-embed-youtube wp-embed-aspect-16-9 wp-has-aspect-ratio wsu-video--width-full\"><div class=\"wp-block-embed__wrapper\">\n<iframe loading=\"lazy\" title=\"Aprendiendo sobre las aguas pluviales (lluvias)\" width=\"500\" height=\"281\" src=\"https:\/\/www.youtube.com\/embed\/nP6l14JwLrw?feature=oembed\" frameborder=\"0\" allow=\"accelerometer; autoplay; clipboard-write; encrypted-media; gyroscope; picture-in-picture; web-share\" referrerpolicy=\"strict-origin-when-cross-origin\" allowfullscreen><\/iframe>\n<\/div><\/figure>\n\n<\/div>\r\n\n\n<div class=\"wsu-column\"  style=\"\">\r\n\t\n<section  class=\"wsu-section wsu-spacing-before--none\"  >\r\n        \n\n<h2 class=\"wp-block-heading\">Enlaces r\u00e1pidos<\/h2>\n\n\n    <nav class=\"wsu-navigation-vertical wsu-vertical-menu\">\n        <ul id=\"wsu-site-menu\" class=\"wsu-menu-collapse wsu-menu-collapse--style-vertical\"><li><a href=\"https:\/\/extension.wsu.edu\/snohomish\/latinx\/promotores-5\/\">Promotores del medio Ambiente<\/a><\/li>\n<li aria-expanded=\"false\" aria-haspopup=\"true\"><a href=\"https:\/\/extension.wsu.edu\/snohomish\/latinx\/aguas-pluviales\/\">Aguas pluviales<\/a><button aria-label=\"{Open submenu Aguas pluviales\" class=\"wsu-menu-collapse--action-toggle\"><\/button>\n<ul class=\"sub-menu\">\n<li><a href=\"https:\/\/extension.wsu.edu\/snohomish\/latinx\/aguas-pluviales\/mascotas\/\">Aguas pluviales \u2013 mascotas<\/a><\/li>\n<li><a href=\"https:\/\/extension.wsu.edu\/snohomish\/latinx\/aguas-pluviales\/hogar\/\">Aguas pluviales \u2013 hogar<\/a><\/li>\n<li><a href=\"https:\/\/extension.wsu.edu\/snohomish\/latinx\/aguas-pluviales\/coche\/\">Aguas pluviales \u2013 coche<\/a><\/li>\n<\/ul>\n<\/li>\n<\/ul>    <\/nav>\n\n    <\/section>\n        <div id=\"cahnrs-back-to-top\" class=\"cahnrs-back-to-top\" hidden aria-hidden=\"true\">\n            <a id=\"cahnrs-back-to-top-btn\" class=\"cahnrs-back-to-top__btn\" href=\"#product-top\" aria-label=\"Back to top\">\n                <span class=\"cahnrs-back-to-top__icon\" aria-hidden=\"true\">\u2191<\/span>\n                <span class=\"cahnrs-back-to-top__label\">Back to top<\/span>\n            <\/a>\n        <\/div>\n<\/div>\r\n\n<\/div>\n\n<div class=\"wsu-row wsu-row--single\" >\r\n    \n<div class=\"wsu-column\"  style=\"\">\r\n\t\n\n<h2 class=\"wp-block-heading\">\u00bfQu\u00e9 son las aguas pluviales?<\/h2>\n\n\n\n<p>El agua es importante para todos los que vivimos en Puget Sound y sus alrededores. El agua sustenta la vida acu\u00e1tica y brinda oportunidades recreativas y beneficios econ\u00f3micos. El agua fluye hacia Puget Sound desde el agua de la lluvia y las aguas pluviales. En paisajes naturales como los bosques, el suelo absorbe gran parte de la lluvia.<\/p>\n\n\n\n<p>Nuestras ciudades, hogares y carreteras crean aguas pluviales a medida que el agua se escurre directamente a los desag\u00fces pluviales, a los arroyos, r\u00edos u otros cuerpos de agua cercanos sin tratamiento, lo que puede crear problemas importantes.<\/p>\n\n\n\n<h2 class=\"wp-block-heading\">\u00bfPor qu\u00e9 es un problema?<\/h2>\n\n\n\n<p>Puget Sound, r\u00edos, arroyos y lagos se ven afectados por las aguas pluviales. El agua de las aguas pluviales afecta negativamente la calidad del agua al introducir contaminantes da\u00f1inos como bacterias, metales pesados, y nutrientes que son problem\u00e1ticos en grandes concentraciones. Estos contaminantes causan problemas de salud tanto a las personas como a los animales.<\/p>\n\n<\/div>\r\n\n<\/div>\n\n<div class=\"wsu-row wsu-row--halves\" >\r\n    \n<div class=\"wsu-column\"  style=\"\">\r\n\t\n\n<figure class=\"wp-block-image size-large\"><img decoding=\"async\" loading=\"lazy\" width=\"792\" height=\"792\" src=\"https:\/\/wpcdn.web.wsu.edu\/extension\/uploads\/sites\/68\/2021\/12\/watershed-792x792.jpg\" alt=\"A young child interacts with a tabletop model of roads, rivers, and buildings with an adult.\" class=\"wp-image-32642\" srcset=\"https:\/\/wpcdn.web.wsu.edu\/extension\/uploads\/sites\/68\/2021\/12\/watershed-792x792.jpg 792w, https:\/\/wpcdn.web.wsu.edu\/extension\/uploads\/sites\/68\/2021\/12\/watershed-396x396.jpg 396w, https:\/\/wpcdn.web.wsu.edu\/extension\/uploads\/sites\/68\/2021\/12\/watershed-198x198.jpg 198w, https:\/\/wpcdn.web.wsu.edu\/extension\/uploads\/sites\/68\/2021\/12\/watershed-768x768.jpg 768w, https:\/\/wpcdn.web.wsu.edu\/extension\/uploads\/sites\/68\/2021\/12\/watershed.jpg 1000w\" sizes=\"(max-width: 792px) 100vw, 792px\" \/><\/figure>\n\n<\/div>\r\n\n\n<div class=\"wsu-column\"  style=\"\">\r\n\t\n\n<h2 class=\"wp-block-heading\">El modelo de cuenca<\/h2>\n\n\n\n<p>El modelo de cuenca proporciona una demostraci\u00f3n de c\u00f3mo las actividades diarias pueden crear contaminantes que da\u00f1an nuestras v\u00edas fluviales.<\/p>\n\n\n\n<p>Esto fue demostrado poniendo granos de caf\u00e9 instant\u00e1neo al lado de cada una de las posibles actividades generadoras de contaminaci\u00f3n. Esto incluye autom\u00f3viles, casas, equipos de construcci\u00f3n, f\u00e1bricas, animales de granja e incluso una mascota, en este caso fue tomado como ejemplo un perro. Luego usamos una botella simuladora de roc\u00edo de agua para aparentar ca\u00edda de lluvia.<\/p>\n\n\n\n<p>Como puede ver, se necesita mucha pulverizaci\u00f3n para agregar suficiente agua para acercarse incluso a una tormenta t\u00edpica del noroeste. La lluvia recoge los contaminantes de las calles, patios, aceras y tejados y los lleva a trav\u00e9s de v\u00edas pluviales y tuber\u00edas subterr\u00e1neas sin ni siquiera ser filtrados.<\/p>\n\n<\/div>\r\n\n<\/div>\n\n<div class=\"wsu-row wsu-row--thirds\" >\r\n    \n<div class=\"wsu-column\"  style=\"\">\r\n\t\n\n<figure class=\"wp-block-image size-large\"><img decoding=\"async\" loading=\"lazy\" width=\"792\" height=\"792\" src=\"https:\/\/wpcdn.web.wsu.edu\/extension\/uploads\/sites\/68\/2021\/12\/LE_Stormwater_Deliverables_2021_Promo_Website_Home_2-792x792.jpg\" alt=\"A rain barrel sits beside a house wall with purple flowers in front. Overlaid Spanish text reads: \u201cConsejos para d\u00edas lluviosos \u2014 Cerca de el hogar, crear un barril de lluvia,\u201d meaning \u201cTips for rainy days \u2014 Near the home, create a rain barrel.\u201d\" class=\"wp-image-32703\" srcset=\"https:\/\/wpcdn.web.wsu.edu\/extension\/uploads\/sites\/68\/2021\/12\/LE_Stormwater_Deliverables_2021_Promo_Website_Home_2-792x792.jpg 792w, https:\/\/wpcdn.web.wsu.edu\/extension\/uploads\/sites\/68\/2021\/12\/LE_Stormwater_Deliverables_2021_Promo_Website_Home_2-396x396.jpg 396w, https:\/\/wpcdn.web.wsu.edu\/extension\/uploads\/sites\/68\/2021\/12\/LE_Stormwater_Deliverables_2021_Promo_Website_Home_2-198x198.jpg 198w, https:\/\/wpcdn.web.wsu.edu\/extension\/uploads\/sites\/68\/2021\/12\/LE_Stormwater_Deliverables_2021_Promo_Website_Home_2-768x768.jpg 768w, https:\/\/wpcdn.web.wsu.edu\/extension\/uploads\/sites\/68\/2021\/12\/LE_Stormwater_Deliverables_2021_Promo_Website_Home_2.jpg 1000w\" sizes=\"(max-width: 792px) 100vw, 792px\" \/><\/figure>\n\n\n<div class=\"wsu-cta \" >\n\t<a \t\t\t\t\thref=\"https:\/\/extension.wsu.edu\/snohomish\/latinx\/aguas-pluviales\/hogar\"\t\n\t\tclass=\"wsu-button  wsu-button--style-action\">\n\t\t\t\n\t\tRecursos hogar\t\t\t<\/a>\n<\/div>\n\n<\/div>\r\n\n\n<div class=\"wsu-column\"  style=\"\">\r\n\t\n\n<figure class=\"wp-block-image size-large\"><img decoding=\"async\" loading=\"lazy\" width=\"792\" height=\"792\" src=\"https:\/\/wpcdn.web.wsu.edu\/extension\/uploads\/sites\/68\/2021\/12\/LE_Stormwater_Deliverables_2021_Promo_Website_Car-792x792.jpg\" alt=\"A car drives on a wet forest road in the rain. Overlaid Spanish text reads: \u201cConsejos para d\u00edas lluviosos \u2014 Contaminaci\u00f3n del coche es recogido por la lluvia y arrastrado a los cursos de agua,\u201d meaning \u201cTips for rainy days \u2014 Car pollution is picked up by rain and carried into waterways.\u201d\" class=\"wp-image-32657\" srcset=\"https:\/\/wpcdn.web.wsu.edu\/extension\/uploads\/sites\/68\/2021\/12\/LE_Stormwater_Deliverables_2021_Promo_Website_Car-792x792.jpg 792w, https:\/\/wpcdn.web.wsu.edu\/extension\/uploads\/sites\/68\/2021\/12\/LE_Stormwater_Deliverables_2021_Promo_Website_Car-396x396.jpg 396w, https:\/\/wpcdn.web.wsu.edu\/extension\/uploads\/sites\/68\/2021\/12\/LE_Stormwater_Deliverables_2021_Promo_Website_Car-198x198.jpg 198w, https:\/\/wpcdn.web.wsu.edu\/extension\/uploads\/sites\/68\/2021\/12\/LE_Stormwater_Deliverables_2021_Promo_Website_Car-768x768.jpg 768w, https:\/\/wpcdn.web.wsu.edu\/extension\/uploads\/sites\/68\/2021\/12\/LE_Stormwater_Deliverables_2021_Promo_Website_Car.jpg 1000w\" sizes=\"(max-width: 792px) 100vw, 792px\" \/><\/figure>\n\n\n<div class=\"wsu-cta \" >\n\t<a \t\t\t\t\thref=\"https:\/\/extension.wsu.edu\/snohomish\/latinx\/aguas-pluviales\/coche\"\t\n\t\tclass=\"wsu-button  wsu-button--style-action\">\n\t\t\t\n\t\tRecursos coche\t\t\t<\/a>\n<\/div>\n\n<\/div>\r\n\n\n<div class=\"wsu-column\"  style=\"\">\r\n\t\n\n<figure class=\"wp-block-image size-large\"><img decoding=\"async\" loading=\"lazy\" width=\"792\" height=\"792\" src=\"https:\/\/wpcdn.web.wsu.edu\/extension\/uploads\/sites\/68\/2021\/12\/LE_Stormwater_Deliverables_2021_Promo_Website_Dog-792x792.jpg\" alt=\"A brown dog stands in shallow water. Overlaid text in Spanish reads: \u201cConsejos para d\u00edas lluviosos \u2014 Cuida de tus mascotas, limpiar excrementos,\u201d meaning \u201cTips for rainy days \u2014 Take care of your pets, clean up waste.\u201d\" class=\"wp-image-32660\" srcset=\"https:\/\/wpcdn.web.wsu.edu\/extension\/uploads\/sites\/68\/2021\/12\/LE_Stormwater_Deliverables_2021_Promo_Website_Dog-792x792.jpg 792w, https:\/\/wpcdn.web.wsu.edu\/extension\/uploads\/sites\/68\/2021\/12\/LE_Stormwater_Deliverables_2021_Promo_Website_Dog-396x396.jpg 396w, https:\/\/wpcdn.web.wsu.edu\/extension\/uploads\/sites\/68\/2021\/12\/LE_Stormwater_Deliverables_2021_Promo_Website_Dog-198x198.jpg 198w, https:\/\/wpcdn.web.wsu.edu\/extension\/uploads\/sites\/68\/2021\/12\/LE_Stormwater_Deliverables_2021_Promo_Website_Dog-768x768.jpg 768w, https:\/\/wpcdn.web.wsu.edu\/extension\/uploads\/sites\/68\/2021\/12\/LE_Stormwater_Deliverables_2021_Promo_Website_Dog.jpg 1000w\" sizes=\"(max-width: 792px) 100vw, 792px\" \/><\/figure>\n\n\n<div class=\"wsu-cta \" >\n\t<a \t\t\t\t\thref=\"https:\/\/extension.wsu.edu\/snohomish\/latinx\/aguas-pluviales\/mascotas\"\t\n\t\tclass=\"wsu-button  wsu-button--style-action\">\n\t\t\t\n\t\tRecursos mascotas\t\t\t<\/a>\n<\/div>\n\n<\/div>\r\n\n<\/div>\n\n<div class=\"wsu-note wsu-spacing-before--medium\">\n\t\n\t\t\t<div class=\"wsu-note__title\">\n\t\t\tLos fondos fueron proporcionados por los fondos Geogr\u00e1ficos de Puget Sound de la EPA\t\t<\/div>\n\t\t\n\t\n\n<p>Este proyecto ha sido financiado total o parcialmente por la Agencia de Protecci\u00f3n Ambiental de los Estados Unidos bajo el acuerdo de asistencia PC-01J18101 al Departamento de Ecolog\u00eda. El contenido de este documento no refleja necesariamente los puntos de vista de las pol\u00edticas de la Agencia de Protecci\u00f3n Ambiental, ni la menci\u00f3n de nombres comerciales o productos comerciales constituye respaldo o recomendaci\u00f3n para su uso.<\/p>\n\n<\/div>\n\n        <div id=\"cahnrs-back-to-top\" class=\"cahnrs-back-to-top\" hidden aria-hidden=\"true\">\n            <a id=\"cahnrs-back-to-top-btn\" class=\"cahnrs-back-to-top__btn\" href=\"#product-top\" aria-label=\"Back to top\">\n                <span class=\"cahnrs-back-to-top__icon\" aria-hidden=\"true\">\u2191<\/span>\n                <span class=\"cahnrs-back-to-top__label\">Back to top<\/span>\n            <\/a>\n        <\/div>","protected":false},"excerpt":{"rendered":"<p>https:\/\/www.youtube.com\/watch?v=nP6l14JwLrw\u00bfQu\u00e9 son las aguas pluviales? El agua es importante para todos los que vivimos en Puget Sound y sus alrededores. El agua sustenta la vida acu\u00e1tica y brinda oportunidades recreativas y beneficios econ\u00f3micos. El agua&amp;hellip;<\/p>\n","protected":false},"author":0,"featured_media":0,"parent":34685,"menu_order":0,"comment_status":"closed","ping_status":"closed","template":"","meta":{"_expiration_date":""},"categories":[36,37,51],"tags":[],"_links":{"self":[{"href":"https:\/\/extension.wsu.edu\/snohomish\/wp-json\/wp\/v2\/pages\/32513"}],"collection":[{"href":"https:\/\/extension.wsu.edu\/snohomish\/wp-json\/wp\/v2\/pages"}],"about":[{"href":"https:\/\/extension.wsu.edu\/snohomish\/wp-json\/wp\/v2\/types\/page"}],"replies":[{"embeddable":true,"href":"https:\/\/extension.wsu.edu\/snohomish\/wp-json\/wp\/v2\/comments?post=32513"}],"version-history":[{"count":6,"href":"https:\/\/extension.wsu.edu\/snohomish\/wp-json\/wp\/v2\/pages\/32513\/revisions"}],"predecessor-version":[{"id":43854,"href":"https:\/\/extension.wsu.edu\/snohomish\/wp-json\/wp\/v2\/pages\/32513\/revisions\/43854"}],"up":[{"embeddable":true,"href":"https:\/\/extension.wsu.edu\/snohomish\/wp-json\/wp\/v2\/pages\/34685"}],"wp:attachment":[{"href":"https:\/\/extension.wsu.edu\/snohomish\/wp-json\/wp\/v2\/media?parent=32513"}],"wp:term":[{"taxonomy":"category","embeddable":true,"href":"https:\/\/extension.wsu.edu\/snohomish\/wp-json\/wp\/v2\/categories?post=32513"},{"taxonomy":"post_tag","embeddable":true,"href":"https:\/\/extension.wsu.edu\/snohomish\/wp-json\/wp\/v2\/tags?post=32513"}],"curies":[{"name":"wp","href":"https:\/\/api.w.org\/{rel}","templated":true}]}}