{"id":32694,"date":"2021-12-30T20:32:45","date_gmt":"2021-12-31T04:32:45","guid":{"rendered":"https:\/\/extension.wsu.edu\/snohomish\/?page_id=32694"},"modified":"2025-09-02T13:29:29","modified_gmt":"2025-09-02T20:29:29","slug":"coche","status":"publish","type":"page","link":"https:\/\/extension.wsu.edu\/snohomish\/latinx\/aguas-pluviales\/coche\/","title":{"rendered":"Aguas pluviales &#8211; coche"},"content":{"rendered":"<div class=\"wsu-card-wrapper wsu-card-wrapper--per-row-3\" >\r\n    \n<article class=\"wsu-card\">\r\n\t\t<div class=\"wsu-image-frame \">\r\n\t\t\t\t\t<img decoding=\"async\" src=\"https:\/\/wpcdn.web.wsu.edu\/extension\/uploads\/sites\/68\/2021\/12\/LE_Stormwater_Deliverables_2021_Promo_Website_Car.jpg\"\r\n\t\t\t\tsrcset=\"https:\/\/wpcdn.web.wsu.edu\/extension\/uploads\/sites\/68\/2021\/12\/LE_Stormwater_Deliverables_2021_Promo_Website_Car.jpg 1000w, https:\/\/wpcdn.web.wsu.edu\/extension\/uploads\/sites\/68\/2021\/12\/LE_Stormwater_Deliverables_2021_Promo_Website_Car-396x396.jpg 396w, https:\/\/wpcdn.web.wsu.edu\/extension\/uploads\/sites\/68\/2021\/12\/LE_Stormwater_Deliverables_2021_Promo_Website_Car-792x792.jpg 792w, https:\/\/wpcdn.web.wsu.edu\/extension\/uploads\/sites\/68\/2021\/12\/LE_Stormwater_Deliverables_2021_Promo_Website_Car-198x198.jpg 198w, https:\/\/wpcdn.web.wsu.edu\/extension\/uploads\/sites\/68\/2021\/12\/LE_Stormwater_Deliverables_2021_Promo_Website_Car-768x768.jpg 768w\"\r\n\t\t\t\tsizes=\"(max-width: 1000px) 100vw, 1000px\"\r\n\t\t\t\talt=\"A car drives on a wet forest road in the rain. Overlaid Spanish text reads: \u201cConsejos para d\u00edas lluviosos \u2014 Contaminaci\u00f3n del coche es recogido por la lluvia y arrastrado a los cursos de agua,\u201d meaning \u201cTips for rainy days \u2014 Car pollution is picked up by rain and carried into waterways.\u201d\"\r\n\t\t\t\tstyle=\"object-position: 50% 50%\"\r\n\t\t\t\t\/>\r\n\t\t\t<\/div>\r\n\t\t<div class=\"wsu-card__content\">\r\n\t\t\t\t\t\t\t\t\t\t<span class=\"wsu-card__content-custom\">\r\n\t\t\t\n\n<p>Puede que no se d\u00e9 cuenta, pero cuidar su autom\u00f3vil es esencial para cuidar nuestras v\u00edas fluviales.<\/p>\n\n\n\n<p>Otro consejo importante para el cuidado del autom\u00f3vil es lavarlo \u00fanicamente en un lavado de autos profesional, donde el agua sucia y los productos qu\u00edmicos nocivos se filtran adecuadamente.<\/p>\n\n\t\t<\/span>\r\n\t\t\t\t\t<\/div>\r\n\t<\/article>\n\n<article class=\"wsu-card\">\r\n\t\t<div class=\"wsu-image-frame \">\r\n\t\t\t\t\t<img decoding=\"async\" src=\"https:\/\/wpcdn.web.wsu.edu\/extension\/uploads\/sites\/68\/2022\/01\/LE_Stormwater_Deliverables_2021_Promo_Website_Car-Leaks.jpg\"\r\n\t\t\t\tsrcset=\"https:\/\/wpcdn.web.wsu.edu\/extension\/uploads\/sites\/68\/2022\/01\/LE_Stormwater_Deliverables_2021_Promo_Website_Car-Leaks.jpg 1000w, https:\/\/wpcdn.web.wsu.edu\/extension\/uploads\/sites\/68\/2022\/01\/LE_Stormwater_Deliverables_2021_Promo_Website_Car-Leaks-396x396.jpg 396w, https:\/\/wpcdn.web.wsu.edu\/extension\/uploads\/sites\/68\/2022\/01\/LE_Stormwater_Deliverables_2021_Promo_Website_Car-Leaks-792x792.jpg 792w, https:\/\/wpcdn.web.wsu.edu\/extension\/uploads\/sites\/68\/2022\/01\/LE_Stormwater_Deliverables_2021_Promo_Website_Car-Leaks-198x198.jpg 198w, https:\/\/wpcdn.web.wsu.edu\/extension\/uploads\/sites\/68\/2022\/01\/LE_Stormwater_Deliverables_2021_Promo_Website_Car-Leaks-768x768.jpg 768w\"\r\n\t\t\t\tsizes=\"(max-width: 1000px) 100vw, 1000px\"\r\n\t\t\t\talt=\"Illustration of a smiling blue car holding tools, dripping oil onto the ground. Spanish text reads: \u201cNo Gotee &amp; Maneje \u2014 \u00a1Repare esa fuga!\u201d meaning \u201cDon\u2019t Drip &amp; Drive \u2014 Fix that leak!\u201d\"\r\n\t\t\t\tstyle=\"object-position: 50% 50%\"\r\n\t\t\t\t\/>\r\n\t\t\t<\/div>\r\n\t\t<div class=\"wsu-card__content\">\r\n\t\t\t\t\t\t\t\t\t\t<span class=\"wsu-card__content-custom\">\r\n\t\t\t\n\n<p>Repare las fugas de su carro &#8211; No conduzca si hay fugas<\/p>\n\n\n<div class=\"wsu-cta \">\n\t<a href=\"https:\/\/fixcarleaks.org\/?lang=es\" class=\"wsu-button  wsu-button--style-action\">\n\t\t\t\n\t\tRecursos fugas coche\t\t\t<\/a>\n<\/div>\n\n\t\t<\/span>\r\n\t\t\t\t\t<\/div>\r\n\t<\/article>\n\n<article class=\"wsu-card\">\r\n\t\t<div class=\"wsu-image-frame \">\r\n\t\t\t\t\t<img decoding=\"async\" src=\"https:\/\/wpcdn.web.wsu.edu\/extension\/uploads\/sites\/68\/2021\/12\/watershed.jpg\"\r\n\t\t\t\tsrcset=\"https:\/\/wpcdn.web.wsu.edu\/extension\/uploads\/sites\/68\/2021\/12\/watershed.jpg 1000w, https:\/\/wpcdn.web.wsu.edu\/extension\/uploads\/sites\/68\/2021\/12\/watershed-396x396.jpg 396w, https:\/\/wpcdn.web.wsu.edu\/extension\/uploads\/sites\/68\/2021\/12\/watershed-792x792.jpg 792w, https:\/\/wpcdn.web.wsu.edu\/extension\/uploads\/sites\/68\/2021\/12\/watershed-198x198.jpg 198w, https:\/\/wpcdn.web.wsu.edu\/extension\/uploads\/sites\/68\/2021\/12\/watershed-768x768.jpg 768w\"\r\n\t\t\t\tsizes=\"(max-width: 1000px) 100vw, 1000px\"\r\n\t\t\t\talt=\"A young child interacts with a tabletop model of roads, rivers, and buildings with an adult.\"\r\n\t\t\t\tstyle=\"object-position: 50% 50%\"\r\n\t\t\t\t\/>\r\n\t\t\t<\/div>\r\n\t\t<div class=\"wsu-card__content\">\r\n\t\t\t\t\t\t\t\t\t\t<span class=\"wsu-card__content-custom\">\r\n\t\t\t\n<div class=\"wsu-cta \">\n\t<a href=\"https:\/\/extension.wsu.edu\/snohomish\/latinx\/aguas-pluviales\/\" class=\"wsu-button  wsu-button--style-action\">\n\t\t\t\n\t\tRecursos aguas pluviales\t\t\t<\/a>\n<\/div>\n\n\t\t<\/span>\r\n\t\t\t\t\t<\/div>\r\n\t<\/article>\n\n<article class=\"wsu-card\">\r\n\t\t<div class=\"wsu-image-frame \">\r\n\t\t\t\t\t<img decoding=\"async\" src=\"https:\/\/wpcdn.web.wsu.edu\/extension\/uploads\/sites\/68\/2021\/12\/LE_Stormwater_Deliverables_2021_Promo_Website_Home_2.jpg\"\r\n\t\t\t\tsrcset=\"https:\/\/wpcdn.web.wsu.edu\/extension\/uploads\/sites\/68\/2021\/12\/LE_Stormwater_Deliverables_2021_Promo_Website_Home_2.jpg 1000w, https:\/\/wpcdn.web.wsu.edu\/extension\/uploads\/sites\/68\/2021\/12\/LE_Stormwater_Deliverables_2021_Promo_Website_Home_2-396x396.jpg 396w, https:\/\/wpcdn.web.wsu.edu\/extension\/uploads\/sites\/68\/2021\/12\/LE_Stormwater_Deliverables_2021_Promo_Website_Home_2-792x792.jpg 792w, https:\/\/wpcdn.web.wsu.edu\/extension\/uploads\/sites\/68\/2021\/12\/LE_Stormwater_Deliverables_2021_Promo_Website_Home_2-198x198.jpg 198w, https:\/\/wpcdn.web.wsu.edu\/extension\/uploads\/sites\/68\/2021\/12\/LE_Stormwater_Deliverables_2021_Promo_Website_Home_2-768x768.jpg 768w\"\r\n\t\t\t\tsizes=\"(max-width: 1000px) 100vw, 1000px\"\r\n\t\t\t\talt=\"A rain barrel sits beside a house wall with purple flowers in front. Overlaid Spanish text reads: \u201cConsejos para d\u00edas lluviosos \u2014 Cerca de el hogar, crear un barril de lluvia,\u201d meaning \u201cTips for rainy days \u2014 Near the home, create a rain barrel.\u201d\"\r\n\t\t\t\tstyle=\"object-position: 50% 50%\"\r\n\t\t\t\t\/>\r\n\t\t\t<\/div>\r\n\t\t<div class=\"wsu-card__content\">\r\n\t\t\t\t\t\t\t\t\t\t<span class=\"wsu-card__content-custom\">\r\n\t\t\t\n<div class=\"wsu-cta \">\n\t<a href=\"https:\/\/extension.wsu.edu\/snohomish\/latinx\/aguas-pluviales\/hogar\" class=\"wsu-button  wsu-button--style-action\">\n\t\t\t\n\t\tRecursos hogar\t\t\t<\/a>\n<\/div>\n\n\t\t<\/span>\r\n\t\t\t\t\t<\/div>\r\n\t<\/article>\n\n<article class=\"wsu-card\">\r\n\t\t<div class=\"wsu-image-frame \">\r\n\t\t\t\t\t<img decoding=\"async\" src=\"https:\/\/wpcdn.web.wsu.edu\/extension\/uploads\/sites\/68\/2021\/12\/LE_Stormwater_Deliverables_2021_Promo_Website_Dog.jpg\"\r\n\t\t\t\tsrcset=\"https:\/\/wpcdn.web.wsu.edu\/extension\/uploads\/sites\/68\/2021\/12\/LE_Stormwater_Deliverables_2021_Promo_Website_Dog.jpg 1000w, https:\/\/wpcdn.web.wsu.edu\/extension\/uploads\/sites\/68\/2021\/12\/LE_Stormwater_Deliverables_2021_Promo_Website_Dog-396x396.jpg 396w, https:\/\/wpcdn.web.wsu.edu\/extension\/uploads\/sites\/68\/2021\/12\/LE_Stormwater_Deliverables_2021_Promo_Website_Dog-792x792.jpg 792w, https:\/\/wpcdn.web.wsu.edu\/extension\/uploads\/sites\/68\/2021\/12\/LE_Stormwater_Deliverables_2021_Promo_Website_Dog-198x198.jpg 198w, https:\/\/wpcdn.web.wsu.edu\/extension\/uploads\/sites\/68\/2021\/12\/LE_Stormwater_Deliverables_2021_Promo_Website_Dog-768x768.jpg 768w\"\r\n\t\t\t\tsizes=\"(max-width: 1000px) 100vw, 1000px\"\r\n\t\t\t\talt=\"A brown dog stands in shallow water. Overlaid text in Spanish reads: \u201cConsejos para d\u00edas lluviosos \u2014 Cuida de tus mascotas, limpiar excrementos,\u201d meaning \u201cTips for rainy days \u2014 Take care of your pets, clean up waste.\u201d\"\r\n\t\t\t\tstyle=\"object-position: 50% 50%\"\r\n\t\t\t\t\/>\r\n\t\t\t<\/div>\r\n\t\t<div class=\"wsu-card__content\">\r\n\t\t\t\t\t\t\t\t\t\t<span class=\"wsu-card__content-custom\">\r\n\t\t\t\n<div class=\"wsu-cta \">\n\t<a href=\"https:\/\/extension.wsu.edu\/snohomish\/latinx\/aguas-pluviales\/mascotas\" class=\"wsu-button  wsu-button--style-action\">\n\t\t\t\n\t\tRecursos mascotas\t\t\t<\/a>\n<\/div>\n\n\t\t<\/span>\r\n\t\t\t\t\t<\/div>\r\n\t<\/article>\n<\/div>\n\n<div class=\"wsu-note wsu-spacing-before--medium\">\n\t\n\t\t\t<div class=\"wsu-note__title\">\n\t\t\tLos fondos fueron proporcionados por los fondos Geogr\u00e1ficos de Puget Sound de la EPA\t\t<\/div>\n\t\t\n\t\n\n<p>Este proyecto ha sido financiado total o parcialmente por la Agencia de Protecci\u00f3n Ambiental de los Estados Unidos bajo el acuerdo de asistencia PC-01J18101 al Departamento de Ecolog\u00eda. El contenido de este documento no refleja necesariamente los puntos de vista de las pol\u00edticas de la Agencia de Protecci\u00f3n Ambiental, ni la menci\u00f3n de nombres comerciales o productos comerciales constituye respaldo o recomendaci\u00f3n para su uso.<\/p>\n\n<\/div>\n\n        <div id=\"cahnrs-back-to-top\" class=\"cahnrs-back-to-top\" hidden aria-hidden=\"true\">\n            <a id=\"cahnrs-back-to-top-btn\" class=\"cahnrs-back-to-top__btn\" href=\"#product-top\" aria-label=\"Back to top\">\n                <span class=\"cahnrs-back-to-top__icon\" aria-hidden=\"true\">\u2191<\/span>\n                <span class=\"cahnrs-back-to-top__label\">Back to top<\/span>\n            <\/a>\n        <\/div>","protected":false},"excerpt":{"rendered":"<p>[image img_src=&quot;https:\/\/wpcdn.web.wsu.edu\/wp-extension\/uploads\/sites\/2053\/2021\/12\/LE_Stormwater_Deliverables_2021_Promo_Website_Car.jpg&quot; img_id=&quot;32657&quot; ]Puede que no se d\u00e9 cuenta, pero cuidar su autom\u00f3vil es esencial para cuidar nuestras v\u00edas fluviales. Otro consejo importante para el cuidado del autom\u00f3vil es lavarlo \u00fanicamente en un lavado de&amp;hellip;<\/p>\n","protected":false},"author":0,"featured_media":0,"parent":32513,"menu_order":0,"comment_status":"closed","ping_status":"closed","template":"","meta":{"_expiration_date":""},"categories":[36,37,51],"tags":[],"_links":{"self":[{"href":"https:\/\/extension.wsu.edu\/snohomish\/wp-json\/wp\/v2\/pages\/32694"}],"collection":[{"href":"https:\/\/extension.wsu.edu\/snohomish\/wp-json\/wp\/v2\/pages"}],"about":[{"href":"https:\/\/extension.wsu.edu\/snohomish\/wp-json\/wp\/v2\/types\/page"}],"replies":[{"embeddable":true,"href":"https:\/\/extension.wsu.edu\/snohomish\/wp-json\/wp\/v2\/comments?post=32694"}],"version-history":[{"count":7,"href":"https:\/\/extension.wsu.edu\/snohomish\/wp-json\/wp\/v2\/pages\/32694\/revisions"}],"predecessor-version":[{"id":42858,"href":"https:\/\/extension.wsu.edu\/snohomish\/wp-json\/wp\/v2\/pages\/32694\/revisions\/42858"}],"up":[{"embeddable":true,"href":"https:\/\/extension.wsu.edu\/snohomish\/wp-json\/wp\/v2\/pages\/32513"}],"wp:attachment":[{"href":"https:\/\/extension.wsu.edu\/snohomish\/wp-json\/wp\/v2\/media?parent=32694"}],"wp:term":[{"taxonomy":"category","embeddable":true,"href":"https:\/\/extension.wsu.edu\/snohomish\/wp-json\/wp\/v2\/categories?post=32694"},{"taxonomy":"post_tag","embeddable":true,"href":"https:\/\/extension.wsu.edu\/snohomish\/wp-json\/wp\/v2\/tags?post=32694"}],"curies":[{"name":"wp","href":"https:\/\/api.w.org\/{rel}","templated":true}]}}