{"id":32696,"date":"2021-12-30T20:34:39","date_gmt":"2021-12-31T04:34:39","guid":{"rendered":"https:\/\/extension.wsu.edu\/snohomish\/?page_id=32696"},"modified":"2025-10-17T09:18:44","modified_gmt":"2025-10-17T16:18:44","slug":"mascotas","status":"publish","type":"page","link":"https:\/\/extension.wsu.edu\/snohomish\/latinx\/aguas-pluviales\/mascotas\/","title":{"rendered":"Aguas pluviales &#8211; mascotas"},"content":{"rendered":"<div class=\"wsu-row wsu-row--sidebar-right\" >\r\n    \n<div class=\"wsu-column\"  style=\"\">\r\n\t\n<div class=\"wsu-card-wrapper wsu-card-wrapper--per-row-2\" >\r\n    \n<article class=\"wsu-card\">\r\n\t\t<div class=\"wsu-image-frame wsu-image--ratio-1-1\">\r\n\t\t\t\t\t<img decoding=\"async\" src=\"https:\/\/wpcdn.web.wsu.edu\/extension\/uploads\/sites\/68\/2021\/12\/LE_Stormwater_Deliverables_2021_Promo_Website_Dog.jpg\"\r\n\t\t\t\tsrcset=\"https:\/\/wpcdn.web.wsu.edu\/extension\/uploads\/sites\/68\/2021\/12\/LE_Stormwater_Deliverables_2021_Promo_Website_Dog.jpg 1000w, https:\/\/wpcdn.web.wsu.edu\/extension\/uploads\/sites\/68\/2021\/12\/LE_Stormwater_Deliverables_2021_Promo_Website_Dog-396x396.jpg 396w, https:\/\/wpcdn.web.wsu.edu\/extension\/uploads\/sites\/68\/2021\/12\/LE_Stormwater_Deliverables_2021_Promo_Website_Dog-792x792.jpg 792w, https:\/\/wpcdn.web.wsu.edu\/extension\/uploads\/sites\/68\/2021\/12\/LE_Stormwater_Deliverables_2021_Promo_Website_Dog-198x198.jpg 198w, https:\/\/wpcdn.web.wsu.edu\/extension\/uploads\/sites\/68\/2021\/12\/LE_Stormwater_Deliverables_2021_Promo_Website_Dog-768x768.jpg 768w\"\r\n\t\t\t\tsizes=\"(max-width: 1000px) 100vw, 1000px\"\r\n\t\t\t\talt=\"A brown dog stands in shallow water. Overlaid text in Spanish reads: \u201cConsejos para d\u00edas lluviosos \u2014 Cuida de tus mascotas, limpiar excrementos,\u201d meaning \u201cTips for rainy days \u2014 Take care of your pets, clean up waste.\u201d\"\r\n\t\t\t\tstyle=\"object-position: 50% 50%\"\r\n\t\t\t\t\/>\r\n\t\t\t<\/div>\r\n\t\t<div class=\"wsu-card__content\">\r\n\t\t\t\t\t\t\t\t\t\t<span class=\"wsu-card__content-custom\">\r\n\t\t\t\n\n<p class=\" wsu-font-size--medium\">Limpiar los excrementos de su perro es otra forma muy importante en la que podemos mantener limpias nuestras v\u00edas fluviales. Adem\u00e1s de que con ello se ayuda a mantener los desechos t\u00f3xicos fuera de nuestros desag\u00fces pluviales, mostrando as\u00ed tambi\u00e9n ser un buen vecino.<\/p>\n\n\t\t<\/span>\r\n\t\t\t\t\t<\/div>\r\n\t<\/article>\n\n<article class=\"wsu-card\">\r\n\t\t<div class=\"wsu-image-frame wsu-image--ratio-1-1\">\r\n\t\t\t\t\t<img decoding=\"async\" src=\"https:\/\/wpcdn.web.wsu.edu\/extension\/uploads\/sites\/68\/2022\/01\/LE_Stormwater_Deliverables_2021_Promo_Website_Poop-Smart.jpg\"\r\n\t\t\t\tsrcset=\"https:\/\/wpcdn.web.wsu.edu\/extension\/uploads\/sites\/68\/2022\/01\/LE_Stormwater_Deliverables_2021_Promo_Website_Poop-Smart.jpg 1000w, https:\/\/wpcdn.web.wsu.edu\/extension\/uploads\/sites\/68\/2022\/01\/LE_Stormwater_Deliverables_2021_Promo_Website_Poop-Smart-396x396.jpg 396w, https:\/\/wpcdn.web.wsu.edu\/extension\/uploads\/sites\/68\/2022\/01\/LE_Stormwater_Deliverables_2021_Promo_Website_Poop-Smart-792x792.jpg 792w, https:\/\/wpcdn.web.wsu.edu\/extension\/uploads\/sites\/68\/2022\/01\/LE_Stormwater_Deliverables_2021_Promo_Website_Poop-Smart-198x198.jpg 198w, https:\/\/wpcdn.web.wsu.edu\/extension\/uploads\/sites\/68\/2022\/01\/LE_Stormwater_Deliverables_2021_Promo_Website_Poop-Smart-768x768.jpg 768w\"\r\n\t\t\t\tsizes=\"(max-width: 1000px) 100vw, 1000px\"\r\n\t\t\t\talt=\"Illustration of dog walking next to trees.\"\r\n\t\t\t\tstyle=\"object-position: 50% 50%\"\r\n\t\t\t\t\/>\r\n\t\t\t<\/div>\r\n\t\t<div class=\"wsu-card__content\">\r\n\t\t\t\t\t\t\t\t\t\t<span class=\"wsu-card__content-custom\">\r\n\t\t\t\n\n<p class=\" wsu-font-size--medium\">Recoja la caca, coloquela en una bolsa y t\u00edrela a la basura.<\/p>\n\n\n<div class=\"wsu-cta \">\n\t<a href=\"https:\/\/poopsmart.org\/274-2\/?lang=es\" class=\"wsu-button \">\n\t\t\t\n\t\tRecursos caca inteligente\t\t\t<\/a>\n<\/div>\n\n\t\t<\/span>\r\n\t\t\t\t\t<\/div>\r\n\t<\/article>\n\n<article class=\"wsu-card wsu-spacing-before--xmedium\">\r\n\t\t<div class=\"wsu-image-frame wsu-image--ratio-1-1\">\r\n\t\t\t\t\t<img decoding=\"async\" src=\"https:\/\/wpcdn.web.wsu.edu\/extension\/uploads\/sites\/68\/2021\/12\/watershed.jpg\"\r\n\t\t\t\tsrcset=\"https:\/\/wpcdn.web.wsu.edu\/extension\/uploads\/sites\/68\/2021\/12\/watershed.jpg 1000w, https:\/\/wpcdn.web.wsu.edu\/extension\/uploads\/sites\/68\/2021\/12\/watershed-396x396.jpg 396w, https:\/\/wpcdn.web.wsu.edu\/extension\/uploads\/sites\/68\/2021\/12\/watershed-792x792.jpg 792w, https:\/\/wpcdn.web.wsu.edu\/extension\/uploads\/sites\/68\/2021\/12\/watershed-198x198.jpg 198w, https:\/\/wpcdn.web.wsu.edu\/extension\/uploads\/sites\/68\/2021\/12\/watershed-768x768.jpg 768w\"\r\n\t\t\t\tsizes=\"(max-width: 1000px) 100vw, 1000px\"\r\n\t\t\t\talt=\"A young child interacts with a tabletop model of roads, rivers, and buildings with an adult.\"\r\n\t\t\t\tstyle=\"object-position: 50% 50%\"\r\n\t\t\t\t\/>\r\n\t\t\t<\/div>\r\n\t\t<div class=\"wsu-card__content\">\r\n\t\t\t\t\t\t\t\t\t\t<span class=\"wsu-card__content-custom\">\r\n\t\t\t\n<div class=\"wsu-cta \">\n\t<a href=\"https:\/\/extension.wsu.edu\/snohomish\/latinx\/aguas-pluviales\/\" class=\"wsu-button \">\n\t\t\t\n\t\tRecursos aguas pluviales\t\t\t<\/a>\n<\/div>\n\n\t\t<\/span>\r\n\t\t\t\t\t<\/div>\r\n\t<\/article>\n\n<article class=\"wsu-card wsu-spacing-before--xmedium\">\r\n\t\t<div class=\"wsu-image-frame wsu-image--ratio-1-1\">\r\n\t\t\t\t\t<img decoding=\"async\" src=\"https:\/\/wpcdn.web.wsu.edu\/extension\/uploads\/sites\/68\/2021\/12\/LE_Stormwater_Deliverables_2021_Promo_Website_Car.jpg\"\r\n\t\t\t\tsrcset=\"https:\/\/wpcdn.web.wsu.edu\/extension\/uploads\/sites\/68\/2021\/12\/LE_Stormwater_Deliverables_2021_Promo_Website_Car.jpg 1000w, https:\/\/wpcdn.web.wsu.edu\/extension\/uploads\/sites\/68\/2021\/12\/LE_Stormwater_Deliverables_2021_Promo_Website_Car-396x396.jpg 396w, https:\/\/wpcdn.web.wsu.edu\/extension\/uploads\/sites\/68\/2021\/12\/LE_Stormwater_Deliverables_2021_Promo_Website_Car-792x792.jpg 792w, https:\/\/wpcdn.web.wsu.edu\/extension\/uploads\/sites\/68\/2021\/12\/LE_Stormwater_Deliverables_2021_Promo_Website_Car-198x198.jpg 198w, https:\/\/wpcdn.web.wsu.edu\/extension\/uploads\/sites\/68\/2021\/12\/LE_Stormwater_Deliverables_2021_Promo_Website_Car-768x768.jpg 768w\"\r\n\t\t\t\tsizes=\"(max-width: 1000px) 100vw, 1000px\"\r\n\t\t\t\talt=\"A car drives on a wet forest road in the rain. Overlaid Spanish text reads: \u201cConsejos para d\u00edas lluviosos \u2014 Contaminaci\u00f3n del coche es recogido por la lluvia y arrastrado a los cursos de agua,\u201d meaning \u201cTips for rainy days \u2014 Car pollution is picked up by rain and carried into waterways.\u201d\"\r\n\t\t\t\tstyle=\"object-position: 50% 50%\"\r\n\t\t\t\t\/>\r\n\t\t\t<\/div>\r\n\t\t<div class=\"wsu-card__content\">\r\n\t\t\t\t\t\t\t\t\t\t<span class=\"wsu-card__content-custom\">\r\n\t\t\t\n<div class=\"wsu-cta \">\n\t<a href=\"https:\/\/extension.wsu.edu\/snohomish\/latinx\/aguas-pluviales\/hogar\" class=\"wsu-button \">\n\t\t\t\n\t\tRecursos hogar\t\t\t<\/a>\n<\/div>\n\n\t\t<\/span>\r\n\t\t\t\t\t<\/div>\r\n\t<\/article>\n\n<article class=\"wsu-card wsu-spacing-before--xmedium\">\r\n\t\t<div class=\"wsu-image-frame wsu-image--ratio-1-1\">\r\n\t\t\t\t\t<img decoding=\"async\" src=\"https:\/\/wpcdn.web.wsu.edu\/extension\/uploads\/sites\/68\/2021\/12\/LE_Stormwater_Deliverables_2021_Promo_Website_Home_2.jpg\"\r\n\t\t\t\tsrcset=\"https:\/\/wpcdn.web.wsu.edu\/extension\/uploads\/sites\/68\/2021\/12\/LE_Stormwater_Deliverables_2021_Promo_Website_Home_2.jpg 1000w, https:\/\/wpcdn.web.wsu.edu\/extension\/uploads\/sites\/68\/2021\/12\/LE_Stormwater_Deliverables_2021_Promo_Website_Home_2-396x396.jpg 396w, https:\/\/wpcdn.web.wsu.edu\/extension\/uploads\/sites\/68\/2021\/12\/LE_Stormwater_Deliverables_2021_Promo_Website_Home_2-792x792.jpg 792w, https:\/\/wpcdn.web.wsu.edu\/extension\/uploads\/sites\/68\/2021\/12\/LE_Stormwater_Deliverables_2021_Promo_Website_Home_2-198x198.jpg 198w, https:\/\/wpcdn.web.wsu.edu\/extension\/uploads\/sites\/68\/2021\/12\/LE_Stormwater_Deliverables_2021_Promo_Website_Home_2-768x768.jpg 768w\"\r\n\t\t\t\tsizes=\"(max-width: 1000px) 100vw, 1000px\"\r\n\t\t\t\talt=\"A rain barrel sits beside a house wall with purple flowers in front. Overlaid Spanish text reads: \u201cConsejos para d\u00edas lluviosos \u2014 Cerca de el hogar, crear un barril de lluvia,\u201d meaning \u201cTips for rainy days \u2014 Near the home, create a rain barrel.\u201d\"\r\n\t\t\t\tstyle=\"object-position: 50% 50%\"\r\n\t\t\t\t\/>\r\n\t\t\t<\/div>\r\n\t\t<div class=\"wsu-card__content\">\r\n\t\t\t\t\t\t\t\t\t\t<span class=\"wsu-card__content-custom\">\r\n\t\t\t\n<div class=\"wsu-cta \">\n\t<a href=\"https:\/\/extension.wsu.edu\/snohomish\/latinx\/aguas-pluviales\/hogar\" class=\"wsu-button \">\n\t\t\t\n\t\tRecursos hogar\t\t\t<\/a>\n<\/div>\n\n\t\t<\/span>\r\n\t\t\t\t\t<\/div>\r\n\t<\/article>\n\n<article class=\"wsu-card wsu-spacing-before--xmedium\">\r\n\t\t<div class=\"wsu-image-frame wsu-image--ratio-1-1\">\r\n\t\t\t\t\t<img decoding=\"async\" src=\"https:\/\/wpcdn.web.wsu.edu\/extension\/uploads\/sites\/68\/2021\/12\/LE_Stormwater_Deliverables_2021_Promo_Website_Car.jpg\"\r\n\t\t\t\tsrcset=\"https:\/\/wpcdn.web.wsu.edu\/extension\/uploads\/sites\/68\/2021\/12\/LE_Stormwater_Deliverables_2021_Promo_Website_Car.jpg 1000w, https:\/\/wpcdn.web.wsu.edu\/extension\/uploads\/sites\/68\/2021\/12\/LE_Stormwater_Deliverables_2021_Promo_Website_Car-396x396.jpg 396w, https:\/\/wpcdn.web.wsu.edu\/extension\/uploads\/sites\/68\/2021\/12\/LE_Stormwater_Deliverables_2021_Promo_Website_Car-792x792.jpg 792w, https:\/\/wpcdn.web.wsu.edu\/extension\/uploads\/sites\/68\/2021\/12\/LE_Stormwater_Deliverables_2021_Promo_Website_Car-198x198.jpg 198w, https:\/\/wpcdn.web.wsu.edu\/extension\/uploads\/sites\/68\/2021\/12\/LE_Stormwater_Deliverables_2021_Promo_Website_Car-768x768.jpg 768w\"\r\n\t\t\t\tsizes=\"(max-width: 1000px) 100vw, 1000px\"\r\n\t\t\t\talt=\"A car drives on a wet forest road in the rain. Overlaid Spanish text reads: \u201cConsejos para d\u00edas lluviosos \u2014 Contaminaci\u00f3n del coche es recogido por la lluvia y arrastrado a los cursos de agua,\u201d meaning \u201cTips for rainy days \u2014 Car pollution is picked up by rain and carried into waterways.\u201d\"\r\n\t\t\t\tstyle=\"object-position: 50% 50%\"\r\n\t\t\t\t\/>\r\n\t\t\t<\/div>\r\n\t\t<div class=\"wsu-card__content\">\r\n\t\t\t\t\t\t\t\t\t\t<span class=\"wsu-card__content-custom\">\r\n\t\t\t\n<div class=\"wsu-cta \">\n\t<a href=\"https:\/\/extension.wsu.edu\/snohomish\/latinx\/aguas-pluviales\/coche\" class=\"wsu-button \">\n\t\t\t\n\t\tRecursos coche\t\t\t<\/a>\n<\/div>\n\n\t\t<\/span>\r\n\t\t\t\t\t<\/div>\r\n\t<\/article>\n<\/div>\n<\/div>\r\n\n\n<div class=\"wsu-column\"  style=\"\">\r\n\t\n<section  class=\"wsu-section wsu-spacing-before--none\"  >\r\n        \n\n<h2 class=\"wp-block-heading\">Enlaces r\u00e1pidos<\/h2>\n\n\n    <nav class=\"wsu-navigation-vertical wsu-vertical-menu\">\n        <ul id=\"wsu-site-menu\" class=\"wsu-menu-collapse wsu-menu-collapse--style-vertical\"><li><a href=\"https:\/\/extension.wsu.edu\/snohomish\/latinx\/promotores-5\/\">Promotores del medio Ambiente<\/a><\/li>\n<li aria-expanded=\"false\" aria-haspopup=\"true\"><a href=\"https:\/\/extension.wsu.edu\/snohomish\/latinx\/aguas-pluviales\/\">Aguas pluviales<\/a><button aria-label=\"{Open submenu Aguas pluviales\" class=\"wsu-menu-collapse--action-toggle\"><\/button>\n<ul class=\"sub-menu\">\n<li><a href=\"https:\/\/extension.wsu.edu\/snohomish\/latinx\/aguas-pluviales\/mascotas\/\">Aguas pluviales \u2013 mascotas<\/a><\/li>\n<li><a href=\"https:\/\/extension.wsu.edu\/snohomish\/latinx\/aguas-pluviales\/hogar\/\">Aguas pluviales \u2013 hogar<\/a><\/li>\n<li><a href=\"https:\/\/extension.wsu.edu\/snohomish\/latinx\/aguas-pluviales\/coche\/\">Aguas pluviales \u2013 coche<\/a><\/li>\n<\/ul>\n<\/li>\n<\/ul>    <\/nav>\n\n    <\/section>\n\n<div class=\"wsu-note wsu-spacing-before--xmedium\">\n\t\n\t\t\t<div class=\"wsu-note__title\">\n\t\t\tLos fondos fueron proporcionados por los fondos Geogr\u00e1ficos de Puget Sound de la EPA &#8212;\t\t<\/div>\n\t\t\n\t\n\n<p>Este proyecto ha sido financiado total o parcialmente por la Agencia de Protecci\u00f3n Ambiental de los Estados Unidos bajo el acuerdo de asistencia PC-01J18101 al Departamento de Ecolog\u00eda. El contenido de este documento no refleja necesariamente los puntos de vista de las pol\u00edticas de la Agencia de Protecci\u00f3n Ambiental, ni la menci\u00f3n de nombres comerciales o productos comerciales constituye respaldo o recomendaci\u00f3n para su uso.<\/p>\n\n<\/div>\n\n<\/div>\r\n\n<\/div>","protected":false},"excerpt":{"rendered":"<p>[image img_src=&quot;https:\/\/wpcdn.web.wsu.edu\/wp-extension\/uploads\/sites\/2053\/2021\/12\/LE_Stormwater_Deliverables_2021_Promo_Website_Dog.jpg&quot; img_id=&quot;32660&quot; ]Limpiar los excrementos de su perro es otra forma muy importante en la que podemos mantener limpias nuestras v\u00edas fluviales. Adem\u00e1s de que con ello se ayuda a mantener los desechos t\u00f3xicos&amp;hellip;<\/p>\n","protected":false},"author":0,"featured_media":0,"parent":32513,"menu_order":0,"comment_status":"closed","ping_status":"closed","template":"","meta":{"_expiration_date":""},"categories":[36,37,51],"tags":[],"_links":{"self":[{"href":"https:\/\/extension.wsu.edu\/snohomish\/wp-json\/wp\/v2\/pages\/32696"}],"collection":[{"href":"https:\/\/extension.wsu.edu\/snohomish\/wp-json\/wp\/v2\/pages"}],"about":[{"href":"https:\/\/extension.wsu.edu\/snohomish\/wp-json\/wp\/v2\/types\/page"}],"replies":[{"embeddable":true,"href":"https:\/\/extension.wsu.edu\/snohomish\/wp-json\/wp\/v2\/comments?post=32696"}],"version-history":[{"count":13,"href":"https:\/\/extension.wsu.edu\/snohomish\/wp-json\/wp\/v2\/pages\/32696\/revisions"}],"predecessor-version":[{"id":43863,"href":"https:\/\/extension.wsu.edu\/snohomish\/wp-json\/wp\/v2\/pages\/32696\/revisions\/43863"}],"up":[{"embeddable":true,"href":"https:\/\/extension.wsu.edu\/snohomish\/wp-json\/wp\/v2\/pages\/32513"}],"wp:attachment":[{"href":"https:\/\/extension.wsu.edu\/snohomish\/wp-json\/wp\/v2\/media?parent=32696"}],"wp:term":[{"taxonomy":"category","embeddable":true,"href":"https:\/\/extension.wsu.edu\/snohomish\/wp-json\/wp\/v2\/categories?post=32696"},{"taxonomy":"post_tag","embeddable":true,"href":"https:\/\/extension.wsu.edu\/snohomish\/wp-json\/wp\/v2\/tags?post=32696"}],"curies":[{"name":"wp","href":"https:\/\/api.w.org\/{rel}","templated":true}]}}