{"id":34675,"date":"2022-12-31T12:29:30","date_gmt":"2022-12-31T20:29:30","guid":{"rendered":"https:\/\/extension.wsu.edu\/snohomish\/?page_id=34675"},"modified":"2026-03-16T14:49:27","modified_gmt":"2026-03-16T21:49:27","slug":"promotores-5","status":"publish","type":"page","link":"https:\/\/extension.wsu.edu\/snohomish\/latinx\/promotores-5\/","title":{"rendered":"Promotores del medio Ambiente"},"content":{"rendered":"\n<p>Program Coordinator: Jesika Ardila<\/p>\n\n\n\n<p>Contact: <a href=\"mailto:jesika.ardila@wsu.edu\" data-type=\"mailto\" data-id=\"mailto:jesika.ardila@wsu.edu\">jesika.ardila@wsu.edu<\/a><\/p>\n\n\n\n<figure class=\"wp-block-gallery has-nested-images columns-default is-cropped wp-block-gallery-1 is-layout-flex\">\n<figure class=\"wp-block-image size-full\"><img decoding=\"async\" src=\"https:\/\/wpcdn.web.wsu.edu\/extension\/uploads\/sites\/68\/2022\/12\/Promotores-4-e1672518064546.jpg\" alt=\"A group of twelve adults and one child stand in a row indoors, smiling and holding reusable bags and spray bottles.\" \/><\/figure>\n<\/figure>\n\n\n<div class=\"wsu-row wsu-row--sidebar-right\" >\r\n    \n<div class=\"wsu-column\"  style=\"\">\r\n\t\n\n<h2 class=\"wp-block-heading\">\u00a1Bienvenido!<\/h2>\n\n\n\n<p>El equipo del Medio Ambiente y Alcance Comunitario (ECO) de WSU Snohomish County Extension se enorgullece de promover la diversidad cultural al ofrecer oportunidades educativas y de voluntariado en espa\u00f1ol.<\/p>\n\n\n\n<p><a href=\"https:\/\/extension.wsu.edu\/snohomish\/latinx\/ambassadors\/\">Select here for English<\/a><\/p>\n\n<\/div>\r\n\n\n<div class=\"wsu-column\"  style=\"\">\r\n\t\n<section  class=\"wsu-section wsu-spacing-before--none\"  >\r\n        \n\n<h2 class=\"wp-block-heading\">Enlaces r\u00e1pidos<\/h2>\n\n\n    <nav class=\"wsu-navigation-vertical wsu-vertical-menu\">\n        <ul id=\"wsu-site-menu\" class=\"wsu-menu-collapse wsu-menu-collapse--style-vertical\"><li><a href=\"https:\/\/extension.wsu.edu\/snohomish\/latinx\/promotores-5\/\">Promotores del medio Ambiente<\/a><\/li>\n<li aria-expanded=\"false\" aria-haspopup=\"true\"><a href=\"https:\/\/extension.wsu.edu\/snohomish\/latinx\/aguas-pluviales\/\">Aguas pluviales<\/a><button aria-label=\"{Open submenu Aguas pluviales\" class=\"wsu-menu-collapse--action-toggle\"><\/button>\n<ul class=\"sub-menu\">\n<li><a href=\"https:\/\/extension.wsu.edu\/snohomish\/latinx\/aguas-pluviales\/mascotas\/\">Aguas pluviales \u2013 mascotas<\/a><\/li>\n<li><a href=\"https:\/\/extension.wsu.edu\/snohomish\/latinx\/aguas-pluviales\/hogar\/\">Aguas pluviales \u2013 hogar<\/a><\/li>\n<li><a href=\"https:\/\/extension.wsu.edu\/snohomish\/latinx\/aguas-pluviales\/coche\/\">Aguas pluviales \u2013 coche<\/a><\/li>\n<\/ul>\n<\/li>\n<\/ul>    <\/nav>\n\n    <\/section>\n<\/div>\r\n\n<\/div>\n\n\n<h2 class=\"wp-block-heading\">\u00bfQui\u00e9nes son los Promotores del Medio Ambiente?<\/h2>\n\n\n\n<p>Los Embajadores del Medio Ambiente son voluntarios de WSU Snohomish County Extension capacitados para educar a las familias y comunidades Latinas\/Hispanas sobre c\u00f3mo cuidar nuestro entorno natural para que todos podamos disfrutar de un mundo limpio, saludable y seguro.<\/p>\n\n\n\n<h2 class=\"wp-block-heading\">\u00bfQu\u00e9 tipo de voluntariado hacen los Embajadores?<\/h2>\n\n\n\n<p>Los Embajadores educan a los grupos sobre temas que incluyen desechos s\u00f3lidos, reciclaje, materiales peligrosos y alternativas seguras a los productos qu\u00edmicos de limpieza. Tambi\u00e9n ayudan a gestionar el desperdicio de alimentos en eventos comunitarios mediante la instalaci\u00f3n de estaciones de clasificaci\u00f3n de basura, reciclaje y composta.<\/p>\n\n\n\n<h2 class=\"wp-block-heading\">\u00bfC\u00f3mo puede cuidar nuestro medio ambiente?<\/h2>\n\n\n\n<p>Reduzca su consumo de productos haciendo menos compras, reutilice los art\u00edculos que ya tiene y recicle.<\/p>\n\n\n\n<ul>\n<li>Lleve consigo bolsas reutilitzables cuando vaya de compras.<\/li>\n\n\n\n<li>Deposite los restos de comida en el basurero del jard\u00edn o&nbsp;<a href=\"https:\/\/wpcdn.web.wsu.edu\/extension\/uploads\/sites\/68\/2017\/01\/Por-que-compostear_DOE.pdf\">haga su propia compost<u>a<\/u> (pdf)<\/a>.<\/li>\n\n\n\n<li>Lleve los materiales peligrosos que ya no usa al <a href=\"https:\/\/wpcdn.web.wsu.edu\/extension\/uploads\/sites\/68\/2017\/01\/HHW-what-to-take_Spanish_SnoCo.pdf\">centro de eliminaci\u00f3n de materiales peligrosos de Everett (pdf)<\/a>&nbsp;&#8211; \u00a1es gratis!<\/li>\n\n\n\n<li>Comience a hacer y usar sus propios productos de! limpieza verdes\/ecol\u00f3gicos &#8211; <a href=\"https:\/\/wpcdn.web.wsu.edu\/extension\/uploads\/sites\/68\/2017\/01\/WSU-3-green-recipes_Spanish.pdf\">aqu\u00ed hay algunas recetas (pdf)<\/a>!<\/li>\n\n\n\n<li>Comparta coche, utilice el transporte p\u00fablico o utilice la bicicleta cuando sea posible- \u00a1as\u00ed estar\u00e1 ayudando a combatir el <a href=\"https:\/\/wpcdn.web.wsu.edu\/extension\/uploads\/sites\/68\/2017\/01\/climate_literacy_highres_spanish.pdf\">cambio clim\u00e1tico (pdf)<\/a>!<\/li>\n<\/ul>\n\n\n\n<h2 class=\"wp-block-heading\">Recursos<\/h2>\n\n\n\n<ul>\n<li><a href=\"https:\/\/www.wmnorthwest.com\/guidelines\/ml\/spanish\/indexsc.html\">Gu\u00eda de Waste Management<\/a> (Snohomish County)<\/li>\n\n\n\n<li><a href=\"https:\/\/wpcdn.web.wsu.edu\/extension\/uploads\/sites\/68\/2017\/01\/RUBATINO_Spanish-Dual-Stream-Recyling.pdf\">Gu\u00eda Rubatino (pdf)<\/a> (Everett)<\/li>\n\n\n\n<li><a href=\"https:\/\/wpcdn.web.wsu.edu\/extension\/uploads\/sites\/68\/2017\/01\/Multifamily-Recycling-Flier-Spanish.pdf\">Gu\u00eda de Republic Services (pdf)<\/a><\/li>\n\n\n\n<li><a href=\"https:\/\/41k4p01v6nzq13r4y42jb9xv-wpengine.netdna-ssl.com\/wp-content\/uploads\/2020\/01\/Recycle-Poster_Spanish_2020.pdf\">Gu\u00eda de Recolog\u00eda (pdf)<\/a>&nbsp;(Bothell)<\/li>\n\n\n\n<li><a href=\"https:\/\/snohomishcountywa.gov\/3758\/Natural-Yard-Care-Videos\">Videos sobre el cuidado natural del patio<\/a> (Snohomish County)<\/li>\n<\/ul>\n","protected":false},"excerpt":{"rendered":"<p>\u00a1Bienvenido! El equipo del Medio Ambiente y Alcance Comunitario (ECO) de WSU Snohomish County Extension se enorgullece de promover la diversidad cultural al ofrecer oportunidades educativas y de voluntariado en espa\u00f1ol. Click here for English[image&amp;hellip;<\/p>\n","protected":false},"author":0,"featured_media":45724,"parent":34685,"menu_order":0,"comment_status":"closed","ping_status":"closed","template":"","meta":{"_tec_requires_first_save":true,"_EventAllDay":false,"_EventTimezone":"","_EventStartDate":"","_EventEndDate":"","_EventStartDateUTC":"","_EventEndDateUTC":"","_EventShowMap":false,"_EventShowMapLink":false,"_EventURL":"","_EventCost":"","_EventCostDescription":"","_EventCurrencySymbol":"","_EventCurrencyCode":"","_EventCurrencyPosition":"","_EventDateTimeSeparator":"","_EventTimeRangeSeparator":"","_EventOrganizerID":[],"_EventVenueID":0,"_OrganizerEmail":"","_OrganizerPhone":"","_OrganizerWebsite":"","_VenueAddress":"","_VenueCity":"","_VenueCountry":"","_VenueProvince":"","_VenueZip":"","_VenuePhone":"","_VenueURL":"","_VenueStateProvince":"","_VenueLat":"","_VenueLng":"","_tribe_blocks_recurrence_rules":"","_tribe_blocks_recurrence_description":"","_tribe_blocks_recurrence_exclusions":"","_expiration_date":""},"categories":[36,37,51],"tags":[],"_links":{"self":[{"href":"https:\/\/extension.wsu.edu\/snohomish\/wp-json\/wp\/v2\/pages\/34675"}],"collection":[{"href":"https:\/\/extension.wsu.edu\/snohomish\/wp-json\/wp\/v2\/pages"}],"about":[{"href":"https:\/\/extension.wsu.edu\/snohomish\/wp-json\/wp\/v2\/types\/page"}],"replies":[{"embeddable":true,"href":"https:\/\/extension.wsu.edu\/snohomish\/wp-json\/wp\/v2\/comments?post=34675"}],"version-history":[{"count":12,"href":"https:\/\/extension.wsu.edu\/snohomish\/wp-json\/wp\/v2\/pages\/34675\/revisions"}],"predecessor-version":[{"id":45725,"href":"https:\/\/extension.wsu.edu\/snohomish\/wp-json\/wp\/v2\/pages\/34675\/revisions\/45725"}],"up":[{"embeddable":true,"href":"https:\/\/extension.wsu.edu\/snohomish\/wp-json\/wp\/v2\/pages\/34685"}],"wp:featuredmedia":[{"embeddable":true,"href":"https:\/\/extension.wsu.edu\/snohomish\/wp-json\/wp\/v2\/media\/45724"}],"wp:attachment":[{"href":"https:\/\/extension.wsu.edu\/snohomish\/wp-json\/wp\/v2\/media?parent=34675"}],"wp:term":[{"taxonomy":"category","embeddable":true,"href":"https:\/\/extension.wsu.edu\/snohomish\/wp-json\/wp\/v2\/categories?post=34675"},{"taxonomy":"post_tag","embeddable":true,"href":"https:\/\/extension.wsu.edu\/snohomish\/wp-json\/wp\/v2\/tags?post=34675"}],"curies":[{"name":"wp","href":"https:\/\/api.w.org\/{rel}","templated":true}]}}