{"id":36942,"date":"2024-03-11T14:26:31","date_gmt":"2024-03-11T21:26:31","guid":{"rendered":"https:\/\/extension.wsu.edu\/snohomish\/?page_id=36942"},"modified":"2025-10-17T08:47:33","modified_gmt":"2025-10-17T15:47:33","slug":"food-waste-prevention","status":"publish","type":"page","link":"https:\/\/extension.wsu.edu\/snohomish\/sustainability-stewards\/food-waste-prevention\/","title":{"rendered":"Food Waste Prevention"},"content":{"rendered":"<div class=\"wsu-row wsu-row--sidebar-right\" >\r\n    \n<div class=\"wsu-column\"  style=\"\">\r\n\t\n\n<figure class=\"wp-block-image size-full\"><img decoding=\"async\" src=\"https:\/\/wpcdn.web.wsu.edu\/extension\/uploads\/sites\/68\/2025\/02\/FWPW-2025-Proud-to-be-a-Partner.png\" alt=\"Food Waster Prevention Week - April 7 through 13, 2025. \"\/><\/figure>\n\n\n\n<h2 class=\"wp-block-heading\">What is food waste?<\/h2>\n\n\n\n<p>Food waste refers to edible food meant for human consumption that has instead been discarded or recycled. Food waste can occur at different points of processing or consumption in schools, restaurants, or at home. This includes plate waste, expired\/rotten food, parts of food you don&#8217;t typically eat, (peels and rinds) and more.<\/p>\n\n\n\n<h2 class=\"wp-block-heading\">Why is food waste so important?<\/h2>\n\n\n\n<p>When food is wasted, so too is the time, land, energy, water, love, and other resources utilized in growing, transporting, processing, cooking, and storing food. Worst of all, if food waste is disposed of in landfills, it is unable to break down naturally&#8211; it decomposes in an environment without oxygen, leading to the production of methane, a greenhouse gas 30-80 times more potent than carbon dioxide.<\/p>\n\n\n\n<figure class=\"wp-block-image size-full\"><img decoding=\"async\" src=\"https:\/\/wpcdn.web.wsu.edu\/extension\/uploads\/sites\/68\/2024\/03\/EPA-environ-food-waste.png\" alt=\"Graphic displaying environmental impacts of United States food waste\"\/><\/figure>\n\n\n\n<h2 class=\"wp-block-heading\"><a href=\"https:\/\/www.fda.gov\/media\/132455\/download?attachment\">Consejos para reducir el desperdicio de alimentos<\/a><\/h2>\n\n\n\n<p>Todos podemos contribuir a alcanzar la meta nacional de reducci\u00f3n del desperdicio de alimentos: reducirlo en un 50% para el a\u00f1o 2030. Ponga en pr\u00e1ctica estas sugerencias de inmediato para reducir el desperdicio de alimentos, ahorrar dinero y proteger el medio ambiente.<\/p>\n\n<\/div>\r\n\n\n<div class=\"wsu-column\"  style=\"\">\r\n\t\n<section  class=\"wsu-section wsu-spacing-before--none\"  >\r\n        \n\n<h2 class=\"wp-block-heading\">Quick Links<\/h2>\n\n\n    <nav class=\"wsu-navigation-vertical wsu-vertical-menu\">\n        <ul id=\"wsu-site-menu\" class=\"wsu-menu-collapse wsu-menu-collapse--style-vertical\"><li><a href=\"https:\/\/extension.wsu.edu\/snohomish\/sustainability-stewards\/\">Sustainable Community Stewards<\/a><\/li>\n<li><a href=\"https:\/\/extension.wsu.edu\/snohomish\/sustainability-stewards\/training\/\">Sustainability Training<\/a><\/li>\n<li><a href=\"https:\/\/extension.wsu.edu\/snohomish\/sustainability-stewards\/repair-cafe\/\">Repair Cafe<\/a><\/li>\n<li><a href=\"https:\/\/extension.wsu.edu\/snohomish\/sustainability-stewards\/food-waste-prevention\/\">Food Waste Prevention<\/a><\/li>\n<li><a href=\"https:\/\/extension.wsu.edu\/snohomish\/sustainability-stewards\/speakers\/\">Sustainability Speakers<\/a><\/li>\n<li><a href=\"https:\/\/extension.wsu.edu\/snohomish\/sustainability-stewards\/sustainability-resources\/\">Sustainability Resources<\/a><\/li>\n<\/ul>    <\/nav>\n\n    <\/section>\n\n\n<h2 class=\"wp-block-heading\">Join the Food Waste Prevention Movement!<\/h2>\n\n\n<div class=\"wsu-cta \" >\n\t<a \t\t\t\t\thref=\"https:\/\/www.foodwastepreventionweek.com\/pledge\"\t\n\t\tclass=\"wsu-button  wsu-button--style-action\">\n\t\t\t\n\t\tTake the pledge against food waste\t\t\t<\/a>\n<\/div>\n\n\n<div class=\"wsu-cta \" >\n\t<a \t\t\t\t\thref=\"https:\/\/extension.wsu.edu\/snohomish\/garden\/growinggroceries\/\"\t\n\t\tclass=\"wsu-button  wsu-button--style-action\">\n\t\t\t\n\t\tGrow your own food\t\t\t<\/a>\n<\/div>\n\n\n<div class=\"wsu-cta \" >\n\t<a \t\t\t\t\thref=\"https:\/\/www.foodwastepreventionweek.com\/learn\"\t\n\t\tclass=\"wsu-button  wsu-button--style-action\">\n\t\t\t\n\t\tLearn how to prevent food waste in your daily life\t\t\t<\/a>\n<\/div>\n\n\n<div class=\"wsu-cta \" >\n\t<a \t\t\t\t\thref=\"https:\/\/www.epa.gov\/recycle\/preventing-wasted-food-home\"\t\n\t\tclass=\"wsu-button  wsu-button--style-action\">\n\t\t\t\n\t\tEPA Food Waste Prevention\t\t\t<\/a>\n<\/div>\n\n\n<div class=\"wsu-cta \" >\n\t<a \t\t\t\t\thref=\"https:\/\/savethefood.com\/planning\"\t\n\t\tclass=\"wsu-button  wsu-button--style-action\">\n\t\t\t\n\t\tMeal Prep Mate\t\t\t<\/a>\n<\/div>\n\n\n\n<p>A digital tool to help you plan meals and your shopping list.<\/p>\n\n\n\n<figure class=\"wp-block-image size-full\"><img decoding=\"async\" src=\"https:\/\/wpcdn.web.wsu.edu\/extension\/uploads\/sites\/68\/2024\/03\/stop-food-waste-cookbook.png\" alt=\"Stop Food Waste Day Cookbook\"\/><\/figure>\n\n\n\n<figure class=\"wp-block-image size-full\"><img decoding=\"async\" src=\"https:\/\/wpcdn.web.wsu.edu\/extension\/uploads\/sites\/68\/2024\/03\/the-scrabs-book.png\" alt=\"The Scraps Book Cookbook by IKEA\"\/><\/figure>\n\n<\/div>\r\n\n<\/div>\n\n<div class=\"wsu-row wsu-row--halves\" >\r\n    \n<div class=\"wsu-column\"  style=\"\">\r\n\t<\/div>\r\n\n\n<div class=\"wsu-column\"  style=\"\">\r\n\t<\/div>\r\n\n<\/div>","protected":false},"excerpt":{"rendered":"<p>[image img_src=&quot;https:\/\/wpcdn.web.wsu.edu\/wp-extension\/uploads\/sites\/2053\/2025\/02\/FWPW-2025-Proud-to-be-a-Partner.png&quot; img_id=&quot;40592&quot; url=&quot;https:\/\/www.foodwastepreventionweek.com\/&quot; ]What is food waste? Food waste refers to edible food meant for human consumption that has instead been discarded or recycled. Food waste can occur at different points of processing or&amp;hellip;<\/p>\n","protected":false},"author":0,"featured_media":0,"parent":34696,"menu_order":0,"comment_status":"closed","ping_status":"closed","template":"","meta":{"_tec_requires_first_save":true,"_wsuwp_accessibility_report":null,"_EventAllDay":false,"_EventTimezone":"","_EventStartDate":"","_EventEndDate":"","_EventStartDateUTC":"","_EventEndDateUTC":"","_EventShowMap":false,"_EventShowMapLink":false,"_EventURL":"","_EventCost":"","_EventCostDescription":"","_EventCurrencySymbol":"","_EventCurrencyCode":"","_EventCurrencyPosition":"","_EventDateTimeSeparator":"","_EventTimeRangeSeparator":"","_EventOrganizerID":[],"_EventVenueID":0,"_OrganizerEmail":"","_OrganizerPhone":"","_OrganizerWebsite":"","_VenueAddress":"","_VenueCity":"","_VenueCountry":"","_VenueProvince":"","_VenueZip":"","_VenuePhone":"","_VenueURL":"","_VenueStateProvince":"","_VenueLat":"","_VenueLng":"","_tribe_blocks_recurrence_rules":"","_tribe_blocks_recurrence_description":"","_tribe_blocks_recurrence_exclusions":"","_expiration_date":""},"categories":[49],"tags":[],"_links":{"self":[{"href":"https:\/\/extension.wsu.edu\/snohomish\/wp-json\/wp\/v2\/pages\/36942"}],"collection":[{"href":"https:\/\/extension.wsu.edu\/snohomish\/wp-json\/wp\/v2\/pages"}],"about":[{"href":"https:\/\/extension.wsu.edu\/snohomish\/wp-json\/wp\/v2\/types\/page"}],"replies":[{"embeddable":true,"href":"https:\/\/extension.wsu.edu\/snohomish\/wp-json\/wp\/v2\/comments?post=36942"}],"version-history":[{"count":7,"href":"https:\/\/extension.wsu.edu\/snohomish\/wp-json\/wp\/v2\/pages\/36942\/revisions"}],"predecessor-version":[{"id":43835,"href":"https:\/\/extension.wsu.edu\/snohomish\/wp-json\/wp\/v2\/pages\/36942\/revisions\/43835"}],"up":[{"embeddable":true,"href":"https:\/\/extension.wsu.edu\/snohomish\/wp-json\/wp\/v2\/pages\/34696"}],"wp:attachment":[{"href":"https:\/\/extension.wsu.edu\/snohomish\/wp-json\/wp\/v2\/media?parent=36942"}],"wp:term":[{"taxonomy":"category","embeddable":true,"href":"https:\/\/extension.wsu.edu\/snohomish\/wp-json\/wp\/v2\/categories?post=36942"},{"taxonomy":"post_tag","embeddable":true,"href":"https:\/\/extension.wsu.edu\/snohomish\/wp-json\/wp\/v2\/tags?post=36942"}],"curies":[{"name":"wp","href":"https:\/\/api.w.org\/{rel}","templated":true}]}}