{"id":4532,"date":"2017-05-11T13:22:13","date_gmt":"2017-05-11T21:22:13","guid":{"rendered":"http:\/\/extension.wsu.edu\/thurston\/?page_id=4532"},"modified":"2024-03-26T10:29:32","modified_gmt":"2024-03-26T18:29:32","slug":"cultivatingsuccess","status":"publish","type":"page","link":"https:\/\/extension.wsu.edu\/thurston\/cultivatingsuccess\/","title":{"rendered":"Cultivating Success\/Cultivando \u00c9xito"},"content":{"rendered":"<p><div class=\"cpb-row  pad-bottom gutter single\" style=\"\"><div class=\"cpb-row-inner\"><div class=\"cpb-column  one\" style=\"\"><div class=\"cpb-textblock cpb-item \"><p>Our Cultivating Success Program offers courses\u00a0that\u00a0provide beginning and\u00a0existing farmers with the planning\u00a0and decision-making tools, production skills and support necessary to develop a sustainable small acreage farm.\u00a0Cultivating Success connects the student with the farmers and local resources through a community-based, experiential course and is a great educational opportunity for anyone interested in the knowledge and skills you need to be a successful small acreage farmer or rancher.<\/p>\n<p><em>Nuestro programa \u2018Cultivando \u00c9xito\u2019 ofrece cursos que proveen a los productores principiantes con herramientas para la planificaci\u00f3n y la toma de decisiones en la granja, as\u00ed como con conocimiento sobre producci\u00f3n y manejo de negocios para desarrollar una finca\/granja de peque\u00f1a escala de forma sostenible. Cultivando \u00c9xito conecta a los participantes con productores y recursos locales, facilita experiencias en la comunidad y es una buena oportunidad para cualquier persona interesada en obtener el conocimiento y las habilidades necesarias para ser un agricultor exitoso.<\/em><\/p>\n<hr \/>\n<div class=\"cpb-row pad-bottom gutter side-left\">\n<div class=\"cpb-row-inner\">\n<div class=\"cpb-column two medium-small column-size-400\">\n<div class=\"cpb-textblock cpb-item \">\n<h4><\/h4>\n<\/div>\n<\/div>\n<\/div>\n<\/div>\n<p><\/p><\/div>\n<\/div>\n<\/div><\/div>\n<div class=\"cpb-row  pad-bottom gutter side-left\" style=\"\"><div class=\"cpb-row-inner\"><div class=\"cpb-column  one\" style=\"\"><div class=\"cpb-textblock cpb-item \"><p><a href=\"https:\/\/wpcdn.web.wsu.edu\/wp-extension\/uploads\/sites\/2056\/2024\/03\/WFP2.png\"><img decoding=\"async\" loading=\"lazy\" class=\"alignnone wp-image-14593 size-large\" src=\"https:\/\/wpcdn.web.wsu.edu\/wp-extension\/uploads\/sites\/2056\/2024\/03\/WFP2-729x610.png\" alt=\"\" width=\"729\" height=\"610\" srcset=\"https:\/\/wpcdn.web.wsu.edu\/wp-extension\/uploads\/sites\/2056\/2024\/03\/WFP2-729x610.png 729w, https:\/\/wpcdn.web.wsu.edu\/wp-extension\/uploads\/sites\/2056\/2024\/03\/WFP2-396x331.png 396w, https:\/\/wpcdn.web.wsu.edu\/wp-extension\/uploads\/sites\/2056\/2024\/03\/WFP2-792x663.png 792w, https:\/\/wpcdn.web.wsu.edu\/wp-extension\/uploads\/sites\/2056\/2024\/03\/WFP2-990x829.png 990w, https:\/\/wpcdn.web.wsu.edu\/wp-extension\/uploads\/sites\/2056\/2024\/03\/WFP2-1188x994.png 1188w, https:\/\/wpcdn.web.wsu.edu\/wp-extension\/uploads\/sites\/2056\/2024\/03\/WFP2.png 1245w\" sizes=\"(max-width: 729px) 100vw, 729px\" \/><\/a><\/p><\/div>\n<\/div>\n<div class=\"cpb-column  two\" style=\"\"><div class=\"cpb-textblock cpb-item \"><p><\/p>\n<div class=\"cpb-textblock cpb-item \">\n<h4><strong>Whole Farm Planning: Sustainable Small Acreage Farming and Ranching<\/strong><\/h4>\n<p><span data-contrast=\"auto\">Cultivating Success\u2122: Whole Farm Planning will walk you through a step-by-step process, to help you prepare a well thought out plan for your land, life, and farm business. Learn how to use a whole\u00a0system\u00a0lens to create a living plan for your small farm future. Classes will meet weekly through Zoom, in an online classroom environment and you will be able to connect with a statewide community of other aspiring farm planners. Leave with tools for\u00a0decision\u00a0making and a road map to plan for your farming endeavors. Includes many opportunities for networking and community building in smaller breakout groups too! Come build a solid plan for a farm or food business that suites you.\u00a0<\/span><span data-ccp-props=\"{&quot;201341983&quot;:0,&quot;335551550&quot;:6,&quot;335551620&quot;:6,&quot;335559739&quot;:200,&quot;335559740&quot;:276}\">\u00a0<\/span><\/p>\n<p>Offered every fall, course runs September through December<\/p>\n<p><a href=\"https:\/\/www.cultivatingsuccesswa.org\/whole-farm-planning\">Learn more<\/a> about this course.<\/p>\n<\/div>\n<div class=\"cpb-textblock cpb-item \">\n<h4><strong>Planificaci\u00f3n de toda la granja: Agricultura Sostenible de Peque\u00f1a Escala<\/strong><\/h4>\n<p><em><span class=\"TextRun SCXW176095569 BCX0\" lang=\"ES-US\" xml:lang=\"ES-US\" data-contrast=\"auto\"><span class=\"NormalTextRun SpellingErrorV2 SCXW176095569 BCX0\">Cultivating<\/span><span class=\"NormalTextRun SpellingErrorV2 SCXW176095569 BCX0\">Success<\/span><span class=\"NormalTextRun SCXW176095569 BCX0\">\u00a0\u2122: En el curso \u2018<\/span><span class=\"NormalTextRun SCXW176095569 BCX0\">Planificaci\u00f3n de toda la granja\u2019 se<\/span><span class=\"NormalTextRun SCXW176095569 BCX0\">\u00a0l<\/span><span class=\"NormalTextRun SCXW176095569 BCX0\">e\u00a0<\/span><\/span><\/em><em><span class=\"TextRun SCXW176095569 BCX0\" lang=\"ES-US\" xml:lang=\"ES-US\" data-contrast=\"auto\"><span class=\"NormalTextRun SCXW176095569 BCX0\">guiar\u00e1\u00a0<\/span><\/span><\/em><em><span class=\"TextRun SCXW176095569 BCX0\" lang=\"ES-US\" xml:lang=\"ES-US\" data-contrast=\"auto\"><span class=\"NormalTextRun SCXW176095569 BCX0\">paso a paso\u00a0<\/span><\/span><\/em><em><span class=\"TextRun SCXW176095569 BCX0\" lang=\"ES-US\" xml:lang=\"ES-US\" data-contrast=\"auto\"><span class=\"NormalTextRun SCXW176095569 BCX0\">en el proceso para preparar un plan estrat\u00e9gico para su terreno, su vida y su negocio agr\u00edcola.\u00a0<\/span><span class=\"NormalTextRun SCXW176095569 BCX0\">Le ense\u00f1aremos a utilizar un enfoque hol\u00edstico sobre nuestros sistemas para que planifique el futuro de su granja de peque\u00f1a escala.\u202f<\/span><span class=\"NormalTextRun SCXW176095569 BCX0\">Las clases tomar\u00e1n lugar semanalmente a trav\u00e9s de\u00a0<\/span><span class=\"NormalTextRun SCXW176095569 BCX0\">Zoom<\/span><span class=\"NormalTextRun SCXW176095569 BCX0\">,<\/span><span class=\"NormalTextRun SCXW176095569 BCX0\">en un ambiente de aula en l\u00ednea. P<\/span><span class=\"NormalTextRun SCXW176095569 BCX0\">odr\u00e1 conectarse con la comunidad y con personas intresadas en la\u00a0<\/span><span class=\"NormalTextRun SCXW176095569 BCX0\">agricultura a lo largo de todo el\u00a0<\/span><\/span><\/em><em><span class=\"TextRun SCXW176095569 BCX0\" lang=\"ES-US\" xml:lang=\"ES-US\" data-contrast=\"auto\"><span class=\"NormalTextRun SCXW176095569 BCX0\">estado<\/span><\/span><\/em><em><span class=\"TextRun SCXW176095569 BCX0\" lang=\"ES-US\" xml:lang=\"ES-US\" data-contrast=\"auto\"><span class=\"NormalTextRun SCXW176095569 BCX0\">.\u00a0<\/span><span class=\"NormalTextRun SCXW176095569 BCX0\">Obtendr\u00e1 herramientas para la toma de decisiones y para poner en marcha su plan agr\u00edcola.\u00a0<\/span><span class=\"NormalTextRun SCXW176095569 BCX0\">Tambi\u00e9n incluye muchas oportunidades para fortalecer sus<\/span><span class=\"NormalTextRun SCXW176095569 BCX0\">\u00a0red<\/span><span class=\"NormalTextRun SCXW176095569 BCX0\">es sociales e interactuar con la\u00a0<\/span><span class=\"NormalTextRun SCXW176095569 BCX0\">comunidad<\/span><span class=\"NormalTextRun SCXW176095569 BCX0\">\u00a0a trav\u00e9s de sesiones en grupos peque\u00f1os en Zoom \u00a1<\/span><span class=\"NormalTextRun SCXW176095569 BCX0\">Le invitamos a construir un plan s\u00f3lido para su futura granja o negocio\u00a0<\/span><span class=\"NormalTextRun SCXW176095569 BCX0\">a<\/span><span class=\"NormalTextRun SCXW176095569 BCX0\">gr\u00edcola,<\/span><span class=\"NormalTextRun SCXW176095569 BCX0\">\u00a0adaptado a sus necesidades!<\/span><\/span><\/em><\/p>\n<\/div>\n<p>Se ofrece cada oto\u00f1o y el curso se realiza de septiembre a diciembre.<\/p>\n<p><a href=\"https:\/\/www.cultivatingsuccesswa.org\/whole-farm-planning\">Obtenga m\u00e1s<\/a> informaci\u00f3n sobre este curso.<\/p><\/div>\n<\/div>\n<\/div><\/div>\n<div class=\"cpb-row  pad-bottom gutter single\" style=\"\"><div class=\"cpb-row-inner\"><div class=\"cpb-column  one\" style=\"\"><div class=\"cpb-textblock cpb-item \"><p><\/p>\n<hr \/>\n<p>&nbsp;<\/p><\/div>\n<\/div>\n<\/div><\/div>\n<div class=\"cpb-row  pad-bottom gutter side-left\" style=\"\"><div class=\"cpb-row-inner\"><div class=\"cpb-column  one\" style=\"\"><div class=\"cpb-textblock cpb-item \"><p><a href=\"https:\/\/wpcdn.web.wsu.edu\/wp-extension\/uploads\/sites\/2056\/2024\/03\/AEBP.png\"><img decoding=\"async\" loading=\"lazy\" class=\"alignnone wp-image-14591 size-large\" src=\"https:\/\/wpcdn.web.wsu.edu\/wp-extension\/uploads\/sites\/2056\/2024\/03\/AEBP-729x721.png\" alt=\"\" width=\"729\" height=\"721\" srcset=\"https:\/\/wpcdn.web.wsu.edu\/wp-extension\/uploads\/sites\/2056\/2024\/03\/AEBP-729x721.png 729w, https:\/\/wpcdn.web.wsu.edu\/wp-extension\/uploads\/sites\/2056\/2024\/03\/AEBP-396x392.png 396w, https:\/\/wpcdn.web.wsu.edu\/wp-extension\/uploads\/sites\/2056\/2024\/03\/AEBP-792x784.png 792w, https:\/\/wpcdn.web.wsu.edu\/wp-extension\/uploads\/sites\/2056\/2024\/03\/AEBP-990x980.png 990w, https:\/\/wpcdn.web.wsu.edu\/wp-extension\/uploads\/sites\/2056\/2024\/03\/AEBP.png 1041w\" sizes=\"(max-width: 729px) 100vw, 729px\" \/><\/a><\/p><\/div>\n<\/div>\n<div class=\"cpb-column  two\" style=\"\"><div class=\"cpb-textblock cpb-item \"><p><\/p>\n<div class=\"cpb-textblock cpb-item \">\n<h4><strong>Agricultural Entrepreneurship and Business Planning<\/strong><\/h4>\n<p>Take your farm business to the next level with this 8 week course. A unique combination of guest speakers, in class discussion and assignments, this course dives into the business side of running a farm, from sales and marketing to financial management. At the end of the course, you will have the core elements of a business plan to guide your farm forward. Scholarships available.<\/p>\n<p>Offered every winter, running January through March<\/p>\n<p><a href=\"https:\/\/www.cultivatingsuccesswa.org\/agricultural-entrepreneurship\">Learn more<\/a> about this course.<\/p>\n<\/div>\n<div class=\"cpb-textblock cpb-item \">\n<h4><strong>Planificaci\u00f3n del Negocio agr\u00edcola<\/strong><\/h4>\n<p>Lleve su negocio agr\u00edcola al pr\u00f3ximo nivel con este curso de 8 semanas. Con una combinaci\u00f3n \u00fanica de presentadores, platicas en grupo y ensayos, este curso se enfocar\u00e1 en el manejo del negocio agr\u00edcola utilizando recursos sobre ventas, mercadeo, finanzas, e impuestos. \u00a0Al final del curso, habr\u00e1 desarrollado un plan de negocios que le servir\u00e1 como gu\u00eda para construir su negocio agr\u00edcola. Hay becas disponibles.<\/p>\n<\/div>\n<p>Se ofrece todos los inviernos, de enero a marzo.<\/p>\n<p><a href=\"https:\/\/www.cultivatingsuccesswa.org\/agricultural-entrepreneurship\">Obtenga m\u00e1s<\/a> informaci\u00f3n sobre este curso.<\/p><\/div>\n<\/div>\n<\/div><\/div>\n<\/p>\n","protected":false},"excerpt":{"rendered":"<p>Our Cultivating Success Program offers courses\u00a0that\u00a0provide beginning and\u00a0existing farmers with the planning\u00a0and decision-making tools, production skills and support necessary to develop a sustainable small acreage farm.\u00a0Cultivating Success connects the student with the farmers and local&amp;hellip;<\/p>\n","protected":false},"author":8943,"featured_media":0,"parent":0,"menu_order":0,"comment_status":"closed","ping_status":"closed","template":"templates\/program.php","meta":[],"categories":[],"tags":[],"wsuwp_university_location":[],"wsuwp_university_org":[],"_links":{"self":[{"href":"https:\/\/extension.wsu.edu\/thurston\/wp-json\/wp\/v2\/pages\/4532"}],"collection":[{"href":"https:\/\/extension.wsu.edu\/thurston\/wp-json\/wp\/v2\/pages"}],"about":[{"href":"https:\/\/extension.wsu.edu\/thurston\/wp-json\/wp\/v2\/types\/page"}],"author":[{"embeddable":true,"href":"https:\/\/extension.wsu.edu\/thurston\/wp-json\/wp\/v2\/users\/8943"}],"replies":[{"embeddable":true,"href":"https:\/\/extension.wsu.edu\/thurston\/wp-json\/wp\/v2\/comments?post=4532"}],"version-history":[{"count":43,"href":"https:\/\/extension.wsu.edu\/thurston\/wp-json\/wp\/v2\/pages\/4532\/revisions"}],"predecessor-version":[{"id":14594,"href":"https:\/\/extension.wsu.edu\/thurston\/wp-json\/wp\/v2\/pages\/4532\/revisions\/14594"}],"wp:attachment":[{"href":"https:\/\/extension.wsu.edu\/thurston\/wp-json\/wp\/v2\/media?parent=4532"}],"wp:term":[{"taxonomy":"category","embeddable":true,"href":"https:\/\/extension.wsu.edu\/thurston\/wp-json\/wp\/v2\/categories?post=4532"},{"taxonomy":"post_tag","embeddable":true,"href":"https:\/\/extension.wsu.edu\/thurston\/wp-json\/wp\/v2\/tags?post=4532"},{"taxonomy":"wsuwp_university_location","embeddable":true,"href":"https:\/\/extension.wsu.edu\/thurston\/wp-json\/wp\/v2\/wsuwp_university_location?post=4532"},{"taxonomy":"wsuwp_university_org","embeddable":true,"href":"https:\/\/extension.wsu.edu\/thurston\/wp-json\/wp\/v2\/wsuwp_university_org?post=4532"}],"curies":[{"name":"wp","href":"https:\/\/api.w.org\/{rel}","templated":true}]}}