{"id":5939,"date":"2025-03-21T16:37:33","date_gmt":"2025-03-21T23:37:33","guid":{"rendered":"https:\/\/extension.wsu.edu\/wam\/?page_id=5939"},"modified":"2025-09-22T11:35:55","modified_gmt":"2025-09-22T18:35:55","slug":"past-issues-2025","status":"publish","type":"page","link":"https:\/\/extension.wsu.edu\/wam\/past-issues-2025\/","title":{"rendered":"Past Issues 2025"},"content":{"rendered":"<div class=\"wsu-card-wrapper wsu-card-wrapper--news wsu-card-wrapper--per-row-3\">\r\n        <article class=\"wsu-card wsu-card--news wsu-card--id-6269 \">\n\t\t<div class=\"wsu-image-frame wsu-image-frame--fixed-ratio\">\n\t\t<a href=\"https:\/\/extension.wsu.edu\/wam\/2025\/11\/18\/2025-lynden-ag-show\/\" tabindex=\"-1\" aria-hidden=\"true\">\t\t\t<img decoding=\"async\" src=\"https:\/\/wpcdn.web.wsu.edu\/extension\/uploads\/sites\/37\/2025\/10\/LAG-SFC-Building2025-v4-copy.png\"\n\t\t\t\tsrcset=\"https:\/\/wpcdn.web.wsu.edu\/extension\/uploads\/sites\/37\/2025\/10\/LAG-SFC-Building2025-v4-copy.png 1600w, https:\/\/wpcdn.web.wsu.edu\/extension\/uploads\/sites\/37\/2025\/10\/LAG-SFC-Building2025-v4-copy-300x169.png 300w, https:\/\/wpcdn.web.wsu.edu\/extension\/uploads\/sites\/37\/2025\/10\/LAG-SFC-Building2025-v4-copy-1024x576.png 1024w, https:\/\/wpcdn.web.wsu.edu\/extension\/uploads\/sites\/37\/2025\/10\/LAG-SFC-Building2025-v4-copy-768x432.png 768w, https:\/\/wpcdn.web.wsu.edu\/extension\/uploads\/sites\/37\/2025\/10\/LAG-SFC-Building2025-v4-copy-1536x864.png 1536w\"\t\t\t\tsizes=\"(max-width: 1600px) 100vw, 1600px\"\t\t\t\talt=\"Farm pavilion building at the Northwest Washington Fairgrounds.\" \/>\n\t\t<\/a>\t<\/div>\n\t\t<div class=\"wsu-card__content\">\n\t\t\t\t\t\t\t\t\t\t\t\t<h3 class=\"wsu-title\">\n\t\t\t<a href=\"https:\/\/extension.wsu.edu\/wam\/2025\/11\/18\/2025-lynden-ag-show\/\">\t\t\t2025 Lynden Ag Show\t\t\t<\/a>\t\t<\/h3>\n\t\t        \t\t<div class=\"wsu-meta-date\">\n\t\t\t<time>November 18, 2025<\/time>\n\t\t<\/div>\n\t\t\t\t\t\t<div class=\"wsu-caption\">\n\t\t\tWe are nearly six weeks away from the 2025 Lynden Ag Show which hosts the Washington Small Fruit Conference and the Northwest Washington Potato Conference.\t\t<\/div>\n\t\t\t\t\t\t\t\t\t\t\t<\/div>\n\t<\/article>\n<article class=\"wsu-card wsu-card--news wsu-card--id-6003 \">\n\t\t<div class=\"wsu-image-frame wsu-image-frame--fixed-ratio\">\n\t\t<a href=\"https:\/\/extension.wsu.edu\/wam\/2025\/11\/18\/certification-and-training-ct-rule-changes-and-your-pesticide-license\/\" tabindex=\"-1\" aria-hidden=\"true\">\t\t\t<img decoding=\"async\" src=\"https:\/\/wpcdn.web.wsu.edu\/extension\/uploads\/sites\/37\/2019\/11\/WSDA_SQUARE.png\"\n\t\t\t\tsrcset=\"https:\/\/wpcdn.web.wsu.edu\/extension\/uploads\/sites\/37\/2019\/11\/WSDA_SQUARE.png 369w, https:\/\/wpcdn.web.wsu.edu\/extension\/uploads\/sites\/37\/2019\/11\/WSDA_SQUARE-300x300.png 300w, https:\/\/wpcdn.web.wsu.edu\/extension\/uploads\/sites\/37\/2019\/11\/WSDA_SQUARE-150x150.png 150w\"\t\t\t\tsizes=\"(max-width: 369px) 100vw, 369px\"\t\t\t\talt=\"Washington State Department of Agriculture logo\" \/>\n\t\t<\/a>\t<\/div>\n\t\t<div class=\"wsu-card__content\">\n\t\t\t\t\t\t\t\t\t\t\t\t<h3 class=\"wsu-title\">\n\t\t\t<a href=\"https:\/\/extension.wsu.edu\/wam\/2025\/11\/18\/certification-and-training-ct-rule-changes-and-your-pesticide-license\/\">\t\t\tUPDATED INFORMATION: Certification and Training (C&amp;T) Rule Changes and Your Pesticide License\t\t\t<\/a>\t\t<\/h3>\n\t\t        \t\t<div class=\"wsu-meta-date\">\n\t\t\t<time>November 18, 2025<\/time>\n\t\t<\/div>\n\t\t\t\t\t\t<div class=\"wsu-caption\">\n\t\t\tNavigating requirements for obtaining and maintaining a pesticide license can be confusing. In Washington State, a pesticide license is necessary for individuals using, distributing, and consulting on the use of certain pesticides.\t\t<\/div>\n\t\t\t\t\t\t\t\t\t\t\t<\/div>\n\t<\/article>\n<article class=\"wsu-card wsu-card--news wsu-card--id-6302 \">\n\t\t<div class=\"wsu-card__content\">\n\t\t\t\t\t\t\t\t\t\t\t\t<h3 class=\"wsu-title\">\n\t\t\t<a href=\"https:\/\/extension.wsu.edu\/wam\/2025\/10\/01\/meeting-to-discuss-upcoming-changes-to-wsda-applicator-licenses\/\">\t\t\tMeeting to Discuss Upcoming Changes to WSDA Applicator Licenses\t\t\t<\/a>\t\t<\/h3>\n\t\t        \t\t<div class=\"wsu-meta-date\">\n\t\t\t<time>October 1, 2025<\/time>\n\t\t<\/div>\n\t\t\t\t\t\t<div class=\"wsu-caption\">\n\t\t\tBeginning in 2026, WSDA is updating pesticide licensing rules. These changes were outlined in this article back in April. With this change, the requirements for licensees will change.\t\t<\/div>\n\t\t\t\t\t\t\t\t\t\t\t<\/div>\n\t<\/article>\n<article class=\"wsu-card wsu-card--news wsu-card--id-6159 \">\n\t\t<div class=\"wsu-image-frame wsu-image-frame--fixed-ratio\">\n\t\t<a href=\"https:\/\/extension.wsu.edu\/wam\/2025\/08\/25\/results-from-grain-variety-testing-program\/\" tabindex=\"-1\" aria-hidden=\"true\">\t\t\t<img decoding=\"async\" src=\"https:\/\/wpcdn.web.wsu.edu\/extension\/uploads\/sites\/37\/2019\/08\/farmhouse_1.jpg\"\n\t\t\t\tsrcset=\"https:\/\/wpcdn.web.wsu.edu\/extension\/uploads\/sites\/37\/2019\/08\/farmhouse_1.jpg 1920w, https:\/\/wpcdn.web.wsu.edu\/extension\/uploads\/sites\/37\/2019\/08\/farmhouse_1-300x169.jpg 300w, https:\/\/wpcdn.web.wsu.edu\/extension\/uploads\/sites\/37\/2019\/08\/farmhouse_1-1024x576.jpg 1024w, https:\/\/wpcdn.web.wsu.edu\/extension\/uploads\/sites\/37\/2019\/08\/farmhouse_1-768x432.jpg 768w, https:\/\/wpcdn.web.wsu.edu\/extension\/uploads\/sites\/37\/2019\/08\/farmhouse_1-1536x864.jpg 1536w\"\t\t\t\tsizes=\"(max-width: 1920px) 100vw, 1920px\"\t\t\t\talt=\"Farm field in many sections\" \/>\n\t\t<\/a>\t<\/div>\n\t\t<div class=\"wsu-card__content\">\n\t\t\t\t\t\t\t\t\t\t\t\t<h3 class=\"wsu-title\">\n\t\t\t<a href=\"https:\/\/extension.wsu.edu\/wam\/2025\/08\/25\/results-from-grain-variety-testing-program\/\">\t\t\tResults from WSU Grain Variety Testing Program\t\t\t<\/a>\t\t<\/h3>\n\t\t        \t\t<div class=\"wsu-meta-date\">\n\t\t\t<time>August 25, 2025<\/time>\n\t\t<\/div>\n\t\t\t\t\t\t<div class=\"wsu-caption\">\n\t\t\tResults from 2025 WSU Grain Variety Testing are now available. \t\t<\/div>\n\t\t\t\t\t\t\t\t\t\t\t<\/div>\n\t<\/article>\n<article class=\"wsu-card wsu-card--news wsu-card--id-6093 \">\n\t\t<div class=\"wsu-image-frame wsu-image-frame--fixed-ratio\">\n\t\t<a href=\"https:\/\/extension.wsu.edu\/wam\/2025\/07\/23\/berry-field-day\/\" tabindex=\"-1\" aria-hidden=\"true\">\t\t\t<img decoding=\"async\" src=\"https:\/\/wpcdn.web.wsu.edu\/extension\/uploads\/sites\/37\/2025\/07\/IMG_9712.png\"\n\t\t\t\tsrcset=\"https:\/\/wpcdn.web.wsu.edu\/extension\/uploads\/sites\/37\/2025\/07\/IMG_9712.png 4032w, https:\/\/wpcdn.web.wsu.edu\/extension\/uploads\/sites\/37\/2025\/07\/IMG_9712-300x225.png 300w, https:\/\/wpcdn.web.wsu.edu\/extension\/uploads\/sites\/37\/2025\/07\/IMG_9712-1024x768.png 1024w, https:\/\/wpcdn.web.wsu.edu\/extension\/uploads\/sites\/37\/2025\/07\/IMG_9712-768x576.png 768w, https:\/\/wpcdn.web.wsu.edu\/extension\/uploads\/sites\/37\/2025\/07\/IMG_9712-1536x1152.png 1536w, https:\/\/wpcdn.web.wsu.edu\/extension\/uploads\/sites\/37\/2025\/07\/IMG_9712-2048x1536.png 2048w\"\t\t\t\tsizes=\"(max-width: 4032px) 100vw, 4032px\"\t\t\t\talt=\"Ripe &#039;Draper&#039; blueberry\" \/>\n\t\t<\/a>\t<\/div>\n\t\t<div class=\"wsu-card__content\">\n\t\t\t\t\t\t\t\t\t\t\t\t<h3 class=\"wsu-title\">\n\t\t\t<a href=\"https:\/\/extension.wsu.edu\/wam\/2025\/07\/23\/berry-field-day\/\">\t\t\tBerry Field Day\t\t\t<\/a>\t\t<\/h3>\n\t\t        \t\t<div class=\"wsu-meta-date\">\n\t\t\t<time>July 23, 2025<\/time>\n\t\t<\/div>\n\t\t\t\t\t\t<div class=\"wsu-caption\">\n\t\t\tThis field day will showcase advanced blueberry selections and cultivars being evaluated through support provided by the Washington Blueberry Commission. \t\t<\/div>\n\t\t\t\t\t\t\t\t\t\t\t<\/div>\n\t<\/article>\n<article class=\"wsu-card wsu-card--news wsu-card--id-5977 \">\n\t\t<div class=\"wsu-image-frame wsu-image-frame--fixed-ratio\">\n\t\t<a href=\"https:\/\/extension.wsu.edu\/wam\/2025\/03\/15\/exploring-the-linkages-between-calcium-and-fruit-quality-in-red-raspberry\/\" tabindex=\"-1\" aria-hidden=\"true\">\t\t\t<img decoding=\"async\" src=\"https:\/\/wpcdn.web.wsu.edu\/extension\/uploads\/sites\/37\/2025\/02\/Picture1_BTH.png\"\n\t\t\t\tsrcset=\"https:\/\/wpcdn.web.wsu.edu\/extension\/uploads\/sites\/37\/2025\/02\/Picture1_BTH.png 487w, https:\/\/wpcdn.web.wsu.edu\/extension\/uploads\/sites\/37\/2025\/02\/Picture1_BTH-226x300.png 226w\"\t\t\t\tsizes=\"(max-width: 487px) 100vw, 487px\"\t\t\t\talt=\"Red raspberries of the Kulshan cultivar.\" \/>\n\t\t<\/a>\t<\/div>\n\t\t<div class=\"wsu-card__content\">\n\t\t\t\t\t\t\t\t\t\t\t\t<h3 class=\"wsu-title\">\n\t\t\t<a href=\"https:\/\/extension.wsu.edu\/wam\/2025\/03\/15\/exploring-the-linkages-between-calcium-and-fruit-quality-in-red-raspberry\/\">\t\t\tExploring the linkages between calcium and fruit quality in red raspberry\t\t\t<\/a>\t\t<\/h3>\n\t\t        \t\t<div class=\"wsu-meta-date\">\n\t\t\t<time>March 15, 2025<\/time>\n\t\t<\/div>\n\t\t\t\t\t\t<div class=\"wsu-caption\">\n\t\t\tCalcium is an essential nutrient that provides many important functions in plants. Most notably, calcium is associated with fruit quality and firmness due to its influential role in maintaining cell wall strength and stabilizing the membranes of cells that make up the fruit.\t\t<\/div>\n\t\t\t\t\t\t\t\t\t\t\t<\/div>\n\t<\/article>\n<article class=\"wsu-card wsu-card--news wsu-card--id-5827 \">\n\t\t<div class=\"wsu-image-frame wsu-image-frame--fixed-ratio\">\n\t\t<a href=\"https:\/\/extension.wsu.edu\/wam\/2025\/02\/27\/preserving-the-pacific-northwests-berry-big-footprint\/\" tabindex=\"-1\" aria-hidden=\"true\">\t\t\t<img decoding=\"async\" src=\"https:\/\/wpcdn.web.wsu.edu\/extension\/uploads\/sites\/37\/2025\/02\/Picture2_BTH.png\"\n\t\t\t\tsrcset=\"https:\/\/wpcdn.web.wsu.edu\/extension\/uploads\/sites\/37\/2025\/02\/Picture2_BTH.png 487w, https:\/\/wpcdn.web.wsu.edu\/extension\/uploads\/sites\/37\/2025\/02\/Picture2_BTH-226x300.png 226w\"\t\t\t\tsizes=\"(max-width: 487px) 100vw, 487px\"\t\t\t\talt=\"Raspberries nearing maturity in Lynden, WA.\" \/>\n\t\t<\/a>\t<\/div>\n\t\t<div class=\"wsu-card__content\">\n\t\t\t\t\t\t\t\t\t\t\t\t<h3 class=\"wsu-title\">\n\t\t\t<a href=\"https:\/\/extension.wsu.edu\/wam\/2025\/02\/27\/preserving-the-pacific-northwests-berry-big-footprint\/\">\t\t\tPreserving the Pacific Northwest\u2019s Berry Big-footprint\t\t\t<\/a>\t\t<\/h3>\n\t\t        \t\t<div class=\"wsu-meta-date\">\n\t\t\t<time>February 27, 2025<\/time>\n\t\t<\/div>\n\t\t\t\t\t\t<div class=\"wsu-caption\">\n\t\t\tWashington is known for its berries, including raspberries. The Evergreen State is responsible for a whopping 95% of processed red raspberry production[1]. The typically mild winters and summers of northwest Washington have historically been well-suited for small fruit production. \t\t<\/div>\n\t\t\t\t\t\t\t\t\t\t\t<\/div>\n\t<\/article>\n    <\/div>\n\n<div class=\"wsu-card-wrapper wsu-card-wrapper--per-row-3\" >\r\n    <article class=\"wsu-card \">\r\n\t\t<div class=\"wsu-card__content\">\r\n\t\t\t\t\t\t<h3 class=\"wsu-title \">\r\n\t\t\t<a href=\"https:\/\/extension.wsu.edu\/beat-the-heat\/2025\/10\/07\/from-sensor-to-solenoid-using-lorawan-for-heat-stress-mitigation-in-raspberries\/\">\t\t\t\tFrom Sensor to Solenoid: Using LoRaWAN for Heat Stress Mitigation in Raspberries\t\t\t<\/a>\t\t<\/h3>\r\n\t\t\t\t\t\t<div class=\"wsu-caption\">\r\n\t\t\t<p>Authors: Shafik Kiraga, Givemore Munashe Makonya, Mohammed A. Youssef, Troy Peters, Lisa Wasko DeVetter In Washington State and the Pacific Northwest, raspberry harvest typically falls within the hot summer months spanning from early June through early August. This is a period that increasingly overlaps with heatwaves that can damage the fruits. During these heatwaves, automated [&hellip;]<\/p>\n\t\t<\/div>\r\n\t\t\t\t\t\t\t<\/div>\r\n\t<\/article><article class=\"wsu-card \">\r\n\t\t<div class=\"wsu-card__content\">\r\n\t\t\t\t\t\t<h3 class=\"wsu-title \">\r\n\t\t\t<a href=\"https:\/\/extension.wsu.edu\/beat-the-heat\/2025\/05\/27\/blackberry-diversity-trial-preserving-pacific-northwest-production\/\">\t\t\t\tBlackberry Diversity Trial: Preserving Pacific Northwest Production\t\t\t<\/a>\t\t<\/h3>\r\n\t\t\t\t\t\t<div class=\"wsu-caption\">\r\n\t\t\t<p>Contributor: Katherine Anderson, WSU Undergraduate Intern In 2021 extreme weather resulted in a Heat Dome event occurring over the Pacific Northwest, during which the Oregon blackberry industry lost over 57% of their crop due to consecutive days where temperatures reached over 115 degrees Fahrenheit. The Willamette Valley in Oregon was one of those areas hardest [&hellip;]<\/p>\n\t\t<\/div>\r\n\t\t\t\t\t\t\t<\/div>\r\n\t<\/article><article class=\"wsu-card \">\r\n\t\t<div class=\"wsu-card__content\">\r\n\t\t\t\t\t\t<h3 class=\"wsu-title \">\r\n\t\t\t<a href=\"https:\/\/extension.wsu.edu\/beat-the-heat\/2025\/05\/27\/drones-and-heat-harnessing-uavs-for-heat-stress-research-and-management\/\">\t\t\t\tDrones and Heat: Harnessing UAVs for Heat Stress Research and Management\t\t\t<\/a>\t\t<\/h3>\r\n\t\t\t\t\t\t<div class=\"wsu-caption\">\r\n\t\t\t<p>Contributor: Katherine Anderson, WSU Undergraduate Intern Acknowledgements: Special thanks to Dave Bryla, USDA-ARS Research Horticulturist, for contributing to this article. UAVs, otherwise known as unmanned, uncrewed, or unoccupied aerial vehicles, are perhaps best known for their aerial photography and videography capabilities. But they are also used in a variety of applications, including heat sensing and [&hellip;]<\/p>\n\t\t<\/div>\r\n\t\t\t\t\t\t\t<\/div>\r\n\t<\/article><article class=\"wsu-card \">\r\n\t\t<div class=\"wsu-card__content\">\r\n\t\t\t\t\t\t<h3 class=\"wsu-title \">\r\n\t\t\t<a href=\"https:\/\/extension.wsu.edu\/beat-the-heat\/2024\/12\/11\/how-does-heat-impact-blueberry-pollination-and-why-does-it-matter\/\">\t\t\t\tHow Does Heat Impact Blueberry Pollination, And Why Does It Matter?\t\t\t<\/a>\t\t<\/h3>\r\n\t\t\t\t\t\t<div class=\"wsu-caption\">\r\n\t\t\t<p>Author: Micah Evalt, WSU Graduate Student in DeVetter&#8217;s Small Fruit Horticulture Program at WSU NWREC&nbsp;&nbsp;&nbsp; Anyone living in the Pacific Northwest (PNW) will surely remember the \u201cheat dome\u201d experienced in late June of 2021, a weather event that lasted for a few days, breaking daily high temperature records in Washington, Oregon, northern California, and several [&hellip;]<\/p>\n\t\t<\/div>\r\n\t\t\t\t\t\t\t<\/div>\r\n\t<\/article><article class=\"wsu-card \">\r\n\t\t<div class=\"wsu-card__content\">\r\n\t\t\t\t\t\t<h3 class=\"wsu-title \">\r\n\t\t\t<a href=\"https:\/\/extension.wsu.edu\/beat-the-heat\/2024\/11\/25\/preserving-the-pacific-northwests-berry-big-footprint\/\">\t\t\t\tPreserving the Pacific Northwest\u2019s Berry Big-footprint\t\t\t<\/a>\t\t<\/h3>\r\n\t\t\t\t\t\t<div class=\"wsu-caption\">\r\n\t\t\t<p>Contributor: Katherine Anderson, WSU Undergraduate Intern Washington is known for its berries, including raspberries. The Evergreen State is responsible for a whopping 95% of processed red raspberry production[1]. The typically mild winters and summers of northwest Washington have historically been well-suited for small fruit production. However, as summers become hotter, production suffers. The heat dome [&hellip;]<\/p>\n\t\t<\/div>\r\n\t\t\t\t\t\t\t<\/div>\r\n\t<\/article><article class=\"wsu-card \">\r\n\t\t<div class=\"wsu-card__content\">\r\n\t\t\t\t\t\t<h3 class=\"wsu-title \">\r\n\t\t\t<a href=\"https:\/\/extension.wsu.edu\/beat-the-heat\/2024\/10\/28\/el-nino-la-nina-how-they-impact-risks-of-heat-injury-in-the-united-states\/\">\t\t\t\tEl Ni\u00f1o &amp; La Ni\u00f1a: How they impact risks of heat injury in the United States\t\t\t<\/a>\t\t<\/h3>\r\n\t\t\t\t\t\t<div class=\"wsu-caption\">\r\n\t\t\t<p>Contributor: Katherine Anderson, WSU Undergraduate Intern&nbsp; El Ni\u00f1o and La Ni\u00f1a are the warm and the cool phases of a natural climate pattern across the tropical Pacific known as the&#8221;El Ni\u00f1o-Southern Oscillation (ENSO). While we often hear about El Ni\u00f1o and La Ni\u00f1a, ENSO on its own is significant from a climate perspective given its [&hellip;]<\/p>\n\t\t<\/div>\r\n\t\t\t\t\t\t\t<\/div>\r\n\t<\/article><article class=\"wsu-card \">\r\n\t\t<div class=\"wsu-card__content\">\r\n\t\t\t\t\t\t<h3 class=\"wsu-title \">\r\n\t\t\t<a href=\"https:\/\/extension.wsu.edu\/beat-the-heat\/2024\/04\/25\/ensuring-photosynthetic-health-with-chlorophyll-fluorescence-measurements\/\">\t\t\t\tEnsuring Photosynthetic Health with Chlorophyll Fluorescence Measurements\t\t\t<\/a>\t\t<\/h3>\r\n\t\t\t\t\t\t<div class=\"wsu-caption\">\r\n\t\t\t<p>Contributor: Givemore Munashe Makonya Plant photosynthetic health is an important part of producing high yielding and quality crops. A reliable approach to quantify photosynthetic health is by measuring chlorophyll fluorescence, which is the re-emission of red wavebands by chlorophyll molecules in plants. This occurs during photosynthesis and serves as a key indicator of plant vitality. [&hellip;]<\/p>\n\t\t<\/div>\r\n\t\t\t\t\t\t\t<\/div>\r\n\t<\/article><article class=\"wsu-card \">\r\n\t\t<div class=\"wsu-card__content\">\r\n\t\t\t\t\t\t<h3 class=\"wsu-title \">\r\n\t\t\t<a href=\"https:\/\/extension.wsu.edu\/beat-the-heat\/2024\/03\/19\/understanding-heat-tolerance-variations-in-caneberry-genotypes\/\">\t\t\t\tUnderstanding Heat Tolerance Variations in Caneberry Genotypes\t\t\t<\/a>\t\t<\/h3>\r\n\t\t\t\t\t\t<div class=\"wsu-caption\">\r\n\t\t\t<p>Contributors: Wendy Hoashi-Erhardt and Michael Hardigan Breeding for heat tolerance is a crucial approach to beat the heat and overcome the challenges of high temperatures in agriculture. The heat tolerance of caneberry cultivars varies due to their genetics. In the Pacific Northwest, Michael Hardigan, a research geneticist at the United States Department of Agriculture in [&hellip;]<\/p>\n\t\t<\/div>\r\n\t\t\t\t\t\t\t<\/div>\r\n\t<\/article><article class=\"wsu-card \">\r\n\t\t<div class=\"wsu-card__content\">\r\n\t\t\t\t\t\t<h3 class=\"wsu-title \">\r\n\t\t\t<a href=\"https:\/\/extension.wsu.edu\/beat-the-heat\/2024\/02\/12\/identifying-plant-stress-using-photosynthesis-measurements\/\">\t\t\t\tIdentifying Plant Stress Using Photosynthesis Measurements\t\t\t<\/a>\t\t<\/h3>\r\n\t\t\t\t\t\t<div class=\"wsu-caption\">\r\n\t\t\t<p>Contributor: Givemore Munashe Makonya&nbsp;&nbsp;&nbsp; Measuring photosynthesis provides an insight into how plants respond to changing environmental conditions. But before delving into the specifics, let\u2019s clarify what is photosynthesis and what it truly entails. Essentially, photosynthesis is the conversion of light energy into chemical energy, producing sugars that fuel plant growth and make raspberries and blackberries [&hellip;]<\/p>\n\t\t<\/div>\r\n\t\t\t\t\t\t\t<\/div>\r\n\t<\/article><article class=\"wsu-card \">\r\n\t\t<div class=\"wsu-card__content\">\r\n\t\t\t\t\t\t<h3 class=\"wsu-title \">\r\n\t\t\t<a href=\"https:\/\/extension.wsu.edu\/beat-the-heat\/2023\/12\/08\/staying-cool-with-evaporative-cooling\/\">\t\t\t\tStaying Cool with Evaporative Cooling\t\t\t<\/a>\t\t<\/h3>\r\n\t\t\t\t\t\t<div class=\"wsu-caption\">\r\n\t\t\t<p>Maintaining the optimal temperature for caneberries during the summer\u2019s hot weather is vital to minimize crop losses and ensure\u00a0high quality berries. One promising method to combat the heat is the implementation of evaporative cooling systems.\u00a0 The principle behind evaporative cooling is harnessing the power of water to absorb ambient heat. As water molecules absorb this [&hellip;]<\/p>\n\t\t<\/div>\r\n\t\t\t\t\t\t\t<\/div>\r\n\t<\/article><article class=\"wsu-card \">\r\n\t\t<div class=\"wsu-card__content\">\r\n\t\t\t\t\t\t<h3 class=\"wsu-title \">\r\n\t\t\t<a href=\"https:\/\/extension.wsu.edu\/beat-the-heat\/2023\/09\/19\/why-is-heat-an-issue-for-caneberry-production\/\">\t\t\t\tWhy is Heat an Issue for Caneberry Production?\t\t\t<\/a>\t\t<\/h3>\r\n\t\t\t\t\t\t<div class=\"wsu-caption\">\r\n\t\t\t<p>Raspberry and blackberry consumption, collectively called \u201ccaneberries\u201d, is at an all-time high as consumers gain awareness of the health-promoting attributes of these tasty fruits. The Pacific Northwest\u2019s historically cooler summer climate used to provide an ideal environment for successful caneberry growth. However, the Pacific Northwest\u2019s weather has started to shift due to climate change and [&hellip;]<\/p>\n\t\t<\/div>\r\n\t\t\t\t\t\t\t<\/div>\r\n\t<\/article><\/div>\n        <div id=\"cahnrs-back-to-top\" class=\"cahnrs-back-to-top\" hidden aria-hidden=\"true\">\n            <a id=\"cahnrs-back-to-top-btn\" class=\"cahnrs-back-to-top__btn\" href=\"#product-top\" aria-label=\"Back to top\">\n                <span class=\"cahnrs-back-to-top__icon\" aria-hidden=\"true\">\u2191<\/span>\n                <span class=\"cahnrs-back-to-top__label\">Back to top<\/span>\n            <\/a>\n        <\/div>","protected":false},"excerpt":{"rendered":"<p>[image img_src=&quot;https:\/\/s3.wp.wsu.edu\/uploads\/sites\/2091\/2024\/01\/IMG_5521-scaled.jpeg&quot; img_id=&quot;5002&quot; ]January Volume 13 Issue 1 Getting ready for adjudication in the Nooksack Basin Webinar: Moving from crisis response to long-term integrated management of SWD [promo promo_type=&quot;custom&quot; img_src=&quot;https:\/\/s3.wp.wsu.edu\/uploads\/sites\/2091\/2024\/04\/IMG_9936-scaled.jpg&quot; img_id=&quot;5091&quot; ]April Volume 13 Issue&amp;hellip;<\/p>\n","protected":false},"author":53,"featured_media":0,"parent":0,"menu_order":0,"comment_status":"closed","ping_status":"closed","template":"","meta":{"_expiration_date":""},"categories":[51,19],"tags":[],"_links":{"self":[{"href":"https:\/\/extension.wsu.edu\/wam\/wp-json\/wp\/v2\/pages\/5939"}],"collection":[{"href":"https:\/\/extension.wsu.edu\/wam\/wp-json\/wp\/v2\/pages"}],"about":[{"href":"https:\/\/extension.wsu.edu\/wam\/wp-json\/wp\/v2\/types\/page"}],"author":[{"embeddable":true,"href":"https:\/\/extension.wsu.edu\/wam\/wp-json\/wp\/v2\/users\/53"}],"replies":[{"embeddable":true,"href":"https:\/\/extension.wsu.edu\/wam\/wp-json\/wp\/v2\/comments?post=5939"}],"version-history":[{"count":50,"href":"https:\/\/extension.wsu.edu\/wam\/wp-json\/wp\/v2\/pages\/5939\/revisions"}],"predecessor-version":[{"id":6265,"href":"https:\/\/extension.wsu.edu\/wam\/wp-json\/wp\/v2\/pages\/5939\/revisions\/6265"}],"wp:attachment":[{"href":"https:\/\/extension.wsu.edu\/wam\/wp-json\/wp\/v2\/media?parent=5939"}],"wp:term":[{"taxonomy":"category","embeddable":true,"href":"https:\/\/extension.wsu.edu\/wam\/wp-json\/wp\/v2\/categories?post=5939"},{"taxonomy":"post_tag","embeddable":true,"href":"https:\/\/extension.wsu.edu\/wam\/wp-json\/wp\/v2\/tags?post=5939"}],"curies":[{"name":"wp","href":"https:\/\/api.w.org\/{rel}","templated":true}]}}