{"id":21573,"date":"2024-12-09T09:51:29","date_gmt":"2024-12-09T17:51:29","guid":{"rendered":"https:\/\/extension.wsu.edu\/yakima\/?page_id=21573"},"modified":"2025-01-28T12:34:11","modified_gmt":"2025-01-28T20:34:11","slug":"low-fat-ranch-dressing-for-salad","status":"publish","type":"page","link":"https:\/\/extension.wsu.edu\/yakima\/4-h\/projects-programs\/projects-and-programs-resource-library\/family-consumer-sciences\/cooking\/ya4-h-recipes\/low-fat-ranch-dressing-for-salad\/","title":{"rendered":"Low Fat Ranch Dressing for Salad"},"content":{"rendered":"<div class=\"wsu-hero wsu-width--full wsu-pattern--wsu-light-radial-left  wsu-hero--style-boxed \">\n\t<div class=\"wsu-hero__background\">\n\t\t<div class=\"wsu-image-frame wsu-image-frame--fill\">\n\t<img decoding=\"async\" src=\"https:\/\/wpcdn.web.wsu.edu\/extension\/uploads\/sites\/40\/2024\/07\/4H_Grows_Logo.jpg\"\n\t\tsrcset=\"https:\/\/wpcdn.web.wsu.edu\/extension\/uploads\/sites\/40\/2024\/07\/4H_Grows_Logo.jpg 1313w, https:\/\/wpcdn.web.wsu.edu\/extension\/uploads\/sites\/40\/2024\/07\/4H_Grows_Logo.jpg 396w, https:\/\/wpcdn.web.wsu.edu\/extension\/uploads\/sites\/40\/2024\/07\/4H_Grows_Logo.jpg 792w, https:\/\/wpcdn.web.wsu.edu\/extension\/uploads\/sites\/40\/2024\/07\/4H_Grows_Logo.jpg 768w\"\n\t\tsizes=\"(max-width: 1313px) 100vw, 1313px\"\n\t\talt=\"4-H Grows Here logo in green with 4-H clover at right on a black background\"\n\t\tstyle=\"object-position: 50% 50%\"\n\t\t\/>\n<\/div>\n\t<\/div>\n\t<div class=\"wsu-hero__overlay\">\n\t<\/div>\n\t<div class=\"wsu-hero__content-wrapper\">\n\t\t<div class=\"wsu-hero__inner-content-wrapper\">\n\t\t\t\t\t\t<div class=\"wsu-hero__title-wrapper\">\n\t\t\t\t<h1 class=\"wsu-hero__title\">Low Fat Ranch Dressing for Salad<\/h1>\t\t\t\t\t\t\t\t\t\t\t<\/div>\n\t\t\t\t\t\t<div class=\"wsu-hero__content\">\n\t\t\t<\/div>\n\t\t<\/div>\n\t<\/div>\n<\/div>\n\n\n<div class=\"wsu-row wsu-row--halves\" >\r\n    \n<div class=\"wsu-column\"  style=\"\">\r\n\t\n\n<p><\/p>\n\n<\/div>\r\n\n\n<div class=\"wsu-column\"  style=\"\">\r\n\t\n<div class=\"program-contact \">\n\t\t\t<img\n\t\t\tsrc=\"https:\/\/extension.wsu.edu\/yakima\/wp-content\/plugins\/cahnrs-extension-plugin\/assets\/images\/four-h.png\"\n\t\t\theight=\"75\"\n\t\t\twidth=\"75\"\n\t\t\tclass=\"extension-program-icon\"\n\t\t\talt=\"Program Icon.\"\n\t\t>\n\t\n\t<div class=\"program-contact-info\">\n\t\t<h2>Program Contact<\/h2>\n\n\t\t\t\t\tAutumn Britt, 4-H Program Manager<br>\n\t\t\n\t\t\t\t\t<span class=\"wsu-screen-reader-only\">Phone Number<\/span>509-588-7817\t\t\n\t\t\t\t\t<span class=\"wsu-screen-reader-only\">Email Address<\/span> \u2022\n\t\t\t<a href=\"mailto:autumn.britt@wsu.edu\">autumn.britt@wsu.edu<\/a>\n\t\t\t<\/div>\n<\/div>\n        <div id=\"cahnrs-back-to-top\" class=\"cahnrs-back-to-top\" hidden aria-hidden=\"true\">\n            <a id=\"cahnrs-back-to-top-btn\" class=\"cahnrs-back-to-top__btn\" href=\"#product-top\" aria-label=\"Back to top\">\n                <span class=\"cahnrs-back-to-top__icon\" aria-hidden=\"true\">\u2191<\/span>\n                <span class=\"cahnrs-back-to-top__label\">Back to top<\/span>\n            <\/a>\n        <\/div>\n<\/div>\r\n\n<\/div>\n\n\n<div style=\"height:100px\" aria-hidden=\"true\" class=\"wp-block-spacer\"><\/div>\n\n\n<div class=\"wsu-row wsu-row--halves\" >\r\n    \n<div class=\"wsu-column\"  style=\"\">\r\n\t\n<div class=\"wsu-cta  wsu-text-align--center\" >\n\t<a \t\t\t\t\thref=\"#english\"\t\n\t\tclass=\"wsu-button  wsu-button--style-action\">\n\t\t\t\n\t\tEnglish\t\t\t<\/a>\n<\/div>\n\n<\/div>\r\n\n\n<div class=\"wsu-column\"  style=\"\">\r\n\t\n<div class=\"wsu-cta  wsu-text-align--center\" >\n\t<a \t\t\t\t\thref=\"#espanol\"\t\n\t\tclass=\"wsu-button  wsu-button--style-action\">\n\t\t\t\n\t\tEspa\u00f1ol\t\t\t<\/a>\n<\/div>\n\n<\/div>\r\n\n<\/div>\n\n\n<hr class=\"wp-block-separator has-alpha-channel-opacity\" \/>\n\n\n\n<h2 class=\"wp-block-heading has-text-align-center\" id=\"english\">Low Fat Ranch Dressing for Salad Recipe<\/h2>\n\n\n\n<ul>\n<li>Serving Size:  2 tablespoons<\/li>\n\n\n\n<li>Makes 16 servings<\/li>\n<\/ul>\n\n\n\n<h3 class=\"wp-block-heading\">Ingredients<\/h3>\n\n\n\n<ul>\n<li>1 cup non fat or low fat plain Greek yogurt*<\/li>\n\n\n\n<li>1\/2 cup reduced fat mayonnaise<\/li>\n\n\n\n<li>1\/2 cup fat free or 1% milk<\/li>\n\n\n\n<li>Half a 1 ounce packet ranch salad dressing mix (not dip mix)<\/li>\n<\/ul>\n\n\n\n<h3 class=\"wp-block-heading\">Instructions<\/h3>\n\n\n\n<ol>\n<li>Whisk all ingredients in a small bowl until blended.<\/li>\n\n\n\n<li>Pour dressing over salad or let children add their own<\/li>\n\n\n\n<li>For salad, toss dark salad greens (romaine, leaf lettuce, and\/or spinach &#8211; not iceberg) with raw veggies such as carrots, chickpeas, tomatoes, or cucumber.<\/li>\n<\/ol>\n\n\n\n<p>*Can use plain yogurt, reduced fat sour cream, or a mixture instead.<\/p>\n\n\n\n<div style=\"height:50px\" aria-hidden=\"true\" class=\"wp-block-spacer\"><\/div>\n\n\n\n<hr class=\"wp-block-separator has-alpha-channel-opacity\" \/>\n\n\n\n<h2 class=\"wp-block-heading has-text-align-center\" id=\"espanol\">Aderezo Ranch Bajo en Grasa para Ensalada<\/h2>\n\n\n\n<ul>\n<li>Tama\u00f1o de la porci\u00f3n:  2 cucharadas<\/li>\n\n\n\n<li>Porciones por receta:  16<\/li>\n<\/ul>\n\n\n\n<h3 class=\"wp-block-heading\">Ingredientes<\/h3>\n\n\n\n<ul>\n<li>1 taza de yogur griego natural sin grasa o bajo en grasa*<\/li>\n\n\n\n<li>1\/2 taza de mayonesa reducida en grasa<\/li>\n\n\n\n<li>1\/2 taza de leche descremada o con 1% de grasa<\/li>\n\n\n\n<li>Medio paquete de 1 oz de mezcla para aderezo Ranch para ensalada (no la mezcla para salsa)<\/li>\n<\/ul>\n\n\n\n<p>*Se puede usar yogur natural, crema agria reducida en grasa o una mezcla en vez.<\/p>\n\n\n\n<h3 class=\"wp-block-heading\">Instrucciones<\/h3>\n\n\n\n<ol>\n<li>Bata todos los ingredientes en un taz\u00f3n peque\u00f1o hasta que est\u00e9n bien mezclados.  Refrigere antes de servir.<\/li>\n\n\n\n<li>Vierta el aderezo sobre la ensalada o deje que los ni\u00f1os lo agreguen en su plato.<\/li>\n\n\n\n<li>Para la ensalada, mezcle vegetales con hojas color verde oscuro (lechuga romana, lechuga rizada o espinaca; no la lechuga iceberg) con vegetales crudos, como zanahorias, garbanzos, tomates o pepino.<\/li>\n<\/ol>\n\n\n\n<div style=\"height:50px\" aria-hidden=\"true\" class=\"wp-block-spacer\"><\/div>\n\n\n\n<p class=\"has-text-align-center\"><\/p>\n\n        <div id=\"cahnrs-back-to-top\" class=\"cahnrs-back-to-top\" hidden aria-hidden=\"true\">\n            <a id=\"cahnrs-back-to-top-btn\" class=\"cahnrs-back-to-top__btn\" href=\"#product-top\" aria-label=\"Back to top\">\n                <span class=\"cahnrs-back-to-top__icon\" aria-hidden=\"true\">\u2191<\/span>\n                <span class=\"cahnrs-back-to-top__label\">Back to top<\/span>\n            <\/a>\n        <\/div>","protected":false},"excerpt":{"rendered":"<p>Low Fat Ranch Dressing for Salad Recipe Ingredients Instructions *Can use plain yogurt, reduced fat sour cream, or a mixture instead. Aderezo Ranch Bajo en Grasa para Ensalada Ingredientes *Se [&hellip;]<\/p>\n","protected":false},"author":55,"featured_media":0,"parent":21553,"menu_order":0,"comment_status":"closed","ping_status":"closed","template":"","meta":{"_tec_requires_first_save":true,"_EventAllDay":false,"_EventTimezone":"","_EventStartDate":"","_EventEndDate":"","_EventStartDateUTC":"","_EventEndDateUTC":"","_EventShowMap":false,"_EventShowMapLink":false,"_EventURL":"","_EventCost":"","_EventCostDescription":"","_EventCurrencySymbol":"","_EventCurrencyCode":"","_EventCurrencyPosition":"","_EventDateTimeSeparator":"","_EventTimeRangeSeparator":"","_EventOrganizerID":[],"_EventVenueID":0,"_OrganizerEmail":"","_OrganizerPhone":"","_OrganizerWebsite":"","_VenueAddress":"","_VenueCity":"","_VenueCountry":"","_VenueProvince":"","_VenueZip":"","_VenuePhone":"","_VenueURL":"","_VenueStateProvince":"","_VenueLat":"","_VenueLng":"","_tribe_blocks_recurrence_rules":"","_tribe_blocks_recurrence_description":"","_tribe_blocks_recurrence_exclusions":"","_expiration_date":""},"categories":[4],"tags":[84,94],"_links":{"self":[{"href":"https:\/\/extension.wsu.edu\/yakima\/wp-json\/wp\/v2\/pages\/21573"}],"collection":[{"href":"https:\/\/extension.wsu.edu\/yakima\/wp-json\/wp\/v2\/pages"}],"about":[{"href":"https:\/\/extension.wsu.edu\/yakima\/wp-json\/wp\/v2\/types\/page"}],"author":[{"embeddable":true,"href":"https:\/\/extension.wsu.edu\/yakima\/wp-json\/wp\/v2\/users\/55"}],"replies":[{"embeddable":true,"href":"https:\/\/extension.wsu.edu\/yakima\/wp-json\/wp\/v2\/comments?post=21573"}],"version-history":[{"count":7,"href":"https:\/\/extension.wsu.edu\/yakima\/wp-json\/wp\/v2\/pages\/21573\/revisions"}],"predecessor-version":[{"id":22776,"href":"https:\/\/extension.wsu.edu\/yakima\/wp-json\/wp\/v2\/pages\/21573\/revisions\/22776"}],"up":[{"embeddable":true,"href":"https:\/\/extension.wsu.edu\/yakima\/wp-json\/wp\/v2\/pages\/21553"}],"wp:attachment":[{"href":"https:\/\/extension.wsu.edu\/yakima\/wp-json\/wp\/v2\/media?parent=21573"}],"wp:term":[{"taxonomy":"category","embeddable":true,"href":"https:\/\/extension.wsu.edu\/yakima\/wp-json\/wp\/v2\/categories?post=21573"},{"taxonomy":"post_tag","embeddable":true,"href":"https:\/\/extension.wsu.edu\/yakima\/wp-json\/wp\/v2\/tags?post=21573"}],"curies":[{"name":"wp","href":"https:\/\/api.w.org\/{rel}","templated":true}]}}