{"id":21624,"date":"2024-12-09T11:34:02","date_gmt":"2024-12-09T19:34:02","guid":{"rendered":"https:\/\/extension.wsu.edu\/yakima\/?page_id=21624"},"modified":"2025-01-28T11:54:28","modified_gmt":"2025-01-28T19:54:28","slug":"water-with-a-twist","status":"publish","type":"page","link":"https:\/\/extension.wsu.edu\/yakima\/4-h\/projects-programs\/projects-and-programs-resource-library\/family-consumer-sciences\/cooking\/ya4-h-recipes\/water-with-a-twist\/","title":{"rendered":"Water with a Twist"},"content":{"rendered":"<div class=\"wsu-hero wsu-width--full wsu-pattern--wsu-light-radial-left  wsu-hero--style-boxed \">\n\t<div class=\"wsu-hero__background\">\n\t\t<div class=\"wsu-image-frame wsu-image-frame--fill\">\n\t<img decoding=\"async\" src=\"https:\/\/wpcdn.web.wsu.edu\/extension\/uploads\/sites\/40\/2024\/07\/4H_Grows_Logo.jpg\"\n\t\tsrcset=\"https:\/\/wpcdn.web.wsu.edu\/extension\/uploads\/sites\/40\/2024\/07\/4H_Grows_Logo.jpg 1313w, https:\/\/wpcdn.web.wsu.edu\/extension\/uploads\/sites\/40\/2024\/07\/4H_Grows_Logo.jpg 396w, https:\/\/wpcdn.web.wsu.edu\/extension\/uploads\/sites\/40\/2024\/07\/4H_Grows_Logo.jpg 792w, https:\/\/wpcdn.web.wsu.edu\/extension\/uploads\/sites\/40\/2024\/07\/4H_Grows_Logo.jpg 768w\"\n\t\tsizes=\"(max-width: 1313px) 100vw, 1313px\"\n\t\talt=\"4-H Grows Here logo in green with 4-H clover at right on a black background\"\n\t\tstyle=\"object-position: 50% 50%\"\n\t\t\/>\n<\/div>\n\t<\/div>\n\t<div class=\"wsu-hero__overlay\">\n\t<\/div>\n\t<div class=\"wsu-hero__content-wrapper\">\n\t\t<div class=\"wsu-hero__inner-content-wrapper\">\n\t\t\t\t\t\t<div class=\"wsu-hero__title-wrapper\">\n\t\t\t\t<h1 class=\"wsu-hero__title\">Water with a Twist<\/h1>\t\t\t\t\t\t\t\t\t\t\t<\/div>\n\t\t\t\t\t\t<div class=\"wsu-hero__content\">\n\t\t\t<\/div>\n\t\t<\/div>\n\t<\/div>\n<\/div>\n\n\n<div class=\"wsu-row wsu-row--halves\" >\r\n    \n<div class=\"wsu-column\"  style=\"\">\r\n\t\n\n<p><\/p>\n\n<\/div>\r\n\n\n<div class=\"wsu-column\"  style=\"\">\r\n\t\n<div class=\"program-contact \">\n\t\t\t<img\n\t\t\tsrc=\"https:\/\/extension.wsu.edu\/yakima\/wp-content\/plugins\/cahnrs-extension-plugin\/assets\/images\/four-h.png\"\n\t\t\theight=\"75\"\n\t\t\twidth=\"75\"\n\t\t\tclass=\"extension-program-icon\"\n\t\t\talt=\"Program Icon.\"\n\t\t>\n\t\n\t<div class=\"program-contact-info\">\n\t\t<h2>Program Contact<\/h2>\n\n\t\t\t\t\tAutumn Britt, 4-H Program Manager<br>\n\t\t\n\t\t\t\t\t<span class=\"wsu-screen-reader-only\">Phone Number<\/span>509-588-7817\t\t\n\t\t\t\t\t<span class=\"wsu-screen-reader-only\">Email Address<\/span> \u2022\n\t\t\t<a href=\"mailto:autumn.britt@wsu.edu\">autumn.britt@wsu.edu<\/a>\n\t\t\t<\/div>\n<\/div>\n        <div id=\"cahnrs-back-to-top\" class=\"cahnrs-back-to-top\" hidden aria-hidden=\"true\">\n            <a id=\"cahnrs-back-to-top-btn\" class=\"cahnrs-back-to-top__btn\" href=\"#product-top\" aria-label=\"Back to top\">\n                <span class=\"cahnrs-back-to-top__icon\" aria-hidden=\"true\">\u2191<\/span>\n                <span class=\"cahnrs-back-to-top__label\">Back to top<\/span>\n            <\/a>\n        <\/div>\n<\/div>\r\n\n<\/div>\n\n\n<div style=\"height:100px\" aria-hidden=\"true\" class=\"wp-block-spacer\"><\/div>\n\n\n<div class=\"wsu-row wsu-row--halves\" >\r\n    \n<div class=\"wsu-column\"  style=\"\">\r\n\t\n<div class=\"wsu-cta  wsu-text-align--center\" >\n\t<a \t\t\t\t\thref=\"#english\"\t\n\t\tclass=\"wsu-button  wsu-button--style-action\">\n\t\t\t\n\t\tEnglish\t\t\t<\/a>\n<\/div>\n\n<\/div>\r\n\n\n<div class=\"wsu-column\"  style=\"\">\r\n\t\n<div class=\"wsu-cta  wsu-text-align--center\" >\n\t<a \t\t\t\t\thref=\"#espanol\"\t\n\t\tclass=\"wsu-button  wsu-button--style-action\">\n\t\t\t\n\t\tEspa\u00f1ol\t\t\t<\/a>\n<\/div>\n\n<\/div>\r\n\n<\/div>\n\n\n<hr class=\"wp-block-separator has-alpha-channel-opacity\" \/>\n\n\n\n<h2 class=\"wp-block-heading has-text-align-center\" id=\"english\">Water with a Twist Recipe<\/h2>\n\n\n\n<h3 class=\"wp-block-heading\">Ingredients<\/h3>\n\n\n\n<ul>\n<li>Choose one or more fruits or vegetables, such as:  oranges, lemons, limes, strawberries, pineapple, cucumber<\/li>\n\n\n\n<li>Chilled water<\/li>\n\n\n\n<li>Optional:  Use seltzer water instead of plain water<\/li>\n<\/ul>\n\n\n\n<h3 class=\"wp-block-heading\">Instructions<\/h3>\n\n\n\n<ol>\n<li>Wash fruits or vegetables and cut into slices.<\/li>\n\n\n\n<li>Ad slices to a pitcher of water or to individual cups of water.  Squeeze citrus to release more flavor into the water.<\/li>\n\n\n\n<li>Serve and enjoy.<\/li>\n<\/ol>\n\n\n\n<p>Feel free to mix and match different fruits and vegetables!  Eat the fruit as you drink or when you&#8217;re done!<\/p>\n\n\n\n<div style=\"height:50px\" aria-hidden=\"true\" class=\"wp-block-spacer\"><\/div>\n\n\n\n<hr class=\"wp-block-separator has-alpha-channel-opacity\" \/>\n\n\n\n<h2 class=\"wp-block-heading has-text-align-center\" id=\"espanol\">Agua con un Toque Especial<\/h2>\n\n\n\n<h3 class=\"wp-block-heading\">Ingredientes<\/h3>\n\n\n\n<ul>\n<li>Elija una o m\u00e1s frutas o vegetales, tales como:  Naranjas, limones, limas, fresas, pi\u00f1a, pepino<\/li>\n\n\n\n<li>Agua fr\u00eda<\/li>\n\n\n\n<li>Opcional:  Use agua con gas lugar de agua com\u00fan<\/li>\n<\/ul>\n\n\n\n<h3 class=\"wp-block-heading\">Instrucciones<\/h3>\n\n\n\n<ol>\n<li>Lave las frutas o los vegetales y corte en rodajas.<\/li>\n\n\n\n<li>A\u00f1ada rodajas a una jarra de agua o a vasos individuales de agua.  Exprima c\u00edtricos para que den m\u00e1s sabor al agua.<\/li>\n\n\n\n<li>Sirva y disfrute.<\/li>\n<\/ol>\n\n\n\n<p>\u00a1Si\u00e9ntase libre de mezclar y combinar distintas frutas y vegetales!<\/p>\n\n\n\n<p>\u00a1Coma la fruta mientras bebe o cuando haya terminado!<\/p>\n\n\n\n<div style=\"height:50px\" aria-hidden=\"true\" class=\"wp-block-spacer\"><\/div>\n\n        <div id=\"cahnrs-back-to-top\" class=\"cahnrs-back-to-top\" hidden aria-hidden=\"true\">\n            <a id=\"cahnrs-back-to-top-btn\" class=\"cahnrs-back-to-top__btn\" href=\"#product-top\" aria-label=\"Back to top\">\n                <span class=\"cahnrs-back-to-top__icon\" aria-hidden=\"true\">\u2191<\/span>\n                <span class=\"cahnrs-back-to-top__label\">Back to top<\/span>\n            <\/a>\n        <\/div>","protected":false},"excerpt":{"rendered":"<p>Water with a Twist Recipe Ingredients Instructions Feel free to mix and match different fruits and vegetables! Eat the fruit as you drink or when you&#8217;re done! Agua con un [&hellip;]<\/p>\n","protected":false},"author":55,"featured_media":0,"parent":21553,"menu_order":0,"comment_status":"closed","ping_status":"closed","template":"","meta":{"_tec_requires_first_save":true,"_EventAllDay":false,"_EventTimezone":"","_EventStartDate":"","_EventEndDate":"","_EventStartDateUTC":"","_EventEndDateUTC":"","_EventShowMap":false,"_EventShowMapLink":false,"_EventURL":"","_EventCost":"","_EventCostDescription":"","_EventCurrencySymbol":"","_EventCurrencyCode":"","_EventCurrencyPosition":"","_EventDateTimeSeparator":"","_EventTimeRangeSeparator":"","_EventOrganizerID":[],"_EventVenueID":0,"_OrganizerEmail":"","_OrganizerPhone":"","_OrganizerWebsite":"","_VenueAddress":"","_VenueCity":"","_VenueCountry":"","_VenueProvince":"","_VenueZip":"","_VenuePhone":"","_VenueURL":"","_VenueStateProvince":"","_VenueLat":"","_VenueLng":"","_tribe_blocks_recurrence_rules":"","_tribe_blocks_recurrence_description":"","_tribe_blocks_recurrence_exclusions":"","_expiration_date":""},"categories":[4],"tags":[84,94],"_links":{"self":[{"href":"https:\/\/extension.wsu.edu\/yakima\/wp-json\/wp\/v2\/pages\/21624"}],"collection":[{"href":"https:\/\/extension.wsu.edu\/yakima\/wp-json\/wp\/v2\/pages"}],"about":[{"href":"https:\/\/extension.wsu.edu\/yakima\/wp-json\/wp\/v2\/types\/page"}],"author":[{"embeddable":true,"href":"https:\/\/extension.wsu.edu\/yakima\/wp-json\/wp\/v2\/users\/55"}],"replies":[{"embeddable":true,"href":"https:\/\/extension.wsu.edu\/yakima\/wp-json\/wp\/v2\/comments?post=21624"}],"version-history":[{"count":5,"href":"https:\/\/extension.wsu.edu\/yakima\/wp-json\/wp\/v2\/pages\/21624\/revisions"}],"predecessor-version":[{"id":22766,"href":"https:\/\/extension.wsu.edu\/yakima\/wp-json\/wp\/v2\/pages\/21624\/revisions\/22766"}],"up":[{"embeddable":true,"href":"https:\/\/extension.wsu.edu\/yakima\/wp-json\/wp\/v2\/pages\/21553"}],"wp:attachment":[{"href":"https:\/\/extension.wsu.edu\/yakima\/wp-json\/wp\/v2\/media?parent=21624"}],"wp:term":[{"taxonomy":"category","embeddable":true,"href":"https:\/\/extension.wsu.edu\/yakima\/wp-json\/wp\/v2\/categories?post=21624"},{"taxonomy":"post_tag","embeddable":true,"href":"https:\/\/extension.wsu.edu\/yakima\/wp-json\/wp\/v2\/tags?post=21624"}],"curies":[{"name":"wp","href":"https:\/\/api.w.org\/{rel}","templated":true}]}}