{"id":9137,"date":"2018-07-02T13:08:34","date_gmt":"2018-07-02T20:08:34","guid":{"rendered":"https:\/\/extension.wsu.edu\/yakima\/?page_id=9137"},"modified":"2024-11-19T12:58:28","modified_gmt":"2024-11-19T20:58:28","slug":"financial-literacy","status":"publish","type":"page","link":"https:\/\/extension.wsu.edu\/yakima\/4-h\/projects-programs\/projects-and-programs-resource-library\/financial-literacy-college-career-preparation\/financial-literacy\/","title":{"rendered":"4-H Financial Literacy Project"},"content":{"rendered":"<div class=\"wsu-hero wsu-width--full wsu-pattern--wsu-light-radial-left  wsu-hero--style-boxed \">\n\t<div class=\"wsu-hero__background\">\n\t\t<div class=\"wsu-image-frame wsu-image-frame--fill\">\n\t<img decoding=\"async\" src=\"https:\/\/wpcdn.web.wsu.edu\/extension\/uploads\/sites\/40\/2024\/07\/4H_Grows_Logo.jpg\"\n\t\tsrcset=\"https:\/\/wpcdn.web.wsu.edu\/extension\/uploads\/sites\/40\/2024\/07\/4H_Grows_Logo.jpg 1313w, https:\/\/wpcdn.web.wsu.edu\/extension\/uploads\/sites\/40\/2024\/07\/4H_Grows_Logo.jpg 396w, https:\/\/wpcdn.web.wsu.edu\/extension\/uploads\/sites\/40\/2024\/07\/4H_Grows_Logo.jpg 792w, https:\/\/wpcdn.web.wsu.edu\/extension\/uploads\/sites\/40\/2024\/07\/4H_Grows_Logo.jpg 768w\"\n\t\tsizes=\"(max-width: 1313px) 100vw, 1313px\"\n\t\talt=\"4-H Grows Here logo in green with 4-H clover at right on a black background\"\n\t\tstyle=\"object-position: 50% 50%\"\n\t\t\/>\n<\/div>\n\t<\/div>\n\t<div class=\"wsu-hero__overlay\">\n\t<\/div>\n\t<div class=\"wsu-hero__content-wrapper\">\n\t\t<div class=\"wsu-hero__inner-content-wrapper\">\n\t\t\t\t\t\t<div class=\"wsu-hero__title-wrapper\">\n\t\t\t\t<h1 class=\"wsu-hero__title\">4-H Financial Literacy Project<\/h1>\t\t\t\t\t\t\t\t\t\t\t<\/div>\n\t\t\t\t\t\t<div class=\"wsu-hero__content\">\n\t\t\t<\/div>\n\t\t<\/div>\n\t<\/div>\n<\/div>\n\n\n<div class=\"wsu-row wsu-row--halves\" >\r\n    \n<div class=\"wsu-column\"  style=\"\">\r\n\t\n\n<p><\/p>\n\n<\/div>\r\n\n\n<div class=\"wsu-column\"  style=\"\">\r\n\t\n<div class=\"program-contact \">\n\t\t\t<img\n\t\t\tsrc=\"https:\/\/extension.wsu.edu\/yakima\/wp-content\/plugins\/cahnrs-extension-plugin\/assets\/images\/four-h.png\"\n\t\t\theight=\"75\"\n\t\t\twidth=\"75\"\n\t\t\tclass=\"extension-program-icon\"\n\t\t\talt=\"Program Icon.\"\n\t\t>\n\t\n\t<div class=\"program-contact-info\">\n\t\t<h2>Program Contact<\/h2>\n\n\t\t\t\t\tAutumn Britt, 4-H Program Manager<br>\n\t\t\n\t\t\t\t\t<span class=\"wsu-screen-reader-only\">Phone Number<\/span>509-588-7817\t\t\n\t\t\t\t\t<span class=\"wsu-screen-reader-only\">Email Address<\/span> \u2022\n\t\t\t<a href=\"mailto:autumn.britt@wsu.edu\">autumn.britt@wsu.edu<\/a>\n\t\t\t<\/div>\n<\/div>\n        <div id=\"cahnrs-back-to-top\" class=\"cahnrs-back-to-top\" hidden aria-hidden=\"true\">\n            <a id=\"cahnrs-back-to-top-btn\" class=\"cahnrs-back-to-top__btn\" href=\"#product-top\" aria-label=\"Back to top\">\n                <span class=\"cahnrs-back-to-top__icon\" aria-hidden=\"true\">\u2191<\/span>\n                <span class=\"cahnrs-back-to-top__label\">Back to top<\/span>\n            <\/a>\n        <\/div>\n<\/div>\r\n\n<\/div>\n\n\n<div style=\"height:100px\" aria-hidden=\"true\" class=\"wp-block-spacer\"><\/div>\n\n\n<div class=\"wsu-row wsu-row--halves\" >\r\n    \n<div class=\"wsu-column\"  style=\"\">\r\n\t\n\n<p>Financial Literacy Projects give youth the opportunity to learn good financial management skills by cultivating their money smarts, helping them understand how financial institutions can work for them, and making wise decisions with money.<\/p>\n\n\n\n<h2 class=\"wp-block-heading\">Objectives<\/h2>\n\n\n\n<p>Youth will:<\/p>\n\n\n\n<ul>\n<li>Introduce youth to basic money management concepts such as saving, sharing, spending, managing, earning, borrowing, and lending<\/li>\n\n\n\n<li>Distinguish between needs and wants while considering differences in attitudes and values towards money<\/li>\n\n\n\n<li>Use children&#8217;s literature as a tool to attract youth to the topic of financial management<\/li>\n\n\n\n<li>Recognize the benefits and drawbacks of credit<\/li>\n\n\n\n<li>Practice wise consumer decision-making<\/li>\n\n\n\n<li>Provide opportunities for youth to practice important life and money skills<\/li>\n\n\n\n<li>Learn how to select financial services<\/li>\n<\/ul>\n\n\n<div class=\"wp-block-image\">\n<figure class=\"aligncenter size-full\"><img decoding=\"async\" src=\"https:\/\/wpcdn.web.wsu.edu\/extension\/uploads\/sites\/40\/2023\/12\/money-2696229_1280.jpg\" alt=\"Small wooden outline of a house at left, three progressively taller piles of coins with plants on them (showing growth) at center, and a brass alarm clock at right against a blurred outdoor background\" \/><\/figure><\/div>\n\n\n<h3 class=\"wp-block-heading\">4-H Financial Literacy Curriculum<\/h3>\n\n\n\n<p>Available from the Extension office or online.<\/p>\n\n\n\n<p><a href=\"https:\/\/shop4-h.org\/products\/financial-champions-book-1-money-fundamentals?_pos=1&amp;_sid=cb62fc5ec&amp;_ss=r\">Financial Champions Book 1:&nbsp; Money Fundamentals<\/a><\/p>\n\n\n\n<p>As an introduction to personal finance, youth will examine their own thoughts about money with a personality quiz. They\u2019ll discover money motivators in themselves and others. Other activities teach goal setting, the difference between needs and wants, communication skills and how to budget. As teens complete activities and participate in leadership experiences, they are learning how to make sound decisions and how to manage themselves in everyday situations. Helpers should emphasize the importance of these skills in all aspects of youths\u2019 lives. You can help youth understand the life skill and its importance by asking questions that apply to topics other than personal finance.<\/p>\n\n\n\n<p><a href=\"https:\/\/shop4-h.org\/products\/financial-champions-book-2-money-moves?_pos=2&amp;_sid=cb62fc5ec&amp;_ss=r\">Financial Champions Book 2:&nbsp; Money Moves<\/a><\/p>\n\n\n\n<p>Financial skills evolve in the second book of the Financial Champions series. Teens will learn about financial institutions, the pros and cons of credit and how to select financial services. Other topics include check writing, an overview of advertising, comparison shopping and judging possible financial choices. The life skill youth will practice most frequently throughout the second book is the ability to&nbsp;acquire and evaluate information. Learning how to obtain data, how to interpret what is found, predict outcomes and analyze information based on choices made are skills that allow youth to become informed and competent consumers.<\/p>\n\n\n\n<p><a href=\"https:\/\/shop4-h.org\/products\/financial-champions-helpers-guide-personal-finance?_pos=3&amp;_sid=cb62fc5ec&amp;_ss=r\">Financial Champion&#8217;s Helper&#8217;s Guide:&nbsp; Personal Finance<\/a><\/p>\n\n\n\n<p>Personal finance skills are often not emphasized in a standard school curriculum. Whether you\u2019re a teacher, youth club leader or in another position of influence in youth education, you\u2019ll find this personal finance curriculum to be very practical. Youth who learn how to be good caretakers of their money can apply those skills to other areas of their lives. For instance, this curriculum provides information on goal setting. The activities also emphasize how to communicate about money, and by extension, how to discuss other topics. The&nbsp;<em>Financial<\/em>&nbsp;<em>Champions&nbsp;<\/em>series encourages interaction with the community and learning how to learn by developing research skills. Each group activity begins with objectives that include a defined life skill and a personal finance skill. Indicators are listed to measure successful completion of the activity by youth. At the beginning of each activity, materials, time and group size are suggested. There is also background information for helpers.<\/p>\n\n\n\n<hr class=\"wp-block-separator has-alpha-channel-opacity\" \/>\n\n\n\n<p><a href=\"https:\/\/shop4-h.org\/products\/copy-of-my-financial-future-beginner-youth-notebook?_pos=3&amp;_sid=753b0c318&amp;_ss=r\">My Financial Future, Youth Notebook &#8211; Beginner Youth Notebook<\/a><\/p>\n\n\n\n<p>From organizing finances to learning about savings, risk management, and consumer breadcrumbs, the My Financial Future curriculum helps middle and high school youth develop critical skills and knowledge in money management. Participants learn about financial literacy concepts through case studies and real-life scenarios. Additional concepts covered include career planning, setting up SMART goals, managing financial records, creating spending and savings plans, choosing payment methods, and managing credit.<\/p>\n\n\n\n<p><a href=\"https:\/\/shop4-h.org\/products\/copy-of-my-financial-future-advanced-youth-notebook?_pos=2&amp;_sid=753b0c318&amp;_ss=r\">My Financial Future, Youth Notebook &#8211; Advanced Youth Notebook<\/a><\/p>\n\n\n\n<p><a href=\"https:\/\/shop4-h.org\/products\/copy-of-my-financial-future-facilitators-guide?_pos=1&amp;_sid=753b0c318&amp;_ss=r\">My Financial Future, Facilitator Guide<\/a><\/p>\n\n\n\n<p>This book includes the answer key for all the activities in the beginner and advanced books.<\/p>\n\n\n\n<p><a href=\"https:\/\/shop4-h.org\/products\/financial-risk-management-curriculum-digital-download\">My Financial Future, Risk Management Guide Digital Download<\/a><\/p>\n\n\n\n<p>This Risk Management Guide, sponsored by the New York Life Foundation, is the supplement to the My Financial Future curriculum. This guide includes four modules covering a variety of important topics such as health insurance, liability insurance, property insurance, car insurance, life insurance, and disability insurance. This curriculum educates young people on the importance of risk management through experiential activities that pertain to their lives.<\/p>\n\n\n\n<hr class=\"wp-block-separator has-alpha-channel-opacity\" \/>\n\n\n\n<p><a href=\"https:\/\/shop4-h.org\/products\/mi-futuro-economico-nivel-principiante?_pos=99&amp;_sid=a70dc0d3e&amp;_ss=r\">Mi Futuro Econ\u00f3mico &#8211; Nivel Principiante<\/a><\/p>\n\n\n\n<p>Los j\u00f3venes aprender\u00e1n como definir deseos y necesidades, seleccionar metas, crear planes de gastos, determinar sus personalidades para administrar el dinero, y como escribir un cheque.<\/p>\n\n\n\n<p><a href=\"https:\/\/shop4-h.org\/products\/mi-futuro-economico-nivel-avanzado?variant=12187144061030\">Mi Futuro Econ\u00f3mico &#8211; Nivel Avanzado<\/a><\/p>\n\n\n\n<p>Los j\u00f3venes aprender\u00e1n como hacer planes profesionales, usar m\u00e9todos diferentes de pago, evaluar alternativas de inversi\u00f3n, y mantenerse libre de deudas.<\/p>\n\n\n\n<p><a href=\"https:\/\/shop4-h.org\/products\/mi-futuro-economico-guia-de-gestion-de-riesgos-descarga-digital?_pos=95&amp;_sid=a70dc0d3e&amp;_ss=r\">Mi Futuro Econ\u00f3mico &#8211; Gu\u00eda de Gesti\u00f3n de Riesgos Descarga Digital<\/a><\/p>\n\n\n\n<p>En esta gu\u00eda, los j\u00f3venes aprender\u00e1n sobre riesgos comunes y seguros de tipos varios, incluyendo de salud, de incapacidad, de propiedad, y de vida.<\/p>\n\n\n\n<p><a href=\"https:\/\/shop4-h.org\/products\/mi-futuro-economico-guia-para-el-facilitador?_pos=97&amp;_sid=a70dc0d3e&amp;_ss=r\">Mi Futurio Econ\u00f3mico &#8211; Gu\u00eda para el Facilitador<\/a><\/p>\n\n\n\n<p>Esta gu\u00eda corresponde a los niveles Principiante y Avanzado de Mi Futuro Econ\u00f3mico. Incluye recomendaciones para dirigir cada lecci\u00f3n y tambi\u00e9n incluye la clave de respuesta para las actividades en los Cuadernos del Estudiante.<\/p>\n\n\n\n<hr class=\"wp-block-separator has-alpha-channel-opacity\" \/>\n\n\n\n<p><a href=\"https:\/\/shop4-h.org\/products\/smart-cents-activity-guide-youth-workbook?variant=39281906712678\">Smart Cents Activity Guide Student Workbook<\/a><\/p>\n\n\n\n<p>Youth make decisions about how to use money every day and developing sound financial skills early in life can have positive implications as youth grow into adulthood. This Smart Cents Activity Guide Workbook &amp; accompanying playbook are designed to be used with National 4-H juried curricula developed to teach youth financial education (see links below to purchase). Activities are used from each of the curricula to implement a ten-hour Smart Cents program in a 4-H club, school, after-school program or any youth program. Think of the Playbook as doing the program development work for you! Included are opening questions and activities, scripts to introduce a topic, step-by-step instructions for completing the activity and reflection questions to complete the experiential cycle. Teaching financial management can be daunting for some facilitators, so the Playbook provides information and instruction to ensure success!<\/p>\n\n\n\n<p>A Free Digital Download of the Smart Cents: A Guide to Teaching Mindful Money Habits Guide comes with this purchase.<\/p>\n\n\n\n<hr class=\"wp-block-separator has-alpha-channel-opacity\" \/>\n\n\n\n<p><a href=\"https:\/\/shop4-h.org\/products\/copy-of-reading-makes-cents-learning-about-money-concepts-through-childrens-literature?_pos=1&amp;_sid=7d0d384dd&amp;_ss=r\">Reading Makes Cents:&nbsp; Learning About Money Concepts Through Children&#8217;s Literature<\/a><\/p>\n\n\n\n<p>Reading Makes Cents is a financial literacy and reading curriculum for children in grades 3-5, written by university experts. This book includes 53 experiential activities developed around money including saving, spending, sharing, earning, borrowing, and lending. The literature, concepts about money, and activities were selected to appeal to children in grades 3-5.<\/p>\n\n\n\n<p>The goals of this curriculum are to introduce children to basic money management concepts such as saving, sharing, spending, managing, earning, borrowing, and lending; use children&#8217;s literature as a tool to attract youth to the topic of financial management; improve children&#8217;s attitudes toward reading; support literacy and literacy-related activities in the home; and to provide opportunities for youth to practice important life and money skills. The children literature that is used is not provided with this book; we suggest you start with your local library to obtain the materials.<\/p>\n\n\n\n<p><a href=\"https:\/\/shop4-h.org\/products\/financial-literacy-curriculum-reading-makes-cents-digital-download?_pos=6&amp;_sid=e5ff0973e&amp;_ss=r\">Learning About Money Concepts Through Children&#8217;s Literature Digital Download<\/a><\/p>\n\n\n\n<h3 class=\"wp-block-heading\">Washington 4-H Records, Forms, and Guides<\/h3>\n\n\n\n<h4 class=\"wp-block-heading\">For youth members<\/h4>\n\n\n\n<p><em>Coming soon!<\/em><\/p>\n\n\n\n<h4 class=\"wp-block-heading\">For adult helpers and club leaders<\/h4>\n\n\n\n<p><em>Coming soon!<\/em><\/p>\n\n\n<div class=\"wsu-cta \" >\n\t<a \t\t\t\t\thref=\"https:\/\/extension.wsu.edu\/4h\/projects\/consumer-family-science\/consumer-science\/\"\t\n\t\tclass=\"wsu-button  wsu-button--style-action\">\n\t\t\t\n\t\tState 4-H Consumer Science Project Resources\t\t\t<\/a>\n<\/div>\n\n<\/div>\r\n\n\n<div class=\"wsu-column\"  style=\"\">\r\n\t\n<div class=\"wp-block-image\">\n<figure class=\"aligncenter size-large\"><img decoding=\"async\" loading=\"lazy\" width=\"792\" height=\"198\" src=\"https:\/\/wpcdn.web.wsu.edu\/extension\/uploads\/sites\/40\/2023\/12\/Financial-Literacy-792x198.png\" alt=\"Cartoon image of coins in three piles, a calculator, bills, and nondescript bar and line graphs. Background is an orange to blue gradient. Title &quot;Financial Literacy&quot; at right\" class=\"wp-image-14757\" srcset=\"https:\/\/wpcdn.web.wsu.edu\/extension\/uploads\/sites\/40\/2023\/12\/Financial-Literacy-792x198.png 792w, https:\/\/wpcdn.web.wsu.edu\/extension\/uploads\/sites\/40\/2023\/12\/Financial-Literacy-396x99.png 396w, https:\/\/wpcdn.web.wsu.edu\/extension\/uploads\/sites\/40\/2023\/12\/Financial-Literacy-768x192.png 768w, https:\/\/wpcdn.web.wsu.edu\/extension\/uploads\/sites\/40\/2023\/12\/Financial-Literacy-1536x384.png 1536w, https:\/\/wpcdn.web.wsu.edu\/extension\/uploads\/sites\/40\/2023\/12\/Financial-Literacy.png 1920w\" sizes=\"(max-width: 792px) 100vw, 792px\" \/><\/figure><\/div>\n\n\n<h3 class=\"wp-block-heading\">Helpful Resources<\/h3>\n\n\n\n<h4 class=\"wp-block-heading\">Activity Ideas<\/h4>\n\n\n\n<p><a href=\"https:\/\/www.canr.msu.edu\/youth_money_management\/clover-cents\">4-H Clover Cents Series:&nbsp; Michigan 4-H (Video)<\/a><\/p>\n\n\n\n<p>These short videos will walk students through activities related to money management. Hands-on learning is a helpful way to learn concepts about money! Each activity is a stand-alone experience, but will be more useful if watched in the series. See each page for materials needed for the activity.<\/p>\n\n\n\n<h4 class=\"wp-block-heading\">Washington Specific Reference Material<\/h4>\n\n\n\n<p>Coming soon!<\/p>\n\n\n\n<h4 class=\"wp-block-heading\">Other Resources<\/h4>\n\n\n\n<h5 class=\"wp-block-heading\">From 4-H Programs<\/h5>\n\n\n\n<p><a href=\"https:\/\/www.canr.msu.edu\/youth_money_management\/\">4-H Youth Money Management:&nbsp; Michigan 4-H<\/a><\/p>\n\n\n\n<hr class=\"wp-block-separator has-alpha-channel-opacity\" \/>\n\n\n\n<h5 class=\"wp-block-heading\">From Higher Education Institutions<\/h5>\n\n\n\n<hr class=\"wp-block-separator has-alpha-channel-opacity\" \/>\n\n\n\n<h5 class=\"wp-block-heading\">From Related Organizations, Journals, and Professionals<\/h5>\n\n\n\n<p><a href=\"https:\/\/www.jumpstart.org\/what-we-do\/support-financial-education\/reality-check\/\">JumpStart&#8217;s Reality Check<\/a><\/p>\n\n\n\n<p>What type of lifestyle do you want to live in your future? What type of career will you need to live that life? \u201cReality Check\u201d is a way to see into your future. Fill out the following survey to estimate what type of future income you will need to enjoy the lifestyle you would like to have.<\/p>\n\n\n\n<p><a href=\"https:\/\/www.kansascityfed.org\/education\/moneycircle\/\">The Money Circle &#8211; Federal Reserve Bank of Kansas City<\/a><\/p>\n\n\n\n<p>Advance your high school students\u2019 knowledge of money through this comprehensive eight-lesson curriculum series that will engage and challenge them to apply both personal finance and economic perspectives when it comes to money. Help develop students\u2019 awareness as consumers, while improving their decision-making and financial planning skills.<\/p>\n\n\n\n<p><a href=\"https:\/\/www.jumpstart.org\/what-we-do\/support-financial-education\/standards\/\">National Standards for Personal Financial Education &#8211; JumpStart and the Council for Economic Education<\/a><\/p>\n\n\n\n<p>The National Standards for Personal Financial Education represent the Jump$tart Coalition and Council for Economic Education (CEE)\u2019s shared vision of a single, unified set of standards that will guide educators, curriculum writers, policymakers, and other financial education stakeholders across the country to promote effective, comprehensive financial education for K-12 students.<\/p>\n\n\n\n<hr class=\"wp-block-separator has-alpha-channel-opacity\" \/>\n\n\n<div class=\"wsu-accordion\">\r\n    <h5 id=\"unique-id-1__69428\" class=\"wsu-accordion__title\">\r\n        <button class=\"wsu-accordion__title-button wsu-accordion--toggle\" aria-expanded=\"false\" aria-controls=\"unique-id-1__content\">Kits, Projects, and Activities from National 4-H<\/button>\r\n    <\/h5>\r\n    <div id=\"unique-id-1__content\" class=\"wsu-accordion__content\" aria-labelledby=\"unique-id-1__69428\">\r\n        <div class=\"wsu-accordion__content-inner\">\r\n            \n\n<p><a href=\"https:\/\/shop4-h.org\/collections\/financial-management-curriculum\">Financial Management Curriculum Collection<\/a><\/p>\n\n\n\n<p><a href=\"https:\/\/shop4-h.org\/products\/copy-of-green-4-h-tin-savings-bank?_pos=6&amp;_sid=785ec9492&amp;_ss=r\">Green 4-H Tin Bank<\/a><\/p>\n\n\n\n<p>This sturdy tin savings bank is a great tool to help your 4-Her store money they have earned, save money for a new purchase, and to help them learn money management.<\/p>\n\n        <\/div>\r\n    <\/div>\r\n<\/div>\n\n<div class=\"wsu-cta \" >\n\t<a \t\t\t\t\thref=\"https:\/\/extension.wsu.edu\/yakima\/4-h\/projects-programs\/projects-and-programs-resource-library\/financial-literacy-college-career-preparation\/\"\t\n\t\tclass=\"wsu-button  wsu-button--style-action\">\n\t\t\t\n\t\tBack to Financial Literacy, College and Career Preparation Project Areas\t\t\t<\/a>\n<\/div>\n\n\n<div class=\"wsu-cta \" >\n\t<a \t\t\t\t\thref=\"https:\/\/extension.wsu.edu\/yakima\/4-h\/projects-programs\/projects-and-programs-resource-library\/\"\t\n\t\tclass=\"wsu-button  wsu-button--style-action\">\n\t\t\t\n\t\tBack to Projects and Programs Resource Library\t\t\t<\/a>\n<\/div>\n\n<\/div>\r\n\n<\/div>\n        <div id=\"cahnrs-back-to-top\" class=\"cahnrs-back-to-top\" hidden aria-hidden=\"true\">\n            <a id=\"cahnrs-back-to-top-btn\" class=\"cahnrs-back-to-top__btn\" href=\"#product-top\" aria-label=\"Back to top\">\n                <span class=\"cahnrs-back-to-top__icon\" aria-hidden=\"true\">\u2191<\/span>\n                <span class=\"cahnrs-back-to-top__label\">Back to top<\/span>\n            <\/a>\n        <\/div>","protected":false},"excerpt":{"rendered":"<p>Financial Literacy Projects give youth the opportunity to learn good financial management skills by cultivating their money smarts, helping them understand how financial institutions can work for them, and making wise decisions with money.Objectives Youth&amp;hellip;<\/p>\n","protected":false},"author":10,"featured_media":0,"parent":14080,"menu_order":0,"comment_status":"closed","ping_status":"closed","template":"","meta":{"_tec_requires_first_save":true,"_EventAllDay":false,"_EventTimezone":"","_EventStartDate":"","_EventEndDate":"","_EventStartDateUTC":"","_EventEndDateUTC":"","_EventShowMap":false,"_EventShowMapLink":false,"_EventURL":"","_EventCost":"","_EventCostDescription":"","_EventCurrencySymbol":"","_EventCurrencyCode":"","_EventCurrencyPosition":"","_EventDateTimeSeparator":"","_EventTimeRangeSeparator":"","_EventOrganizerID":[],"_EventVenueID":0,"_OrganizerEmail":"","_OrganizerPhone":"","_OrganizerWebsite":"","_VenueAddress":"","_VenueCity":"","_VenueCountry":"","_VenueProvince":"","_VenueZip":"","_VenuePhone":"","_VenueURL":"","_VenueStateProvince":"","_VenueLat":"","_VenueLng":"","_tribe_blocks_recurrence_rules":"","_tribe_blocks_recurrence_description":"","_tribe_blocks_recurrence_exclusions":"","_expiration_date":""},"categories":[4],"tags":[],"_links":{"self":[{"href":"https:\/\/extension.wsu.edu\/yakima\/wp-json\/wp\/v2\/pages\/9137"}],"collection":[{"href":"https:\/\/extension.wsu.edu\/yakima\/wp-json\/wp\/v2\/pages"}],"about":[{"href":"https:\/\/extension.wsu.edu\/yakima\/wp-json\/wp\/v2\/types\/page"}],"author":[{"embeddable":true,"href":"https:\/\/extension.wsu.edu\/yakima\/wp-json\/wp\/v2\/users\/10"}],"replies":[{"embeddable":true,"href":"https:\/\/extension.wsu.edu\/yakima\/wp-json\/wp\/v2\/comments?post=9137"}],"version-history":[{"count":8,"href":"https:\/\/extension.wsu.edu\/yakima\/wp-json\/wp\/v2\/pages\/9137\/revisions"}],"predecessor-version":[{"id":21260,"href":"https:\/\/extension.wsu.edu\/yakima\/wp-json\/wp\/v2\/pages\/9137\/revisions\/21260"}],"up":[{"embeddable":true,"href":"https:\/\/extension.wsu.edu\/yakima\/wp-json\/wp\/v2\/pages\/14080"}],"wp:attachment":[{"href":"https:\/\/extension.wsu.edu\/yakima\/wp-json\/wp\/v2\/media?parent=9137"}],"wp:term":[{"taxonomy":"category","embeddable":true,"href":"https:\/\/extension.wsu.edu\/yakima\/wp-json\/wp\/v2\/categories?post=9137"},{"taxonomy":"post_tag","embeddable":true,"href":"https:\/\/extension.wsu.edu\/yakima\/wp-json\/wp\/v2\/tags?post=9137"}],"curies":[{"name":"wp","href":"https:\/\/api.w.org\/{rel}","templated":true}]}}